{"id":72303,"date":"2025-12-23T17:58:11","date_gmt":"2025-12-23T09:58:11","guid":{"rendered":"https:\/\/xtlaser.com\/?post_type=product&#038;p=72303"},"modified":"2026-01-27T14:51:19","modified_gmt":"2026-01-27T06:51:19","slug":"handheld-continuous-laser-cleaning-machine","status":"publish","type":"product","link":"https:\/\/xtlaser.com\/vi\/product-item\/handheld-continuous-laser-cleaning-machine","title":{"rendered":"M\u00e1y L\u00e0m s\u1ea1ch Laser Li\u00ean t\u1ee5c C\u1ea7m tay"},"content":{"rendered":"<div class=\"post_content\">\n<hr class=\"wp-block-separator has-alpha-channel-opacity\"\/>\n\n\n\n<figure class=\"wp-block-video\"><video height=\"1080\" style=\"aspect-ratio: 1920 \/ 1080;\" width=\"1920\" controls src=\"https:\/\/xtlaser.com\/wp-content\/uploads\/2025\/12\/\u624b\u6301\u8fde\u7eed\u6e05\u6d17\u673a\u82f1\u6587\u724820250930.mp4\"><\/video><\/figure>\n\n\n\n<section class=\"wp-block-themepark-block-themepark-area block_layout thempark-block PcOnly bom20 top20\" id=\"\" style=\"padding-top:255px;height:900px;box-sizing: border-box;width: 100%;\" data-swiper-parallax=\"-700\"><div class=\"block_layout_in\" style=\"\">\n<div class=\"wp-block-column block_layout_in is-layout-flow wp-block-column-is-layout-flow\">\n<div class=\"wp-block-themepark-block-themepark-xian theme_fang_out\" style=\"text-align:left;\"><div class=\"fangbox\" style=\"width:undefinedpx;height:72px;\"><\/div><\/div>\n\n\n\n<h1 class=\"wp-block-heading has-text-align-right has-themecolor-1-color has-text-color has-large-font-size\"><strong>C\u1ea7m tay Li\u00ean t\u1ee5c<\/strong><\/h1>\n\n\n\n<h1 class=\"wp-block-heading has-text-align-right has-themecolor-1-color has-text-color has-large-font-size\"><strong><strong>M\u00e1y l\u00e0m s\u1ea1ch b\u1eb1ng laser<\/strong><\/strong><\/h1>\n\n\n\n<p><\/p>\n\n\n\n<h1 class=\"wp-block-heading has-text-align-right has-monte-white-color has-text-color has-normal-font-size\"><strong>Thi\u1ebft b\u1ecb l\u00e0m s\u1ea1ch chuy\u00ean nghi\u1ec7p c\u00f4ng su\u1ea5t cao.<\/strong><\/h1>\n<\/div>\n<\/div><div class=\"layout_badh\"><div class=\"shizhezhao\" style=\"opacity:0.15;background-color:#000000;\"><\/div><div class=\"PcOnly themepark-block_layout_ba lazyload swiper-lazy\" style=\"background-size:cover;background-position:center;\" data-background=\"https:\/\/xtlaser.com\/wp-content\/uploads\/2025\/12\/\u624b\u6301\u8fde\u7eed\u6e05\u6d17\u673a-\u4e3b\u56feok.webp\"><\/div><\/div><\/section>\n\n\n\n<section class=\"wp-block-themepark-block-themepark-area block_layout thempark-block MovePnly bom10 top10\" id=\"\" style=\"padding-top:2px;height:900px;box-sizing: border-box;width: 100%;\" data-swiper-parallax=\"-700\"><div class=\"block_layout_in\" style=\"\">\n<div class=\"wp-block-column block_layout_in is-layout-flow wp-block-column-is-layout-flow\">\n<figure class=\"wp-block-image size-full\"><img loading=\"lazy\" decoding=\"async\" width=\"1920\" height=\"1080\" src=\"https:\/\/xtlaser.com\/wp-content\/uploads\/2025\/12\/\u624b\u6301\u8fde\u7eed\u6e05\u6d17\u673a-\u4e3b\u56feok.webp\" alt=\"\" class=\"wp-image-72298\" srcset=\"https:\/\/xtlaser.com\/wp-content\/uploads\/2025\/12\/\u624b\u6301\u8fde\u7eed\u6e05\u6d17\u673a-\u4e3b\u56feok.webp 1920w, https:\/\/xtlaser.com\/wp-content\/uploads\/2025\/12\/\u624b\u6301\u8fde\u7eed\u6e05\u6d17\u673a-\u4e3b\u56feok-300x169.webp 300w, https:\/\/xtlaser.com\/wp-content\/uploads\/2025\/12\/\u624b\u6301\u8fde\u7eed\u6e05\u6d17\u673a-\u4e3b\u56feok-1024x576.webp 1024w, https:\/\/xtlaser.com\/wp-content\/uploads\/2025\/12\/\u624b\u6301\u8fde\u7eed\u6e05\u6d17\u673a-\u4e3b\u56feok-768x432.webp 768w, https:\/\/xtlaser.com\/wp-content\/uploads\/2025\/12\/\u624b\u6301\u8fde\u7eed\u6e05\u6d17\u673a-\u4e3b\u56feok-1536x864.webp 1536w, https:\/\/xtlaser.com\/wp-content\/uploads\/2025\/12\/\u624b\u6301\u8fde\u7eed\u6e05\u6d17\u673a-\u4e3b\u56feok-600x338.webp 600w\" sizes=\"auto, (max-width: 1920px) 100vw, 1920px\" \/><\/figure>\n\n\n\n<h1 class=\"wp-block-heading has-text-align-left has-themecolor-1-color has-text-color has-large-font-size\"><strong><strong>M\u00e1y L\u00e0m s\u1ea1ch Laser Li\u00ean t\u1ee5c C\u1ea7m tay<\/strong><\/strong><\/h1>\n\n\n\n<p><strong><strong>Thi\u1ebft b\u1ecb l\u00e0m s\u1ea1ch chuy\u00ean nghi\u1ec7p c\u00f4ng su\u1ea5t cao.<\/strong><\/strong><\/p>\n\n\n\n<p><\/p>\n\n\n\n<p><\/p>\n<\/div>\n<\/div><div class=\"layout_badh\"><div class=\"shizhezhao\" style=\"opacity:0.15;background-color:;\"><\/div><\/div><\/section>\n\n\n\n<section class=\"wp-block-themepark-block-themepark-area block_layout thempark-block PcOnly bom20 top20\" id=\"\" style=\"padding-top:119px;height:900px;box-sizing: border-box;width: 100%;\" data-swiper-parallax=\"-700\"><div class=\"block_layout_in\" style=\"\">\n<div class=\"wp-block-column block_layout_in is-layout-flow wp-block-column-is-layout-flow\">\n<h1 class=\"wp-block-heading has-text-align-left has-themecolor-1-color has-text-color has-large-font-size\">L\u00e0m s\u1ea1ch M\u1ea1nh m\u1ebd &amp; V\u1eadn h\u00e0nh Kh\u00f4ng h\u01b0 h\u1ea1i<\/h1>\n\n\n\n<p><\/p>\n\n\n\n<p class=\"has-text-align-left has-monte-white-color has-text-color has-normal-font-size\">S\u1eed d\u1ee5ng c\u00f4ng ngh\u1ec7 laser li\u00ean t\u1ee5c \u1ed5n \u0111\u1ecbnh cao, h\u1ec7 th\u1ed1ng n\u00e0y mang l\u1ea1i hi\u1ec7u qu\u1ea3 l\u00e0m s\u1ea1ch v\u01b0\u1ee3t tr\u1ed9i. <\/p>\n\n\n\n<p class=\"has-text-align-left has-monte-white-color has-text-color has-normal-font-size\">c\u00f4ng su\u1ea5t tr\u00ean nhi\u1ec1u lo\u1ea1i v\u1eadt li\u1ec7u kh\u00e1c nhau. N\u00f3 ph\u1ee5c h\u1ed3i ch\u00ednh x\u00e1c c\u00e1c b\u1ec1 m\u1eb7t nh\u1ea1y c\u1ea3m - bao g\u1ed3m.<\/p>\n\n\n\n<p class=\"has-text-align-left has-monte-white-color has-text-color has-normal-font-size\">nh\u00f4m, carbon, th\u00e9p kh\u00f4ng g\u1ec9 v\u00e0 polymer gia c\u1ed1 s\u1ee3i carbon - m\u00e0 kh\u00f4ng l\u00e0m \u1ea3nh h\u01b0\u1edfng \u0111\u1ebfn b\u1ec1 m\u1eb7t n\u1ec1n.<\/p>\n<\/div>\n<\/div><div class=\"layout_badh\"><div class=\"shizhezhao\" style=\"opacity:0.15;background-color:#000000;\"><\/div><div class=\"PcOnly themepark-block_layout_ba lazyload swiper-lazy\" style=\"background-size:cover;background-position:center;\" data-background=\"https:\/\/xtlaser.com\/wp-content\/uploads\/2025\/12\/\u8499\u7248\u7ec4-94-1.webp\"><\/div><\/div><\/section>\n\n\n\n<section class=\"wp-block-themepark-block-themepark-area block_layout thempark-block MovePnly bom10 top10\" id=\"\" style=\"padding-top:2px;height:900px;box-sizing: border-box;width: 100%;\" data-swiper-parallax=\"-700\"><div class=\"block_layout_in\" style=\"\">\n<div class=\"wp-block-column block_layout_in is-layout-flow wp-block-column-is-layout-flow\">\n<figure class=\"wp-block-image size-full\"><img loading=\"lazy\" decoding=\"async\" width=\"1920\" height=\"1080\" src=\"https:\/\/xtlaser.com\/wp-content\/uploads\/2025\/12\/\u8499\u7248\u7ec4-94-1.webp\" alt=\"\" class=\"wp-image-72300\" srcset=\"https:\/\/xtlaser.com\/wp-content\/uploads\/2025\/12\/\u8499\u7248\u7ec4-94-1.webp 1920w, https:\/\/xtlaser.com\/wp-content\/uploads\/2025\/12\/\u8499\u7248\u7ec4-94-1-300x169.webp 300w, https:\/\/xtlaser.com\/wp-content\/uploads\/2025\/12\/\u8499\u7248\u7ec4-94-1-1024x576.webp 1024w, https:\/\/xtlaser.com\/wp-content\/uploads\/2025\/12\/\u8499\u7248\u7ec4-94-1-768x432.webp 768w, https:\/\/xtlaser.com\/wp-content\/uploads\/2025\/12\/\u8499\u7248\u7ec4-94-1-1536x864.webp 1536w, https:\/\/xtlaser.com\/wp-content\/uploads\/2025\/12\/\u8499\u7248\u7ec4-94-1-600x338.webp 600w\" sizes=\"auto, (max-width: 1920px) 100vw, 1920px\" \/><\/figure>\n\n\n\n<h1 class=\"wp-block-heading has-text-align-left has-themecolor-1-color has-text-color has-large-font-size\">Hi\u1ec7u su\u1ea5t Cao v\u00e0 C\u00f4ng su\u1ea5t G\u1ea5p \u0111\u00f4i<\/h1>\n\n\n\n<p>S\u1eed d\u1ee5ng c\u00f4ng ngh\u1ec7 laser li\u00ean t\u1ee5c \u1ed5n \u0111\u1ecbnh cao, h\u1ec7 th\u1ed1ng n\u00e0y mang l\u1ea1i kh\u1ea3 n\u0103ng l\u00e0m s\u1ea1ch v\u01b0\u1ee3t tr\u1ed9i tr\u00ean nhi\u1ec1u lo\u1ea1i v\u1eadt li\u1ec7u. N\u00f3 ph\u1ee5c h\u1ed3i ch\u00ednh x\u00e1c c\u00e1c b\u1ec1 m\u1eb7t nh\u1ea1y c\u1ea3m \u2013 bao g\u1ed3m nh\u00f4m, carbon, th\u00e9p kh\u00f4ng g\u1ec9 v\u00e0 polymer gia c\u1ed1 s\u1ee3i carbon \u2013 m\u00e0 kh\u00f4ng l\u00e0m \u1ea3nh h\u01b0\u1edfng \u0111\u1ebfn b\u1ec1 m\u1eb7t n\u1ec1n.<\/p>\n<\/div>\n<\/div><div class=\"layout_badh\"><div class=\"shizhezhao\" style=\"opacity:0.15;background-color:;\"><\/div><\/div><\/section>\n\n\n\n<section class=\"wp-block-themepark-block-themepark-area block_layout thempark-block PcOnly bom20 top20\" id=\"\" style=\"padding-top:300px;height:900px;box-sizing: border-box;width: 100%;\" data-swiper-parallax=\"-700\"><div class=\"block_layout_in\" style=\"\">\n<div class=\"wp-block-column block_layout_in is-layout-flow wp-block-column-is-layout-flow\">\n<div class=\"wp-block-themepark-block-themepark-xian theme_fang_out\" style=\"text-align:left;padding-top:1px;\"><div class=\"fangbox\" style=\"width:undefinedpx;height:291px;\"><\/div><\/div>\n\n\n\n<h1 class=\"wp-block-heading has-text-align-left has-themecolor-1-color has-text-color has-large-font-size\">D\u1ec5 V\u1eadn h\u00e0nh<\/h1>\n\n\n\n<p><\/p>\n\n\n\n<p class=\"has-text-align-left has-monte-white-color has-text-color has-normal-font-size\">T\u00ednh n\u0103ng giao di\u1ec7n th\u00e2n thi\u1ec7n v\u1edbi c\u00e0i \u0111\u1eb7t th\u00f4ng s\u1ed1 r\u00f5 r\u00e0ng. <\/p>\n\n\n\n<p class=\"has-text-align-left has-monte-white-color has-text-color has-normal-font-size\">gi\u1ea3m \u0111\u00e1ng k\u1ec3 \u0111\u01b0\u1eddng cong h\u1ecdc t\u1eadp v\u00e0 kh\u00f3 kh\u0103n b\u1ea3o tr\u00ec cho ng\u01b0\u1eddi v\u1eadn h\u00e0nh, \u0111\u1ed3ng th\u1eddi \u0111\u1ea3m b\u1ea3o hi\u1ec7u su\u1ea5t s\u1ea3n xu\u1ea5t cao v\u00e0 quy tr\u00ecnh c\u00f4ng vi\u1ec7c tr\u00f4i ch\u1ea3y.<\/p>\n\n\n\n<p class=\"has-text-align-left has-monte-white-color has-text-color has-normal-font-size\"><\/p>\n<\/div>\n<\/div><div class=\"layout_badh\"><div class=\"shizhezhao\" style=\"opacity:0.15;background-color:#000000;\"><\/div><div class=\"PcOnly themepark-block_layout_ba lazyload swiper-lazy\" style=\"background-size:cover;background-position:center;\" data-background=\"https:\/\/xtlaser.com\/wp-content\/uploads\/2025\/12\/\u8499\u7248\u7ec4-95-1.webp\"><\/div><\/div><\/section>\n\n\n\n<section class=\"wp-block-themepark-block-themepark-area block_layout thempark-block MovePnly bom10 top10\" id=\"\" style=\"padding-top:2px;height:900px;box-sizing: border-box;width: 100%;\" data-swiper-parallax=\"-700\"><div class=\"block_layout_in\" style=\"\">\n<div class=\"wp-block-column block_layout_in is-layout-flow wp-block-column-is-layout-flow\">\n<figure class=\"wp-block-image size-full\"><img loading=\"lazy\" decoding=\"async\" width=\"1920\" height=\"1080\" src=\"https:\/\/xtlaser.com\/wp-content\/uploads\/2025\/12\/\u8499\u7248\u7ec4-95-1.webp\" alt=\"\" class=\"wp-image-72301\" srcset=\"https:\/\/xtlaser.com\/wp-content\/uploads\/2025\/12\/\u8499\u7248\u7ec4-95-1.webp 1920w, https:\/\/xtlaser.com\/wp-content\/uploads\/2025\/12\/\u8499\u7248\u7ec4-95-1-300x169.webp 300w, https:\/\/xtlaser.com\/wp-content\/uploads\/2025\/12\/\u8499\u7248\u7ec4-95-1-1024x576.webp 1024w, https:\/\/xtlaser.com\/wp-content\/uploads\/2025\/12\/\u8499\u7248\u7ec4-95-1-768x432.webp 768w, https:\/\/xtlaser.com\/wp-content\/uploads\/2025\/12\/\u8499\u7248\u7ec4-95-1-1536x864.webp 1536w, https:\/\/xtlaser.com\/wp-content\/uploads\/2025\/12\/\u8499\u7248\u7ec4-95-1-600x338.webp 600w\" sizes=\"auto, (max-width: 1920px) 100vw, 1920px\" \/><\/figure>\n\n\n\n<h1 class=\"wp-block-heading has-text-align-left has-themecolor-1-color has-text-color has-large-font-size\"><strong>D\u1ec5 V\u1eadn h\u00e0nh<\/strong><\/h1>\n\n\n\n<p>T\u00edch h\u1ee3p giao di\u1ec7n th\u00e2n thi\u1ec7n v\u1edbi c\u00e0i \u0111\u1eb7t th\u00f4ng s\u1ed1 r\u00f5 r\u00e0ng, gi\u1ea3m \u0111\u00e1ng k\u1ec3 \u0111\u01b0\u1eddng cong h\u1ecdc t\u1eadp v\u00e0 \u0111\u1ed9 kh\u00f3 b\u1ea3o tr\u00ec cho ng\u01b0\u1eddi v\u1eadn h\u00e0nh, \u0111\u1ed3ng th\u1eddi \u0111\u1ea3m b\u1ea3o hi\u1ec7u su\u1ea5t s\u1ea3n xu\u1ea5t cao v\u00e0 quy tr\u00ecnh c\u00f4ng vi\u1ec7c tr\u00f4i ch\u1ea3y.<\/p>\n<\/div>\n<\/div><div class=\"layout_badh\"><div class=\"shizhezhao\" style=\"opacity:0.15;background-color:;\"><\/div><\/div><\/section>\n\n\n\n<section class=\"wp-block-themepark-block-themepark-area block_layout thempark-block PcOnly bom20 top20\" id=\"\" style=\"height:900px;box-sizing: border-box;width: 100%;\" data-swiper-parallax=\"-700\"><div class=\"block_layout_in\" style=\"\">\n<div class=\"wp-block-column block_layout_in is-layout-flow wp-block-column-is-layout-flow\">\n<div class=\"wp-block-themepark-block-themepark-xian theme_fang_out  top10\" style=\"text-align:left;padding-top:80px;\"><div class=\"fangbox\" style=\"width:undefinedpx;height:500px;\"><\/div><\/div>\n\n\n\n<h1 class=\"wp-block-heading has-text-align-right has-themecolor-1-color has-text-color has-large-font-size\">Kh\u00f4ng ph\u00e1 h\u1ee7y v\u00e0 Th\u00e2n thi\u1ec7n M\u00f4i tr\u01b0\u1eddng<\/h1>\n\n\n\n<p><\/p>\n\n\n\n<p class=\"has-text-align-right has-monte-white-color has-text-color has-normal-font-size\">Quy tr\u00ecnh laser kh\u00f4ng ti\u1ebfp x\u00fac lo\u1ea1i b\u1ecf r\u1ec9 s\u00e9t, d\u1ea7u v\u00e0 s\u01a1n m\u00e0 kh\u00f4ng l\u00e0m h\u01b0 h\u1ea1i b\u1ec1 m\u1eb7t n\u1ec1n. <\/p>\n\n\n\n<p class=\"has-text-align-right has-monte-white-color has-text-color has-normal-font-size\">ho\u1eb7c y\u00eau c\u1ea7u dung m\u00f4i h\u00f3a ch\u1ea5t nguy hi\u1ec3m, gi\u1ea3m.<\/p>\n\n\n\n<p class=\"has-text-align-right has-monte-white-color has-text-color has-normal-font-size\"> chi ph\u00ed v\u1eadn h\u00e0nh 80% so v\u1edbi l\u00e0m s\u1ea1ch b\u1eb1ng h\u00f3a ch\u1ea5t.<\/p>\n<\/div>\n<\/div><div class=\"layout_badh\"><div class=\"shizhezhao\" style=\"opacity:0.15;background-color:#000000;\"><\/div><div class=\"PcOnly themepark-block_layout_ba lazyload swiper-lazy\" style=\"background-size:cover;background-position:center;\" data-background=\"https:\/\/xtlaser.com\/wp-content\/uploads\/2025\/12\/\u516d\u8f74\u5de5\u4e1a\u673a\u5668\u4eba\u8fde\u7eed\u6e05\u6d17\u673a-\u96f6\u635f\u4f24-\u65e0\u6c61\u67d3ok.webp\"><\/div><\/div><\/section>\n\n\n\n<section class=\"wp-block-themepark-block-themepark-area block_layout thempark-block MovePnly bom10 top10\" id=\"\" style=\"padding-top:2px;height:900px;box-sizing: border-box;width: 100%;\" data-swiper-parallax=\"-700\"><div class=\"block_layout_in\" style=\"\">\n<div class=\"wp-block-column block_layout_in is-layout-flow wp-block-column-is-layout-flow\">\n<figure class=\"wp-block-image size-full is-style-default\"><img loading=\"lazy\" decoding=\"async\" width=\"1920\" height=\"1080\" src=\"https:\/\/xtlaser.com\/wp-content\/uploads\/2025\/12\/\u516d\u8f74\u5de5\u4e1a\u673a\u5668\u4eba\u8fde\u7eed\u6e05\u6d17\u673a-\u96f6\u635f\u4f24-\u65e0\u6c61\u67d3ok.webp\" alt=\"\" class=\"wp-image-72275\" srcset=\"https:\/\/xtlaser.com\/wp-content\/uploads\/2025\/12\/\u516d\u8f74\u5de5\u4e1a\u673a\u5668\u4eba\u8fde\u7eed\u6e05\u6d17\u673a-\u96f6\u635f\u4f24-\u65e0\u6c61\u67d3ok.webp 1920w, https:\/\/xtlaser.com\/wp-content\/uploads\/2025\/12\/\u516d\u8f74\u5de5\u4e1a\u673a\u5668\u4eba\u8fde\u7eed\u6e05\u6d17\u673a-\u96f6\u635f\u4f24-\u65e0\u6c61\u67d3ok-300x169.webp 300w, https:\/\/xtlaser.com\/wp-content\/uploads\/2025\/12\/\u516d\u8f74\u5de5\u4e1a\u673a\u5668\u4eba\u8fde\u7eed\u6e05\u6d17\u673a-\u96f6\u635f\u4f24-\u65e0\u6c61\u67d3ok-1024x576.webp 1024w, https:\/\/xtlaser.com\/wp-content\/uploads\/2025\/12\/\u516d\u8f74\u5de5\u4e1a\u673a\u5668\u4eba\u8fde\u7eed\u6e05\u6d17\u673a-\u96f6\u635f\u4f24-\u65e0\u6c61\u67d3ok-768x432.webp 768w, https:\/\/xtlaser.com\/wp-content\/uploads\/2025\/12\/\u516d\u8f74\u5de5\u4e1a\u673a\u5668\u4eba\u8fde\u7eed\u6e05\u6d17\u673a-\u96f6\u635f\u4f24-\u65e0\u6c61\u67d3ok-1536x864.webp 1536w, https:\/\/xtlaser.com\/wp-content\/uploads\/2025\/12\/\u516d\u8f74\u5de5\u4e1a\u673a\u5668\u4eba\u8fde\u7eed\u6e05\u6d17\u673a-\u96f6\u635f\u4f24-\u65e0\u6c61\u67d3ok-600x338.webp 600w\" sizes=\"auto, (max-width: 1920px) 100vw, 1920px\" \/><\/figure>\n\n\n\n<h1 class=\"wp-block-heading has-text-align-left has-themecolor-1-color has-text-color has-large-font-size\">Kh\u00f4ng ph\u00e1 h\u1ee7y v\u00e0 Th\u00e2n thi\u1ec7n M\u00f4i tr\u01b0\u1eddng<\/h1>\n\n\n\n<p>Quy tr\u00ecnh laser kh\u00f4ng ti\u1ebfp x\u00fac lo\u1ea1i b\u1ecf g\u1ec9 s\u00e9t, d\u1ea7u v\u00e0 s\u01a1n m\u00e0 kh\u00f4ng l\u00e0m h\u1ecfng b\u1ec1 m\u1eb7t n\u1ec1n ho\u1eb7c y\u00eau c\u1ea7u dung m\u00f4i h\u00f3a ch\u1ea5t nguy hi\u1ec3m, gi\u1ea3m 80% chi ph\u00ed v\u1eadn h\u00e0nh so v\u1edbi l\u00e0m s\u1ea1ch b\u1eb1ng h\u00f3a ch\u1ea5t.<\/p>\n\n\n\n<p><\/p>\n<\/div>\n<\/div><div class=\"layout_badh\"><div class=\"shizhezhao\" style=\"opacity:0.15;background-color:;\"><\/div><\/div><\/section>\n\n\n\n<section class=\"wp-block-themepark-block-themepark-area block_layout thempark-block PcOnly bom20 top20\" id=\"\" style=\"padding-top:300px;height:900px;box-sizing: border-box;width: 100%;\" data-swiper-parallax=\"-700\"><div class=\"block_layout_in\" style=\"\">\n<div class=\"wp-block-column block_layout_in is-layout-flow wp-block-column-is-layout-flow\">\n<div class=\"wp-block-themepark-block-themepark-xian theme_fang_out  top10\" style=\"text-align:left;padding-top:1px;\"><div class=\"fangbox\" style=\"width:undefinedpx;\"><\/div><\/div>\n\n\n\n<h1 class=\"wp-block-heading has-text-align-left has-themecolor-1-color has-text-color has-large-font-size\">\u0110i\u1ec1u khi\u1ec3n C\u00f4ng th\u00e1i h\u1ecdc &amp; Linh ho\u1ea1t<\/h1>\n\n\n\n<p><\/p>\n\n\n\n<p class=\"has-text-align-left has-monte-white-color has-text-color has-normal-font-size\">S\u00fang l\u00e0m s\u1ea1ch nh\u1eb9, thi\u1ebft k\u1ebf c\u00f4ng th\u00e1i h\u1ecdc mang l\u1ea1i kh\u1ea3 n\u0103ng di \u0111\u1ed9ng t\u1ed1i \u01b0u v\u00e0 chuy\u1ec3n \u0111\u1ed9ng kh\u00f4ng gi\u1edbi h\u1ea1n. <\/p>\n\n\n\n<p class=\"has-text-align-left has-monte-white-color has-text-color has-normal-font-size\">gi\u00fap vi\u1ec7c x\u1eed l\u00fd h\u00ecnh h\u1ecdc ph\u1ee9c t\u1ea1p v\u00e0 linh ki\u1ec7n h\u00ecnh d\u1ea1ng kh\u00f4ng \u0111\u1ec1u tr\u1edf n\u00ean d\u1ec5 d\u00e0ng.<\/p>\n<\/div>\n<\/div><div class=\"layout_badh\"><div class=\"shizhezhao\" style=\"opacity:0.15;background-color:#000000;\"><\/div><div class=\"PcOnly themepark-block_layout_ba lazyload swiper-lazy\" style=\"background-size:cover;background-position:center;\" data-background=\"https:\/\/xtlaser.com\/wp-content\/uploads\/2025\/12\/\u8499\u7248\u7ec4-97-1.webp\"><\/div><\/div><\/section>\n\n\n\n<section class=\"wp-block-themepark-block-themepark-area block_layout thempark-block MovePnly bom10 top10\" id=\"\" style=\"padding-top:2px;height:900px;box-sizing: border-box;width: 100%;\" data-swiper-parallax=\"-700\"><div class=\"block_layout_in\" style=\"\">\n<div class=\"wp-block-column block_layout_in is-layout-flow wp-block-column-is-layout-flow\">\n<figure class=\"wp-block-image size-full is-style-default\"><img loading=\"lazy\" decoding=\"async\" width=\"1920\" height=\"1080\" src=\"https:\/\/xtlaser.com\/wp-content\/uploads\/2025\/12\/\u8499\u7248\u7ec4-97-1.webp\" alt=\"\" class=\"wp-image-72302\" srcset=\"https:\/\/xtlaser.com\/wp-content\/uploads\/2025\/12\/\u8499\u7248\u7ec4-97-1.webp 1920w, https:\/\/xtlaser.com\/wp-content\/uploads\/2025\/12\/\u8499\u7248\u7ec4-97-1-300x169.webp 300w, https:\/\/xtlaser.com\/wp-content\/uploads\/2025\/12\/\u8499\u7248\u7ec4-97-1-1024x576.webp 1024w, https:\/\/xtlaser.com\/wp-content\/uploads\/2025\/12\/\u8499\u7248\u7ec4-97-1-768x432.webp 768w, https:\/\/xtlaser.com\/wp-content\/uploads\/2025\/12\/\u8499\u7248\u7ec4-97-1-1536x864.webp 1536w, https:\/\/xtlaser.com\/wp-content\/uploads\/2025\/12\/\u8499\u7248\u7ec4-97-1-600x338.webp 600w\" sizes=\"auto, (max-width: 1920px) 100vw, 1920px\" \/><\/figure>\n\n\n\n<h1 class=\"wp-block-heading has-text-align-left has-themecolor-1-color has-text-color has-large-font-size\">\u0110i\u1ec1u khi\u1ec3n C\u00f4ng th\u00e1i h\u1ecdc &amp; Linh ho\u1ea1t<\/h1>\n\n\n\n<p>S\u00fang l\u00e0m s\u1ea1ch nh\u1eb9, thi\u1ebft k\u1ebf c\u00f4ng th\u00e1i h\u1ecdc mang l\u1ea1i kh\u1ea3 n\u0103ng di \u0111\u1ed9ng t\u1ed1i \u01b0u v\u00e0 chuy\u1ec3n \u0111\u1ed9ng kh\u00f4ng gi\u1edbi h\u1ea1n. <\/p>\n\n\n\n<p>gi\u00fap vi\u1ec7c x\u1eed l\u00fd h\u00ecnh h\u1ecdc ph\u1ee9c t\u1ea1p v\u00e0 linh ki\u1ec7n h\u00ecnh d\u1ea1ng kh\u00f4ng \u0111\u1ec1u tr\u1edf n\u00ean d\u1ec5 d\u00e0ng.<\/p>\n<\/div>\n<\/div><div class=\"layout_badh\"><div class=\"shizhezhao\" style=\"opacity:0.15;background-color:;\"><\/div><\/div><\/section>\n\n\n\n<div class=\"wp-block-themepark-block-themepark-area block_layout thempark-block undefined\" id=\"padingmax\" style=\"background-color:#f7f7f7;padding-bottom:38px;padding-top:38px;\" data-swiper-parallax=\"-700\"><div class=\"block_layout_in\" style=\"max-width:1900px;\">\n<div class=\"wp-block-column block_layout_in is-layout-flow wp-block-column-is-layout-flow\">\n<div class=\"wp-block-themepark-block-themepark-wright content-super-p\" style=\"font-size:12px;line-height:42px;padding:10px 10px;\">\n<div class=\"wp-block-column is-layout-flow wp-block-column-is-layout-flow\">\n<p class=\"has-text-align-center has-themecolor-1-color has-text-color has-link-color has-large-font-size wp-elements-505a22334c3fb101a058a2f77acdf7c0\"><strong>L\u0129nh V\u1ef1c \u1ee8ng D\u1ee5ng<\/strong><\/p>\n\n\n\n<p class=\"has-text-align-center has-text-color has-link-color has-normal-font-size wp-elements-d29f076049c73b20d13c5e16305cd609\" style=\"color:#333333\"> \u1ee8ng d\u1ee5ng r\u1ed9ng r\u00e3i trong H\u00e0ng kh\u00f4ng V\u0169 tr\u1ee5, X\u00e2y d\u1ef1ng C\u1ea7u, Giao th\u00f4ng \u0110\u01b0\u1eddng s\u1eaft, S\u1ea3n xu\u1ea5t \u00d4 t\u00f4, \u0110\u00f3ng t\u00e0u v\u00e0 c\u00e1c l\u0129nh v\u1ef1c kh\u00e1c.<\/p>\n\n\n\n<p><\/p>\n\n\n<div class=\"wp-block-image\">\n<figure class=\"aligncenter size-full\"><img loading=\"lazy\" decoding=\"async\" width=\"1550\" height=\"302\" src=\"https:\/\/xtlaser.com\/wp-content\/uploads\/2025\/12\/\u7ec4-530.webp\" alt=\"\" class=\"wp-image-72278\" srcset=\"https:\/\/xtlaser.com\/wp-content\/uploads\/2025\/12\/\u7ec4-530.webp 1550w, https:\/\/xtlaser.com\/wp-content\/uploads\/2025\/12\/\u7ec4-530-300x58.webp 300w, https:\/\/xtlaser.com\/wp-content\/uploads\/2025\/12\/\u7ec4-530-1024x200.webp 1024w, https:\/\/xtlaser.com\/wp-content\/uploads\/2025\/12\/\u7ec4-530-768x150.webp 768w, https:\/\/xtlaser.com\/wp-content\/uploads\/2025\/12\/\u7ec4-530-1536x299.webp 1536w, https:\/\/xtlaser.com\/wp-content\/uploads\/2025\/12\/\u7ec4-530-600x117.webp 600w\" sizes=\"auto, (max-width: 1550px) 100vw, 1550px\" \/><\/figure>\n<\/div><\/div>\n<\/div>\n<\/div>\n<\/div><div class=\"layout_badh\"><\/div><\/div>\n\n\n\n<div class=\"wp-block-themepark-block-themepark-area block_layout thempark-block undefined\" id=\"padingmax\" style=\"background-color:#f7f7f7;padding-bottom:38px;padding-top:38px;\" data-swiper-parallax=\"-700\"><div class=\"block_layout_in\" style=\"max-width:1900px;\">\n<div class=\"wp-block-column block_layout_in is-layout-flow wp-block-column-is-layout-flow\">\n<div class=\"wp-block-themepark-block-themepark-wright content-super-p\" style=\"font-size:12px;line-height:42px;padding:10px 10px;\">\n<div class=\"wp-block-column is-layout-flow wp-block-column-is-layout-flow\">\n<p class=\"has-text-align-center has-themecolor-1-color has-text-color has-link-color has-large-font-size wp-elements-952fa8031078b4dadc0cd7e2ca3620ef\"><strong>B\u1ed9 s\u01b0u t\u1eadp M\u1eabu<\/strong><\/p>\n\n\n\n<p><\/p>\n\n\n<div class=\"wp-block-image\">\n<figure class=\"aligncenter size-full\"><img loading=\"lazy\" decoding=\"async\" width=\"1550\" height=\"222\" src=\"https:\/\/xtlaser.com\/wp-content\/uploads\/2025\/12\/\u7ec4-526.webp\" alt=\"\" class=\"wp-image-72279\" srcset=\"https:\/\/xtlaser.com\/wp-content\/uploads\/2025\/12\/\u7ec4-526.webp 1550w, https:\/\/xtlaser.com\/wp-content\/uploads\/2025\/12\/\u7ec4-526-300x43.webp 300w, https:\/\/xtlaser.com\/wp-content\/uploads\/2025\/12\/\u7ec4-526-1024x147.webp 1024w, https:\/\/xtlaser.com\/wp-content\/uploads\/2025\/12\/\u7ec4-526-768x110.webp 768w, https:\/\/xtlaser.com\/wp-content\/uploads\/2025\/12\/\u7ec4-526-1536x220.webp 1536w, https:\/\/xtlaser.com\/wp-content\/uploads\/2025\/12\/\u7ec4-526-600x86.webp 600w\" sizes=\"auto, (max-width: 1550px) 100vw, 1550px\" \/><\/figure>\n<\/div><\/div>\n<\/div>\n<\/div>\n<\/div><div class=\"layout_badh\"><\/div><\/div>\n\n\n\n<p><\/p>\n<\/div>","protected":false},"excerpt":{"rendered":"[tp_attributes num_attributes=\"5\"]","protected":false},"featured_media":72304,"template":"","meta":{"themepark_post_bcolor":"#f5f5f5","themepark_post_width":"1022px","themepark_post_img":"","themepark_post_img_po":"left","themepark_post_img_re":false,"themepark_post_img_cover":false,"themepark_post_img_fixed":false,"themepark_post_hide_title":false,"themepark_post_main_b":"","themepark_post_main_p":100,"themepark_paddingblock":false},"product_brand":[47],"product_cat":[69,2809],"product_tag":[2802],"class_list":{"0":"post-72303","1":"product","2":"type-product","3":"status-publish","4":"has-post-thumbnail","6":"product_brand-xt-laser","7":"product_cat-fiber-laser-cutting-machine","8":"product_cat-laser-cleaning","9":"product_tag-cleaning-machine","10":"pa_highlights-laser-cleaning","12":"first","13":"instock","14":"shipping-taxable","15":"product-type-simple"},"_links":{"self":[{"href":"https:\/\/xtlaser.com\/vi\/wp-json\/wp\/v2\/product\/72303","targetHints":{"allow":["GET"]}}],"collection":[{"href":"https:\/\/xtlaser.com\/vi\/wp-json\/wp\/v2\/product"}],"about":[{"href":"https:\/\/xtlaser.com\/vi\/wp-json\/wp\/v2\/types\/product"}],"wp:featuredmedia":[{"embeddable":true,"href":"https:\/\/xtlaser.com\/vi\/wp-json\/wp\/v2\/media\/72304"}],"wp:attachment":[{"href":"https:\/\/xtlaser.com\/vi\/wp-json\/wp\/v2\/media?parent=72303"}],"wp:term":[{"taxonomy":"product_brand","embeddable":true,"href":"https:\/\/xtlaser.com\/vi\/wp-json\/wp\/v2\/product_brand?post=72303"},{"taxonomy":"product_cat","embeddable":true,"href":"https:\/\/xtlaser.com\/vi\/wp-json\/wp\/v2\/product_cat?post=72303"},{"taxonomy":"product_tag","embeddable":true,"href":"https:\/\/xtlaser.com\/vi\/wp-json\/wp\/v2\/product_tag?post=72303"}],"curies":[{"name":"wp","href":"https:\/\/api.w.org\/{rel}","templated":true}]}}