{"id":72292,"date":"2025-12-23T17:25:24","date_gmt":"2025-12-23T09:25:24","guid":{"rendered":"https:\/\/xtlaser.com\/?post_type=product&#038;p=72292"},"modified":"2026-01-27T15:07:17","modified_gmt":"2026-01-27T07:07:17","slug":"6-axis-industrial-robotic-pulse-laser-cleaning-machine","status":"publish","type":"product","link":"https:\/\/xtlaser.com\/vi\/product-item\/6-axis-industrial-robotic-pulse-laser-cleaning-machine","title":{"rendered":"M\u00e1y L\u00e0m s\u1ea1ch Laser Xung d\u00f9ng Robot C\u00f4ng nghi\u1ec7p 6 Tr\u1ee5c"},"content":{"rendered":"<div class=\"post_content\">\n<hr class=\"wp-block-separator has-alpha-channel-opacity\"\/>\n\n\n\n<section class=\"wp-block-themepark-block-themepark-area block_layout thempark-block PcOnly bom20 top20\" id=\"\" style=\"padding-top:175px;height:900px;box-sizing: border-box;width: 100%;\" data-swiper-parallax=\"-700\"><div class=\"block_layout_in\" style=\"\">\n<div class=\"wp-block-column block_layout_in is-layout-flow wp-block-column-is-layout-flow\">\n<div class=\"wp-block-themepark-block-themepark-xian theme_fang_out\" style=\"text-align:left;\"><div class=\"fangbox\" style=\"width:undefinedpx;height:72px;\"><\/div><\/div>\n\n\n\n<h2 class=\"wp-block-heading has-text-align-center has-themecolor-1-color has-text-color has-large-font-size\"><strong>M\u00e1y L\u00e0m s\u1ea1ch Laser Xung d\u00f9ng Robot C\u00f4ng nghi\u1ec7p 6 Tr\u1ee5c<\/strong><\/h2>\n\n\n\n<p><\/p>\n\n\n\n<h1 class=\"wp-block-heading has-text-align-center has-monte-white-color has-text-color has-normal-font-size\"><strong>Gi\u1ea3i ph\u00e1p chuy\u00ean gia \u0111\u1ec3 l\u00e0m s\u1ea1ch ch\u00ednh x\u00e1c cao, kh\u00f4ng g\u00e2y h\u01b0 h\u1ea1i.<\/strong><\/h1>\n<\/div>\n<\/div><div class=\"layout_badh\"><div class=\"shizhezhao\" style=\"opacity:0.15;background-color:#000000;\"><\/div><div class=\"PcOnly themepark-block_layout_ba lazyload swiper-lazy\" style=\"background-size:cover;background-position:center;\" data-background=\"https:\/\/xtlaser.com\/wp-content\/uploads\/2025\/12\/\u516d\u8f74\u5de5\u4e1a\u673a\u5668\u4eba\u8109\u51b2\u6e05\u6d17\u673a-\u4e3b\u56feok.webp\"><\/div><\/div><\/section>\n\n\n\n<section class=\"wp-block-themepark-block-themepark-area block_layout thempark-block MovePnly bom10 top10\" id=\"\" style=\"padding-top:2px;height:900px;box-sizing: border-box;width: 100%;\" data-swiper-parallax=\"-700\"><div class=\"block_layout_in\" style=\"\">\n<div class=\"wp-block-column block_layout_in is-layout-flow wp-block-column-is-layout-flow\">\n<figure class=\"wp-block-image size-full\"><img loading=\"lazy\" decoding=\"async\" width=\"1920\" height=\"1080\" src=\"https:\/\/xtlaser.com\/wp-content\/uploads\/2025\/12\/\u516d\u8f74\u5de5\u4e1a\u673a\u5668\u4eba\u8109\u51b2\u6e05\u6d17\u673a-\u4e3b\u56feok.webp\" alt=\"\" class=\"wp-image-72287\" srcset=\"https:\/\/xtlaser.com\/wp-content\/uploads\/2025\/12\/\u516d\u8f74\u5de5\u4e1a\u673a\u5668\u4eba\u8109\u51b2\u6e05\u6d17\u673a-\u4e3b\u56feok.webp 1920w, https:\/\/xtlaser.com\/wp-content\/uploads\/2025\/12\/\u516d\u8f74\u5de5\u4e1a\u673a\u5668\u4eba\u8109\u51b2\u6e05\u6d17\u673a-\u4e3b\u56feok-300x169.webp 300w, https:\/\/xtlaser.com\/wp-content\/uploads\/2025\/12\/\u516d\u8f74\u5de5\u4e1a\u673a\u5668\u4eba\u8109\u51b2\u6e05\u6d17\u673a-\u4e3b\u56feok-1024x576.webp 1024w, https:\/\/xtlaser.com\/wp-content\/uploads\/2025\/12\/\u516d\u8f74\u5de5\u4e1a\u673a\u5668\u4eba\u8109\u51b2\u6e05\u6d17\u673a-\u4e3b\u56feok-768x432.webp 768w, https:\/\/xtlaser.com\/wp-content\/uploads\/2025\/12\/\u516d\u8f74\u5de5\u4e1a\u673a\u5668\u4eba\u8109\u51b2\u6e05\u6d17\u673a-\u4e3b\u56feok-1536x864.webp 1536w, https:\/\/xtlaser.com\/wp-content\/uploads\/2025\/12\/\u516d\u8f74\u5de5\u4e1a\u673a\u5668\u4eba\u8109\u51b2\u6e05\u6d17\u673a-\u4e3b\u56feok-600x338.webp 600w\" sizes=\"auto, (max-width: 1920px) 100vw, 1920px\" \/><\/figure>\n\n\n\n<h2 class=\"wp-block-heading has-text-align-left has-themecolor-1-color has-text-color has-large-font-size\"><strong>M\u00e1y L\u00e0m s\u1ea1ch Laser Xung d\u00f9ng Robot C\u00f4ng nghi\u1ec7p 6 Tr\u1ee5c<\/strong><\/h2>\n\n\n\n<p><strong>Gi\u1ea3i ph\u00e1p chuy\u00ean gia \u0111\u1ec3 l\u00e0m s\u1ea1ch ch\u00ednh x\u00e1c cao, kh\u00f4ng g\u00e2y h\u01b0 h\u1ea1i.<\/strong><\/p>\n\n\n\n<p><\/p>\n\n\n\n<p><\/p>\n<\/div>\n<\/div><div class=\"layout_badh\"><div class=\"shizhezhao\" style=\"opacity:0.15;background-color:;\"><\/div><\/div><\/section>\n\n\n\n<section class=\"wp-block-themepark-block-themepark-area block_layout thempark-block PcOnly bom20 top20\" id=\"\" style=\"padding-top:300px;height:900px;box-sizing: border-box;width: 100%;\" data-swiper-parallax=\"-700\"><div class=\"block_layout_in\" style=\"\">\n<div class=\"wp-block-column block_layout_in is-layout-flow wp-block-column-is-layout-flow\">\n<div class=\"wp-block-themepark-block-themepark-xian theme_fang_out  top10\" style=\"text-align:left;padding-top:360px;\"><div class=\"fangbox\" style=\"width:0px;height:123px;\"><\/div><\/div>\n\n\n\n<h2 class=\"wp-block-heading has-text-align-left has-themecolor-1-color has-text-color has-large-font-size\">Hi\u1ec7u su\u1ea5t Cao v\u00e0 C\u00f4ng su\u1ea5t G\u1ea5p \u0111\u00f4i<\/h2>\n\n\n\n<p><\/p>\n\n\n\n<p class=\"has-text-align-left has-monte-white-color has-text-color has-normal-font-size\">Utilizing pulsed laser technology with high and stable output power, this system delivers extremely fast cleaning speeds designed for large-scale operations and significantly enhanced production efficiency.<\/p>\n<\/div>\n<\/div><div class=\"layout_badh\"><div class=\"shizhezhao\" style=\"opacity:0.15;background-color:#000000;\"><\/div><div class=\"PcOnly themepark-block_layout_ba lazyload swiper-lazy\" style=\"background-size:cover;background-position:center;\" data-background=\"https:\/\/xtlaser.com\/wp-content\/uploads\/2025\/12\/\u516d\u8f74\u5de5\u4e1a\u673a\u5668\u4eba\u8109\u51b2\u6e05\u6d17\u673a-\u6781\u81f4\u7cbe\u5ea6-\u65e0\u635f\u6e05\u6d17ok.webp\"><\/div><\/div><\/section>\n\n\n\n<section class=\"wp-block-themepark-block-themepark-area block_layout thempark-block MovePnly bom10 top10\" id=\"\" style=\"padding-top:2px;height:900px;box-sizing: border-box;width: 100%;\" data-swiper-parallax=\"-700\"><div class=\"block_layout_in\" style=\"\">\n<div class=\"wp-block-column block_layout_in is-layout-flow wp-block-column-is-layout-flow\">\n<figure class=\"wp-block-image size-full\"><img loading=\"lazy\" decoding=\"async\" width=\"1920\" height=\"1080\" src=\"https:\/\/xtlaser.com\/wp-content\/uploads\/2025\/12\/\u516d\u8f74\u5de5\u4e1a\u673a\u5668\u4eba\u8109\u51b2\u6e05\u6d17\u673a-\u6781\u81f4\u7cbe\u5ea6-\u65e0\u635f\u6e05\u6d17ok.webp\" alt=\"\" class=\"wp-image-72288\" srcset=\"https:\/\/xtlaser.com\/wp-content\/uploads\/2025\/12\/\u516d\u8f74\u5de5\u4e1a\u673a\u5668\u4eba\u8109\u51b2\u6e05\u6d17\u673a-\u6781\u81f4\u7cbe\u5ea6-\u65e0\u635f\u6e05\u6d17ok.webp 1920w, https:\/\/xtlaser.com\/wp-content\/uploads\/2025\/12\/\u516d\u8f74\u5de5\u4e1a\u673a\u5668\u4eba\u8109\u51b2\u6e05\u6d17\u673a-\u6781\u81f4\u7cbe\u5ea6-\u65e0\u635f\u6e05\u6d17ok-300x169.webp 300w, https:\/\/xtlaser.com\/wp-content\/uploads\/2025\/12\/\u516d\u8f74\u5de5\u4e1a\u673a\u5668\u4eba\u8109\u51b2\u6e05\u6d17\u673a-\u6781\u81f4\u7cbe\u5ea6-\u65e0\u635f\u6e05\u6d17ok-1024x576.webp 1024w, https:\/\/xtlaser.com\/wp-content\/uploads\/2025\/12\/\u516d\u8f74\u5de5\u4e1a\u673a\u5668\u4eba\u8109\u51b2\u6e05\u6d17\u673a-\u6781\u81f4\u7cbe\u5ea6-\u65e0\u635f\u6e05\u6d17ok-768x432.webp 768w, https:\/\/xtlaser.com\/wp-content\/uploads\/2025\/12\/\u516d\u8f74\u5de5\u4e1a\u673a\u5668\u4eba\u8109\u51b2\u6e05\u6d17\u673a-\u6781\u81f4\u7cbe\u5ea6-\u65e0\u635f\u6e05\u6d17ok-1536x864.webp 1536w, https:\/\/xtlaser.com\/wp-content\/uploads\/2025\/12\/\u516d\u8f74\u5de5\u4e1a\u673a\u5668\u4eba\u8109\u51b2\u6e05\u6d17\u673a-\u6781\u81f4\u7cbe\u5ea6-\u65e0\u635f\u6e05\u6d17ok-600x338.webp 600w\" sizes=\"auto, (max-width: 1920px) 100vw, 1920px\" \/><\/figure>\n\n\n\n<h2 class=\"wp-block-heading has-text-align-left has-themecolor-1-color has-text-color has-large-font-size\">Hi\u1ec7u su\u1ea5t Cao v\u00e0 C\u00f4ng su\u1ea5t G\u1ea5p \u0111\u00f4i<\/h2>\n\n\n\n<p>Utilizing pulsed laser technology with high and stable output power, this system delivers extremely fast cleaning speeds designed for large-scale operations and significantly enhanced production efficiency.<\/p>\n<\/div>\n<\/div><div class=\"layout_badh\"><div class=\"shizhezhao\" style=\"opacity:0.15;background-color:;\"><\/div><\/div><\/section>\n\n\n\n<section class=\"wp-block-themepark-block-themepark-area block_layout thempark-block PcOnly bom20 top20\" id=\"\" style=\"height:900px;box-sizing: border-box;width: 100%;\" data-swiper-parallax=\"-700\"><div class=\"block_layout_in\" style=\"\">\n<div class=\"wp-block-column block_layout_in is-layout-flow wp-block-column-is-layout-flow\">\n<div class=\"wp-block-themepark-block-themepark-xian theme_fang_out\" style=\"text-align:left;padding-top:1px;\"><div class=\"fangbox\" style=\"width:undefinedpx;height:34px;\"><\/div><\/div>\n\n\n\n<h2 class=\"wp-block-heading has-text-align-left has-themecolor-1-color has-text-color has-large-font-size\">T\u00ednh linh ho\u1ea1t chuy\u1ec3n \u0111\u1ed9ng t\u1ed1i \u01b0u<\/h2>\n\n\n\n<p><\/p>\n\n\n\n<p class=\"has-text-align-left has-monte-white-color has-text-color has-normal-font-size\">H\u1ec7 th\u1ed1ng robot 6 tr\u1ee5c m\u00f4 ph\u1ecfng ho\u00e0n h\u1ea3o qu\u00e1 tr\u00ecnh l\u00e0m s\u1ea1ch th\u1ee7 c\u00f4ng v\u1edbi chuy\u1ec3n \u0111\u1ed9ng linh ho\u1ea1t <\/p>\n\n\n\n<p class=\"has-text-align-left has-monte-white-color has-text-color has-normal-font-size\">v\u00e0 qu\u1ef9 \u0111\u1ea1o m\u01b0\u1ee3t m\u00e0, \u0111\u1ecbnh h\u00ecnh ch\u00ednh x\u00e1c c\u00e1c b\u1ec1 m\u1eb7t ph\u1ee9c t\u1ea1p ngay c\u1ea3 trong m\u00f4i tr\u01b0\u1eddng c\u00f3 kh\u00f3i ho\u1eb7c b\u1ee5i.<\/p>\n\n\n\n<p class=\"has-text-align-left has-monte-white-color has-text-color has-normal-font-size\"><\/p>\n<\/div>\n<\/div><div class=\"layout_badh\"><div class=\"shizhezhao\" style=\"opacity:0.15;background-color:#000000;\"><\/div><div class=\"PcOnly themepark-block_layout_ba lazyload swiper-lazy\" style=\"background-size:cover;background-position:center;\" data-background=\"https:\/\/xtlaser.com\/wp-content\/uploads\/2025\/12\/\u516d\u8f74\u5de5\u4e1a\u673a\u5668\u4eba\u8109\u51b2\u6e05\u6d17\u673a-\u9ad8\u5ea6\u7075\u6d3b\u6027ok.webp\"><\/div><\/div><\/section>\n\n\n\n<section class=\"wp-block-themepark-block-themepark-area block_layout thempark-block MovePnly bom10 top10\" id=\"\" style=\"padding-top:2px;height:900px;box-sizing: border-box;width: 100%;\" data-swiper-parallax=\"-700\"><div class=\"block_layout_in\" style=\"\">\n<div class=\"wp-block-column block_layout_in is-layout-flow wp-block-column-is-layout-flow\">\n<figure class=\"wp-block-image size-full\"><img loading=\"lazy\" decoding=\"async\" width=\"1920\" height=\"1080\" src=\"https:\/\/xtlaser.com\/wp-content\/uploads\/2025\/12\/\u516d\u8f74\u5de5\u4e1a\u673a\u5668\u4eba\u8109\u51b2\u6e05\u6d17\u673a-\u9ad8\u5ea6\u7075\u6d3b\u6027ok.webp\" alt=\"\" class=\"wp-image-72289\" srcset=\"https:\/\/xtlaser.com\/wp-content\/uploads\/2025\/12\/\u516d\u8f74\u5de5\u4e1a\u673a\u5668\u4eba\u8109\u51b2\u6e05\u6d17\u673a-\u9ad8\u5ea6\u7075\u6d3b\u6027ok.webp 1920w, https:\/\/xtlaser.com\/wp-content\/uploads\/2025\/12\/\u516d\u8f74\u5de5\u4e1a\u673a\u5668\u4eba\u8109\u51b2\u6e05\u6d17\u673a-\u9ad8\u5ea6\u7075\u6d3b\u6027ok-300x169.webp 300w, https:\/\/xtlaser.com\/wp-content\/uploads\/2025\/12\/\u516d\u8f74\u5de5\u4e1a\u673a\u5668\u4eba\u8109\u51b2\u6e05\u6d17\u673a-\u9ad8\u5ea6\u7075\u6d3b\u6027ok-1024x576.webp 1024w, https:\/\/xtlaser.com\/wp-content\/uploads\/2025\/12\/\u516d\u8f74\u5de5\u4e1a\u673a\u5668\u4eba\u8109\u51b2\u6e05\u6d17\u673a-\u9ad8\u5ea6\u7075\u6d3b\u6027ok-768x432.webp 768w, https:\/\/xtlaser.com\/wp-content\/uploads\/2025\/12\/\u516d\u8f74\u5de5\u4e1a\u673a\u5668\u4eba\u8109\u51b2\u6e05\u6d17\u673a-\u9ad8\u5ea6\u7075\u6d3b\u6027ok-1536x864.webp 1536w, https:\/\/xtlaser.com\/wp-content\/uploads\/2025\/12\/\u516d\u8f74\u5de5\u4e1a\u673a\u5668\u4eba\u8109\u51b2\u6e05\u6d17\u673a-\u9ad8\u5ea6\u7075\u6d3b\u6027ok-600x338.webp 600w\" sizes=\"auto, (max-width: 1920px) 100vw, 1920px\" \/><\/figure>\n\n\n\n<h2 class=\"wp-block-heading has-text-align-left has-themecolor-1-color has-text-color has-large-font-size\"><strong>T\u00ednh linh ho\u1ea1t chuy\u1ec3n \u0111\u1ed9ng t\u1ed1i \u01b0u<\/strong><\/h2>\n\n\n\n<p>H\u1ec7 th\u1ed1ng robot 6 tr\u1ee5c m\u00f4 ph\u1ecfng ho\u00e0n h\u1ea3o qu\u00e1 tr\u00ecnh l\u00e0m s\u1ea1ch th\u1ee7 c\u00f4ng v\u1edbi chuy\u1ec3n \u0111\u1ed9ng linh ho\u1ea1t v\u00e0 qu\u1ef9 \u0111\u1ea1o m\u01b0\u1ee3t m\u00e0, \u0111\u1ecbnh h\u00ecnh ch\u00ednh x\u00e1c c\u00e1c b\u1ec1 m\u1eb7t ph\u1ee9c t\u1ea1p ngay c\u1ea3 trong m\u00f4i tr\u01b0\u1eddng c\u00f3 kh\u00f3i ho\u1eb7c b\u1ee5i.<\/p>\n<\/div>\n<\/div><div class=\"layout_badh\"><div class=\"shizhezhao\" style=\"opacity:0.15;background-color:;\"><\/div><\/div><\/section>\n\n\n\n<section class=\"wp-block-themepark-block-themepark-area block_layout thempark-block PcOnly bom20 top20\" id=\"\" style=\"height:900px;box-sizing: border-box;width: 100%;\" data-swiper-parallax=\"-700\"><div class=\"block_layout_in\" style=\"\">\n<div class=\"wp-block-column block_layout_in is-layout-flow wp-block-column-is-layout-flow\">\n<div class=\"wp-block-themepark-block-themepark-xian theme_fang_out  top10\" style=\"text-align:left;padding-top:1px;\"><div class=\"fangbox\" style=\"width:undefinedpx;height:137px;\"><\/div><\/div>\n\n\n\n<h2 class=\"wp-block-heading has-text-align-right has-themecolor-1-color has-text-color has-large-font-size\">Kh\u00f4ng ph\u00e1 h\u1ee7y v\u00e0 Th\u00e2n thi\u1ec7n M\u00f4i tr\u01b0\u1eddng<\/h2>\n\n\n\n<p><\/p>\n\n\n\n<p class=\"has-text-align-right has-monte-white-color has-text-color has-normal-font-size\">Quy tr\u00ecnh laser kh\u00f4ng ti\u1ebfp x\u00fac lo\u1ea1i b\u1ecf g\u1ec9 s\u00e9t, d\u1ea7u v\u00e0 s\u01a1n m\u00e0 kh\u00f4ng l\u00e0m h\u1ecfng b\u1ec1 m\u1eb7t n\u1ec1n ho\u1eb7c y\u00eau c\u1ea7u dung m\u00f4i h\u00f3a ch\u1ea5t nguy hi\u1ec3m. <\/p>\n\n\n\n<p class=\"has-text-align-right has-monte-white-color has-text-color has-normal-font-size\">gi\u1ea3m 80% chi ph\u00ed v\u1eadn h\u00e0nh so v\u1edbi l\u00e0m s\u1ea1ch b\u1eb1ng h\u00f3a ch\u1ea5t.<\/p>\n<\/div>\n<\/div><div class=\"layout_badh\"><div class=\"shizhezhao\" style=\"opacity:0.15;background-color:#000000;\"><\/div><div class=\"PcOnly themepark-block_layout_ba lazyload swiper-lazy\" style=\"background-size:cover;background-position:center;\" data-background=\"https:\/\/xtlaser.com\/wp-content\/uploads\/2025\/12\/\u8499\u7248\u7ec4-93.webp\"><\/div><\/div><\/section>\n\n\n\n<section class=\"wp-block-themepark-block-themepark-area block_layout thempark-block MovePnly bom10 top10\" id=\"\" style=\"padding-top:2px;height:900px;box-sizing: border-box;width: 100%;\" data-swiper-parallax=\"-700\"><div class=\"block_layout_in\" style=\"\">\n<div class=\"wp-block-column block_layout_in is-layout-flow wp-block-column-is-layout-flow\">\n<figure class=\"wp-block-image size-full is-style-default\"><img loading=\"lazy\" decoding=\"async\" width=\"1920\" height=\"1080\" src=\"https:\/\/xtlaser.com\/wp-content\/uploads\/2025\/12\/\u8499\u7248\u7ec4-93.webp\" alt=\"\" class=\"wp-image-72290\" srcset=\"https:\/\/xtlaser.com\/wp-content\/uploads\/2025\/12\/\u8499\u7248\u7ec4-93.webp 1920w, https:\/\/xtlaser.com\/wp-content\/uploads\/2025\/12\/\u8499\u7248\u7ec4-93-300x169.webp 300w, https:\/\/xtlaser.com\/wp-content\/uploads\/2025\/12\/\u8499\u7248\u7ec4-93-1024x576.webp 1024w, https:\/\/xtlaser.com\/wp-content\/uploads\/2025\/12\/\u8499\u7248\u7ec4-93-768x432.webp 768w, https:\/\/xtlaser.com\/wp-content\/uploads\/2025\/12\/\u8499\u7248\u7ec4-93-1536x864.webp 1536w, https:\/\/xtlaser.com\/wp-content\/uploads\/2025\/12\/\u8499\u7248\u7ec4-93-600x338.webp 600w\" sizes=\"auto, (max-width: 1920px) 100vw, 1920px\" \/><\/figure>\n\n\n\n<h2 class=\"wp-block-heading has-text-align-left has-themecolor-1-color has-text-color has-large-font-size\">Kh\u00f4ng ph\u00e1 h\u1ee7y v\u00e0 Th\u00e2n thi\u1ec7n M\u00f4i tr\u01b0\u1eddng<\/h2>\n\n\n\n<p>Quy tr\u00ecnh laser kh\u00f4ng ti\u1ebfp x\u00fac lo\u1ea1i b\u1ecf g\u1ec9 s\u00e9t, d\u1ea7u v\u00e0 s\u01a1n m\u00e0 kh\u00f4ng l\u00e0m h\u1ecfng b\u1ec1 m\u1eb7t n\u1ec1n ho\u1eb7c y\u00eau c\u1ea7u dung m\u00f4i h\u00f3a ch\u1ea5t nguy hi\u1ec3m, gi\u1ea3m 80% chi ph\u00ed v\u1eadn h\u00e0nh so v\u1edbi l\u00e0m s\u1ea1ch b\u1eb1ng h\u00f3a ch\u1ea5t.<\/p>\n\n\n\n<p><\/p>\n<\/div>\n<\/div><div class=\"layout_badh\"><div class=\"shizhezhao\" style=\"opacity:0.15;background-color:;\"><\/div><\/div><\/section>\n\n\n\n<section class=\"wp-block-themepark-block-themepark-area block_layout thempark-block PcOnly bom20 top20\" id=\"\" style=\"padding-top:300px;height:900px;box-sizing: border-box;width: 100%;\" data-swiper-parallax=\"-700\"><div class=\"block_layout_in\" style=\"\">\n<div class=\"wp-block-column block_layout_in is-layout-flow wp-block-column-is-layout-flow\">\n<div class=\"wp-block-themepark-block-themepark-xian theme_fang_out  top10\" style=\"text-align:left;padding-top:1px;\"><div class=\"fangbox\" style=\"width:undefinedpx;\"><\/div><\/div>\n\n\n\n<h2 class=\"wp-block-heading has-text-align-right has-themecolor-1-color has-text-color has-large-font-size\">T\u00edch h\u1ee3p \u0110a d\u1ea1ng<\/h2>\n\n\n\n<p><\/p>\n\n\n\n<p class=\"has-text-align-right has-monte-white-color has-text-color has-normal-font-size\">Thi\u1ebft k\u1ebf t\u00edch h\u1ee3p cao l\u00fd t\u01b0\u1edfng cho ho\u1ea1t \u0111\u1ed9ng d\u00e2y chuy\u1ec1n l\u1eafp r\u00e1p. <\/p>\n\n\n\n<p class=\"has-text-align-right has-monte-white-color has-text-color has-normal-font-size\">d\u1ec5 d\u00e0ng x\u1eed l\u00fd c\u00e1c th\u00e1ch th\u1ee9c l\u00e0m s\u1ea1ch \u0111a d\u1ea1ng, t\u1eeb th\u00e0nh ph\u1ea7n quy m\u00f4 l\u1edbn \u0111\u1ebfn ph\u00f4i tinh vi \u0111\u1ed9 ch\u00ednh x\u00e1c cao.<\/p>\n<\/div>\n<\/div><div class=\"layout_badh\"><div class=\"shizhezhao\" style=\"opacity:0.15;background-color:#000000;\"><\/div><div class=\"PcOnly themepark-block_layout_ba lazyload swiper-lazy\" style=\"background-size:cover;background-position:center;\" data-background=\"https:\/\/xtlaser.com\/wp-content\/uploads\/2025\/12\/\u516d\u8f74\u5de5\u4e1a\u673a\u5668\u4eba\u8109\u51b2\u6e05\u6d17\u673a-\u4e3b\u56feok-1.webp\"><\/div><\/div><\/section>\n\n\n\n<section class=\"wp-block-themepark-block-themepark-area block_layout thempark-block MovePnly bom10 top10\" id=\"\" style=\"padding-top:2px;height:900px;box-sizing: border-box;width: 100%;\" data-swiper-parallax=\"-700\"><div class=\"block_layout_in\" style=\"\">\n<div class=\"wp-block-column block_layout_in is-layout-flow wp-block-column-is-layout-flow\">\n<figure class=\"wp-block-image size-full is-style-default\"><img loading=\"lazy\" decoding=\"async\" width=\"1920\" height=\"1080\" src=\"https:\/\/xtlaser.com\/wp-content\/uploads\/2025\/12\/\u516d\u8f74\u5de5\u4e1a\u673a\u5668\u4eba\u8109\u51b2\u6e05\u6d17\u673a-\u4e3b\u56feok-1.webp\" alt=\"\" class=\"wp-image-72291\" srcset=\"https:\/\/xtlaser.com\/wp-content\/uploads\/2025\/12\/\u516d\u8f74\u5de5\u4e1a\u673a\u5668\u4eba\u8109\u51b2\u6e05\u6d17\u673a-\u4e3b\u56feok-1.webp 1920w, https:\/\/xtlaser.com\/wp-content\/uploads\/2025\/12\/\u516d\u8f74\u5de5\u4e1a\u673a\u5668\u4eba\u8109\u51b2\u6e05\u6d17\u673a-\u4e3b\u56feok-1-300x169.webp 300w, https:\/\/xtlaser.com\/wp-content\/uploads\/2025\/12\/\u516d\u8f74\u5de5\u4e1a\u673a\u5668\u4eba\u8109\u51b2\u6e05\u6d17\u673a-\u4e3b\u56feok-1-1024x576.webp 1024w, https:\/\/xtlaser.com\/wp-content\/uploads\/2025\/12\/\u516d\u8f74\u5de5\u4e1a\u673a\u5668\u4eba\u8109\u51b2\u6e05\u6d17\u673a-\u4e3b\u56feok-1-768x432.webp 768w, https:\/\/xtlaser.com\/wp-content\/uploads\/2025\/12\/\u516d\u8f74\u5de5\u4e1a\u673a\u5668\u4eba\u8109\u51b2\u6e05\u6d17\u673a-\u4e3b\u56feok-1-1536x864.webp 1536w, https:\/\/xtlaser.com\/wp-content\/uploads\/2025\/12\/\u516d\u8f74\u5de5\u4e1a\u673a\u5668\u4eba\u8109\u51b2\u6e05\u6d17\u673a-\u4e3b\u56feok-1-600x338.webp 600w\" sizes=\"auto, (max-width: 1920px) 100vw, 1920px\" \/><\/figure>\n\n\n\n<h2 class=\"wp-block-heading has-text-align-left has-themecolor-1-color has-text-color has-large-font-size\">T\u00edch h\u1ee3p \u0110a d\u1ea1ng<\/h2>\n\n\n\n<p>Thi\u1ebft k\u1ebf t\u00edch h\u1ee3p cao l\u00fd t\u01b0\u1edfng cho ho\u1ea1t \u0111\u1ed9ng d\u00e2y chuy\u1ec1n l\u1eafp r\u00e1p. <\/p>\n\n\n\n<p>d\u1ec5 d\u00e0ng x\u1eed l\u00fd c\u00e1c th\u00e1ch th\u1ee9c l\u00e0m s\u1ea1ch \u0111a d\u1ea1ng, t\u1eeb th\u00e0nh ph\u1ea7n quy m\u00f4 l\u1edbn \u0111\u1ebfn ph\u00f4i tinh vi \u0111\u1ed9 ch\u00ednh x\u00e1c cao.<\/p>\n<\/div>\n<\/div><div class=\"layout_badh\"><div class=\"shizhezhao\" style=\"opacity:0.15;background-color:;\"><\/div><\/div><\/section>\n\n\n\n<div class=\"wp-block-themepark-block-themepark-area block_layout thempark-block undefined\" id=\"padingmax\" style=\"background-color:#f7f7f7;padding-bottom:38px;padding-top:38px;\" data-swiper-parallax=\"-700\"><div class=\"block_layout_in\" style=\"max-width:1900px;\">\n<div class=\"wp-block-column block_layout_in is-layout-flow wp-block-column-is-layout-flow\">\n<div class=\"wp-block-themepark-block-themepark-wright content-super-p\" style=\"font-size:12px;line-height:42px;padding:10px 10px;\">\n<div class=\"wp-block-column is-layout-flow wp-block-column-is-layout-flow\">\n<p class=\"has-text-align-center has-themecolor-1-color has-text-color has-link-color has-large-font-size wp-elements-505a22334c3fb101a058a2f77acdf7c0\"><strong>L\u0129nh V\u1ef1c \u1ee8ng D\u1ee5ng<\/strong><\/p>\n\n\n\n<p class=\"has-text-align-center has-text-color has-link-color has-normal-font-size wp-elements-d29f076049c73b20d13c5e16305cd609\" style=\"color:#333333\"> \u1ee8ng d\u1ee5ng r\u1ed9ng r\u00e3i trong H\u00e0ng kh\u00f4ng V\u0169 tr\u1ee5, X\u00e2y d\u1ef1ng C\u1ea7u, Giao th\u00f4ng \u0110\u01b0\u1eddng s\u1eaft, S\u1ea3n xu\u1ea5t \u00d4 t\u00f4, \u0110\u00f3ng t\u00e0u v\u00e0 c\u00e1c l\u0129nh v\u1ef1c kh\u00e1c.<\/p>\n\n\n\n<p><\/p>\n\n\n<div class=\"wp-block-image\">\n<figure class=\"aligncenter size-full\"><img loading=\"lazy\" decoding=\"async\" width=\"1550\" height=\"302\" src=\"https:\/\/xtlaser.com\/wp-content\/uploads\/2025\/12\/\u7ec4-530.webp\" alt=\"\" class=\"wp-image-72278\" srcset=\"https:\/\/xtlaser.com\/wp-content\/uploads\/2025\/12\/\u7ec4-530.webp 1550w, https:\/\/xtlaser.com\/wp-content\/uploads\/2025\/12\/\u7ec4-530-300x58.webp 300w, https:\/\/xtlaser.com\/wp-content\/uploads\/2025\/12\/\u7ec4-530-1024x200.webp 1024w, https:\/\/xtlaser.com\/wp-content\/uploads\/2025\/12\/\u7ec4-530-768x150.webp 768w, https:\/\/xtlaser.com\/wp-content\/uploads\/2025\/12\/\u7ec4-530-1536x299.webp 1536w, https:\/\/xtlaser.com\/wp-content\/uploads\/2025\/12\/\u7ec4-530-600x117.webp 600w\" sizes=\"auto, (max-width: 1550px) 100vw, 1550px\" \/><\/figure>\n<\/div><\/div>\n<\/div>\n<\/div>\n<\/div><div class=\"layout_badh\"><\/div><\/div>\n\n\n\n<div class=\"wp-block-themepark-block-themepark-area block_layout thempark-block undefined\" id=\"padingmax\" style=\"background-color:#f7f7f7;padding-bottom:38px;padding-top:38px;\" data-swiper-parallax=\"-700\"><div class=\"block_layout_in\" style=\"max-width:1900px;\">\n<div class=\"wp-block-column block_layout_in is-layout-flow wp-block-column-is-layout-flow\">\n<div class=\"wp-block-themepark-block-themepark-wright content-super-p\" style=\"font-size:12px;line-height:42px;padding:10px 10px;\">\n<div class=\"wp-block-column is-layout-flow wp-block-column-is-layout-flow\">\n<p class=\"has-text-align-center has-themecolor-1-color has-text-color has-link-color has-large-font-size wp-elements-952fa8031078b4dadc0cd7e2ca3620ef\"><strong>B\u1ed9 s\u01b0u t\u1eadp M\u1eabu<\/strong><\/p>\n\n\n\n<p><\/p>\n\n\n<div class=\"wp-block-image\">\n<figure class=\"aligncenter size-full\"><img loading=\"lazy\" decoding=\"async\" width=\"1550\" height=\"222\" src=\"https:\/\/xtlaser.com\/wp-content\/uploads\/2025\/12\/\u7ec4-526.webp\" alt=\"\" class=\"wp-image-72279\" srcset=\"https:\/\/xtlaser.com\/wp-content\/uploads\/2025\/12\/\u7ec4-526.webp 1550w, https:\/\/xtlaser.com\/wp-content\/uploads\/2025\/12\/\u7ec4-526-300x43.webp 300w, https:\/\/xtlaser.com\/wp-content\/uploads\/2025\/12\/\u7ec4-526-1024x147.webp 1024w, https:\/\/xtlaser.com\/wp-content\/uploads\/2025\/12\/\u7ec4-526-768x110.webp 768w, https:\/\/xtlaser.com\/wp-content\/uploads\/2025\/12\/\u7ec4-526-1536x220.webp 1536w, https:\/\/xtlaser.com\/wp-content\/uploads\/2025\/12\/\u7ec4-526-600x86.webp 600w\" sizes=\"auto, (max-width: 1550px) 100vw, 1550px\" \/><\/figure>\n<\/div><\/div>\n<\/div>\n<\/div>\n<\/div><div class=\"layout_badh\"><\/div><\/div>\n\n\n\n<p><\/p>\n<\/div>","protected":false},"excerpt":{"rendered":"[tp_attributes num_attributes=\"5\"]","protected":false},"featured_media":72293,"template":"","meta":{"themepark_post_bcolor":"#f5f5f5","themepark_post_width":"1022px","themepark_post_img":"","themepark_post_img_po":"left","themepark_post_img_re":false,"themepark_post_img_cover":false,"themepark_post_img_fixed":false,"themepark_post_hide_title":false,"themepark_post_main_b":"","themepark_post_main_p":100,"themepark_paddingblock":false},"product_brand":[47],"product_cat":[69,2809],"product_tag":[2802],"class_list":{"0":"post-72292","1":"product","2":"type-product","3":"status-publish","4":"has-post-thumbnail","6":"product_brand-xt-laser","7":"product_cat-fiber-laser-cutting-machine","8":"product_cat-laser-cleaning","9":"product_tag-cleaning-machine","10":"pa_highlights-laser-cleaning","12":"first","13":"instock","14":"shipping-taxable","15":"product-type-simple"},"_links":{"self":[{"href":"https:\/\/xtlaser.com\/vi\/wp-json\/wp\/v2\/product\/72292","targetHints":{"allow":["GET"]}}],"collection":[{"href":"https:\/\/xtlaser.com\/vi\/wp-json\/wp\/v2\/product"}],"about":[{"href":"https:\/\/xtlaser.com\/vi\/wp-json\/wp\/v2\/types\/product"}],"wp:featuredmedia":[{"embeddable":true,"href":"https:\/\/xtlaser.com\/vi\/wp-json\/wp\/v2\/media\/72293"}],"wp:attachment":[{"href":"https:\/\/xtlaser.com\/vi\/wp-json\/wp\/v2\/media?parent=72292"}],"wp:term":[{"taxonomy":"product_brand","embeddable":true,"href":"https:\/\/xtlaser.com\/vi\/wp-json\/wp\/v2\/product_brand?post=72292"},{"taxonomy":"product_cat","embeddable":true,"href":"https:\/\/xtlaser.com\/vi\/wp-json\/wp\/v2\/product_cat?post=72292"},{"taxonomy":"product_tag","embeddable":true,"href":"https:\/\/xtlaser.com\/vi\/wp-json\/wp\/v2\/product_tag?post=72292"}],"curies":[{"name":"wp","href":"https:\/\/api.w.org\/{rel}","templated":true}]}}