{"id":72240,"date":"2025-12-23T13:46:09","date_gmt":"2025-12-23T05:46:09","guid":{"rendered":"https:\/\/xtlaser.com\/?post_type=product&#038;p=72240"},"modified":"2026-04-27T17:08:28","modified_gmt":"2026-04-27T09:08:28","slug":"laser-cladding-robot","status":"publish","type":"product","link":"https:\/\/xtlaser.com\/vi\/product-item\/laser-cladding-robot","title":{"rendered":"Robot Ph\u1ee7 Laser"},"content":{"rendered":"<div class=\"post_content\">\n<section class=\"wp-block-themepark-block-themepark-area block_layout thempark-block PcOnly bom20 top20\" id=\"\" style=\"padding-top:76px;height:900px;box-sizing: border-box;width: 100%;\" data-swiper-parallax=\"-700\"><div class=\"block_layout_in\" style=\"\">\n<div class=\"wp-block-column block_layout_in is-layout-flow wp-block-column-is-layout-flow\">\n<div class=\"wp-block-themepark-block-themepark-xian theme_fang_out\" style=\"text-align:left;\"><div class=\"fangbox\" style=\"width:undefinedpx;\"><\/div><\/div>\n\n\n\n<h2 class=\"wp-block-heading has-text-align-right has-themecolor-1-color has-text-color has-large-font-size\">Robot Ph\u1ee7 Laser<\/h2>\n\n\n\n<h1 class=\"wp-block-heading has-text-align-right has-monte-white-color has-text-color has-normal-font-size\">Chuy\u00ean gia t\u00e1i s\u1ea3n xu\u1ea5t ph\u1ee5 gia v\u00e0 s\u1eeda \u0111\u1ed5i b\u1ec1 m\u1eb7t cho c\u00e1c linh ki\u1ec7n cao c\u1ea5p.<\/h1>\n<\/div>\n<\/div><div class=\"layout_badh\"><div class=\"shizhezhao\" style=\"opacity:0.15;background-color:#000000;\"><\/div><div class=\"PcOnly themepark-block_layout_ba lazyload swiper-lazy\" style=\"background-size:cover;background-position:center;\" data-background=\"https:\/\/xtlaser.com\/wp-content\/uploads\/2025\/12\/\u6fc0\u5149\u7194\u8986\u673a\u5668\u4eba-\u591a\u8f74\u8fd0\u52a8\u6781\u81f4\u67d4\u6027ok.webp\"><\/div><\/div><\/section>\n\n\n\n<section class=\"wp-block-themepark-block-themepark-area block_layout thempark-block MovePnly bom10 top10\" id=\"\" style=\"padding-top:2px;height:900px;box-sizing: border-box;width: 100%;\" data-swiper-parallax=\"-700\"><div class=\"block_layout_in\" style=\"\">\n<div class=\"wp-block-column block_layout_in is-layout-flow wp-block-column-is-layout-flow\">\n<figure class=\"wp-block-image size-full\"><img loading=\"lazy\" decoding=\"async\" width=\"1927\" height=\"1084\" src=\"https:\/\/xtlaser.com\/wp-content\/uploads\/2025\/12\/\u6fc0\u5149\u7194\u8986\u673a\u5668\u4eba-\u591a\u8f74\u8fd0\u52a8\u6781\u81f4\u67d4\u6027ok.webp\" alt=\"\" class=\"wp-image-72234\" srcset=\"https:\/\/xtlaser.com\/wp-content\/uploads\/2025\/12\/\u6fc0\u5149\u7194\u8986\u673a\u5668\u4eba-\u591a\u8f74\u8fd0\u52a8\u6781\u81f4\u67d4\u6027ok.webp 1927w, https:\/\/xtlaser.com\/wp-content\/uploads\/2025\/12\/\u6fc0\u5149\u7194\u8986\u673a\u5668\u4eba-\u591a\u8f74\u8fd0\u52a8\u6781\u81f4\u67d4\u6027ok-300x169.webp 300w, https:\/\/xtlaser.com\/wp-content\/uploads\/2025\/12\/\u6fc0\u5149\u7194\u8986\u673a\u5668\u4eba-\u591a\u8f74\u8fd0\u52a8\u6781\u81f4\u67d4\u6027ok-1024x576.webp 1024w, https:\/\/xtlaser.com\/wp-content\/uploads\/2025\/12\/\u6fc0\u5149\u7194\u8986\u673a\u5668\u4eba-\u591a\u8f74\u8fd0\u52a8\u6781\u81f4\u67d4\u6027ok-768x432.webp 768w, https:\/\/xtlaser.com\/wp-content\/uploads\/2025\/12\/\u6fc0\u5149\u7194\u8986\u673a\u5668\u4eba-\u591a\u8f74\u8fd0\u52a8\u6781\u81f4\u67d4\u6027ok-1536x864.webp 1536w, https:\/\/xtlaser.com\/wp-content\/uploads\/2025\/12\/\u6fc0\u5149\u7194\u8986\u673a\u5668\u4eba-\u591a\u8f74\u8fd0\u52a8\u6781\u81f4\u67d4\u6027ok-600x338.webp 600w\" sizes=\"auto, (max-width: 1927px) 100vw, 1927px\" \/><\/figure>\n\n\n\n<h2 class=\"wp-block-heading has-text-align-left has-themecolor-1-color has-text-color has-large-font-size\">Robot Ph\u1ee7 Laser<\/h2>\n\n\n\n<p>Chuy\u00ean gia t\u00e1i s\u1ea3n xu\u1ea5t ph\u1ee5 gia v\u00e0 s\u1eeda \u0111\u1ed5i b\u1ec1 m\u1eb7t cho c\u00e1c linh ki\u1ec7n cao c\u1ea5p.<\/p>\n<\/div>\n<\/div><div class=\"layout_badh\"><div class=\"shizhezhao\" style=\"opacity:0.15;background-color:;\"><\/div><\/div><\/section>\n\n\n\n<section class=\"wp-block-themepark-block-themepark-area block_layout thempark-block PcOnly bom20 top20\" id=\"\" style=\"padding-top:300px;height:900px;box-sizing: border-box;width: 100%;\" data-swiper-parallax=\"-700\"><div class=\"block_layout_in\" style=\"\">\n<div class=\"wp-block-column block_layout_in is-layout-flow wp-block-column-is-layout-flow\">\n<div class=\"wp-block-themepark-block-themepark-xian theme_fang_out  top10\" style=\"text-align:left;padding-top:1px;\"><div class=\"fangbox\" style=\"width:0px;\"><\/div><\/div>\n\n\n\n<h2 class=\"wp-block-heading has-text-align-left has-themecolor-1-color has-text-color has-large-font-size\">S\u1eeda ch\u1eefa Thay v\u00ec Thay th\u1ebf | Gi\u1ea3m 70% Chi ph\u00ed<\/h2>\n\n\n\n<p><\/p>\n\n\n\n<p class=\"has-text-align-left has-monte-white-color has-text-color has-normal-font-size\">Vi\u1ec7c lo\u1ea1i b\u1ecf c\u00e1c linh ki\u1ec7n l\u00f5i gi\u00e1 tr\u1ecb cao kh\u00f4ng c\u00f2n l\u00e0 l\u1ef1a ch\u1ecdn cu\u1ed1i c\u00f9ng.<\/p>\n\n\n\n<p class=\"has-text-align-left has-monte-white-color has-text-color has-normal-font-size\"> Ph\u1ee7 laser ch\u00ednh x\u00e1c ph\u1ee5c h\u1ed3i hi\u1ec7u su\u1ea5t v\u1ec1 ti\u00eau chu\u1ea9n ban \u0111\u1ea7u \u2014 th\u1eadm ch\u00ed v\u01b0\u1ee3t tr\u1ed9i h\u01a1n. <\/p>\n\n\n\n<p class=\"has-text-align-left has-monte-white-color has-text-color has-normal-font-size\">V\u1edbi chi ph\u00ed s\u1eeda ch\u1eefa ch\u1ec9 b\u1eb1ng 20%-30% so v\u1edbi mua m\u1edbi, b\u1ea1n \u0111\u1ea1t \u0111\u01b0\u1ee3c m\u1ee9c gi\u1ea3m chi ph\u00ed tr\u1ef1c ti\u1ebfp 70%.<\/p>\n<\/div>\n<\/div><div class=\"layout_badh\"><div class=\"shizhezhao\" style=\"opacity:0.15;background-color:#000000;\"><\/div><div class=\"PcOnly themepark-block_layout_ba lazyload swiper-lazy\" style=\"background-size:cover;background-position:center;\" data-background=\"https:\/\/xtlaser.com\/wp-content\/uploads\/2025\/12\/\u4ee5\u4fee\u4ee3\u9020\uff0c\u6210\u672c\u9510\u51cf70ok.webp\"><\/div><\/div><\/section>\n\n\n\n<section class=\"wp-block-themepark-block-themepark-area block_layout thempark-block MovePnly bom10 top10\" id=\"\" style=\"padding-top:2px;height:900px;box-sizing: border-box;width: 100%;\" data-swiper-parallax=\"-700\"><div class=\"block_layout_in\" style=\"\">\n<div class=\"wp-block-column block_layout_in is-layout-flow wp-block-column-is-layout-flow\">\n<figure class=\"wp-block-image size-full\"><img loading=\"lazy\" decoding=\"async\" width=\"1918\" height=\"1079\" src=\"https:\/\/xtlaser.com\/wp-content\/uploads\/2025\/12\/\u4ee5\u4fee\u4ee3\u9020\uff0c\u6210\u672c\u9510\u51cf70ok.webp\" alt=\"\" class=\"wp-image-72235\" srcset=\"https:\/\/xtlaser.com\/wp-content\/uploads\/2025\/12\/\u4ee5\u4fee\u4ee3\u9020\uff0c\u6210\u672c\u9510\u51cf70ok.webp 1918w, https:\/\/xtlaser.com\/wp-content\/uploads\/2025\/12\/\u4ee5\u4fee\u4ee3\u9020\uff0c\u6210\u672c\u9510\u51cf70ok-300x169.webp 300w, https:\/\/xtlaser.com\/wp-content\/uploads\/2025\/12\/\u4ee5\u4fee\u4ee3\u9020\uff0c\u6210\u672c\u9510\u51cf70ok-1024x576.webp 1024w, https:\/\/xtlaser.com\/wp-content\/uploads\/2025\/12\/\u4ee5\u4fee\u4ee3\u9020\uff0c\u6210\u672c\u9510\u51cf70ok-768x432.webp 768w, https:\/\/xtlaser.com\/wp-content\/uploads\/2025\/12\/\u4ee5\u4fee\u4ee3\u9020\uff0c\u6210\u672c\u9510\u51cf70ok-1536x864.webp 1536w, https:\/\/xtlaser.com\/wp-content\/uploads\/2025\/12\/\u4ee5\u4fee\u4ee3\u9020\uff0c\u6210\u672c\u9510\u51cf70ok-600x338.webp 600w\" sizes=\"auto, (max-width: 1918px) 100vw, 1918px\" \/><\/figure>\n\n\n\n<h2 class=\"wp-block-heading has-text-align-left has-themecolor-1-color has-text-color has-large-font-size\">S\u1eeda ch\u1eefa Thay v\u00ec Thay th\u1ebf | Gi\u1ea3m 70% Chi ph\u00ed<\/h2>\n\n\n\n<p>Vi\u1ec7c lo\u1ea1i b\u1ecf c\u00e1c linh ki\u1ec7n l\u00f5i gi\u00e1 tr\u1ecb cao kh\u00f4ng c\u00f2n l\u00e0 l\u1ef1a ch\u1ecdn cu\u1ed1i c\u00f9ng. Ph\u1ee7 laser ch\u00ednh x\u00e1c ph\u1ee5c h\u1ed3i hi\u1ec7u su\u1ea5t v\u1ec1 ti\u00eau chu\u1ea9n ban \u0111\u1ea7u<\/p>\n\n\n\n<p>\u2014th\u1eadm ch\u00ed v\u01b0\u1ee3t tr\u1ed9i ch\u00fang. V\u1edbi chi ph\u00ed s\u1eeda ch\u1eefa ch\u1ec9 b\u1eb1ng 20%-30% so v\u1edbi mua m\u1edbi, b\u1ea1n \u0111\u1ea1t \u0111\u01b0\u1ee3c m\u1ee9c gi\u1ea3m chi ph\u00ed tr\u1ef1c ti\u1ebfp 70%.<\/p>\n<\/div>\n<\/div><div class=\"layout_badh\"><div class=\"shizhezhao\" style=\"opacity:0.15;background-color:;\"><\/div><\/div><\/section>\n\n\n\n<section class=\"wp-block-themepark-block-themepark-area block_layout thempark-block PcOnly bom20 top20\" id=\"\" style=\"padding-top:300px;height:900px;box-sizing: border-box;width: 100%;\" data-swiper-parallax=\"-700\"><div class=\"block_layout_in\" style=\"\">\n<div class=\"wp-block-column block_layout_in is-layout-flow wp-block-column-is-layout-flow\">\n<div class=\"wp-block-themepark-block-themepark-xian theme_fang_out\" style=\"text-align:left;padding-top:1px;\"><div class=\"fangbox\" style=\"width:undefinedpx;\"><\/div><\/div>\n\n\n\n<h2 class=\"wp-block-heading has-text-align-left has-themecolor-1-color has-text-color has-large-font-size\">B\u01b0\u1edbc nh\u1ea3y Hi\u1ec7u su\u1ea5t | Tu\u1ed5i th\u1ecd K\u00e9o d\u00e0i 1-2 L\u1ea7n<\/h2>\n\n\n\n<p><\/p>\n\n\n\n<p class=\"has-text-align-left has-monte-white-color has-text-color has-normal-font-size\">\u0110\u00e2y kh\u00f4ng ch\u1ec9 l\u00e0 kh\u00f4i ph\u1ee5c \u0111\u01a1n thu\u1ea7n. \u0110\u00e2y l\u00e0 m\u1ed9t n\u00e2ng c\u1ea5p hi\u1ec7u su\u1ea5t to\u00e0n di\u1ec7n. B\u1eb1ng vi\u1ec7c ph\u1ee7 c\u00e1c v\u1eadt li\u1ec7u h\u1ee3p kim hi\u1ec7u su\u1ea5t cao, <\/p>\n\n\n\n<p class=\"has-text-align-left has-monte-white-color has-text-color has-normal-font-size\">c\u00e1c linh ki\u1ec7n \u0111\u01b0\u1ee3c s\u1eeda ch\u1eefa c\u00f3 \u0111\u01b0\u1ee3c kh\u1ea3 n\u0103ng ch\u1ed1ng m\u00e0i m\u00f2n, ch\u1ed1ng \u0103n m\u00f2n v\u01b0\u1ee3t tr\u1ed9i, <\/p>\n\n\n\n<p class=\"has-text-align-left has-monte-white-color has-text-color has-normal-font-size\">v\u00e0 kh\u1ea3 n\u0103ng ch\u1ecbu nhi\u1ec7t \u0111\u1ed9 cao v\u01b0\u1ee3t tr\u1ed9i s\u1ea3n ph\u1ea9m m\u1edbi \u2014 t\u1eeb \u0111\u00f3 k\u00e9o d\u00e0i tu\u1ed5i th\u1ecd s\u1eed d\u1ee5ng g\u1ea5p \u0111\u00f4i m\u1ed9t c\u00e1ch hi\u1ec7u qu\u1ea3.<\/p>\n<\/div>\n<\/div><div class=\"layout_badh\"><div class=\"shizhezhao\" style=\"opacity:0.15;background-color:#000000;\"><\/div><div class=\"PcOnly themepark-block_layout_ba lazyload swiper-lazy\" style=\"background-size:cover;background-position:center;\" data-background=\"https:\/\/xtlaser.com\/wp-content\/uploads\/2025\/12\/\u6fc0\u5149\u7194\u8986\u673a\u5668\u4eba-\u6027\u80fd\u8dc3\u5347\uff0c\u5bff\u547d\u5ef6\u957f1-2\u500dok.webp\"><\/div><\/div><\/section>\n\n\n\n<section class=\"wp-block-themepark-block-themepark-area block_layout thempark-block MovePnly bom10 top10\" id=\"\" style=\"padding-top:2px;height:900px;box-sizing: border-box;width: 100%;\" data-swiper-parallax=\"-700\"><div class=\"block_layout_in\" style=\"\">\n<div class=\"wp-block-column block_layout_in is-layout-flow wp-block-column-is-layout-flow\">\n<figure class=\"wp-block-image size-full\"><img loading=\"lazy\" decoding=\"async\" width=\"1920\" height=\"1080\" src=\"https:\/\/xtlaser.com\/wp-content\/uploads\/2025\/12\/\u6fc0\u5149\u7194\u8986\u673a\u5668\u4eba-\u6027\u80fd\u8dc3\u5347\uff0c\u5bff\u547d\u5ef6\u957f1-2\u500dok.webp\" alt=\"\" class=\"wp-image-72236\" srcset=\"https:\/\/xtlaser.com\/wp-content\/uploads\/2025\/12\/\u6fc0\u5149\u7194\u8986\u673a\u5668\u4eba-\u6027\u80fd\u8dc3\u5347\uff0c\u5bff\u547d\u5ef6\u957f1-2\u500dok.webp 1920w, https:\/\/xtlaser.com\/wp-content\/uploads\/2025\/12\/\u6fc0\u5149\u7194\u8986\u673a\u5668\u4eba-\u6027\u80fd\u8dc3\u5347\uff0c\u5bff\u547d\u5ef6\u957f1-2\u500dok-300x169.webp 300w, https:\/\/xtlaser.com\/wp-content\/uploads\/2025\/12\/\u6fc0\u5149\u7194\u8986\u673a\u5668\u4eba-\u6027\u80fd\u8dc3\u5347\uff0c\u5bff\u547d\u5ef6\u957f1-2\u500dok-1024x576.webp 1024w, https:\/\/xtlaser.com\/wp-content\/uploads\/2025\/12\/\u6fc0\u5149\u7194\u8986\u673a\u5668\u4eba-\u6027\u80fd\u8dc3\u5347\uff0c\u5bff\u547d\u5ef6\u957f1-2\u500dok-768x432.webp 768w, https:\/\/xtlaser.com\/wp-content\/uploads\/2025\/12\/\u6fc0\u5149\u7194\u8986\u673a\u5668\u4eba-\u6027\u80fd\u8dc3\u5347\uff0c\u5bff\u547d\u5ef6\u957f1-2\u500dok-1536x864.webp 1536w, https:\/\/xtlaser.com\/wp-content\/uploads\/2025\/12\/\u6fc0\u5149\u7194\u8986\u673a\u5668\u4eba-\u6027\u80fd\u8dc3\u5347\uff0c\u5bff\u547d\u5ef6\u957f1-2\u500dok-600x338.webp 600w\" sizes=\"auto, (max-width: 1920px) 100vw, 1920px\" \/><\/figure>\n\n\n\n<h2 class=\"wp-block-heading has-text-align-left has-themecolor-1-color has-text-color has-large-font-size\">B\u01b0\u1edbc nh\u1ea3y Hi\u1ec7u su\u1ea5t | Tu\u1ed5i th\u1ecd K\u00e9o d\u00e0i 1-2 L\u1ea7n<\/h2>\n\n\n\n<p>\u0110\u00e2y kh\u00f4ng ch\u1ec9 l\u00e0 kh\u00f4i ph\u1ee5c \u0111\u01a1n thu\u1ea7n. \u0110\u00e2y l\u00e0 n\u00e2ng c\u1ea5p to\u00e0n di\u1ec7n hi\u1ec7u su\u1ea5t. B\u1eb1ng c\u00e1ch ph\u1ee7 v\u1eadt li\u1ec7u h\u1ee3p kim hi\u1ec7u su\u1ea5t cao, c\u00e1c b\u1ed9 ph\u1eadn \u0111\u01b0\u1ee3c s\u1eeda ch\u1eefa c\u00f3 \u0111\u01b0\u1ee3c kh\u1ea3 n\u0103ng ch\u1ed1ng m\u00e0i m\u00f2n, ch\u1ed1ng \u0103n m\u00f2n v\u00e0 ch\u1ecbu nhi\u1ec7t \u0111\u1ed9 cao v\u01b0\u1ee3t tr\u1ed9i so v\u1edbi s\u1ea3n ph\u1ea9m m\u1edbi \u2013 t\u1eeb \u0111\u00f3 k\u00e9o d\u00e0i tu\u1ed5i th\u1ecd s\u1eed d\u1ee5ng g\u1ea5p \u0111\u00f4i m\u1ed9t c\u00e1ch hi\u1ec7u qu\u1ea3.<\/p>\n<\/div>\n<\/div><div class=\"layout_badh\"><div class=\"shizhezhao\" style=\"opacity:0.15;background-color:;\"><\/div><\/div><\/section>\n\n\n\n<section class=\"wp-block-themepark-block-themepark-area block_layout thempark-block PcOnly bom20 top20\" id=\"\" style=\"padding-top:300px;height:900px;box-sizing: border-box;width: 100%;\" data-swiper-parallax=\"-700\"><div class=\"block_layout_in\" style=\"\">\n<div class=\"wp-block-column block_layout_in is-layout-flow wp-block-column-is-layout-flow\">\n<div class=\"wp-block-themepark-block-themepark-xian theme_fang_out  top10\" style=\"text-align:left;padding-top:1px;\"><div class=\"fangbox\" style=\"width:undefinedpx;\"><\/div><\/div>\n\n\n\n<h2 class=\"wp-block-heading has-text-align-right has-themecolor-1-color has-text-color has-large-font-size\">Qu\u00e9t H\u00ecnh \u1ea2nh | V\u1eadn H\u00e0nh C\u1ef1c k\u1ef3 \u0110\u01a1n gi\u1ea3n<\/h2>\n\n\n\n<p><\/p>\n\n\n\n<p class=\"has-text-align-right has-monte-white-color has-text-color has-normal-font-size\">V\u1eadn h\u00e0nh c\u00e1ch m\u1ea1ng kh\u00f4ng c\u1ea7n l\u1eadp tr\u00ecnh. Ph\u00f4i c\u00f3 th\u1ec3 \u0111\u01b0\u1ee3c \u0111\u1eb7t ng\u1eabu nhi\u00ean khi h\u1ec7 th\u1ed1ng th\u1ef1c hi\u1ec7n qu\u00e9t v\u00e0 nh\u1eadn d\u1ea1ng h\u00ecnh \u1ea3nh t\u1ef1 \u0111\u1ed9ng. <\/p>\n\n\n\n<p class=\"has-text-align-right has-monte-white-color has-text-color has-normal-font-size\">Completely eliminate technical dependence on professional technicians and expensive software.<\/p>\n<\/div>\n<\/div><div class=\"layout_badh\"><div class=\"shizhezhao\" style=\"opacity:0.15;background-color:#000000;\"><\/div><div class=\"PcOnly themepark-block_layout_ba lazyload swiper-lazy\" style=\"background-size:cover;background-position:center;\" data-background=\"https:\/\/xtlaser.com\/wp-content\/uploads\/2025\/12\/\u6fc0\u5149\u7194\u8986\u673a\u5668\u4eba-\u89c6\u89c9\u626b\u63cf\uff0c\u6781\u7b80\u64cd\u4f5cok.webp\"><\/div><\/div><\/section>\n\n\n\n<section class=\"wp-block-themepark-block-themepark-area block_layout thempark-block MovePnly bom10 top10\" id=\"\" style=\"padding-top:2px;height:900px;box-sizing: border-box;width: 100%;\" data-swiper-parallax=\"-700\"><div class=\"block_layout_in\" style=\"\">\n<div class=\"wp-block-column block_layout_in is-layout-flow wp-block-column-is-layout-flow\">\n<figure class=\"wp-block-image size-full is-style-default\"><img loading=\"lazy\" decoding=\"async\" width=\"1922\" height=\"1081\" src=\"https:\/\/xtlaser.com\/wp-content\/uploads\/2025\/12\/\u6fc0\u5149\u7194\u8986\u673a\u5668\u4eba-\u89c6\u89c9\u626b\u63cf\uff0c\u6781\u7b80\u64cd\u4f5cok.webp\" alt=\"\" class=\"wp-image-72237\" srcset=\"https:\/\/xtlaser.com\/wp-content\/uploads\/2025\/12\/\u6fc0\u5149\u7194\u8986\u673a\u5668\u4eba-\u89c6\u89c9\u626b\u63cf\uff0c\u6781\u7b80\u64cd\u4f5cok.webp 1922w, https:\/\/xtlaser.com\/wp-content\/uploads\/2025\/12\/\u6fc0\u5149\u7194\u8986\u673a\u5668\u4eba-\u89c6\u89c9\u626b\u63cf\uff0c\u6781\u7b80\u64cd\u4f5cok-300x169.webp 300w, https:\/\/xtlaser.com\/wp-content\/uploads\/2025\/12\/\u6fc0\u5149\u7194\u8986\u673a\u5668\u4eba-\u89c6\u89c9\u626b\u63cf\uff0c\u6781\u7b80\u64cd\u4f5cok-1024x576.webp 1024w, https:\/\/xtlaser.com\/wp-content\/uploads\/2025\/12\/\u6fc0\u5149\u7194\u8986\u673a\u5668\u4eba-\u89c6\u89c9\u626b\u63cf\uff0c\u6781\u7b80\u64cd\u4f5cok-768x432.webp 768w, https:\/\/xtlaser.com\/wp-content\/uploads\/2025\/12\/\u6fc0\u5149\u7194\u8986\u673a\u5668\u4eba-\u89c6\u89c9\u626b\u63cf\uff0c\u6781\u7b80\u64cd\u4f5cok-1536x864.webp 1536w, https:\/\/xtlaser.com\/wp-content\/uploads\/2025\/12\/\u6fc0\u5149\u7194\u8986\u673a\u5668\u4eba-\u89c6\u89c9\u626b\u63cf\uff0c\u6781\u7b80\u64cd\u4f5cok-600x337.webp 600w\" sizes=\"auto, (max-width: 1922px) 100vw, 1922px\" \/><\/figure>\n\n\n\n<h2 class=\"wp-block-heading has-text-align-left has-themecolor-1-color has-text-color has-large-font-size\">Qu\u00e9t H\u00ecnh \u1ea2nh | V\u1eadn H\u00e0nh C\u1ef1c k\u1ef3 \u0110\u01a1n gi\u1ea3n<\/h2>\n\n\n\n<p>V\u1eadn h\u00e0nh c\u00e1ch m\u1ea1ng kh\u00f4ng c\u1ea7n l\u1eadp tr\u00ecnh. Ph\u00f4i c\u00f3 th\u1ec3 \u0111\u01b0\u1ee3c \u0111\u1eb7t ng\u1eabu nhi\u00ean khi h\u1ec7 th\u1ed1ng th\u1ef1c hi\u1ec7n qu\u00e9t v\u00e0 nh\u1eadn d\u1ea1ng h\u00ecnh \u1ea3nh t\u1ef1 \u0111\u1ed9ng. <\/p>\n\n\n\n<p>Completely eliminate technical dependence on professional technicians and expensive software.<\/p>\n<\/div>\n<\/div><div class=\"layout_badh\"><div class=\"shizhezhao\" style=\"opacity:0.15;background-color:;\"><\/div><\/div><\/section>\n\n\n\n<section class=\"wp-block-themepark-block-themepark-area block_layout thempark-block PcOnly bom20 top20\" id=\"\" style=\"padding-top:300px;height:900px;box-sizing: border-box;width: 100%;\" data-swiper-parallax=\"-700\"><div class=\"block_layout_in\" style=\"\">\n<div class=\"wp-block-column block_layout_in is-layout-flow wp-block-column-is-layout-flow\">\n<div class=\"wp-block-themepark-block-themepark-xian theme_fang_out  top10\" style=\"text-align:left;padding-top:1px;\"><div class=\"fangbox\" style=\"width:undefinedpx;height:99px;\"><\/div><\/div>\n\n\n\n<h2 class=\"wp-block-heading has-text-align-right has-themecolor-1-color has-text-color has-large-font-size\"><strong><strong><strong>Chuy\u1ec3n \u0111\u1ed9ng \u0110a Tr\u1ee5c | Linh ho\u1ea1t T\u1ed1i \u0111a<\/strong><\/strong><\/strong><\/h2>\n\n\n\n<p><\/p>\n\n\n\n<p class=\"has-text-align-right has-monte-white-color has-text-color has-normal-font-size\">Chuy\u1ec3n \u0111\u1ed9ng c\u00e1nh tay robot h\u00ecnh ng\u01b0\u1eddi d\u1ec5 d\u00e0ng \u0111\u1ea1t \u0111\u01b0\u1ee3c \u0111a g\u00f3c \u0111\u1ed9,<\/p>\n\n\n\n<p class=\"has-text-align-right has-monte-white-color has-text-color has-normal-font-size\"> ph\u1ee7 to\u00e0n di\u1ec7n tr\u00ean c\u00e1c \u0111\u01b0\u1eddng cong 3D ph\u1ee9c t\u1ea1p v\u00e0 linh ki\u1ec7n h\u00ecnh d\u1ea1ng b\u1ea5t quy t\u1eafc m\u00e0 kh\u00f4ng c\u00f3 \u0111i\u1ec3m ch\u1ebft.<\/p>\n<\/div>\n<\/div><div class=\"layout_badh\"><div class=\"shizhezhao\" style=\"opacity:0.15;background-color:#000000;\"><\/div><div class=\"PcOnly themepark-block_layout_ba lazyload swiper-lazy\" style=\"background-size:cover;background-position:center;\" data-background=\"https:\/\/xtlaser.com\/wp-content\/uploads\/2025\/12\/\u6fc0\u5149\u7194\u8986\u673a\u5668\u4eba-\u591a\u8f74\u8fd0\u52a8\u6781\u81f4\u67d4\u6027ok-1.webp\"><\/div><\/div><\/section>\n\n\n\n<section class=\"wp-block-themepark-block-themepark-area block_layout thempark-block MovePnly bom10 top10\" id=\"\" style=\"padding-top:2px;height:900px;box-sizing: border-box;width: 100%;\" data-swiper-parallax=\"-700\"><div class=\"block_layout_in\" style=\"\">\n<div class=\"wp-block-column block_layout_in is-layout-flow wp-block-column-is-layout-flow\">\n<figure class=\"wp-block-image size-full\"><img loading=\"lazy\" decoding=\"async\" width=\"1927\" height=\"1084\" src=\"https:\/\/xtlaser.com\/wp-content\/uploads\/2025\/12\/\u6fc0\u5149\u7194\u8986\u673a\u5668\u4eba-\u591a\u8f74\u8fd0\u52a8\u6781\u81f4\u67d4\u6027ok-1.webp\" alt=\"\" class=\"wp-image-72238\" srcset=\"https:\/\/xtlaser.com\/wp-content\/uploads\/2025\/12\/\u6fc0\u5149\u7194\u8986\u673a\u5668\u4eba-\u591a\u8f74\u8fd0\u52a8\u6781\u81f4\u67d4\u6027ok-1.webp 1927w, https:\/\/xtlaser.com\/wp-content\/uploads\/2025\/12\/\u6fc0\u5149\u7194\u8986\u673a\u5668\u4eba-\u591a\u8f74\u8fd0\u52a8\u6781\u81f4\u67d4\u6027ok-1-300x169.webp 300w, https:\/\/xtlaser.com\/wp-content\/uploads\/2025\/12\/\u6fc0\u5149\u7194\u8986\u673a\u5668\u4eba-\u591a\u8f74\u8fd0\u52a8\u6781\u81f4\u67d4\u6027ok-1-1024x576.webp 1024w, https:\/\/xtlaser.com\/wp-content\/uploads\/2025\/12\/\u6fc0\u5149\u7194\u8986\u673a\u5668\u4eba-\u591a\u8f74\u8fd0\u52a8\u6781\u81f4\u67d4\u6027ok-1-768x432.webp 768w, https:\/\/xtlaser.com\/wp-content\/uploads\/2025\/12\/\u6fc0\u5149\u7194\u8986\u673a\u5668\u4eba-\u591a\u8f74\u8fd0\u52a8\u6781\u81f4\u67d4\u6027ok-1-1536x864.webp 1536w, https:\/\/xtlaser.com\/wp-content\/uploads\/2025\/12\/\u6fc0\u5149\u7194\u8986\u673a\u5668\u4eba-\u591a\u8f74\u8fd0\u52a8\u6781\u81f4\u67d4\u6027ok-1-600x338.webp 600w\" sizes=\"auto, (max-width: 1927px) 100vw, 1927px\" \/><\/figure>\n\n\n\n<h2 class=\"wp-block-heading has-text-align-left has-themecolor-1-color has-text-color has-large-font-size\"><strong><strong><strong>Chuy\u1ec3n \u0111\u1ed9ng \u0110a Tr\u1ee5c | Linh ho\u1ea1t T\u1ed1i \u0111a<\/strong><\/strong><\/strong><\/h2>\n\n\n\n<p>Humanoid robotic arm movement effortlessly achieves multi-angle, all-around cladding on complex 3D curves and irregularly shaped components without dead zones.<\/p>\n<\/div>\n<\/div><div class=\"layout_badh\"><div class=\"shizhezhao\" style=\"opacity:0.15;background-color:;\"><\/div><\/div><\/section>\n\n\n\n<div class=\"wp-block-themepark-block-themepark-area block_layout thempark-block undefined\" id=\"padingmax\" style=\"background-color:#f7f7f7;padding-bottom:38px;padding-top:38px;\" data-swiper-parallax=\"-700\"><div class=\"block_layout_in\" style=\"max-width:1900px;\">\n<div class=\"wp-block-column block_layout_in is-layout-flow wp-block-column-is-layout-flow\">\n<div class=\"wp-block-themepark-block-themepark-wright content-super-p\" style=\"font-size:12px;line-height:42px;padding:10px 10px;\">\n<div class=\"wp-block-column is-layout-flow wp-block-column-is-layout-flow\">\n<p class=\"has-text-align-center has-themecolor-1-color has-text-color has-link-color has-large-font-size wp-elements-75160ef55f9568d5c6e09e84db854271\"><strong>L\u0129nh v\u1ef1c \u1ee9ng d\u1ee5ng<\/strong><\/p>\n\n\n\n<p class=\"has-text-align-center has-text-color has-link-color has-normal-font-size wp-elements-4c2e70755718abae4f2b2a4ef12ea9ff\" style=\"color:#333333\">Ch\u1ebf t\u1ea1o v\u00e0 gia c\u00f4ng kim lo\u1ea1i, thi\u1ebft b\u1ecb giao th\u00f4ng v\u1eadn t\u1ea3i, m\u00e1y m\u00f3c v\u00e0 thi\u1ebft b\u1ecb \u0111i\u1ec7n, n\u0103ng l\u01b0\u1ee3ng m\u1edbi v\u00e0 b\u1ea3o v\u1ec7 m\u00f4i tr\u01b0\u1eddng, \u0111i\u1ec7n t\u1eed ti\u00eau d\u00f9ng v\u00e0 d\u1ee5ng c\u1ee5 ch\u00ednh x\u00e1c<\/p>\n\n\n\n<p><\/p>\n\n\n<div class=\"wp-block-image\">\n<figure class=\"aligncenter size-full\"><img loading=\"lazy\" decoding=\"async\" width=\"1550\" height=\"305\" src=\"https:\/\/xtlaser.com\/wp-content\/uploads\/2025\/12\/\u7ec4-450-2.webp\" alt=\"\" class=\"wp-image-72239\" srcset=\"https:\/\/xtlaser.com\/wp-content\/uploads\/2025\/12\/\u7ec4-450-2.webp 1550w, https:\/\/xtlaser.com\/wp-content\/uploads\/2025\/12\/\u7ec4-450-2-300x59.webp 300w, https:\/\/xtlaser.com\/wp-content\/uploads\/2025\/12\/\u7ec4-450-2-1024x201.webp 1024w, https:\/\/xtlaser.com\/wp-content\/uploads\/2025\/12\/\u7ec4-450-2-768x151.webp 768w, https:\/\/xtlaser.com\/wp-content\/uploads\/2025\/12\/\u7ec4-450-2-1536x302.webp 1536w, https:\/\/xtlaser.com\/wp-content\/uploads\/2025\/12\/\u7ec4-450-2-600x118.webp 600w\" sizes=\"auto, (max-width: 1550px) 100vw, 1550px\" \/><\/figure>\n<\/div><\/div>\n<\/div>\n<\/div>\n<\/div><div class=\"layout_badh\"><\/div><\/div>\n<\/div>","protected":false},"excerpt":{"rendered":"[tp_attributes num_attributes=\"5\"]","protected":false},"featured_media":72241,"template":"","meta":{"themepark_post_bcolor":"#f5f5f5","themepark_post_width":"1022px","themepark_post_img":"","themepark_post_img_po":"left","themepark_post_img_re":false,"themepark_post_img_cover":false,"themepark_post_img_fixed":false,"themepark_post_hide_title":false,"themepark_post_main_b":"","themepark_post_main_p":100,"themepark_paddingblock":false},"product_brand":[47],"product_cat":[69,2811],"product_tag":[68],"class_list":{"0":"post-72240","1":"product","2":"type-product","3":"status-publish","4":"has-post-thumbnail","6":"product_brand-xt-laser","7":"product_cat-fiber-laser-cutting-machine","8":"product_cat-cladding-burnish","9":"product_tag-laser-welding","11":"first","12":"instock","13":"shipping-taxable","14":"product-type-simple"},"_links":{"self":[{"href":"https:\/\/xtlaser.com\/vi\/wp-json\/wp\/v2\/product\/72240","targetHints":{"allow":["GET"]}}],"collection":[{"href":"https:\/\/xtlaser.com\/vi\/wp-json\/wp\/v2\/product"}],"about":[{"href":"https:\/\/xtlaser.com\/vi\/wp-json\/wp\/v2\/types\/product"}],"wp:featuredmedia":[{"embeddable":true,"href":"https:\/\/xtlaser.com\/vi\/wp-json\/wp\/v2\/media\/72241"}],"wp:attachment":[{"href":"https:\/\/xtlaser.com\/vi\/wp-json\/wp\/v2\/media?parent=72240"}],"wp:term":[{"taxonomy":"product_brand","embeddable":true,"href":"https:\/\/xtlaser.com\/vi\/wp-json\/wp\/v2\/product_brand?post=72240"},{"taxonomy":"product_cat","embeddable":true,"href":"https:\/\/xtlaser.com\/vi\/wp-json\/wp\/v2\/product_cat?post=72240"},{"taxonomy":"product_tag","embeddable":true,"href":"https:\/\/xtlaser.com\/vi\/wp-json\/wp\/v2\/product_tag?post=72240"}],"curies":[{"name":"wp","href":"https:\/\/api.w.org\/{rel}","templated":true}]}}