{"id":2453,"date":"2025-12-18T17:08:36","date_gmt":"2025-12-18T09:08:36","guid":{"rendered":"https:\/\/xtlaser.com\/?post_type=product&#038;p=2453"},"modified":"2026-01-22T14:24:55","modified_gmt":"2026-01-22T06:24:55","slug":"six-axis-industrial-robot-laser-welding-machine","status":"publish","type":"product","link":"https:\/\/xtlaser.com\/vi\/product-item\/six-axis-industrial-robot-laser-welding-machine","title":{"rendered":"M\u00e1y h\u00e0n laser robot c\u00f4ng nghi\u1ec7p s\u00e1u tr\u1ee5c"},"content":{"rendered":"<div class=\"post_content\">\n<figure class=\"wp-block-video\"><video height=\"1080\" style=\"aspect-ratio: 1920 \/ 1080;\" width=\"1920\" autoplay controls muted src=\"https:\/\/xtlaser.com\/wp-content\/uploads\/2025\/12\/\u516d\u8f74\u673a\u68b0\u81c2\u81ea\u52a8\u710a\u63a5\u82f1\u6587\u724820250909.mp4\" playsinline><\/video><\/figure>\n\n\n\n<section class=\"wp-block-themepark-block-themepark-area block_layout thempark-block PcOnly bom20 top20\" id=\"\" style=\"padding-top:300px;height:900px;box-sizing: border-box;width: 100%;\" data-swiper-parallax=\"-700\"><div class=\"block_layout_in\" style=\"\">\n<div class=\"wp-block-column block_layout_in is-layout-flow wp-block-column-is-layout-flow\">\n<h1 class=\"wp-block-heading has-text-align-right has-themecolor-1-color has-text-color has-large-font-size\">M\u00e1y h\u00e0n laser robot c\u00f4ng nghi\u1ec7p s\u00e1u tr\u1ee5c<\/h1>\n\n\n\n<h1 class=\"wp-block-heading has-text-align-right has-themecolor-1-color has-text-color has-normal-font-size\">\u0110\u1ed9 linh ho\u1ea1t t\u1ed1i \u0111a, ti\u00eau chu\u1ea9n m\u1edbi cho h\u00e0n hi\u1ec7u qu\u1ea3 v\u00e0 th\u00f4ng minh<\/h1>\n<\/div>\n<\/div><div class=\"layout_badh\"><div class=\"shizhezhao\" style=\"opacity:0.15;background-color:#000000;\"><\/div><div class=\"PcOnly themepark-block_layout_ba lazyload swiper-lazy\" style=\"background-size:cover;background-position:center;\" data-background=\"https:\/\/xtlaser.com\/wp-content\/uploads\/2025\/12\/\u8499\u7248\u7ec4-185.webp\"><\/div><\/div><\/section>\n\n\n\n<section class=\"wp-block-themepark-block-themepark-area block_layout thempark-block MovePnly bom10 top10\" id=\"\" style=\"padding-top:2px;height:900px;box-sizing: border-box;width: 100%;\" data-swiper-parallax=\"-700\"><div class=\"block_layout_in\" style=\"\">\n<div class=\"wp-block-column block_layout_in is-layout-flow wp-block-column-is-layout-flow\">\n<figure class=\"wp-block-image size-full\"><img loading=\"lazy\" decoding=\"async\" width=\"1920\" height=\"1080\" src=\"https:\/\/xtlaser.com\/wp-content\/uploads\/2025\/12\/\u8499\u7248\u7ec4-185.webp\" alt=\"\" class=\"wp-image-2461\" srcset=\"https:\/\/xtlaser.com\/wp-content\/uploads\/2025\/12\/\u8499\u7248\u7ec4-185.webp 1920w, https:\/\/xtlaser.com\/wp-content\/uploads\/2025\/12\/\u8499\u7248\u7ec4-185-300x169.webp 300w, https:\/\/xtlaser.com\/wp-content\/uploads\/2025\/12\/\u8499\u7248\u7ec4-185-1024x576.webp 1024w, https:\/\/xtlaser.com\/wp-content\/uploads\/2025\/12\/\u8499\u7248\u7ec4-185-768x432.webp 768w, https:\/\/xtlaser.com\/wp-content\/uploads\/2025\/12\/\u8499\u7248\u7ec4-185-1536x864.webp 1536w, https:\/\/xtlaser.com\/wp-content\/uploads\/2025\/12\/\u8499\u7248\u7ec4-185-600x338.webp 600w\" sizes=\"auto, (max-width: 1920px) 100vw, 1920px\" \/><\/figure>\n\n\n\n<h1 class=\"wp-block-heading has-text-align-left has-themecolor-1-color has-text-color has-large-font-size\">M\u00e1y h\u00e0n laser robot c\u00f4ng nghi\u1ec7p s\u00e1u tr\u1ee5c<\/h1>\n\n\n\n<p>\u0110\u1ed9 linh ho\u1ea1t t\u1ed1i \u0111a, ti\u00eau chu\u1ea9n m\u1edbi cho h\u00e0n hi\u1ec7u qu\u1ea3 v\u00e0 th\u00f4ng minh<\/p>\n<\/div>\n<\/div><div class=\"layout_badh\"><div class=\"shizhezhao\" style=\"opacity:0.15;background-color:;\"><\/div><\/div><\/section>\n\n\n\n<section class=\"wp-block-themepark-block-themepark-area block_layout thempark-block PcOnly bom20 top20\" id=\"\" style=\"padding-top:300px;height:900px;box-sizing: border-box;width: 100%;\" data-swiper-parallax=\"-700\"><div class=\"block_layout_in\" style=\"\">\n<div class=\"wp-block-column block_layout_in is-layout-flow wp-block-column-is-layout-flow\">\n<div class=\"wp-block-themepark-block-themepark-xian theme_fang_out  top10\" style=\"text-align:left;padding-top:312px;\"><div class=\"fangbox\" style=\"width:undefinedpx;\"><\/div><\/div>\n\n\n\n<h1 class=\"wp-block-heading has-text-align-left has-themecolor-1-color has-text-color has-large-font-size\">Chuy\u1ec3n \u0111\u1ed9ng s\u00e1u tr\u1ee5c, \u0111\u1ed9 linh ho\u1ea1t t\u1ed1i \u0111a<\/h1>\n\n\n\n<p class=\"has-text-align-left\"><\/p>\n\n\n\n<p class=\"has-monte-white-color has-text-color has-normal-font-size\">M\u00f4 ph\u1ecfng chuy\u1ec3n \u0111\u1ed9ng c\u00e1nh tay ng\u01b0\u1eddi, n\u00f3 d\u1ec5 d\u00e0ng \u0111\u1ea1t \u0111\u01b0\u1ee3c h\u00e0n \u0111a g\u00f3c \u0111\u1ed9, to\u00e0n di\u1ec7n, kh\u00f4ng c\u00f3 \u0111i\u1ec3m ch\u1ebft tr\u00ean c\u00e1c \u0111\u01b0\u1eddng cong ba chi\u1ec1u ph\u1ee9c t\u1ea1p v\u00e0 linh ki\u1ec7n b\u1ea5t quy t\u1eafc, ho\u00e0n to\u00e0n gi\u1ea3i ph\u00f3ng b\u1ea1n kh\u1ecfi nh\u1eefng h\u1ea1n ch\u1ebf v\u1ec1 h\u00ecnh d\u1ea1ng ph\u00f4i v\u00e0 v\u1ecb tr\u00ed m\u1ed1i h\u00e0n.<\/p>\n<\/div>\n<\/div><div class=\"layout_badh\"><div class=\"shizhezhao\" style=\"opacity:0.15;background-color:#000000;\"><\/div><div class=\"PcOnly themepark-block_layout_ba lazyload swiper-lazy\" style=\"background-size:cover;background-position:center;\" data-background=\"https:\/\/xtlaser.com\/wp-content\/uploads\/2025\/12\/\u516d\u8f74\u5de5\u4e1a\u673a\u5668\u4eba\u81ea\u52a8\u710a-\u516d\u8f74\u8fd0\u52a8-\u6781\u81f4\u67d4\u6027ok.webp\"><\/div><\/div><\/section>\n\n\n\n<section class=\"wp-block-themepark-block-themepark-area block_layout thempark-block MovePnly bom10 top10\" id=\"\" style=\"padding-top:2px;height:900px;box-sizing: border-box;width: 100%;\" data-swiper-parallax=\"-700\"><div class=\"block_layout_in\" style=\"\">\n<div class=\"wp-block-column block_layout_in is-layout-flow wp-block-column-is-layout-flow\">\n<figure class=\"wp-block-image size-full\"><img loading=\"lazy\" decoding=\"async\" width=\"1920\" height=\"1080\" src=\"https:\/\/xtlaser.com\/wp-content\/uploads\/2025\/12\/\u516d\u8f74\u5de5\u4e1a\u673a\u5668\u4eba\u81ea\u52a8\u710a-\u516d\u8f74\u8fd0\u52a8-\u6781\u81f4\u67d4\u6027ok.webp\" alt=\"\" class=\"wp-image-2462\" srcset=\"https:\/\/xtlaser.com\/wp-content\/uploads\/2025\/12\/\u516d\u8f74\u5de5\u4e1a\u673a\u5668\u4eba\u81ea\u52a8\u710a-\u516d\u8f74\u8fd0\u52a8-\u6781\u81f4\u67d4\u6027ok.webp 1920w, https:\/\/xtlaser.com\/wp-content\/uploads\/2025\/12\/\u516d\u8f74\u5de5\u4e1a\u673a\u5668\u4eba\u81ea\u52a8\u710a-\u516d\u8f74\u8fd0\u52a8-\u6781\u81f4\u67d4\u6027ok-300x169.webp 300w, https:\/\/xtlaser.com\/wp-content\/uploads\/2025\/12\/\u516d\u8f74\u5de5\u4e1a\u673a\u5668\u4eba\u81ea\u52a8\u710a-\u516d\u8f74\u8fd0\u52a8-\u6781\u81f4\u67d4\u6027ok-1024x576.webp 1024w, https:\/\/xtlaser.com\/wp-content\/uploads\/2025\/12\/\u516d\u8f74\u5de5\u4e1a\u673a\u5668\u4eba\u81ea\u52a8\u710a-\u516d\u8f74\u8fd0\u52a8-\u6781\u81f4\u67d4\u6027ok-768x432.webp 768w, https:\/\/xtlaser.com\/wp-content\/uploads\/2025\/12\/\u516d\u8f74\u5de5\u4e1a\u673a\u5668\u4eba\u81ea\u52a8\u710a-\u516d\u8f74\u8fd0\u52a8-\u6781\u81f4\u67d4\u6027ok-1536x864.webp 1536w, https:\/\/xtlaser.com\/wp-content\/uploads\/2025\/12\/\u516d\u8f74\u5de5\u4e1a\u673a\u5668\u4eba\u81ea\u52a8\u710a-\u516d\u8f74\u8fd0\u52a8-\u6781\u81f4\u67d4\u6027ok-600x338.webp 600w\" sizes=\"auto, (max-width: 1920px) 100vw, 1920px\" \/><\/figure>\n\n\n\n<h1 class=\"wp-block-heading has-text-align-left has-themecolor-1-color has-text-color has-large-font-size\">Chuy\u1ec3n \u0111\u1ed9ng s\u00e1u tr\u1ee5c, \u0111\u1ed9 linh ho\u1ea1t t\u1ed1i \u0111a<\/h1>\n\n\n\n<p>M\u00f4 ph\u1ecfng chuy\u1ec3n \u0111\u1ed9ng c\u00e1nh tay ng\u01b0\u1eddi, n\u00f3 d\u1ec5 d\u00e0ng \u0111\u1ea1t \u0111\u01b0\u1ee3c h\u00e0n \u0111a g\u00f3c \u0111\u1ed9, to\u00e0n di\u1ec7n, kh\u00f4ng c\u00f3 \u0111i\u1ec3m ch\u1ebft tr\u00ean c\u00e1c \u0111\u01b0\u1eddng cong ba chi\u1ec1u ph\u1ee9c t\u1ea1p v\u00e0 linh ki\u1ec7n b\u1ea5t quy t\u1eafc, ho\u00e0n to\u00e0n gi\u1ea3i ph\u00f3ng b\u1ea1n kh\u1ecfi nh\u1eefng h\u1ea1n ch\u1ebf v\u1ec1 h\u00ecnh d\u1ea1ng ph\u00f4i v\u00e0 v\u1ecb tr\u00ed m\u1ed1i h\u00e0n.<\/p>\n<\/div>\n<\/div><div class=\"layout_badh\"><div class=\"shizhezhao\" style=\"opacity:0.15;background-color:;\"><\/div><\/div><\/section>\n\n\n\n<section class=\"wp-block-themepark-block-themepark-area block_layout thempark-block PcOnly bom20 top20\" id=\"\" style=\"padding-top:171px;height:900px;box-sizing: border-box;width: 100%;\" data-swiper-parallax=\"-700\"><div class=\"block_layout_in\" style=\"\">\n<div class=\"wp-block-column block_layout_in is-layout-flow wp-block-column-is-layout-flow\">\n<div class=\"wp-block-themepark-block-themepark-xian theme_fang_out\" style=\"text-align:left;padding-top:360px;\"><div class=\"fangbox\" style=\"width:undefinedpx;\"><\/div><\/div>\n\n\n\n<h1 class=\"wp-block-heading has-text-align-right has-themecolor-1-color has-text-color has-large-font-size\">V\u1eadn h\u00e0nh li\u00ean t\u1ee5c Gia c\u00f4ng theo l\u00f4<\/h1>\n\n\n\n<p><\/p>\n\n\n\n<p class=\"has-text-align-right has-monte-white-color has-text-color has-normal-font-size\">Ch\u1ebf \u0111\u1ed9 s\u1ea3n xu\u1ea5t t\u1ef1 \u0111\u1ed9ng kh\u00f4ng ng\u01b0\u1eddi v\u01b0\u1ee3t qua nh\u1eefng h\u1ea1n ch\u1ebf v\u1ec1 th\u1eddi gian c\u1ee7a lao \u0111\u1ed9ng th\u1ee7 c\u00f4ng, \u0111\u00e1p \u1ee9ng y\u00eau c\u1ea7u s\u1ea3n xu\u1ea5t s\u1ea3n ph\u1ea9m \u0111\u01a1n l\u1ebb quy m\u00f4 l\u1edbn trong th\u1eddi gian d\u00e0i, v\u00e0 c\u1ea3i thi\u1ec7n \u0111\u00e1ng k\u1ec3 t\u1ef7 l\u1ec7 s\u1eed d\u1ee5ng thi\u1ebft b\u1ecb c\u00f9ng n\u0103ng l\u1ef1c s\u1ea3n xu\u1ea5t.<\/p>\n<\/div>\n<\/div><div class=\"layout_badh\"><div class=\"shizhezhao\" style=\"opacity:0.15;background-color:#000000;\"><\/div><div class=\"PcOnly themepark-block_layout_ba lazyload swiper-lazy\" style=\"background-size:cover;background-position:center;\" data-background=\"https:\/\/xtlaser.com\/wp-content\/uploads\/2025\/12\/\u516d\u8f74\u5de5\u4e1a\u673a\u5668\u4eba\u81ea\u52a8\u710a-\u8fde\u7eed\u4f5c\u4e1a-\u6279\u91cf\u52a0\u5de5ok.webp\"><\/div><\/div><\/section>\n\n\n\n<section class=\"wp-block-themepark-block-themepark-area block_layout thempark-block MovePnly bom10 top10\" id=\"\" style=\"padding-top:2px;height:900px;box-sizing: border-box;width: 100%;\" data-swiper-parallax=\"-700\"><div class=\"block_layout_in\" style=\"\">\n<div class=\"wp-block-column block_layout_in is-layout-flow wp-block-column-is-layout-flow\">\n<figure class=\"wp-block-image size-full\"><img loading=\"lazy\" decoding=\"async\" width=\"1920\" height=\"1080\" src=\"https:\/\/xtlaser.com\/wp-content\/uploads\/2025\/12\/\u516d\u8f74\u5de5\u4e1a\u673a\u5668\u4eba\u81ea\u52a8\u710a-\u8fde\u7eed\u4f5c\u4e1a-\u6279\u91cf\u52a0\u5de5ok.webp\" alt=\"\" class=\"wp-image-2464\" srcset=\"https:\/\/xtlaser.com\/wp-content\/uploads\/2025\/12\/\u516d\u8f74\u5de5\u4e1a\u673a\u5668\u4eba\u81ea\u52a8\u710a-\u8fde\u7eed\u4f5c\u4e1a-\u6279\u91cf\u52a0\u5de5ok.webp 1920w, https:\/\/xtlaser.com\/wp-content\/uploads\/2025\/12\/\u516d\u8f74\u5de5\u4e1a\u673a\u5668\u4eba\u81ea\u52a8\u710a-\u8fde\u7eed\u4f5c\u4e1a-\u6279\u91cf\u52a0\u5de5ok-300x169.webp 300w, https:\/\/xtlaser.com\/wp-content\/uploads\/2025\/12\/\u516d\u8f74\u5de5\u4e1a\u673a\u5668\u4eba\u81ea\u52a8\u710a-\u8fde\u7eed\u4f5c\u4e1a-\u6279\u91cf\u52a0\u5de5ok-1024x576.webp 1024w, https:\/\/xtlaser.com\/wp-content\/uploads\/2025\/12\/\u516d\u8f74\u5de5\u4e1a\u673a\u5668\u4eba\u81ea\u52a8\u710a-\u8fde\u7eed\u4f5c\u4e1a-\u6279\u91cf\u52a0\u5de5ok-768x432.webp 768w, https:\/\/xtlaser.com\/wp-content\/uploads\/2025\/12\/\u516d\u8f74\u5de5\u4e1a\u673a\u5668\u4eba\u81ea\u52a8\u710a-\u8fde\u7eed\u4f5c\u4e1a-\u6279\u91cf\u52a0\u5de5ok-1536x864.webp 1536w, https:\/\/xtlaser.com\/wp-content\/uploads\/2025\/12\/\u516d\u8f74\u5de5\u4e1a\u673a\u5668\u4eba\u81ea\u52a8\u710a-\u8fde\u7eed\u4f5c\u4e1a-\u6279\u91cf\u52a0\u5de5ok-600x338.webp 600w\" sizes=\"auto, (max-width: 1920px) 100vw, 1920px\" \/><\/figure>\n\n\n\n<h1 class=\"wp-block-heading has-text-align-left has-themecolor-1-color has-text-color has-large-font-size\">V\u1eadn h\u00e0nh li\u00ean t\u1ee5c Gia c\u00f4ng theo l\u00f4<\/h1>\n\n\n\n<p>Ch\u1ebf \u0111\u1ed9 s\u1ea3n xu\u1ea5t t\u1ef1 \u0111\u1ed9ng kh\u00f4ng ng\u01b0\u1eddi v\u01b0\u1ee3t qua nh\u1eefng h\u1ea1n ch\u1ebf v\u1ec1 th\u1eddi gian c\u1ee7a lao \u0111\u1ed9ng th\u1ee7 c\u00f4ng, \u0111\u00e1p \u1ee9ng y\u00eau c\u1ea7u s\u1ea3n xu\u1ea5t s\u1ea3n ph\u1ea9m \u0111\u01a1n l\u1ebb quy m\u00f4 l\u1edbn trong th\u1eddi gian d\u00e0i, v\u00e0 c\u1ea3i thi\u1ec7n \u0111\u00e1ng k\u1ec3 t\u1ef7 l\u1ec7 s\u1eed d\u1ee5ng thi\u1ebft b\u1ecb c\u00f9ng n\u0103ng l\u1ef1c s\u1ea3n xu\u1ea5t.<\/p>\n<\/div>\n<\/div><div class=\"layout_badh\"><div class=\"shizhezhao\" style=\"opacity:0.15;background-color:;\"><\/div><\/div><\/section>\n\n\n\n<section class=\"wp-block-themepark-block-themepark-area block_layout thempark-block PcOnly bom20 top20\" id=\"\" style=\"padding-top:300px;height:900px;box-sizing: border-box;width: 100%;\" data-swiper-parallax=\"-700\"><div class=\"block_layout_in\" style=\"\">\n<div class=\"wp-block-column block_layout_in is-layout-flow wp-block-column-is-layout-flow\">\n<div class=\"wp-block-themepark-block-themepark-xian theme_fang_out  top10\" style=\"text-align:left;padding-top:213px;\"><div class=\"fangbox\" style=\"width:undefinedpx;\"><\/div><\/div>\n\n\n\n<h1 class=\"wp-block-heading has-text-align-right has-themecolor-1-color has-text-color has-large-font-size\">Ch\u1ea5t l\u01b0\u1ee3ng \u0111\u1ed3ng \u0111\u1ec1u, h\u00e0n ho\u00e0n h\u1ea3o<\/h1>\n\n\n\n<p><\/p>\n\n\n\n<p class=\"has-text-align-right has-monte-white-color has-text-color has-normal-font-size\">Robot lo\u1ea1i b\u1ecf s\u1ef1 kh\u00f4ng \u1ed5n \u0111\u1ecbnh do thao t\u00e1c th\u1ee7 c\u00f4ng g\u00e2y ra, \u0111\u1ea3m b\u1ea3o chi\u1ec1u r\u1ed9ng, chi\u1ec1u cao v\u00e0 \u0111\u1ed9 ng\u1ea5u c\u1ee7a m\u1ed7i m\u1ed1i h\u00e0n \u0111\u1ec1u ho\u00e0n to\u00e0n \u0111\u1ed3ng nh\u1ea5t v\u00e0 ch\u1ea5t l\u01b0\u1ee3ng \u0111\u00e1ng tin c\u1eady.<\/p>\n<\/div>\n<\/div><div class=\"layout_badh\"><div class=\"shizhezhao\" style=\"opacity:0.15;background-color:#000000;\"><\/div><div class=\"PcOnly themepark-block_layout_ba lazyload swiper-lazy\" style=\"background-size:cover;background-position:center;\" data-background=\"https:\/\/xtlaser.com\/wp-content\/uploads\/2025\/12\/\u516d\u8f74\u5de5\u4e1a\u673a\u5668\u4eba\u81ea\u52a8\u710a-\u7edf\u4e00\u54c1\u8d28-\u5b8c\u7f8e\u710a\u63a5ok.webp\"><\/div><\/div><\/section>\n\n\n\n<section class=\"wp-block-themepark-block-themepark-area block_layout thempark-block MovePnly bom10 top10\" id=\"\" style=\"padding-top:2px;height:900px;box-sizing: border-box;width: 100%;\" data-swiper-parallax=\"-700\"><div class=\"block_layout_in\" style=\"\">\n<div class=\"wp-block-column block_layout_in is-layout-flow wp-block-column-is-layout-flow\">\n<figure class=\"wp-block-image size-full\"><img loading=\"lazy\" decoding=\"async\" width=\"1920\" height=\"1080\" src=\"https:\/\/xtlaser.com\/wp-content\/uploads\/2025\/12\/\u516d\u8f74\u5de5\u4e1a\u673a\u5668\u4eba\u81ea\u52a8\u710a-\u7edf\u4e00\u54c1\u8d28-\u5b8c\u7f8e\u710a\u63a5ok.webp\" alt=\"\" class=\"wp-image-2465\" srcset=\"https:\/\/xtlaser.com\/wp-content\/uploads\/2025\/12\/\u516d\u8f74\u5de5\u4e1a\u673a\u5668\u4eba\u81ea\u52a8\u710a-\u7edf\u4e00\u54c1\u8d28-\u5b8c\u7f8e\u710a\u63a5ok.webp 1920w, https:\/\/xtlaser.com\/wp-content\/uploads\/2025\/12\/\u516d\u8f74\u5de5\u4e1a\u673a\u5668\u4eba\u81ea\u52a8\u710a-\u7edf\u4e00\u54c1\u8d28-\u5b8c\u7f8e\u710a\u63a5ok-300x169.webp 300w, https:\/\/xtlaser.com\/wp-content\/uploads\/2025\/12\/\u516d\u8f74\u5de5\u4e1a\u673a\u5668\u4eba\u81ea\u52a8\u710a-\u7edf\u4e00\u54c1\u8d28-\u5b8c\u7f8e\u710a\u63a5ok-1024x576.webp 1024w, https:\/\/xtlaser.com\/wp-content\/uploads\/2025\/12\/\u516d\u8f74\u5de5\u4e1a\u673a\u5668\u4eba\u81ea\u52a8\u710a-\u7edf\u4e00\u54c1\u8d28-\u5b8c\u7f8e\u710a\u63a5ok-768x432.webp 768w, https:\/\/xtlaser.com\/wp-content\/uploads\/2025\/12\/\u516d\u8f74\u5de5\u4e1a\u673a\u5668\u4eba\u81ea\u52a8\u710a-\u7edf\u4e00\u54c1\u8d28-\u5b8c\u7f8e\u710a\u63a5ok-1536x864.webp 1536w, https:\/\/xtlaser.com\/wp-content\/uploads\/2025\/12\/\u516d\u8f74\u5de5\u4e1a\u673a\u5668\u4eba\u81ea\u52a8\u710a-\u7edf\u4e00\u54c1\u8d28-\u5b8c\u7f8e\u710a\u63a5ok-600x338.webp 600w\" sizes=\"auto, (max-width: 1920px) 100vw, 1920px\" \/><\/figure>\n\n\n\n<h1 class=\"wp-block-heading has-text-align-left has-themecolor-1-color has-text-color has-large-font-size\">Ch\u1ea5t l\u01b0\u1ee3ng \u0111\u1ed3ng \u0111\u1ec1u, h\u00e0n ho\u00e0n h\u1ea3o<\/h1>\n\n\n\n<p>Robot lo\u1ea1i b\u1ecf s\u1ef1 kh\u00f4ng \u1ed5n \u0111\u1ecbnh do thao t\u00e1c th\u1ee7 c\u00f4ng g\u00e2y ra, \u0111\u1ea3m b\u1ea3o chi\u1ec1u r\u1ed9ng, chi\u1ec1u cao v\u00e0 \u0111\u1ed9 ng\u1ea5u c\u1ee7a m\u1ed7i m\u1ed1i h\u00e0n \u0111\u1ec1u ho\u00e0n to\u00e0n \u0111\u1ed3ng nh\u1ea5t v\u00e0 ch\u1ea5t l\u01b0\u1ee3ng \u0111\u00e1ng tin c\u1eady.<\/p>\n<\/div>\n<\/div><div class=\"layout_badh\"><div class=\"shizhezhao\" style=\"opacity:0.15;background-color:;\"><\/div><\/div><\/section>\n\n\n\n<section class=\"wp-block-themepark-block-themepark-area block_layout thempark-block PcOnly bom20 top20\" id=\"\" style=\"padding-top:300px;height:900px;box-sizing: border-box;width: 100%;\" data-swiper-parallax=\"-700\"><div class=\"block_layout_in\" style=\"\">\n<div class=\"wp-block-column block_layout_in is-layout-flow wp-block-column-is-layout-flow\">\n<div class=\"wp-block-themepark-block-themepark-xian theme_fang_out  top10\" style=\"text-align:left;padding-top:377px;\"><div class=\"fangbox\" style=\"width:undefinedpx;\"><\/div><\/div>\n\n\n\n<h1 class=\"wp-block-heading has-text-align-right has-themecolor-1-color has-text-color has-large-font-size\"><strong><strong><strong>T\u00edch h\u1ee3p m\u00f4-\u0111un v\u00e0 h\u1ee3p t\u00e1c hi\u1ec7u qu\u1ea3<\/strong><\/strong><\/strong><\/h1>\n\n\n\n<p><\/p>\n\n\n\n<p class=\"has-text-align-right has-monte-white-color has-text-color has-normal-font-size\">Robot, laser, b\u1ed9 c\u1ea5p d\u00e2y (t\u00f9y ch\u1ecdn) v\u00e0 h\u1ec7 th\u1ed1ng \u0111i\u1ec1u khi\u1ec3n \u0111\u01b0\u1ee3c t\u00edch h\u1ee3p cao, ho\u1ea1t \u0111\u1ed9ng \u1ed5n \u0111\u1ecbnh c\u00f9ng nhau, t\u1ed1c \u0111\u1ed9 ph\u1ea3n h\u1ed3i nhanh v\u00e0 d\u1ec5 b\u1ea3o tr\u00ec.<\/p>\n<\/div>\n<\/div><div class=\"layout_badh\"><div class=\"shizhezhao\" style=\"opacity:0.15;background-color:#000000;\"><\/div><div class=\"PcOnly themepark-block_layout_ba lazyload swiper-lazy\" style=\"background-size:cover;background-position:center;\" data-background=\"https:\/\/xtlaser.com\/wp-content\/uploads\/2025\/12\/\u8499\u7248\u7ec4-84-3.webp\"><\/div><\/div><\/section>\n\n\n\n<section class=\"wp-block-themepark-block-themepark-area block_layout thempark-block MovePnly bom10 top10\" id=\"\" style=\"padding-top:2px;height:900px;box-sizing: border-box;width: 100%;\" data-swiper-parallax=\"-700\"><div class=\"block_layout_in\" style=\"\">\n<div class=\"wp-block-column block_layout_in is-layout-flow wp-block-column-is-layout-flow\">\n<figure class=\"wp-block-image size-full\"><img loading=\"lazy\" decoding=\"async\" width=\"1920\" height=\"1080\" src=\"https:\/\/xtlaser.com\/wp-content\/uploads\/2025\/12\/\u8499\u7248\u7ec4-84-3.webp\" alt=\"\" class=\"wp-image-2466\" srcset=\"https:\/\/xtlaser.com\/wp-content\/uploads\/2025\/12\/\u8499\u7248\u7ec4-84-3.webp 1920w, https:\/\/xtlaser.com\/wp-content\/uploads\/2025\/12\/\u8499\u7248\u7ec4-84-3-300x169.webp 300w, https:\/\/xtlaser.com\/wp-content\/uploads\/2025\/12\/\u8499\u7248\u7ec4-84-3-1024x576.webp 1024w, https:\/\/xtlaser.com\/wp-content\/uploads\/2025\/12\/\u8499\u7248\u7ec4-84-3-768x432.webp 768w, https:\/\/xtlaser.com\/wp-content\/uploads\/2025\/12\/\u8499\u7248\u7ec4-84-3-1536x864.webp 1536w, https:\/\/xtlaser.com\/wp-content\/uploads\/2025\/12\/\u8499\u7248\u7ec4-84-3-600x338.webp 600w\" sizes=\"auto, (max-width: 1920px) 100vw, 1920px\" \/><\/figure>\n\n\n\n<h1 class=\"wp-block-heading has-text-align-left has-themecolor-1-color has-text-color has-large-font-size\"><strong><strong><strong><strong><strong><strong>T\u00edch h\u1ee3p m\u00f4-\u0111un v\u00e0 h\u1ee3p t\u00e1c hi\u1ec7u qu\u1ea3<\/strong><\/strong><\/strong><\/strong><\/strong><\/strong><\/h1>\n\n\n\n<p>Robot, laser, b\u1ed9 c\u1ea5p d\u00e2y (t\u00f9y ch\u1ecdn) v\u00e0 h\u1ec7 th\u1ed1ng \u0111i\u1ec1u khi\u1ec3n \u0111\u01b0\u1ee3c t\u00edch h\u1ee3p cao, ho\u1ea1t \u0111\u1ed9ng \u1ed5n \u0111\u1ecbnh c\u00f9ng nhau, t\u1ed1c \u0111\u1ed9 ph\u1ea3n h\u1ed3i nhanh v\u00e0 d\u1ec5 b\u1ea3o tr\u00ec.<\/p>\n<\/div>\n<\/div><div class=\"layout_badh\"><div class=\"shizhezhao\" style=\"opacity:0.15;background-color:;\"><\/div><\/div><\/section>\n\n\n\n<div class=\"wp-block-themepark-block-themepark-area block_layout thempark-block undefined\" id=\"padingmax\" style=\"background-color:#f7f7f7;padding-bottom:38px;padding-top:38px;\" data-swiper-parallax=\"-700\"><div class=\"block_layout_in\" style=\"max-width:1900px;\">\n<div class=\"wp-block-column block_layout_in is-layout-flow wp-block-column-is-layout-flow\">\n<div class=\"wp-block-themepark-block-themepark-wright content-super-p\" style=\"font-size:12px;line-height:42px;padding:10px 10px;\">\n<div class=\"wp-block-column is-layout-flow wp-block-column-is-layout-flow\">\n<p class=\"has-text-align-center has-themecolor-1-color has-text-color has-link-color has-large-font-size wp-elements-75160ef55f9568d5c6e09e84db854271\"><strong>L\u0129nh v\u1ef1c \u1ee9ng d\u1ee5ng<\/strong><\/p>\n\n\n\n<p class=\"has-text-align-center has-text-color has-link-color has-normal-font-size wp-elements-dbe056aee3e94b14e29d1935f9ab8114\" style=\"color:#333333\">Ph\u00f9 h\u1ee3p \u0111\u1ec3 h\u00e0n c\u00e1c chi ti\u1ebft kim lo\u1ea1i nh\u1ecf, ch\u1eb3ng h\u1ea1n nh\u01b0 linh ki\u1ec7n d\u1ee5ng c\u1ee5, ph\u1ee5 ki\u1ec7n ph\u00f2ng t\u1eafm, thi\u1ebft b\u1ecb y t\u1ebf, ng\u00e0nh kim kh\u00ed, v.v.<\/p>\n\n\n\n<p><\/p>\n\n\n<div class=\"wp-block-image\">\n<figure class=\"aligncenter size-full\"><img loading=\"lazy\" decoding=\"async\" width=\"1550\" height=\"302\" src=\"https:\/\/xtlaser.com\/wp-content\/uploads\/2025\/12\/\u7ec4-524.webp\" alt=\"\" class=\"wp-image-2467\" srcset=\"https:\/\/xtlaser.com\/wp-content\/uploads\/2025\/12\/\u7ec4-524.webp 1550w, https:\/\/xtlaser.com\/wp-content\/uploads\/2025\/12\/\u7ec4-524-300x58.webp 300w, https:\/\/xtlaser.com\/wp-content\/uploads\/2025\/12\/\u7ec4-524-1024x200.webp 1024w, https:\/\/xtlaser.com\/wp-content\/uploads\/2025\/12\/\u7ec4-524-768x150.webp 768w, https:\/\/xtlaser.com\/wp-content\/uploads\/2025\/12\/\u7ec4-524-1536x299.webp 1536w, https:\/\/xtlaser.com\/wp-content\/uploads\/2025\/12\/\u7ec4-524-600x117.webp 600w\" sizes=\"auto, (max-width: 1550px) 100vw, 1550px\" \/><\/figure>\n<\/div><\/div>\n<\/div>\n<\/div>\n<\/div><div class=\"layout_badh\"><\/div><\/div>\n\n\n\n<div class=\"wp-block-themepark-block-themepark-area block_layout thempark-block undefined\" id=\"padingmax\" style=\"background-color:#f7f7f7;padding-bottom:38px;padding-top:38px;\" data-swiper-parallax=\"-700\"><div class=\"block_layout_in\" style=\"max-width:1900px;\">\n<div class=\"wp-block-column block_layout_in is-layout-flow wp-block-column-is-layout-flow\">\n<div class=\"wp-block-themepark-block-themepark-wright content-super-p\" style=\"font-size:12px;line-height:42px;padding:10px 10px;\">\n<div class=\"wp-block-column is-layout-flow wp-block-column-is-layout-flow\">\n<p class=\"has-text-align-center has-themecolor-1-color has-text-color has-link-color has-large-font-size wp-elements-0b626756fabb3406c86c172233d6ed81\"><strong>M\u1eabu Tr\u01b0ng B\u00e0y<\/strong><\/p>\n\n\n\n<p class=\"has-text-align-center has-text-color has-link-color has-normal-font-size wp-elements-3d883c066bcd1bf6991ff2bb0bc01958\" style=\"color:#333333\"><\/p>\n\n\n\n<p><\/p>\n\n\n<div class=\"wp-block-image\">\n<figure class=\"aligncenter size-full\"><img loading=\"lazy\" decoding=\"async\" width=\"1550\" height=\"213\" src=\"https:\/\/xtlaser.com\/wp-content\/uploads\/2025\/12\/\u7ec4-516-1.webp\" alt=\"\" class=\"wp-image-2420\" srcset=\"https:\/\/xtlaser.com\/wp-content\/uploads\/2025\/12\/\u7ec4-516-1.webp 1550w, https:\/\/xtlaser.com\/wp-content\/uploads\/2025\/12\/\u7ec4-516-1-300x41.webp 300w, https:\/\/xtlaser.com\/wp-content\/uploads\/2025\/12\/\u7ec4-516-1-1024x141.webp 1024w, https:\/\/xtlaser.com\/wp-content\/uploads\/2025\/12\/\u7ec4-516-1-768x106.webp 768w, https:\/\/xtlaser.com\/wp-content\/uploads\/2025\/12\/\u7ec4-516-1-1536x211.webp 1536w, https:\/\/xtlaser.com\/wp-content\/uploads\/2025\/12\/\u7ec4-516-1-600x82.webp 600w\" sizes=\"auto, (max-width: 1550px) 100vw, 1550px\" \/><\/figure>\n<\/div><\/div>\n<\/div>\n<\/div>\n<\/div><div class=\"layout_badh\"><\/div><\/div>\n\n\n\n<p><\/p>\n<\/div>","protected":false},"excerpt":{"rendered":"[tp_attributes num_attributes=\"5\"]","protected":false},"featured_media":2456,"template":"","meta":{"themepark_post_bcolor":"#f5f5f5","themepark_post_width":"1022px","themepark_post_img":"","themepark_post_img_po":"left","themepark_post_img_re":false,"themepark_post_img_cover":false,"themepark_post_img_fixed":false,"themepark_post_hide_title":false,"themepark_post_main_b":"","themepark_post_main_p":100,"themepark_paddingblock":false},"product_brand":[47],"product_cat":[69,2808],"product_tag":[68],"class_list":{"0":"post-2453","1":"product","2":"type-product","3":"status-publish","4":"has-post-thumbnail","6":"product_brand-xt-laser","7":"product_cat-fiber-laser-cutting-machine","8":"product_cat-laser-welding","9":"product_tag-laser-welding","10":"pa_highlights-laser-welding","12":"first","13":"instock","14":"shipping-taxable","15":"product-type-simple"},"_links":{"self":[{"href":"https:\/\/xtlaser.com\/vi\/wp-json\/wp\/v2\/product\/2453","targetHints":{"allow":["GET"]}}],"collection":[{"href":"https:\/\/xtlaser.com\/vi\/wp-json\/wp\/v2\/product"}],"about":[{"href":"https:\/\/xtlaser.com\/vi\/wp-json\/wp\/v2\/types\/product"}],"wp:featuredmedia":[{"embeddable":true,"href":"https:\/\/xtlaser.com\/vi\/wp-json\/wp\/v2\/media\/2456"}],"wp:attachment":[{"href":"https:\/\/xtlaser.com\/vi\/wp-json\/wp\/v2\/media?parent=2453"}],"wp:term":[{"taxonomy":"product_brand","embeddable":true,"href":"https:\/\/xtlaser.com\/vi\/wp-json\/wp\/v2\/product_brand?post=2453"},{"taxonomy":"product_cat","embeddable":true,"href":"https:\/\/xtlaser.com\/vi\/wp-json\/wp\/v2\/product_cat?post=2453"},{"taxonomy":"product_tag","embeddable":true,"href":"https:\/\/xtlaser.com\/vi\/wp-json\/wp\/v2\/product_tag?post=2453"}],"curies":[{"name":"wp","href":"https:\/\/api.w.org\/{rel}","templated":true}]}}