{"id":2421,"date":"2025-12-18T10:26:51","date_gmt":"2025-12-18T02:26:51","guid":{"rendered":"https:\/\/xtlaser.com\/?post_type=product&#038;p=2421"},"modified":"2026-01-27T16:17:39","modified_gmt":"2026-01-27T08:17:39","slug":"desktop-composite-automatic-welding-machine","status":"publish","type":"product","link":"https:\/\/xtlaser.com\/vi\/product-item\/desktop-composite-automatic-welding-machine","title":{"rendered":"M\u00e1y h\u00e0n laser t\u1ef1 \u0111\u1ed9ng composite \u0111\u1ec3 b\u00e0n"},"content":{"rendered":"<div class=\"post_content\">\n<figure class=\"wp-block-video\"><video height=\"1080\" style=\"aspect-ratio: 1920 \/ 1080;\" width=\"1920\" autoplay controls muted src=\"https:\/\/xtlaser.com\/wp-content\/uploads\/2025\/12\/\u53f0\u5f0f\u590d\u5408\u81ea\u52a8\u710a\u63a5\u673a\u82f1\u6587\u724820250901.mp4\" playsinline><\/video><\/figure>\n\n\n\n<section class=\"wp-block-themepark-block-themepark-area block_layout thempark-block PcOnly bom20 top20\" id=\"\" style=\"padding-top:300px;height:900px;box-sizing: border-box;width: 100%;\" data-swiper-parallax=\"-700\"><div class=\"block_layout_in\" style=\"\">\n<div class=\"wp-block-column block_layout_in is-layout-flow wp-block-column-is-layout-flow\">\n<h2 class=\"wp-block-heading has-text-align-right has-themecolor-1-color has-text-color has-large-font-size\">M\u00e1y h\u00e0n t\u1ef1 \u0111\u1ed9ng composite \u0111\u1ec3 b\u00e0n<\/h2>\n\n\n\n<h2 class=\"wp-block-heading has-text-align-right has-themecolor-1-color has-text-color has-normal-font-size\">Gi\u1ea3i ph\u00e1p t\u1ed1i \u01b0u cho s\u1ea3n xu\u1ea5t ch\u00ednh x\u00e1c<\/h2>\n<\/div>\n<\/div><div class=\"layout_badh\"><div class=\"shizhezhao\" style=\"opacity:0.15;background-color:#000000;\"><\/div><div class=\"PcOnly themepark-block_layout_ba lazyload swiper-lazy\" style=\"background-size:cover;background-position:center;\" data-background=\"https:\/\/xtlaser.com\/wp-content\/uploads\/2025\/12\/\u590d\u5408\u710a\u63a5\u673a-\u4e3b\u56feok.webp\"><\/div><\/div><\/section>\n\n\n\n<section class=\"wp-block-themepark-block-themepark-area block_layout thempark-block MovePnly bom10 top10\" id=\"\" style=\"padding-top:2px;height:900px;box-sizing: border-box;width: 100%;\" data-swiper-parallax=\"-700\"><div class=\"block_layout_in\" style=\"\">\n<div class=\"wp-block-column block_layout_in is-layout-flow wp-block-column-is-layout-flow\">\n<figure class=\"wp-block-image size-full\"><img loading=\"lazy\" decoding=\"async\" width=\"1920\" height=\"1080\" src=\"https:\/\/xtlaser.com\/wp-content\/uploads\/2025\/12\/\u590d\u5408\u710a\u63a5\u673a-\u4e3b\u56feok.webp\" alt=\"\" class=\"wp-image-2429\" srcset=\"https:\/\/xtlaser.com\/wp-content\/uploads\/2025\/12\/\u590d\u5408\u710a\u63a5\u673a-\u4e3b\u56feok.webp 1920w, https:\/\/xtlaser.com\/wp-content\/uploads\/2025\/12\/\u590d\u5408\u710a\u63a5\u673a-\u4e3b\u56feok-300x169.webp 300w, https:\/\/xtlaser.com\/wp-content\/uploads\/2025\/12\/\u590d\u5408\u710a\u63a5\u673a-\u4e3b\u56feok-1024x576.webp 1024w, https:\/\/xtlaser.com\/wp-content\/uploads\/2025\/12\/\u590d\u5408\u710a\u63a5\u673a-\u4e3b\u56feok-768x432.webp 768w, https:\/\/xtlaser.com\/wp-content\/uploads\/2025\/12\/\u590d\u5408\u710a\u63a5\u673a-\u4e3b\u56feok-1536x864.webp 1536w, https:\/\/xtlaser.com\/wp-content\/uploads\/2025\/12\/\u590d\u5408\u710a\u63a5\u673a-\u4e3b\u56feok-600x338.webp 600w\" sizes=\"auto, (max-width: 1920px) 100vw, 1920px\" \/><\/figure>\n\n\n\n<h2 class=\"wp-block-heading has-text-align-left has-themecolor-1-color has-text-color has-large-font-size\">M\u00e1y h\u00e0n t\u1ef1 \u0111\u1ed9ng composite \u0111\u1ec3 b\u00e0n<\/h2>\n\n\n\n<p>Gi\u1ea3i ph\u00e1p t\u1ed1i \u01b0u cho s\u1ea3n xu\u1ea5t ch\u00ednh x\u00e1c<\/p>\n<\/div>\n<\/div><div class=\"layout_badh\"><div class=\"shizhezhao\" style=\"opacity:0.15;background-color:;\"><\/div><\/div><\/section>\n\n\n\n<section class=\"wp-block-themepark-block-themepark-area block_layout thempark-block PcOnly bom20 top20\" id=\"\" style=\"padding-top:300px;height:900px;box-sizing: border-box;width: 100%;\" data-swiper-parallax=\"-700\"><div class=\"block_layout_in\" style=\"\">\n<div class=\"wp-block-column block_layout_in is-layout-flow wp-block-column-is-layout-flow\">\n<div class=\"wp-block-themepark-block-themepark-xian theme_fang_out  top10\" style=\"text-align:left;padding-top:312px;\"><div class=\"fangbox\" style=\"width:undefinedpx;\"><\/div><\/div>\n\n\n\n<h2 class=\"wp-block-heading has-text-align-left has-themecolor-1-color has-text-color has-large-font-size\">Ngu\u1ed3n nhi\u1ec7t composite laser k\u00e9p - ph\u00e1 v\u1ee1 gi\u1edbi h\u1ea1n c\u1ee7a v\u1eadt li\u1ec7u ph\u1ea3n x\u1ea1 cao<\/h2>\n\n\n\n<p class=\"has-text-align-left\"><\/p>\n\n\n\n<p class=\"has-monte-white-color has-text-color has-normal-font-size\">H\u00e0n laser composite k\u00e9p laser c\u00f3 th\u1ec3 \u0111\u1ea1t \u0111\u01b0\u1ee3c ch\u1ea5t l\u01b0\u1ee3ng h\u00e0n cao cho kim lo\u1ea1i kh\u00e1c lo\u1ea1i th\u00f4ng qua c\u00f4ng ngh\u1ec7 ph\u00e2n ph\u1ed1i ngu\u1ed3n nhi\u1ec7t \u0111\u1ed9ng, t\u0103ng \u0111\u1ed9 \u1ed5n \u0111\u1ecbnh h\u00e0n 300% v\u00e0 c\u1ea3i thi\u1ec7n t\u1ef7 l\u1ec7 th\u00e0nh ph\u1ea9m 60%.<\/p>\n<\/div>\n<\/div><div class=\"layout_badh\"><div class=\"shizhezhao\" style=\"opacity:0.15;background-color:#000000;\"><\/div><div class=\"PcOnly themepark-block_layout_ba lazyload swiper-lazy\" style=\"background-size:cover;background-position:center;\" data-background=\"https:\/\/xtlaser.com\/wp-content\/uploads\/2025\/12\/\u8499\u7248\u7ec4-84-2.webp\"><\/div><\/div><\/section>\n\n\n\n<section class=\"wp-block-themepark-block-themepark-area block_layout thempark-block MovePnly bom10 top10\" id=\"\" style=\"padding-top:2px;height:900px;box-sizing: border-box;width: 100%;\" data-swiper-parallax=\"-700\"><div class=\"block_layout_in\" style=\"\">\n<div class=\"wp-block-column block_layout_in is-layout-flow wp-block-column-is-layout-flow\">\n<figure class=\"wp-block-image size-full\"><img loading=\"lazy\" decoding=\"async\" width=\"1920\" height=\"1080\" src=\"https:\/\/xtlaser.com\/wp-content\/uploads\/2025\/12\/\u8499\u7248\u7ec4-84-2.webp\" alt=\"\" class=\"wp-image-2430\" srcset=\"https:\/\/xtlaser.com\/wp-content\/uploads\/2025\/12\/\u8499\u7248\u7ec4-84-2.webp 1920w, https:\/\/xtlaser.com\/wp-content\/uploads\/2025\/12\/\u8499\u7248\u7ec4-84-2-300x169.webp 300w, https:\/\/xtlaser.com\/wp-content\/uploads\/2025\/12\/\u8499\u7248\u7ec4-84-2-1024x576.webp 1024w, https:\/\/xtlaser.com\/wp-content\/uploads\/2025\/12\/\u8499\u7248\u7ec4-84-2-768x432.webp 768w, https:\/\/xtlaser.com\/wp-content\/uploads\/2025\/12\/\u8499\u7248\u7ec4-84-2-1536x864.webp 1536w, https:\/\/xtlaser.com\/wp-content\/uploads\/2025\/12\/\u8499\u7248\u7ec4-84-2-600x338.webp 600w\" sizes=\"auto, (max-width: 1920px) 100vw, 1920px\" \/><\/figure>\n\n\n\n<h2 class=\"wp-block-heading has-text-align-left has-themecolor-1-color has-text-color has-large-font-size\">Ngu\u1ed3n nhi\u1ec7t composite laser k\u00e9p - ph\u00e1 v\u1ee1 gi\u1edbi h\u1ea1n c\u1ee7a v\u1eadt li\u1ec7u ph\u1ea3n x\u1ea1 cao<\/h2>\n\n\n\n<p>H\u00e0n laser composite k\u00e9p laser c\u00f3 th\u1ec3 \u0111\u1ea1t \u0111\u01b0\u1ee3c ch\u1ea5t l\u01b0\u1ee3ng h\u00e0n cao cho kim lo\u1ea1i kh\u00e1c lo\u1ea1i th\u00f4ng qua c\u00f4ng ngh\u1ec7 ph\u00e2n ph\u1ed1i ngu\u1ed3n nhi\u1ec7t \u0111\u1ed9ng, t\u0103ng \u0111\u1ed9 \u1ed5n \u0111\u1ecbnh h\u00e0n 300% v\u00e0 c\u1ea3i thi\u1ec7n t\u1ef7 l\u1ec7 th\u00e0nh ph\u1ea9m 60%.<\/p>\n<\/div>\n<\/div><div class=\"layout_badh\"><div class=\"shizhezhao\" style=\"opacity:0.15;background-color:;\"><\/div><\/div><\/section>\n\n\n\n<section class=\"wp-block-themepark-block-themepark-area block_layout thempark-block PcOnly bom20 top20\" id=\"\" style=\"padding-top:171px;height:900px;box-sizing: border-box;width: 100%;\" data-swiper-parallax=\"-700\"><div class=\"block_layout_in\" style=\"\">\n<div class=\"wp-block-column block_layout_in is-layout-flow wp-block-column-is-layout-flow\">\n<h2 class=\"wp-block-heading has-text-align-right has-themecolor-1-color has-text-color has-large-font-size\">H\u1ec7 th\u1ed1ng chuy\u1ec3n \u0111\u1ed9ng ba tr\u1ee5c ch\u00ednh x\u00e1c cao<\/h2>\n\n\n\n<p><\/p>\n\n\n\n<p class=\"has-text-align-right has-monte-white-color has-text-color has-normal-font-size\">H\u1ec7 th\u1ed1ng chuy\u1ec3n \u0111\u1ed9ng ba tr\u1ee5c ch\u00ednh x\u00e1c cao ho\u1ea1t \u0111\u1ed9ng ph\u1ed1i h\u1ee3p ch\u1eb7t ch\u1ebd v\u1edbi h\u1ec7 th\u1ed1ng \u0111i\u1ec1u khi\u1ec3n \u0111\u1ec3 th\u1ef1c hi\u1ec7n ch\u00ednh x\u00e1c m\u1ed9t c\u00fa nh\u1ea5p chu\u1ed9t, cho ph\u00e9p l\u1eadp k\u1ebf ho\u1ea1ch, sao ch\u00e9p v\u00e0 tinh ch\u1ec9nh b\u1ea5t k\u1ef3 \u0111\u01b0\u1eddng h\u00e0n ph\u1ee9c t\u1ea1p n\u00e0o m\u1ed9t c\u00e1ch d\u1ec5 d\u00e0ng.<\/p>\n<\/div>\n<\/div><div class=\"layout_badh\"><div class=\"shizhezhao\" style=\"opacity:0.15;background-color:#000000;\"><\/div><div class=\"PcOnly themepark-block_layout_ba lazyload swiper-lazy\" style=\"background-size:cover;background-position:center;\" data-background=\"https:\/\/xtlaser.com\/wp-content\/uploads\/2025\/12\/\u590d\u5408\u710a\u63a5\u673a-\u9ad8\u7cbe\u5bc6\u4e09\u8f74\u8fd0\u52a8\u7cfb\u7edf-ok.webp\"><\/div><\/div><\/section>\n\n\n\n<section class=\"wp-block-themepark-block-themepark-area block_layout thempark-block MovePnly bom10 top10\" id=\"\" style=\"padding-top:2px;height:900px;box-sizing: border-box;width: 100%;\" data-swiper-parallax=\"-700\"><div class=\"block_layout_in\" style=\"\">\n<div class=\"wp-block-column block_layout_in is-layout-flow wp-block-column-is-layout-flow\">\n<figure class=\"wp-block-image size-full\"><img loading=\"lazy\" decoding=\"async\" width=\"1920\" height=\"1080\" src=\"https:\/\/xtlaser.com\/wp-content\/uploads\/2025\/12\/\u590d\u5408\u710a\u63a5\u673a-\u9ad8\u7cbe\u5bc6\u4e09\u8f74\u8fd0\u52a8\u7cfb\u7edf-ok.webp\" alt=\"\" class=\"wp-image-2431\" srcset=\"https:\/\/xtlaser.com\/wp-content\/uploads\/2025\/12\/\u590d\u5408\u710a\u63a5\u673a-\u9ad8\u7cbe\u5bc6\u4e09\u8f74\u8fd0\u52a8\u7cfb\u7edf-ok.webp 1920w, https:\/\/xtlaser.com\/wp-content\/uploads\/2025\/12\/\u590d\u5408\u710a\u63a5\u673a-\u9ad8\u7cbe\u5bc6\u4e09\u8f74\u8fd0\u52a8\u7cfb\u7edf-ok-300x169.webp 300w, https:\/\/xtlaser.com\/wp-content\/uploads\/2025\/12\/\u590d\u5408\u710a\u63a5\u673a-\u9ad8\u7cbe\u5bc6\u4e09\u8f74\u8fd0\u52a8\u7cfb\u7edf-ok-1024x576.webp 1024w, https:\/\/xtlaser.com\/wp-content\/uploads\/2025\/12\/\u590d\u5408\u710a\u63a5\u673a-\u9ad8\u7cbe\u5bc6\u4e09\u8f74\u8fd0\u52a8\u7cfb\u7edf-ok-768x432.webp 768w, https:\/\/xtlaser.com\/wp-content\/uploads\/2025\/12\/\u590d\u5408\u710a\u63a5\u673a-\u9ad8\u7cbe\u5bc6\u4e09\u8f74\u8fd0\u52a8\u7cfb\u7edf-ok-1536x864.webp 1536w, https:\/\/xtlaser.com\/wp-content\/uploads\/2025\/12\/\u590d\u5408\u710a\u63a5\u673a-\u9ad8\u7cbe\u5bc6\u4e09\u8f74\u8fd0\u52a8\u7cfb\u7edf-ok-600x338.webp 600w\" sizes=\"auto, (max-width: 1920px) 100vw, 1920px\" \/><\/figure>\n\n\n\n<h2 class=\"wp-block-heading has-text-align-left has-themecolor-1-color has-text-color has-large-font-size\">H\u1ec7 th\u1ed1ng chuy\u1ec3n \u0111\u1ed9ng ba tr\u1ee5c ch\u00ednh x\u00e1c cao<\/h2>\n\n\n\n<p>H\u1ec7 th\u1ed1ng chuy\u1ec3n \u0111\u1ed9ng ba tr\u1ee5c ch\u00ednh x\u00e1c cao ho\u1ea1t \u0111\u1ed9ng ph\u1ed1i h\u1ee3p ch\u1eb7t ch\u1ebd v\u1edbi h\u1ec7 th\u1ed1ng \u0111i\u1ec1u khi\u1ec3n \u0111\u1ec3 th\u1ef1c hi\u1ec7n ch\u00ednh x\u00e1c m\u1ed9t c\u00fa nh\u1ea5p chu\u1ed9t, cho ph\u00e9p l\u1eadp k\u1ebf ho\u1ea1ch, sao ch\u00e9p v\u00e0 tinh ch\u1ec9nh b\u1ea5t k\u1ef3 \u0111\u01b0\u1eddng h\u00e0n ph\u1ee9c t\u1ea1p n\u00e0o m\u1ed9t c\u00e1ch d\u1ec5 d\u00e0ng.<\/p>\n<\/div>\n<\/div><div class=\"layout_badh\"><div class=\"shizhezhao\" style=\"opacity:0.15;background-color:;\"><\/div><\/div><\/section>\n\n\n\n<section class=\"wp-block-themepark-block-themepark-area block_layout thempark-block PcOnly bom20 top20\" id=\"\" style=\"padding-top:300px;height:900px;box-sizing: border-box;width: 100%;\" data-swiper-parallax=\"-700\"><div class=\"block_layout_in\" style=\"\">\n<div class=\"wp-block-column block_layout_in is-layout-flow wp-block-column-is-layout-flow\">\n<div class=\"wp-block-themepark-block-themepark-xian theme_fang_out  top10\" style=\"text-align:left;padding-top:213px;\"><div class=\"fangbox\" style=\"width:undefinedpx;\"><\/div><\/div>\n\n\n\n<h2 class=\"wp-block-heading has-text-align-right has-themecolor-1-color has-text-color has-large-font-size\">H\u00e0n ho\u00e0n h\u1ea3o kh\u00f4ng l\u1ed7 r\u1ed7ng<\/h2>\n\n\n\n<p><\/p>\n\n\n\n<p class=\"has-text-align-right has-monte-white-color has-text-color has-normal-font-size\">Composite laser k\u00e9p \u1ee9c ch\u1ebf s\u1ef1 b\u1eafn tung t\u00f3e c\u1ee7a b\u1ec3 n\u00f3ng ch\u1ea3y, t\u1ea1o ra \u0111\u1ed9 r\u1ed7ng h\u00e0n th\u1ea5p, \u0111\u1ea1t \u0111\u01b0\u1ee3c m\u1ed1i h\u00e0n \u0111\u1ed3ng \u0111\u1ec1u v\u00e0 c\u1ea3i thi\u1ec7n hi\u1ec7u qu\u1ea3 c\u0169ng nh\u01b0 t\u00ednh nh\u1ea5t qu\u00e1n trong s\u1ea3n xu\u1ea5t.<\/p>\n<\/div>\n<\/div><div class=\"layout_badh\"><div class=\"shizhezhao\" style=\"opacity:0.15;background-color:#000000;\"><\/div><div class=\"PcOnly themepark-block_layout_ba lazyload swiper-lazy\" style=\"background-size:cover;background-position:center;\" data-background=\"https:\/\/xtlaser.com\/wp-content\/uploads\/2025\/12\/\u590d\u5408\u710a\u63a5\u673a-\u96f6\u6c14\u5b54\u5b8c\u7f8e\u710a\u63a5ok.webp\"><\/div><\/div><\/section>\n\n\n\n<section class=\"wp-block-themepark-block-themepark-area block_layout thempark-block MovePnly bom10 top10\" id=\"\" style=\"padding-top:2px;height:900px;box-sizing: border-box;width: 100%;\" data-swiper-parallax=\"-700\"><div class=\"block_layout_in\" style=\"\">\n<div class=\"wp-block-column block_layout_in is-layout-flow wp-block-column-is-layout-flow\">\n<figure class=\"wp-block-image size-full\"><img loading=\"lazy\" decoding=\"async\" width=\"1920\" height=\"1080\" src=\"https:\/\/xtlaser.com\/wp-content\/uploads\/2025\/12\/\u590d\u5408\u710a\u63a5\u673a-\u96f6\u6c14\u5b54\u5b8c\u7f8e\u710a\u63a5ok.webp\" alt=\"\" class=\"wp-image-2432\" srcset=\"https:\/\/xtlaser.com\/wp-content\/uploads\/2025\/12\/\u590d\u5408\u710a\u63a5\u673a-\u96f6\u6c14\u5b54\u5b8c\u7f8e\u710a\u63a5ok.webp 1920w, https:\/\/xtlaser.com\/wp-content\/uploads\/2025\/12\/\u590d\u5408\u710a\u63a5\u673a-\u96f6\u6c14\u5b54\u5b8c\u7f8e\u710a\u63a5ok-300x169.webp 300w, https:\/\/xtlaser.com\/wp-content\/uploads\/2025\/12\/\u590d\u5408\u710a\u63a5\u673a-\u96f6\u6c14\u5b54\u5b8c\u7f8e\u710a\u63a5ok-1024x576.webp 1024w, https:\/\/xtlaser.com\/wp-content\/uploads\/2025\/12\/\u590d\u5408\u710a\u63a5\u673a-\u96f6\u6c14\u5b54\u5b8c\u7f8e\u710a\u63a5ok-768x432.webp 768w, https:\/\/xtlaser.com\/wp-content\/uploads\/2025\/12\/\u590d\u5408\u710a\u63a5\u673a-\u96f6\u6c14\u5b54\u5b8c\u7f8e\u710a\u63a5ok-1536x864.webp 1536w, https:\/\/xtlaser.com\/wp-content\/uploads\/2025\/12\/\u590d\u5408\u710a\u63a5\u673a-\u96f6\u6c14\u5b54\u5b8c\u7f8e\u710a\u63a5ok-600x338.webp 600w\" sizes=\"auto, (max-width: 1920px) 100vw, 1920px\" \/><\/figure>\n\n\n\n<h2 class=\"wp-block-heading has-text-align-left has-themecolor-1-color has-text-color has-large-font-size\">H\u00e0n ho\u00e0n h\u1ea3o kh\u00f4ng l\u1ed7 r\u1ed7ng<\/h2>\n\n\n\n<p>Composite laser k\u00e9p \u1ee9c ch\u1ebf s\u1ef1 b\u1eafn tung t\u00f3e c\u1ee7a b\u1ec3 n\u00f3ng ch\u1ea3y, t\u1ea1o ra \u0111\u1ed9 r\u1ed7ng h\u00e0n th\u1ea5p, \u0111\u1ea1t \u0111\u01b0\u1ee3c m\u1ed1i h\u00e0n \u0111\u1ed3ng \u0111\u1ec1u v\u00e0 c\u1ea3i thi\u1ec7n hi\u1ec7u qu\u1ea3 c\u0169ng nh\u01b0 t\u00ednh nh\u1ea5t qu\u00e1n trong s\u1ea3n xu\u1ea5t.<\/p>\n<\/div>\n<\/div><div class=\"layout_badh\"><div class=\"shizhezhao\" style=\"opacity:0.15;background-color:;\"><\/div><\/div><\/section>\n\n\n\n<section class=\"wp-block-themepark-block-themepark-area block_layout thempark-block PcOnly bom20 top20\" id=\"\" style=\"padding-top:300px;height:900px;box-sizing: border-box;width: 100%;\" data-swiper-parallax=\"-700\"><div class=\"block_layout_in\" style=\"\">\n<div class=\"wp-block-column block_layout_in is-layout-flow wp-block-column-is-layout-flow\">\n<div class=\"wp-block-themepark-block-themepark-xian theme_fang_out  top10\" style=\"text-align:left;padding-top:377px;\"><div class=\"fangbox\" style=\"width:undefinedpx;\"><\/div><\/div>\n\n\n\n<h2 class=\"wp-block-heading has-text-align-right has-themecolor-1-color has-text-color has-large-font-size\"><strong><strong><strong>Thi\u1ebft k\u1ebf b\u1ea3o v\u1ec7 k\u00edn ho\u00e0n to\u00e0n<\/strong><\/strong><\/strong><\/h2>\n\n\n\n<p><\/p>\n\n\n\n<p class=\"has-text-align-right has-monte-white-color has-text-color has-normal-font-size\">T\u1ee7 k\u00edn t\u00f9y ch\u1ec9nh v\u1edbi v\u1ecf h\u00e0n k\u00edn cung c\u1ea5p kh\u00f4ng gian an to\u00e0n, th\u00e2n thi\u1ec7n m\u00f4i tr\u01b0\u1eddng, ch\u1ed1ng b\u1ee5i v\u00e0 ch\u1ed1ng oxy h\u00f3a, c\u00e1ch ly \u00f4 nhi\u1ec5m \u00e1nh s\u00e1ng v\u00e0 gi\u1ea3m chi ph\u00ed b\u1ea3o tr\u00ec.<\/p>\n<\/div>\n<\/div><div class=\"layout_badh\"><div class=\"shizhezhao\" style=\"opacity:0.15;background-color:#000000;\"><\/div><div class=\"PcOnly themepark-block_layout_ba lazyload swiper-lazy\" style=\"background-size:cover;background-position:center;\" data-background=\"https:\/\/xtlaser.com\/wp-content\/uploads\/2025\/12\/\u590d\u5408\u710a\u63a5\u673a-\u5168\u5c01\u95ed\u9632\u62a4\u8bbe\u8ba1ok.webp\"><\/div><\/div><\/section>\n\n\n\n<section class=\"wp-block-themepark-block-themepark-area block_layout thempark-block MovePnly bom10 top10\" id=\"\" style=\"padding-top:2px;height:900px;box-sizing: border-box;width: 100%;\" data-swiper-parallax=\"-700\"><div class=\"block_layout_in\" style=\"\">\n<div class=\"wp-block-column block_layout_in is-layout-flow wp-block-column-is-layout-flow\">\n<figure class=\"wp-block-image size-full\"><img loading=\"lazy\" decoding=\"async\" width=\"1920\" height=\"1080\" src=\"https:\/\/xtlaser.com\/wp-content\/uploads\/2025\/12\/\u590d\u5408\u710a\u63a5\u673a-\u5168\u5c01\u95ed\u9632\u62a4\u8bbe\u8ba1ok.webp\" alt=\"\" class=\"wp-image-2433\" srcset=\"https:\/\/xtlaser.com\/wp-content\/uploads\/2025\/12\/\u590d\u5408\u710a\u63a5\u673a-\u5168\u5c01\u95ed\u9632\u62a4\u8bbe\u8ba1ok.webp 1920w, https:\/\/xtlaser.com\/wp-content\/uploads\/2025\/12\/\u590d\u5408\u710a\u63a5\u673a-\u5168\u5c01\u95ed\u9632\u62a4\u8bbe\u8ba1ok-300x169.webp 300w, https:\/\/xtlaser.com\/wp-content\/uploads\/2025\/12\/\u590d\u5408\u710a\u63a5\u673a-\u5168\u5c01\u95ed\u9632\u62a4\u8bbe\u8ba1ok-1024x576.webp 1024w, https:\/\/xtlaser.com\/wp-content\/uploads\/2025\/12\/\u590d\u5408\u710a\u63a5\u673a-\u5168\u5c01\u95ed\u9632\u62a4\u8bbe\u8ba1ok-768x432.webp 768w, https:\/\/xtlaser.com\/wp-content\/uploads\/2025\/12\/\u590d\u5408\u710a\u63a5\u673a-\u5168\u5c01\u95ed\u9632\u62a4\u8bbe\u8ba1ok-1536x864.webp 1536w, https:\/\/xtlaser.com\/wp-content\/uploads\/2025\/12\/\u590d\u5408\u710a\u63a5\u673a-\u5168\u5c01\u95ed\u9632\u62a4\u8bbe\u8ba1ok-600x338.webp 600w\" sizes=\"auto, (max-width: 1920px) 100vw, 1920px\" \/><\/figure>\n\n\n\n<h2 class=\"wp-block-heading has-text-align-left has-themecolor-1-color has-text-color has-large-font-size\"><strong><strong><strong>Thi\u1ebft k\u1ebf b\u1ea3o v\u1ec7 k\u00edn ho\u00e0n to\u00e0n<\/strong><\/strong><\/strong><\/h2>\n\n\n\n<p>T\u1ee7 k\u00edn t\u00f9y ch\u1ec9nh v\u1edbi v\u1ecf h\u00e0n k\u00edn cung c\u1ea5p kh\u00f4ng gian an to\u00e0n, th\u00e2n thi\u1ec7n m\u00f4i tr\u01b0\u1eddng, ch\u1ed1ng b\u1ee5i v\u00e0 ch\u1ed1ng oxy h\u00f3a, c\u00e1ch ly \u00f4 nhi\u1ec5m \u00e1nh s\u00e1ng v\u00e0 gi\u1ea3m chi ph\u00ed b\u1ea3o tr\u00ec.<\/p>\n<\/div>\n<\/div><div class=\"layout_badh\"><div class=\"shizhezhao\" style=\"opacity:0.15;background-color:;\"><\/div><\/div><\/section>\n\n\n\n<div class=\"wp-block-themepark-block-themepark-area block_layout thempark-block undefined\" id=\"padingmax\" style=\"background-color:#f7f7f7;padding-bottom:38px;padding-top:38px;\" data-swiper-parallax=\"-700\"><div class=\"block_layout_in\" style=\"max-width:1900px;\">\n<div class=\"wp-block-column block_layout_in is-layout-flow wp-block-column-is-layout-flow\">\n<div class=\"wp-block-themepark-block-themepark-wright content-super-p\" style=\"font-size:12px;line-height:42px;padding:10px 10px;\">\n<div class=\"wp-block-column is-layout-flow wp-block-column-is-layout-flow\">\n<p class=\"has-text-align-center has-themecolor-1-color has-text-color has-link-color has-large-font-size wp-elements-75160ef55f9568d5c6e09e84db854271\"><strong>L\u0129nh v\u1ef1c \u1ee9ng d\u1ee5ng<\/strong><\/p>\n\n\n\n<p class=\"has-text-align-center has-text-color has-link-color has-normal-font-size wp-elements-4c2e70755718abae4f2b2a4ef12ea9ff\" style=\"color:#333333\">Ch\u1ebf t\u1ea1o v\u00e0 gia c\u00f4ng kim lo\u1ea1i, thi\u1ebft b\u1ecb giao th\u00f4ng v\u1eadn t\u1ea3i, m\u00e1y m\u00f3c v\u00e0 thi\u1ebft b\u1ecb \u0111i\u1ec7n, n\u0103ng l\u01b0\u1ee3ng m\u1edbi v\u00e0 b\u1ea3o v\u1ec7 m\u00f4i tr\u01b0\u1eddng, \u0111i\u1ec7n t\u1eed ti\u00eau d\u00f9ng v\u00e0 d\u1ee5ng c\u1ee5 ch\u00ednh x\u00e1c<\/p>\n\n\n\n<p><\/p>\n\n\n<div class=\"wp-block-image\">\n<figure class=\"aligncenter size-large\"><img loading=\"lazy\" decoding=\"async\" width=\"1024\" height=\"200\" src=\"https:\/\/xtlaser.com\/wp-content\/uploads\/2025\/12\/\u7ec4-511-1024x200.webp\" alt=\"XT Laser desktop composite welding machine applications in new energy vehicles, aerospace, precision electrical equipment, and consumer electronics\" class=\"wp-image-2419\" srcset=\"https:\/\/xtlaser.com\/wp-content\/uploads\/2025\/12\/\u7ec4-511-1024x200.webp 1024w, https:\/\/xtlaser.com\/wp-content\/uploads\/2025\/12\/\u7ec4-511-300x58.webp 300w, https:\/\/xtlaser.com\/wp-content\/uploads\/2025\/12\/\u7ec4-511-768x150.webp 768w, https:\/\/xtlaser.com\/wp-content\/uploads\/2025\/12\/\u7ec4-511-1536x299.webp 1536w, https:\/\/xtlaser.com\/wp-content\/uploads\/2025\/12\/\u7ec4-511-600x117.webp 600w, https:\/\/xtlaser.com\/wp-content\/uploads\/2025\/12\/\u7ec4-511.webp 1550w\" sizes=\"auto, (max-width: 1024px) 100vw, 1024px\" \/><\/figure>\n<\/div><\/div>\n<\/div>\n<\/div>\n<\/div><div class=\"layout_badh\"><\/div><\/div>\n\n\n\n<div class=\"wp-block-themepark-block-themepark-area block_layout thempark-block undefined\" id=\"padingmax\" style=\"background-color:#f7f7f7;padding-bottom:38px;padding-top:38px;\" data-swiper-parallax=\"-700\"><div class=\"block_layout_in\" style=\"max-width:1900px;\">\n<div class=\"wp-block-column block_layout_in is-layout-flow wp-block-column-is-layout-flow\">\n<div class=\"wp-block-themepark-block-themepark-wright content-super-p\" style=\"font-size:12px;line-height:42px;padding:10px 10px;\">\n<div class=\"wp-block-column is-layout-flow wp-block-column-is-layout-flow\">\n<p class=\"has-text-align-center has-themecolor-1-color has-text-color has-link-color has-large-font-size wp-elements-0b626756fabb3406c86c172233d6ed81\"><strong>M\u1eabu Tr\u01b0ng B\u00e0y<\/strong><\/p>\n\n\n\n<p class=\"has-text-align-center has-text-color has-link-color has-normal-font-size wp-elements-3d883c066bcd1bf6991ff2bb0bc01958\" style=\"color:#333333\"><\/p>\n\n\n\n<p><\/p>\n\n\n<div class=\"wp-block-image\">\n<figure class=\"aligncenter size-large\"><img loading=\"lazy\" decoding=\"async\" width=\"1024\" height=\"141\" src=\"https:\/\/xtlaser.com\/wp-content\/uploads\/2025\/12\/\u7ec4-516-1-1024x141.webp\" alt=\"XT Laser desktop machine welding samples including brass high-reflective materials, stainless steel sensor housings, and precision thin sheets with spatter-free finish\" class=\"wp-image-2420\" srcset=\"https:\/\/xtlaser.com\/wp-content\/uploads\/2025\/12\/\u7ec4-516-1-1024x141.webp 1024w, https:\/\/xtlaser.com\/wp-content\/uploads\/2025\/12\/\u7ec4-516-1-300x41.webp 300w, https:\/\/xtlaser.com\/wp-content\/uploads\/2025\/12\/\u7ec4-516-1-768x106.webp 768w, https:\/\/xtlaser.com\/wp-content\/uploads\/2025\/12\/\u7ec4-516-1-1536x211.webp 1536w, https:\/\/xtlaser.com\/wp-content\/uploads\/2025\/12\/\u7ec4-516-1-600x82.webp 600w, https:\/\/xtlaser.com\/wp-content\/uploads\/2025\/12\/\u7ec4-516-1.webp 1550w\" sizes=\"auto, (max-width: 1024px) 100vw, 1024px\" \/><\/figure>\n<\/div><\/div>\n<\/div>\n<\/div>\n<\/div><div class=\"layout_badh\"><\/div><\/div>\n\n\n\n<p><\/p>\n<\/div>","protected":false},"excerpt":{"rendered":"[tp_attributes num_attributes=\"5\"]","protected":false},"featured_media":2425,"template":"","meta":{"themepark_post_bcolor":"#f5f5f5","themepark_post_width":"1022px","themepark_post_img":"","themepark_post_img_po":"left","themepark_post_img_re":false,"themepark_post_img_cover":false,"themepark_post_img_fixed":false,"themepark_post_hide_title":false,"themepark_post_main_b":"","themepark_post_main_p":100,"themepark_paddingblock":false},"product_brand":[47],"product_cat":[69,2808],"product_tag":[68],"class_list":{"0":"post-2421","1":"product","2":"type-product","3":"status-publish","4":"has-post-thumbnail","6":"product_brand-xt-laser","7":"product_cat-fiber-laser-cutting-machine","8":"product_cat-laser-welding","9":"product_tag-laser-welding","10":"pa_highlights-laser-welding","12":"first","13":"instock","14":"shipping-taxable","15":"product-type-simple"},"_links":{"self":[{"href":"https:\/\/xtlaser.com\/vi\/wp-json\/wp\/v2\/product\/2421","targetHints":{"allow":["GET"]}}],"collection":[{"href":"https:\/\/xtlaser.com\/vi\/wp-json\/wp\/v2\/product"}],"about":[{"href":"https:\/\/xtlaser.com\/vi\/wp-json\/wp\/v2\/types\/product"}],"wp:featuredmedia":[{"embeddable":true,"href":"https:\/\/xtlaser.com\/vi\/wp-json\/wp\/v2\/media\/2425"}],"wp:attachment":[{"href":"https:\/\/xtlaser.com\/vi\/wp-json\/wp\/v2\/media?parent=2421"}],"wp:term":[{"taxonomy":"product_brand","embeddable":true,"href":"https:\/\/xtlaser.com\/vi\/wp-json\/wp\/v2\/product_brand?post=2421"},{"taxonomy":"product_cat","embeddable":true,"href":"https:\/\/xtlaser.com\/vi\/wp-json\/wp\/v2\/product_cat?post=2421"},{"taxonomy":"product_tag","embeddable":true,"href":"https:\/\/xtlaser.com\/vi\/wp-json\/wp\/v2\/product_tag?post=2421"}],"curies":[{"name":"wp","href":"https:\/\/api.w.org\/{rel}","templated":true}]}}