{"id":2406,"date":"2025-12-18T09:42:20","date_gmt":"2025-12-18T01:42:20","guid":{"rendered":"https:\/\/xtlaser.com\/?post_type=product&#038;p=2406"},"modified":"2026-01-27T16:27:33","modified_gmt":"2026-01-27T08:27:33","slug":"air-cooled-handheld-welding-machine","status":"publish","type":"product","link":"https:\/\/xtlaser.com\/vi\/product-item\/air-cooled-handheld-welding-machine","title":{"rendered":"M\u00e1y h\u00e0n laser c\u1ea7m tay l\u00e0m m\u00e1t b\u1eb1ng kh\u00f4ng kh\u00ed"},"content":{"rendered":"<div class=\"post_content\">\n<figure class=\"wp-block-video\"><video height=\"1080\" style=\"aspect-ratio: 1920 \/ 1080;\" width=\"1920\" autoplay controls muted src=\"https:\/\/xtlaser.com\/wp-content\/uploads\/2025\/12\/\u98ce\u51b7\u624b\u6301\u710a\u63a5\u673a\u82f1\u6587\u7248\u672c20250920-1.mp4\" playsinline><\/video><\/figure>\n\n\n\n<section class=\"wp-block-themepark-block-themepark-area block_layout thempark-block PcOnly bom20 top20\" id=\"\" style=\"padding-top:41px;height:900px;box-sizing: border-box;width: 100%;\" data-swiper-parallax=\"-700\"><div class=\"block_layout_in\" style=\"\">\n<div class=\"wp-block-column block_layout_in is-layout-flow wp-block-column-is-layout-flow\">\n<div class=\"wp-block-themepark-block-themepark-xian theme_fang_out\" style=\"text-align:left;\"><div class=\"fangbox\" style=\"width:undefinedpx;\"><\/div><\/div>\n\n\n\n<h2 class=\"wp-block-heading has-text-align-right has-themecolor-1-color has-text-color has-large-font-size\">M\u00e1y H\u00e0n Laser C\u1ea7m Tay L\u00e0m M\u00e1t B\u1eb1ng Kh\u00ed<\/h2>\n\n\n\n<p class=\"has-text-align-right has-monte-white-color has-text-color has-normal-font-size\">K\u00edch th\u01b0\u1edbc Nh\u1ecf g\u1ecdn, Hi\u1ec7u su\u1ea5t Cao | \u0110\u01b0\u1ee3c thi\u1ebft k\u1ebf \u0111\u1ec3 \u0111\u1ea1t t\u00ednh linh ho\u1ea1t h\u00e0n t\u1ed1i \u0111a.<\/p>\n<\/div>\n<\/div><div class=\"layout_badh\"><div class=\"shizhezhao\" style=\"opacity:0.15;background-color:#000000;\"><\/div><div class=\"PcOnly themepark-block_layout_ba lazyload swiper-lazy\" style=\"background-size:cover;background-position:center;\" data-background=\"https:\/\/xtlaser.com\/wp-content\/uploads\/2025\/12\/\u98ce\u51b7\u710a\u63a5\u673a-\u4e3b\u56feok-1.webp\"><\/div><\/div><\/section>\n\n\n\n<section class=\"wp-block-themepark-block-themepark-area block_layout thempark-block MovePnly bom10 top10\" id=\"\" style=\"padding-top:2px;height:900px;box-sizing: border-box;width: 100%;\" data-swiper-parallax=\"-700\"><div class=\"block_layout_in\" style=\"\">\n<div class=\"wp-block-column block_layout_in is-layout-flow wp-block-column-is-layout-flow\">\n<figure class=\"wp-block-image size-full\"><img loading=\"lazy\" decoding=\"async\" width=\"1920\" height=\"1080\" src=\"https:\/\/xtlaser.com\/wp-content\/uploads\/2025\/12\/\u98ce\u51b7\u710a\u63a5\u673a-\u4e3b\u56feok-1.webp\" alt=\"\" class=\"wp-image-72260\" srcset=\"https:\/\/xtlaser.com\/wp-content\/uploads\/2025\/12\/\u98ce\u51b7\u710a\u63a5\u673a-\u4e3b\u56feok-1.webp 1920w, https:\/\/xtlaser.com\/wp-content\/uploads\/2025\/12\/\u98ce\u51b7\u710a\u63a5\u673a-\u4e3b\u56feok-1-300x169.webp 300w, https:\/\/xtlaser.com\/wp-content\/uploads\/2025\/12\/\u98ce\u51b7\u710a\u63a5\u673a-\u4e3b\u56feok-1-1024x576.webp 1024w, https:\/\/xtlaser.com\/wp-content\/uploads\/2025\/12\/\u98ce\u51b7\u710a\u63a5\u673a-\u4e3b\u56feok-1-768x432.webp 768w, https:\/\/xtlaser.com\/wp-content\/uploads\/2025\/12\/\u98ce\u51b7\u710a\u63a5\u673a-\u4e3b\u56feok-1-1536x864.webp 1536w, https:\/\/xtlaser.com\/wp-content\/uploads\/2025\/12\/\u98ce\u51b7\u710a\u63a5\u673a-\u4e3b\u56feok-1-600x338.webp 600w\" sizes=\"auto, (max-width: 1920px) 100vw, 1920px\" \/><\/figure>\n\n\n\n<h2 class=\"wp-block-heading has-text-align-left has-themecolor-1-color has-text-color has-large-font-size\">M\u00e1y H\u00e0n Laser C\u1ea7m Tay L\u00e0m M\u00e1t B\u1eb1ng Kh\u00ed<\/h2>\n\n\n\n<p>K\u00edch th\u01b0\u1edbc Nh\u1ecf g\u1ecdn, Hi\u1ec7u su\u1ea5t Cao | \u0110\u01b0\u1ee3c thi\u1ebft k\u1ebf \u0111\u1ec3 \u0111\u1ea1t t\u00ednh linh ho\u1ea1t h\u00e0n t\u1ed1i \u0111a.<\/p>\n<\/div>\n<\/div><div class=\"layout_badh\"><div class=\"shizhezhao\" style=\"opacity:0.15;background-color:;\"><\/div><\/div><\/section>\n\n\n\n<section class=\"wp-block-themepark-block-themepark-area block_layout thempark-block PcOnly bom20 top20\" id=\"\" style=\"padding-top:300px;height:900px;box-sizing: border-box;width: 100%;\" data-swiper-parallax=\"-700\"><div class=\"block_layout_in\" style=\"\">\n<div class=\"wp-block-column block_layout_in is-layout-flow wp-block-column-is-layout-flow\">\n<div class=\"wp-block-themepark-block-themepark-xian theme_fang_out  top10\" style=\"text-align:left;padding-top:360px;\"><div class=\"fangbox\" style=\"width:0px;height:123px;\"><\/div><\/div>\n\n\n\n<h2 class=\"wp-block-heading has-text-align-left has-themecolor-1-color has-text-color has-large-font-size\">L\u00e0m m\u00e1t b\u1eb1ng Kh\u00ed kh\u00f4ng c\u1ea7n B\u1ea3o tr\u00ec<\/h2>\n\n\n\n<p><\/p>\n\n\n\n<p class=\"has-text-align-left has-monte-white-color has-text-color has-normal-font-size\">Ch\u1ea5t l\u00e0m l\u1ea1nh chuy\u1ec3n pha ti\u00ean ti\u1ebfn v\u00e0 l\u00e0m m\u00e1t b\u1eb1ng kh\u00ed c\u01b0\u1ee1ng b\u1ee9c \u0111\u1ea3m b\u1ea3o ho\u1ea1t \u0111\u1ed9ng \u1ed5n \u0111\u1ecbnh 24\/7 m\u00e0 kh\u00f4ng c\u1ea7n m\u00e1y l\u00e0m m\u00e1t n\u01b0\u1edbc c\u1ed3ng k\u1ec1nh.<\/p>\n<\/div>\n<\/div><div class=\"layout_badh\"><div class=\"shizhezhao\" style=\"opacity:0.15;background-color:#000000;\"><\/div><div class=\"PcOnly themepark-block_layout_ba lazyload swiper-lazy\" style=\"background-size:cover;background-position:center;\" data-background=\"https:\/\/xtlaser.com\/wp-content\/uploads\/2025\/12\/\u8499\u7248\u7ec4-84-5.webp\"><\/div><\/div><\/section>\n\n\n\n<section class=\"wp-block-themepark-block-themepark-area block_layout thempark-block MovePnly bom10 top10\" id=\"\" style=\"padding-top:2px;height:900px;box-sizing: border-box;width: 100%;\" data-swiper-parallax=\"-700\"><div class=\"block_layout_in\" style=\"\">\n<div class=\"wp-block-column block_layout_in is-layout-flow wp-block-column-is-layout-flow\">\n<figure class=\"wp-block-image size-full\"><img loading=\"lazy\" decoding=\"async\" width=\"1920\" height=\"1080\" src=\"https:\/\/xtlaser.com\/wp-content\/uploads\/2025\/12\/\u8499\u7248\u7ec4-84-5.webp\" alt=\"\" class=\"wp-image-72261\" srcset=\"https:\/\/xtlaser.com\/wp-content\/uploads\/2025\/12\/\u8499\u7248\u7ec4-84-5.webp 1920w, https:\/\/xtlaser.com\/wp-content\/uploads\/2025\/12\/\u8499\u7248\u7ec4-84-5-300x169.webp 300w, https:\/\/xtlaser.com\/wp-content\/uploads\/2025\/12\/\u8499\u7248\u7ec4-84-5-1024x576.webp 1024w, https:\/\/xtlaser.com\/wp-content\/uploads\/2025\/12\/\u8499\u7248\u7ec4-84-5-768x432.webp 768w, https:\/\/xtlaser.com\/wp-content\/uploads\/2025\/12\/\u8499\u7248\u7ec4-84-5-1536x864.webp 1536w, https:\/\/xtlaser.com\/wp-content\/uploads\/2025\/12\/\u8499\u7248\u7ec4-84-5-600x338.webp 600w\" sizes=\"auto, (max-width: 1920px) 100vw, 1920px\" \/><\/figure>\n\n\n\n<h2 class=\"wp-block-heading has-text-align-left has-themecolor-1-color has-text-color has-large-font-size\">L\u00e0m m\u00e1t b\u1eb1ng Kh\u00ed kh\u00f4ng c\u1ea7n B\u1ea3o tr\u00ec<\/h2>\n\n\n\n<p>Ch\u1ea5t l\u00e0m l\u1ea1nh chuy\u1ec3n pha ti\u00ean ti\u1ebfn v\u00e0 l\u00e0m m\u00e1t b\u1eb1ng kh\u00ed c\u01b0\u1ee1ng b\u1ee9c \u0111\u1ea3m b\u1ea3o ho\u1ea1t \u0111\u1ed9ng \u1ed5n \u0111\u1ecbnh 24\/7 m\u00e0 kh\u00f4ng c\u1ea7n m\u00e1y l\u00e0m m\u00e1t n\u01b0\u1edbc c\u1ed3ng k\u1ec1nh.<\/p>\n<\/div>\n<\/div><div class=\"layout_badh\"><div class=\"shizhezhao\" style=\"opacity:0.15;background-color:;\"><\/div><\/div><\/section>\n\n\n\n<section class=\"wp-block-themepark-block-themepark-area block_layout thempark-block PcOnly bom20 top20\" id=\"\" style=\"height:900px;box-sizing: border-box;width: 100%;\" data-swiper-parallax=\"-700\"><div class=\"block_layout_in\" style=\"\">\n<div class=\"wp-block-column block_layout_in is-layout-flow wp-block-column-is-layout-flow\">\n<div class=\"wp-block-themepark-block-themepark-xian theme_fang_out\" style=\"text-align:left;padding-top:1px;\"><div class=\"fangbox\" style=\"width:undefinedpx;height:34px;\"><\/div><\/div>\n\n\n\n<h2 class=\"wp-block-heading has-text-align-center has-themecolor-1-color has-text-color has-large-font-size\">Si\u00eau Nh\u1ecf g\u1ecdn &amp; Di \u0111\u1ed9ng<\/h2>\n\n\n\n<p><\/p>\n\n\n\n<p class=\"has-text-align-center has-monte-white-color has-text-color has-normal-font-size\">Khung m\u00e1y si\u00eau nh\u1eb9, c\u1ef1c k\u1ef3 nh\u1ecf g\u1ecdn ph\u00e1 v\u1ee1 m\u1ecdi h\u1ea1n ch\u1ebf v\u1ec1 kh\u00f4ng gian, cho ph\u00e9p tri\u1ec3n khai nhanh ch\u00f3ng t\u1ea1i hi\u1ec7n tr\u01b0\u1eddng v\u00e0 th\u1ef1c hi\u1ec7n nhi\u1ec7m v\u1ee5 x\u01b0\u1edfng di \u0111\u1ed9ng.<\/p>\n\n\n\n<p class=\"has-text-align-left has-monte-white-color has-text-color has-normal-font-size\"><\/p>\n<\/div>\n<\/div><div class=\"layout_badh\"><div class=\"shizhezhao\" style=\"opacity:0.15;background-color:#000000;\"><\/div><div class=\"PcOnly themepark-block_layout_ba lazyload swiper-lazy\" style=\"background-size:cover;background-position:center;\" data-background=\"https:\/\/xtlaser.com\/wp-content\/uploads\/2025\/12\/\u8499\u7248\u7ec4-85-2.webp\"><\/div><\/div><\/section>\n\n\n\n<section class=\"wp-block-themepark-block-themepark-area block_layout thempark-block MovePnly bom10 top10\" id=\"\" style=\"padding-top:2px;height:900px;box-sizing: border-box;width: 100%;\" data-swiper-parallax=\"-700\"><div class=\"block_layout_in\" style=\"\">\n<div class=\"wp-block-column block_layout_in is-layout-flow wp-block-column-is-layout-flow\">\n<figure class=\"wp-block-image size-full\"><img loading=\"lazy\" decoding=\"async\" width=\"1920\" height=\"1080\" src=\"https:\/\/xtlaser.com\/wp-content\/uploads\/2025\/12\/\u8499\u7248\u7ec4-85-2.webp\" alt=\"\" class=\"wp-image-72262\" srcset=\"https:\/\/xtlaser.com\/wp-content\/uploads\/2025\/12\/\u8499\u7248\u7ec4-85-2.webp 1920w, https:\/\/xtlaser.com\/wp-content\/uploads\/2025\/12\/\u8499\u7248\u7ec4-85-2-300x169.webp 300w, https:\/\/xtlaser.com\/wp-content\/uploads\/2025\/12\/\u8499\u7248\u7ec4-85-2-1024x576.webp 1024w, https:\/\/xtlaser.com\/wp-content\/uploads\/2025\/12\/\u8499\u7248\u7ec4-85-2-768x432.webp 768w, https:\/\/xtlaser.com\/wp-content\/uploads\/2025\/12\/\u8499\u7248\u7ec4-85-2-1536x864.webp 1536w, https:\/\/xtlaser.com\/wp-content\/uploads\/2025\/12\/\u8499\u7248\u7ec4-85-2-600x338.webp 600w\" sizes=\"auto, (max-width: 1920px) 100vw, 1920px\" \/><\/figure>\n\n\n\n<h2 class=\"wp-block-heading has-text-align-left has-themecolor-1-color has-text-color has-large-font-size\"><strong>Si\u00eau Nh\u1ecf g\u1ecdn &amp; Di \u0111\u1ed9ng<\/strong><\/h2>\n\n\n\n<p>Khung m\u00e1y si\u00eau nh\u1eb9, c\u1ef1c k\u1ef3 nh\u1ecf g\u1ecdn ph\u00e1 v\u1ee1 m\u1ecdi h\u1ea1n ch\u1ebf v\u1ec1 kh\u00f4ng gian, cho ph\u00e9p tri\u1ec3n khai nhanh ch\u00f3ng t\u1ea1i hi\u1ec7n tr\u01b0\u1eddng v\u00e0 th\u1ef1c hi\u1ec7n nhi\u1ec7m v\u1ee5 x\u01b0\u1edfng di \u0111\u1ed9ng.<\/p>\n<\/div>\n<\/div><div class=\"layout_badh\"><div class=\"shizhezhao\" style=\"opacity:0.15;background-color:;\"><\/div><\/div><\/section>\n\n\n\n<section class=\"wp-block-themepark-block-themepark-area block_layout thempark-block PcOnly bom20 top20\" id=\"\" style=\"padding-top:300px;height:900px;box-sizing: border-box;width: 100%;\" data-swiper-parallax=\"-700\"><div class=\"block_layout_in\" style=\"\">\n<div class=\"wp-block-column block_layout_in is-layout-flow wp-block-column-is-layout-flow\">\n<div class=\"wp-block-themepark-block-themepark-xian theme_fang_out  top10\" style=\"text-align:left;padding-top:1px;\"><div class=\"fangbox\" style=\"width:undefinedpx;height:137px;\"><\/div><\/div>\n\n\n\n<h2 class=\"wp-block-heading has-text-align-right has-themecolor-1-color has-text-color has-large-font-size\">Ph\u1ea1m vi Ho\u1ea1t \u0111\u1ed9ng 10m<\/h2>\n\n\n\n<p><\/p>\n\n\n\n<p class=\"has-text-align-right has-monte-white-color has-text-color has-normal-font-size\">Trang b\u1ecb c\u00e1p quang c\u1ea5p c\u00f4ng nghi\u1ec7p d\u00e0i 10 m\u00e9t \u0111\u1ec3 x\u1eed l\u00fd ph\u00f4i l\u1edbn ho\u1eb7c nhi\u1ec7m v\u1ee5 \u0111a tr\u1ea1m m\u00e0 kh\u00f4ng c\u1ea7n di chuy\u1ec3n m\u00e1y.<\/p>\n<\/div>\n<\/div><div class=\"layout_badh\"><div class=\"shizhezhao\" style=\"opacity:0.15;background-color:#000000;\"><\/div><div class=\"PcOnly themepark-block_layout_ba lazyload swiper-lazy\" style=\"background-size:cover;background-position:center;\" data-background=\"https:\/\/xtlaser.com\/wp-content\/uploads\/2025\/12\/\u8499\u7248\u7ec4-86-2.webp\"><\/div><\/div><\/section>\n\n\n\n<section class=\"wp-block-themepark-block-themepark-area block_layout thempark-block MovePnly bom10 top10\" id=\"\" style=\"padding-top:2px;height:900px;box-sizing: border-box;width: 100%;\" data-swiper-parallax=\"-700\"><div class=\"block_layout_in\" style=\"\">\n<div class=\"wp-block-column block_layout_in is-layout-flow wp-block-column-is-layout-flow\">\n<figure class=\"wp-block-image size-full is-style-default\"><img loading=\"lazy\" decoding=\"async\" width=\"1920\" height=\"1080\" src=\"https:\/\/xtlaser.com\/wp-content\/uploads\/2025\/12\/\u8499\u7248\u7ec4-86-2.webp\" alt=\"\" class=\"wp-image-72263\" srcset=\"https:\/\/xtlaser.com\/wp-content\/uploads\/2025\/12\/\u8499\u7248\u7ec4-86-2.webp 1920w, https:\/\/xtlaser.com\/wp-content\/uploads\/2025\/12\/\u8499\u7248\u7ec4-86-2-300x169.webp 300w, https:\/\/xtlaser.com\/wp-content\/uploads\/2025\/12\/\u8499\u7248\u7ec4-86-2-1024x576.webp 1024w, https:\/\/xtlaser.com\/wp-content\/uploads\/2025\/12\/\u8499\u7248\u7ec4-86-2-768x432.webp 768w, https:\/\/xtlaser.com\/wp-content\/uploads\/2025\/12\/\u8499\u7248\u7ec4-86-2-1536x864.webp 1536w, https:\/\/xtlaser.com\/wp-content\/uploads\/2025\/12\/\u8499\u7248\u7ec4-86-2-600x338.webp 600w\" sizes=\"auto, (max-width: 1920px) 100vw, 1920px\" \/><\/figure>\n\n\n\n<h2 class=\"wp-block-heading has-text-align-left has-themecolor-1-color has-text-color has-large-font-size\">Ph\u1ea1m vi Ho\u1ea1t \u0111\u1ed9ng 10m<\/h2>\n\n\n\n<p>Trang b\u1ecb c\u00e1p quang c\u1ea5p c\u00f4ng nghi\u1ec7p d\u00e0i 10 m\u00e9t \u0111\u1ec3 x\u1eed l\u00fd ph\u00f4i l\u1edbn ho\u1eb7c nhi\u1ec7m v\u1ee5 \u0111a tr\u1ea1m m\u00e0 kh\u00f4ng c\u1ea7n di chuy\u1ec3n m\u00e1y.<\/p>\n<\/div>\n<\/div><div class=\"layout_badh\"><div class=\"shizhezhao\" style=\"opacity:0.15;background-color:;\"><\/div><\/div><\/section>\n\n\n\n<section class=\"wp-block-themepark-block-themepark-area block_layout thempark-block PcOnly bom20 top20\" id=\"\" style=\"padding-top:300px;height:900px;box-sizing: border-box;width: 100%;\" data-swiper-parallax=\"-700\"><div class=\"block_layout_in\" style=\"\">\n<div class=\"wp-block-column block_layout_in is-layout-flow wp-block-column-is-layout-flow\">\n<div class=\"wp-block-themepark-block-themepark-xian theme_fang_out  top10\" style=\"text-align:left;padding-top:1px;\"><div class=\"fangbox\" style=\"width:undefinedpx;height:298px;\"><\/div><\/div>\n\n\n\n<h2 class=\"wp-block-heading has-text-align-right has-themecolor-1-color has-text-color has-large-font-size\">\u0110i\u1ec1u khi\u1ec3n Ch\u00ednh x\u00e1c v\u00e0 C\u00f4ng th\u00e1i h\u1ecdc<\/h2>\n\n\n\n<p><\/p>\n\n\n\n<p class=\"has-text-align-right has-monte-white-color has-text-color has-normal-font-size\">M\u1ecf h\u00e0n c\u00f4ng th\u00e1i h\u1ecdc gi\u00fap \u0111i\u1ec1u khi\u1ec3n d\u1ec5 d\u00e0ng c\u00e1c \u0111\u01b0\u1eddng d\u1eabn 3D ph\u1ee9c t\u1ea1p, t\u1ea1o ra \u0111\u01b0\u1eddng h\u00e0n th\u1ea9m m\u1ef9 m\u01b0\u1ee3t m\u00e0 \u0111\u1ea1t c\u1ea5p \u0111\u1ed9 chuy\u00ean nghi\u1ec7p.<\/p>\n<\/div>\n<\/div><div class=\"layout_badh\"><div class=\"shizhezhao\" style=\"opacity:0.15;background-color:#000000;\"><\/div><div class=\"PcOnly themepark-block_layout_ba lazyload swiper-lazy\" style=\"background-size:cover;background-position:center;\" data-background=\"https:\/\/xtlaser.com\/wp-content\/uploads\/2025\/12\/\u8499\u7248\u7ec4-87-1.webp\"><\/div><\/div><\/section>\n\n\n\n<section class=\"wp-block-themepark-block-themepark-area block_layout thempark-block MovePnly bom10 top10\" id=\"\" style=\"padding-top:2px;height:900px;box-sizing: border-box;width: 100%;\" data-swiper-parallax=\"-700\"><div class=\"block_layout_in\" style=\"\">\n<div class=\"wp-block-column block_layout_in is-layout-flow wp-block-column-is-layout-flow\">\n<figure class=\"wp-block-image size-full is-style-default\"><img loading=\"lazy\" decoding=\"async\" width=\"1920\" height=\"1080\" src=\"https:\/\/xtlaser.com\/wp-content\/uploads\/2025\/12\/\u8499\u7248\u7ec4-87-1.webp\" alt=\"\" class=\"wp-image-72264\" srcset=\"https:\/\/xtlaser.com\/wp-content\/uploads\/2025\/12\/\u8499\u7248\u7ec4-87-1.webp 1920w, https:\/\/xtlaser.com\/wp-content\/uploads\/2025\/12\/\u8499\u7248\u7ec4-87-1-300x169.webp 300w, https:\/\/xtlaser.com\/wp-content\/uploads\/2025\/12\/\u8499\u7248\u7ec4-87-1-1024x576.webp 1024w, https:\/\/xtlaser.com\/wp-content\/uploads\/2025\/12\/\u8499\u7248\u7ec4-87-1-768x432.webp 768w, https:\/\/xtlaser.com\/wp-content\/uploads\/2025\/12\/\u8499\u7248\u7ec4-87-1-1536x864.webp 1536w, https:\/\/xtlaser.com\/wp-content\/uploads\/2025\/12\/\u8499\u7248\u7ec4-87-1-600x338.webp 600w\" sizes=\"auto, (max-width: 1920px) 100vw, 1920px\" \/><\/figure>\n\n\n\n<h2 class=\"wp-block-heading has-themecolor-1-color has-text-color has-large-font-size\">\u0110i\u1ec1u khi\u1ec3n Ch\u00ednh x\u00e1c v\u00e0 C\u00f4ng th\u00e1i h\u1ecdc<\/h2>\n\n\n\n<p>M\u1ecf h\u00e0n c\u00f4ng th\u00e1i h\u1ecdc gi\u00fap \u0111i\u1ec1u khi\u1ec3n d\u1ec5 d\u00e0ng c\u00e1c \u0111\u01b0\u1eddng d\u1eabn 3D ph\u1ee9c t\u1ea1p, t\u1ea1o ra \u0111\u01b0\u1eddng h\u00e0n th\u1ea9m m\u1ef9 m\u01b0\u1ee3t m\u00e0 \u0111\u1ea1t c\u1ea5p \u0111\u1ed9 chuy\u00ean nghi\u1ec7p.<\/p>\n<\/div>\n<\/div><div class=\"layout_badh\"><div class=\"shizhezhao\" style=\"opacity:0.15;background-color:;\"><\/div><\/div><\/section>\n\n\n\n<div class=\"wp-block-themepark-block-themepark-area block_layout thempark-block undefined\" id=\"padingmax\" style=\"background-color:#f7f7f7;padding-bottom:38px;padding-top:38px;\" data-swiper-parallax=\"-700\"><div class=\"block_layout_in\" style=\"max-width:1900px;\">\n<div class=\"wp-block-column block_layout_in is-layout-flow wp-block-column-is-layout-flow\">\n<div class=\"wp-block-themepark-block-themepark-wright content-super-p\" style=\"font-size:12px;line-height:42px;padding:10px 10px;\">\n<div class=\"wp-block-column is-layout-flow wp-block-column-is-layout-flow\">\n<p class=\"has-text-align-center has-themecolor-1-color has-text-color has-link-color has-large-font-size wp-elements-505a22334c3fb101a058a2f77acdf7c0\"><strong>L\u0129nh V\u1ef1c \u1ee8ng D\u1ee5ng<\/strong><\/p>\n\n\n\n<p class=\"has-text-align-center has-text-color has-link-color has-normal-font-size wp-elements-4c2e70755718abae4f2b2a4ef12ea9ff\" style=\"color:#333333\">Ch\u1ebf t\u1ea1o v\u00e0 gia c\u00f4ng kim lo\u1ea1i, thi\u1ebft b\u1ecb giao th\u00f4ng v\u1eadn t\u1ea3i, m\u00e1y m\u00f3c v\u00e0 thi\u1ebft b\u1ecb \u0111i\u1ec7n, n\u0103ng l\u01b0\u1ee3ng m\u1edbi v\u00e0 b\u1ea3o v\u1ec7 m\u00f4i tr\u01b0\u1eddng, \u0111i\u1ec7n t\u1eed ti\u00eau d\u00f9ng v\u00e0 d\u1ee5ng c\u1ee5 ch\u00ednh x\u00e1c<\/p>\n\n\n\n<p><\/p>\n\n\n<div class=\"wp-block-image\">\n<figure class=\"aligncenter size-full\"><img loading=\"lazy\" decoding=\"async\" width=\"1550\" height=\"302\" src=\"https:\/\/xtlaser.com\/wp-content\/uploads\/2025\/12\/\u7ec4-511-1.webp\" alt=\"XT Laser air-cooled handheld laser welding machine applications in HVAC ductwork, EV manufacturing, aerospace components, and electrical cabinet sheet metal fabrication\" class=\"wp-image-72265\" srcset=\"https:\/\/xtlaser.com\/wp-content\/uploads\/2025\/12\/\u7ec4-511-1.webp 1550w, https:\/\/xtlaser.com\/wp-content\/uploads\/2025\/12\/\u7ec4-511-1-300x58.webp 300w, https:\/\/xtlaser.com\/wp-content\/uploads\/2025\/12\/\u7ec4-511-1-1024x200.webp 1024w, https:\/\/xtlaser.com\/wp-content\/uploads\/2025\/12\/\u7ec4-511-1-768x150.webp 768w, https:\/\/xtlaser.com\/wp-content\/uploads\/2025\/12\/\u7ec4-511-1-1536x299.webp 1536w, https:\/\/xtlaser.com\/wp-content\/uploads\/2025\/12\/\u7ec4-511-1-600x117.webp 600w\" sizes=\"auto, (max-width: 1550px) 100vw, 1550px\" \/><\/figure>\n<\/div><\/div>\n<\/div>\n<\/div>\n<\/div><div class=\"layout_badh\"><\/div><\/div>\n\n\n\n<div class=\"wp-block-themepark-block-themepark-area block_layout thempark-block undefined\" id=\"padingmax\" style=\"background-color:#f7f7f7;padding-bottom:38px;padding-top:38px;\" data-swiper-parallax=\"-700\"><div class=\"block_layout_in\" style=\"max-width:1900px;\">\n<div class=\"wp-block-column block_layout_in is-layout-flow wp-block-column-is-layout-flow\">\n<div class=\"wp-block-themepark-block-themepark-wright content-super-p\" style=\"font-size:12px;line-height:42px;padding:10px 10px;\">\n<div class=\"wp-block-column is-layout-flow wp-block-column-is-layout-flow\">\n<p class=\"has-text-align-center has-themecolor-1-color has-text-color has-link-color has-large-font-size wp-elements-952fa8031078b4dadc0cd7e2ca3620ef\"><strong>B\u1ed9 s\u01b0u t\u1eadp M\u1eabu<\/strong><\/p>\n\n\n\n<p><\/p>\n\n\n<div class=\"wp-block-image\">\n<figure class=\"aligncenter size-full\"><img loading=\"lazy\" decoding=\"async\" width=\"1550\" height=\"213\" src=\"https:\/\/xtlaser.com\/wp-content\/uploads\/2025\/12\/\u7ec4-516-2.webp\" alt=\"XT Laser air-cooled handheld laser welding machine sample gallery showing high-quality stainless steel tube welding, brass sheet welding, and precise pipe fillet welds without polishing\" class=\"wp-image-72267\" srcset=\"https:\/\/xtlaser.com\/wp-content\/uploads\/2025\/12\/\u7ec4-516-2.webp 1550w, https:\/\/xtlaser.com\/wp-content\/uploads\/2025\/12\/\u7ec4-516-2-300x41.webp 300w, https:\/\/xtlaser.com\/wp-content\/uploads\/2025\/12\/\u7ec4-516-2-1024x141.webp 1024w, https:\/\/xtlaser.com\/wp-content\/uploads\/2025\/12\/\u7ec4-516-2-768x106.webp 768w, https:\/\/xtlaser.com\/wp-content\/uploads\/2025\/12\/\u7ec4-516-2-1536x211.webp 1536w, https:\/\/xtlaser.com\/wp-content\/uploads\/2025\/12\/\u7ec4-516-2-600x82.webp 600w\" sizes=\"auto, (max-width: 1550px) 100vw, 1550px\" \/><\/figure>\n<\/div><\/div>\n<\/div>\n<\/div>\n<\/div><div class=\"layout_badh\"><\/div><\/div>\n\n\n\n<p><\/p>\n<\/div>","protected":false},"excerpt":{"rendered":"[tp_attributes num_attributes=\"5\"]","protected":false},"featured_media":2411,"template":"","meta":{"themepark_post_bcolor":"#f5f5f5","themepark_post_width":"1022px","themepark_post_img":"","themepark_post_img_po":"left","themepark_post_img_re":false,"themepark_post_img_cover":false,"themepark_post_img_fixed":false,"themepark_post_hide_title":false,"themepark_post_main_b":"","themepark_post_main_p":100,"themepark_paddingblock":false},"product_brand":[47],"product_cat":[69,2808],"product_tag":[68],"class_list":{"0":"post-2406","1":"product","2":"type-product","3":"status-publish","4":"has-post-thumbnail","6":"product_brand-xt-laser","7":"product_cat-fiber-laser-cutting-machine","8":"product_cat-laser-welding","9":"product_tag-laser-welding","10":"pa_highlights-laser-welding","12":"first","13":"instock","14":"shipping-taxable","15":"product-type-simple"},"_links":{"self":[{"href":"https:\/\/xtlaser.com\/vi\/wp-json\/wp\/v2\/product\/2406","targetHints":{"allow":["GET"]}}],"collection":[{"href":"https:\/\/xtlaser.com\/vi\/wp-json\/wp\/v2\/product"}],"about":[{"href":"https:\/\/xtlaser.com\/vi\/wp-json\/wp\/v2\/types\/product"}],"wp:featuredmedia":[{"embeddable":true,"href":"https:\/\/xtlaser.com\/vi\/wp-json\/wp\/v2\/media\/2411"}],"wp:attachment":[{"href":"https:\/\/xtlaser.com\/vi\/wp-json\/wp\/v2\/media?parent=2406"}],"wp:term":[{"taxonomy":"product_brand","embeddable":true,"href":"https:\/\/xtlaser.com\/vi\/wp-json\/wp\/v2\/product_brand?post=2406"},{"taxonomy":"product_cat","embeddable":true,"href":"https:\/\/xtlaser.com\/vi\/wp-json\/wp\/v2\/product_cat?post=2406"},{"taxonomy":"product_tag","embeddable":true,"href":"https:\/\/xtlaser.com\/vi\/wp-json\/wp\/v2\/product_tag?post=2406"}],"curies":[{"name":"wp","href":"https:\/\/api.w.org\/{rel}","templated":true}]}}