{"id":73,"date":"2025-08-26T14:53:20","date_gmt":"2025-08-26T06:53:20","guid":{"rendered":"http:\/\/themetest6.local\/?page_id=73"},"modified":"2026-04-08T11:08:45","modified_gmt":"2026-04-08T03:08:45","slug":"contact","status":"publish","type":"page","link":"https:\/\/xtlaser.com\/vi\/contact","title":{"rendered":"Li\u00ean H\u1ec7"},"content":{"rendered":"<section class=\"wp-block-themepark-block-themepark-area block_layout thempark-block undefined bom50 top50\" id=\"\" style=\"padding-bottom:154px;padding-top:273px;height:650px;box-sizing: border-box;width: 100%;\" data-swiper-parallax=\"-700\"><div class=\"block_layout_in\" style=\"\">\n<div class=\"wp-block-column block_layout_in is-layout-flow wp-block-column-is-layout-flow\">\n<div class=\"wp-block-themepark-block-themepark-wright content-super-p\" style=\"font-size:12px;line-height:39px;padding:10px 10px;\">\n<div class=\"wp-block-column is-layout-flow wp-block-column-is-layout-flow\">\n<h1 class=\"wp-block-heading has-monte-white-color has-text-color has-link-color has-bonkers-font-size wp-elements-5f9f218ea8d1c1aa791ae3eeea433c86\" style=\"text-transform:uppercase\">li\u00ean h\u1ec7<\/h1>\n\n\n\n<p><\/p>\n\n\n\n<p class=\"has-text-align-left has-monte-white-color has-text-color has-link-color has-medium-font-size wp-elements-293751c9b229e780eeaa6140e6a0acde\">\u0110\u01b0\u1ee3c th\u00fac \u0111\u1ea9y b\u1edfi s\u1ef1 xu\u1ea5t s\u1eafc, l\u1ea5y c\u1ea3m h\u1ee9ng t\u1eeb b\u1ea1n.<\/p>\n<\/div>\n<\/div>\n<\/div>\n<\/div><div class=\"layout_badh\"><div class=\"shizhezhao\" style=\"opacity:0.11;background-color:#000000;\"><\/div><div class=\"PcOnly themepark-block_layout_ba lazyload swiper-lazy\" style=\"background-size:cover;background-position:center;\" data-background=\"https:\/\/xtlaser.com\/wp-content\/uploads\/2025\/12\/\u8054\u7cfb\u6211\u4eec.webp\"><\/div><div class=\"MovePnly themepark-block_layout_ba lazyload swiper-move-lazy\" style=\"background-size:cover;background-position:center;\" data-background=\"https:\/\/xtlaser.com\/wp-content\/uploads\/2025\/12\/\u8054\u7cfb\u6211\u4eec.webp\"><\/div><\/div><\/section>\n\n\n\n<section class=\"wp-block-themepark-block-themepark-area block_layout thempark-block undefined bom20 top20\" id=\"padingmax\" style=\"background-color:#ecf0f0;padding-bottom:17px;padding-top:74px;\" data-swiper-parallax=\"-700\"><div class=\"block_layout_in\" style=\"max-width:1900px;\">\n<div class=\"wp-block-column block_layout_in is-layout-flow wp-block-column-is-layout-flow\">\n<div class=\"wp-block-themepark-block-themepark-wright content-super-p\" style=\"font-size:12px;line-height:60px;padding:10px 10px;\">\n<div class=\"wp-block-column is-layout-flow wp-block-column-is-layout-flow\">\n<h2 class=\"wp-block-heading has-text-align-center has-large-font-size\">LI\u00caN H\u1ec6 V\u1edaI CH\u00daNG T\u00d4I<\/h2>\n\n\n\n<div class=\"wp-block-themepark-block-themepark-xian theme_fang_out\" style=\"text-align:center;padding-top:1px;padding-bottom:10px;\"><div class=\"fangbox\" style=\"width:116px;height:2px;background:linear-gradient(90deg, orange, purple);\"><\/div><\/div>\n<\/div>\n<\/div>\n\n\n\n<section class=\"wp-block-themepark-block-themepark-icon thempark-block themepark_icon_list_out undefined  fontm18\" id=\"nomo1\" style=\"padding-bottom:20px;padding-top:20px;\"><div class=\"themepark_icon_list_in fullicon\" style=\"\"><div class=\"themepark_icon_lists iconl3 iconls1\" style=\"\"><a class=\"themepark_icon_box bhclas\"><div class=\"themepark_icon_box_i\"><div class=\"themepark_icon_box_i_out\"><i class=\"fas fa-map-marker-alt\" style=\"color:#fff;font-size:24px;width:64px;height:64px;line-height:64px;background:#eb6100;\"><\/i><div style=\"background:#eb6100;\" class=\"themepark_icon_box_i_b\"><\/div><\/div><b style=\"font-size:22px;color:#040404;\">\u0110\u1ecba ch\u1ec9 c\u1ee7a ch\u00fang t\u00f4i<\/b><\/div><div class=\"themepark_icon_box_d\" style=\"font-size:14px;height:88px;\"><span>\u0110\u1ecba ch\u1ec9 nh\u00e0 m\u00e1y: S\u1ed1 866, \u0111\u01b0\u1eddng Chunyuan, Khu c\u00f4ng ngh\u1ec7 cao ph\u00eda \u0110\u00f4ng, th\u00e0nh ph\u1ed1 T\u1ebf Nam<\/span><\/div><div class=\"themepark_icon_box_bac\" style=\"background:#ffffff;opacity:0.85;border-radius:15px;\"><\/div><\/a><a class=\"themepark_icon_box bhclas\" href=\"mailto:manager@xtlaser.com\" style=\"border-radius:15px;\"><div class=\"themepark_icon_box_i\"><div class=\"themepark_icon_box_i_out\"><i class=\"fas fa-envelope\" style=\"color:#fff;font-size:24px;width:64px;height:64px;line-height:64px;background:#eb6100;\"><\/i><div style=\"background:#eb6100;\" class=\"themepark_icon_box_i_b\"><\/div><\/div><b style=\"font-size:22px;color:#040404;\">Email<\/b><\/div><div class=\"themepark_icon_box_d\" style=\"font-size:14px;height:88px;\"><span>manager@xtlaser.com<\/span><\/div><div class=\"themepark_icon_box_bac\" style=\"background:#ffffff;opacity:0.85;border-radius:15px;\"><\/div><\/a><a class=\"themepark_icon_box bhclas\" href=\"https:\/\/api.whatsapp.com\/send\/?phone=8618753177006\" style=\"border-radius:15px;\"><div class=\"themepark_icon_box_i\"><div class=\"themepark_icon_box_i_out\"><i class=\"fas fa-phone-volume\" style=\"color:#fff;font-size:24px;width:64px;height:64px;line-height:64px;background:#eb6100;\"><\/i><div style=\"background:#eb6100;\" class=\"themepark_icon_box_i_b\"><\/div><\/div><b style=\"font-size:22px;color:#040404;\">Phone &amp; WhatsApp<\/b><\/div><div class=\"themepark_icon_box_d\" style=\"font-size:14px;height:88px;\"><span>WhatsApp\uff1a+86 18753177006<\/span><span>Phone\uff1a+86 13589060756<\/span><\/div><div class=\"themepark_icon_box_bac\" style=\"background:#ffffff;opacity:0.85;border-radius:15px;\"><\/div><\/a><\/div><\/div><\/section>\n<\/div>\n<\/div><div class=\"layout_badh\"><\/div><\/section>\n\n\n\n<section class=\"wp-block-themepark-block-themepark-area block_layout thempark-block undefined bom20 top20\" id=\"padingmax\" style=\"background-color:#ecf0f0;padding-bottom:17px;padding-top:42px;\" data-swiper-parallax=\"-700\"><div class=\"block_layout_in clomnsmal\" style=\"max-width:1900px;\">\n<div class=\"wp-block-column block_layout_in is-layout-flow wp-block-column-is-layout-flow\">\n<div class=\"wp-block-columns is-layout-flex wp-container-core-columns-is-layout-9d6595d7 wp-block-columns-is-layout-flex\">\n<div class=\"wp-block-column is-layout-flow wp-block-column-is-layout-flow\">\n<div class=\"wp-block-themepark-block-themepark-wright content-super-p  heightb sticky\" style=\"font-size:12px;line-height:20px;background-color:#ffffff;padding:40px 40px;border-radius:15px;\">\n<div class=\"wp-block-column is-layout-flow wp-block-column-is-layout-flow\">\n<div class=\"wp-block-columns is-layout-flex wp-container-core-columns-is-layout-9d6595d7 wp-block-columns-is-layout-flex\">\n<div class=\"wp-block-column is-layout-flow wp-block-column-is-layout-flow\" style=\"flex-basis:30%\">\n<div class=\"wp-block-themepark-block-themepark-wright content-super-p\" style=\"font-size:12px;line-height:36px;\">\n<div class=\"wp-block-column is-layout-flow wp-block-column-is-layout-flow\">\n<h2 class=\"wp-block-heading has-text-align-left has-medium-font-size\">C\u00e1c c\u00f4ng ty con kh\u00e1c<\/h2>\n\n\n\n<div class=\"wp-block-themepark-block-themepark-xian theme_fang_out  bom20\" style=\"text-align:left;padding-top:22px;padding-bottom:1px;\"><div class=\"fangbox\" style=\"width:49px;height:3px;background-color:#eb6100;\"><\/div><\/div>\n<\/div>\n<\/div>\n\n\n\n<div class=\"wp-block-themepark-block-themepark-wright content-super-p\" style=\"font-size:16px;line-height:28px;color:#574e5f;padding:4px 0px;\">\n<div class=\"wp-block-column is-layout-flow wp-block-column-is-layout-flow\">\n<p>XT LASER \u0111\u00e3 th\u00e0nh l\u1eadp c\u00e1c c\u00f4ng ty con ho\u1ea1t \u0111\u1ed9ng t\u1ea1i Hoa K\u1ef3 v\u00e0 H\u00e0n Qu\u1ed1c, \u0111\u1ed3ng th\u1eddi tri\u1ec3n khai s\u00e1u trung t\u00e2m b\u00e1n h\u00e0ng v\u00e0 d\u1ecbch v\u1ee5 t\u1ea1i c\u00e1c th\u1ecb tr\u01b0\u1eddng tr\u1ecdng \u0111i\u1ec3m nh\u01b0 Ba Lan, Malaysia, Pakistan, Mexico v\u00e0 Brazil, h\u00ecnh th\u00e0nh m\u1ea1ng l\u01b0\u1edbi ti\u1ebfp th\u1ecb v\u00e0 d\u1ecbch v\u1ee5 to\u00e0n c\u1ea7u cung c\u1ea5p cho kh\u00e1ch h\u00e0ng c\u00e1c d\u1ecbch v\u1ee5 chuy\u00ean nghi\u1ec7p v\u1edbi ph\u1ea3n \u1ee9ng nhanh v\u00e0 h\u1ed7 tr\u1ee3 chuy\u00ean s\u00e2u.<\/p>\n<\/div>\n<\/div>\n<\/div>\n\n\n\n<div class=\"wp-block-column is-layout-flow wp-block-column-is-layout-flow\" style=\"flex-basis:15px\"><\/div>\n\n\n\n<div class=\"wp-block-column is-layout-flow wp-block-column-is-layout-flow\">\n<div class=\"wp-block-cover\" style=\"min-height:164px;aspect-ratio:unset;\"><img loading=\"lazy\" decoding=\"async\" width=\"1024\" height=\"184\" class=\"wp-block-cover__image-background wp-image-73033 size-large\" alt=\"XT Laser U.S. branch office and service center located in Katy, Texas\" src=\"https:\/\/xtlaser.com\/wp-content\/uploads\/2026\/01\/\u7f8e\u56fd-1024x184.webp\" style=\"object-position:25% 36%\" data-object-fit=\"cover\" data-object-position=\"25% 36%\" srcset=\"https:\/\/xtlaser.com\/wp-content\/uploads\/2026\/01\/\u7f8e\u56fd-1024x184.webp 1024w, https:\/\/xtlaser.com\/wp-content\/uploads\/2026\/01\/\u7f8e\u56fd-300x54.webp 300w, https:\/\/xtlaser.com\/wp-content\/uploads\/2026\/01\/\u7f8e\u56fd-768x138.webp 768w, https:\/\/xtlaser.com\/wp-content\/uploads\/2026\/01\/\u7f8e\u56fd-1536x276.webp 1536w, https:\/\/xtlaser.com\/wp-content\/uploads\/2026\/01\/\u7f8e\u56fd-18x3.webp 18w, https:\/\/xtlaser.com\/wp-content\/uploads\/2026\/01\/\u7f8e\u56fd-600x108.webp 600w, https:\/\/xtlaser.com\/wp-content\/uploads\/2026\/01\/\u7f8e\u56fd.webp 2000w\" sizes=\"auto, (max-width: 1024px) 100vw, 1024px\" \/><span aria-hidden=\"true\" class=\"wp-block-cover__background has-background-dim\" style=\"background-color:#484b4b\"><\/span><div class=\"wp-block-cover__inner-container is-layout-flow wp-block-cover-is-layout-flow\">\n<p style=\"text-transform:uppercase\">Address of U.S. Branch\uff1a<\/p>\n\n\n\n<p class=\"has-text-align-left has-medium-font-size\">3740 N. Mason Rd,Unit F,Katy TX 77449<\/p>\n\n\n\n<p class=\"has-normal-font-size\">Service Email:&nbsp;service-usa@xtlaser.com<\/p>\n\n\n\n<p class=\"has-normal-font-size\">Sales Email:&nbsp;sales-usa@xtlaser.com<\/p>\n<\/div><\/div>\n\n\n\n<p><\/p>\n\n\n\n<div class=\"wp-block-cover\" style=\"min-height:164px;aspect-ratio:unset;\"><img loading=\"lazy\" decoding=\"async\" width=\"1024\" height=\"184\" class=\"wp-block-cover__image-background wp-image-73702 size-large\" alt=\"\" src=\"https:\/\/xtlaser.com\/wp-content\/uploads\/2026\/03\/pasted-image-20260325-060024-249-1024x184.webp\" data-object-fit=\"cover\" srcset=\"https:\/\/xtlaser.com\/wp-content\/uploads\/2026\/03\/pasted-image-20260325-060024-249-1024x184.webp 1024w, https:\/\/xtlaser.com\/wp-content\/uploads\/2026\/03\/pasted-image-20260325-060024-249-300x54.webp 300w, https:\/\/xtlaser.com\/wp-content\/uploads\/2026\/03\/pasted-image-20260325-060024-249-768x138.webp 768w, https:\/\/xtlaser.com\/wp-content\/uploads\/2026\/03\/pasted-image-20260325-060024-249-1536x276.webp 1536w, https:\/\/xtlaser.com\/wp-content\/uploads\/2026\/03\/pasted-image-20260325-060024-249-18x3.webp 18w, https:\/\/xtlaser.com\/wp-content\/uploads\/2026\/03\/pasted-image-20260325-060024-249-600x108.webp 600w, https:\/\/xtlaser.com\/wp-content\/uploads\/2026\/03\/pasted-image-20260325-060024-249.webp 2000w\" sizes=\"auto, (max-width: 1024px) 100vw, 1024px\" \/><span aria-hidden=\"true\" class=\"wp-block-cover__background has-background-dim\" style=\"background-color:#575350\"><\/span><div class=\"wp-block-cover__inner-container is-layout-flow wp-block-cover-is-layout-flow\">\n<p style=\"text-transform:uppercase\">\u0110\u1ecba ch\u1ec9 Chi nh\u00e1nh H\u00e0n Qu\u1ed1c:<\/p>\n\n\n\n<p class=\"has-text-align-left has-medium-font-size\">\ud55c\uad6d \uc9c0\uc0ac \uc8fc\uc18c: \uc548\uc0b0\uc2dc \ub2e8\uc6d0\uad6c \ud48d\uc804\ub85c 37-9, 301\ub3d9 224\ud638(\uc6d0\uace1\ub3d9,\ud2b8\ub9ac\ud50c\ub809\uc2a4)<\/p>\n\n\n\n<p class=\"has-normal-font-size\">Email: manager@xtlaser.com<\/p>\n<\/div><\/div>\n\n\n\n<p><\/p>\n<\/div>\n<\/div>\n<\/div>\n<\/div>\n<\/div>\n<\/div>\n<\/div>\n<\/div><div class=\"layout_badh\"><\/div><\/section>\n\n\n\n<section class=\"wp-block-themepark-block-themepark-area block_layout thempark-block undefined bom20 top20\" id=\"padingmax\" style=\"background-color:#ecf0f0;padding-bottom:17px;padding-top:42px;\" data-swiper-parallax=\"-700\"><div class=\"block_layout_in clomnsmal\" style=\"max-width:1900px;\">\n<div class=\"wp-block-column block_layout_in is-layout-flow wp-block-column-is-layout-flow\">\n<div class=\"wp-block-columns is-layout-flex wp-container-core-columns-is-layout-9d6595d7 wp-block-columns-is-layout-flex\">\n<div class=\"wp-block-column is-layout-flow wp-block-column-is-layout-flow\">\n<div class=\"wp-block-themepark-block-themepark-wright content-super-p  heightb sticky\" style=\"font-size:12px;line-height:20px;background-color:#ffffff;padding:40px 40px;border-radius:15px;\">\n<div class=\"wp-block-column is-layout-flow wp-block-column-is-layout-flow\">\n<div class=\"wp-block-themepark-block-themepark-wright content-super-p\" style=\"font-size:12px;line-height:54px;padding:10px 0px;\">\n<div class=\"wp-block-column is-layout-flow wp-block-column-is-layout-flow\">\n<h3 class=\"wp-block-heading has-large-font-size\"><strong>B\u1ea1n c\u00f3 th\u1ec3 li\u00ean h\u1ec7 v\u1edbi ch\u00fang t\u00f4i b\u1ea5t c\u1ee9 l\u00fac n\u00e0o, ho\u1eb7c \u0111\u1ec3 l\u1ea1i th\u00f4ng tin c\u1ee7a b\u1ea1n v\u00e0 ch\u00fang t\u00f4i s\u1ebd li\u00ean l\u1ea1c l\u1ea1i trong v\u00f2ng 24 gi\u1edd!<\/strong><\/h3>\n\n\n\n<div class=\"wp-block-themepark-block-themepark-xian theme_fang_out\" style=\"text-align:left;padding-top:1px;padding-bottom:10px;\"><div class=\"fangbox\" style=\"width:391px;height:2px;background:linear-gradient(90deg, orange, purple);\"><\/div><\/div>\n<\/div>\n<\/div>\n\n\n\n<div class=\"wp-block-themepark-block-themepark-comment thempark-block themepark-comment fromnopading undefined\" style=\"\"><div class=\"themepark-comment_in\" id=\"ud_form\"><div class=\"themepark-comment_inb2\"><div class=\"themepark-comment_inb\" style=\"\"><div class=\"themepark-comment_form nolable\" style=\"\"><form id=\"commentform-park\" class=\"themepark-c-f twomo\" action=\"https:\/\/xtlaser.com\/wp-comments-post.php\" method=\"post\" autocomplete=\"off\" data-trp-original-action=\"https:\/\/xtlaser.com\/wp-comments-post.php\"><div class=\"themepark-comment_form_box tptext\" style=\"font-size:14px;\"><lable for=\"tpcommet0\" class=\"required\"><input type=\"text\" id=\"tpcommet0\" name=\"tpcommet0\" size=\"28\" required style=\"color:#616161;\" placeholder=\"T\u00ean\"\/><span class=\"required\">*<div class=\"required_tishi animated\"><i class=\"fas fa-exclamation-circle\"><\/i><span><\/span><\/div><\/span><\/lable><\/div><div class=\"themepark-comment_form_box tptext tel-c\" style=\"font-size:14px;\"><lable for=\"tpcommet1\" class=\"required\"><input type=\"text\" class=\"f-tel\" id=\"tpcommet1\" name=\"tpcommet1\" size=\"28\" required style=\"color:#616161;\" placeholder=\"Tel\uff1a\"\/><span class=\"required\">*<div class=\"required_tishi animated\"><i class=\"fas fa-exclamation-circle\"><\/i><span><\/span><\/div><\/span><\/lable><\/div><div class=\"themepark-comment_form_box tptext mail-c\" style=\"font-size:14px;\"><lable for=\"tpcommet2\" class=\"required\"><input type=\"text\" class=\"f-email\" id=\"tpcommet2\" name=\"tpcommet2\" size=\"28\" required style=\"color:#616161;\" placeholder=\"Email\uff1a\"\/><span class=\"required\">*<div class=\"required_tishi animated\"><i class=\"fas fa-exclamation-circle\"><\/i><span><\/span><\/div><\/span><\/lable><\/div><div class=\"themepark-comment_form_box tptext\" style=\"font-size:14px;\"><lable for=\"tpcommet3\" class=\"\"><input type=\"text\" id=\"tpcommet3\" name=\"tpcommet3\" size=\"28\" style=\"color:#616161;\" placeholder=\"T\u00ean c\u00f4ng ty\"\/><\/lable><\/div><div class=\"themepark-comment_form_box tprideo\" style=\"font-size:14px;\"><lable for=\"tpcommet4\" class=\"rideos\"><p class=\"msspan\" style=\"color: #666666;\">Inquired product\uff1a<\/p><lable class=\"rideo\" for=\"tpcommet40\" style=\"color:#616161;\"><input autocomplete=\"off\" type=\"radio\" name=\"tpcommet4\" id=\"tpcommet40\" value=\"Metal Sheet Laser Cutting Machine\"\/><span class=\"active\"><i class=\"fas fa-caret-right\"><\/i><\/span>M\u00e1y c\u1eaft laser t\u1ea5m kim lo\u1ea1i<\/lable><lable class=\"rideo\" for=\"tpcommet41\" style=\"color:#616161;\"><input autocomplete=\"off\" type=\"radio\" name=\"tpcommet4\" id=\"tpcommet41\" value=\"Metal Tube Laser Cutting Machine\"\/><span class=\"active\"><i class=\"fas fa-caret-right\"><\/i><\/span>M\u00e1y c\u1eaft laser \u1ed1ng kim lo\u1ea1i<\/lable><lable class=\"rideo\" for=\"tpcommet42\" style=\"color:#616161;\"><input autocomplete=\"off\" type=\"radio\" name=\"tpcommet4\" id=\"tpcommet42\" value=\"Sheet and Tube Integrated Machine\"\/><span class=\"active\"><i class=\"fas fa-caret-right\"><\/i><\/span>M\u00e1y t\u00edch h\u1ee3p t\u1ea5m v\u00e0 \u1ed1ng<\/lable><lable class=\"rideo\" for=\"tpcommet43\" style=\"color:#616161;\"><input autocomplete=\"off\" type=\"radio\" name=\"tpcommet4\" id=\"tpcommet43\" value=\"Automated Production Line\"\/><span class=\"active\"><i class=\"fas fa-caret-right\"><\/i><\/span>D\u00e2y chuy\u1ec1n s\u1ea3n xu\u1ea5t t\u1ef1 \u0111\u1ed9ng<\/lable><lable class=\"rideo\" for=\"tpcommet44\" style=\"color:#616161;\"><input autocomplete=\"off\" type=\"radio\" name=\"tpcommet4\" id=\"tpcommet44\" value=\"Laser Welding Machine\"\/><span class=\"active\"><i class=\"fas fa-caret-right\"><\/i><\/span>M\u00e1y h\u00e0n laser<\/lable><lable class=\"rideo\" for=\"tpcommet45\" style=\"color:#616161;\"><input autocomplete=\"off\" type=\"radio\" name=\"tpcommet4\" id=\"tpcommet45\" value=\"Laser Marking Machine\"\/><span class=\"active\"><i class=\"fas fa-caret-right\"><\/i><\/span>M\u00e1y kh\u1eafc laser<\/lable><lable class=\"rideo\" for=\"tpcommet46\" style=\"color:#616161;\"><input autocomplete=\"off\" type=\"radio\" name=\"tpcommet4\" id=\"tpcommet46\" value=\"Laser Cleaning Machine\"\/><span class=\"active\"><i class=\"fas fa-caret-right\"><\/i><\/span>M\u00e1y l\u00e0m s\u1ea1ch b\u1eb1ng laser<\/lable><lable class=\"rideo\" for=\"tpcommet47\" style=\"color:#616161;\"><input autocomplete=\"off\" type=\"radio\" name=\"tpcommet4\" id=\"tpcommet47\" value=\"Glass Laser Cutting Machine\"\/><span class=\"active\"><i class=\"fas fa-caret-right\"><\/i><\/span>M\u00e1y c\u1eaft laser k\u00ednh<\/lable><lable class=\"rideo\" for=\"tpcommet48\" style=\"color:#616161;\"><input autocomplete=\"off\" type=\"radio\" name=\"tpcommet4\" id=\"tpcommet48\" value=\"Robot\"\/><span class=\"active\"><i class=\"fas fa-caret-right\"><\/i><\/span>Robot<\/lable><\/lable><\/div><div class=\"themepark-comment_form_box tpTextarea\" style=\"font-size:14px;\"><lable for=\"tpcommet5\"><textarea id=\"tpcommet5\" name=\"tpcommet5\" style=\"color:#616161;\" placeholder=\"Needs\uff1a\"><\/textarea><\/lable><\/div><div class=\"hiddeninput\"><input name=\"comment_post_ID\" type=\"hidden\" value=\"502\"\/><input name=\"author\" type=\"hidden\" class=\"author\"\/><input name=\"email\" type=\"hidden\" class=\"email\"\/><textarea name=\"comment\" style=\"display:none\" class=\"comment\"><\/textarea><input name=\"themeparklable\" type=\"hidden\" value=\"Name\uff1a|Tel\uff1a|Email\uff1a|Company Name\uff1a|Inquired product\uff1a|Needs\uff1a\"\/><input name=\"themeparktype\" type=\"hidden\" value=\"text|text3|text2|text|rideo|Textarea\"\/><input name=\"redirect_to\" type=\"hidden\" value=\"https:\/\/xtlaser.com\"\/><input name=\"inquiryid\" type=\"hidden\"\/><input name=\"inquirytime\" type=\"hidden\"\/><input name=\"position\" type=\"hidden\"\/><\/div><div class=\"ysxyhtml themepark-comment_form_box tpcheckbox\" style=\"font-size:14px;color:#616161;\"><input class=\"ysxy\" type=\"checkbox\" required><span>T\u00f4i \u0111\u1ed3ng \u00fd v\u1edbi vi\u1ec7c thu th\u1eadp v\u00e0 s\u1eed d\u1ee5ng d\u1eef li\u1ec7u c\u1ee7a m\u00ecnh nh\u01b0 \u0111\u01b0\u1ee3c m\u00f4 t\u1ea3 trong [Ch\u00ednh s\u00e1ch b\u1ea3o m\u1eadt].<a target=\"_blank\" href=\"https:\/\/xtlaser.com\/vi\/privacy-policy\">\u300aPrivacy Policy\u300b<\/a><\/span><span class=\"required\">*<div class=\"required_tishi animated\"><i class=\"fas fa-exclamation-circle\"><\/i><span><\/span><\/div><\/span><\/div><div class=\"submut_box\"><input type=\"submit\" class=\"submut_btn\" name=\"submit\" style=\"background:#eb6100;\" value=\"N\u1ed8P\"\/><div class=\"tishi\" style=\"color:#070707;\"><div class=\"loading\" style=\"color:#616161;\"><i class=\"fas fa-spinner\"><\/i>Submitting&#8230;<\/div><div class=\"success\" style=\"color:#616161;\"><i class=\"fas fa-check\"><\/i>Submission successful!<\/div><div class=\"erro\" style=\"color:#616161;\"><i class=\"fas fa-exclamation-circle\"><\/i>Submission failed! Please try again later.<\/div><div class=\"e-email\">Email error!<\/div><div class=\"e-tel\">Wrong number!<\/div><\/div><\/div><input type=\"hidden\" name=\"trp-form-language\" value=\"vi\"\/><\/form><\/div><div class=\"wp_clear\"><\/div><\/div><div class=\"themepark-comment_in_b\" style=\"opacity:0.83;undefinedtransform:scaleX(1.089) scaleY(1.0129)\"><\/div><\/div><\/div><div class=\"wp_clear\"><\/div><\/div>\n<\/div>\n<\/div>\n<\/div>\n<\/div>\n<\/div>\n<\/div><div class=\"layout_badh\"><\/div><\/section>\n\n\n\n<section class=\"wp-block-themepark-block-themepark-area block_layout thempark-block undefined bom20 top20\" id=\"padingmax\" style=\"background-color:#ecf0f0;padding-bottom:78px;padding-top:23px;\" data-swiper-parallax=\"-700\"><div class=\"block_layout_in clomnsmal\" style=\"max-width:1900px;\">\n<div class=\"wp-block-column block_layout_in is-layout-flow wp-block-column-is-layout-flow\">\n<div class=\"wp-block-themepark-block-themepark-wright content-super-p\" style=\"font-size:12px;line-height:26px;background-color:#eb6100;padding:1px 0px;border-radius:20px;\">\n<div class=\"wp-block-column is-layout-flow wp-block-column-is-layout-flow\">\n<section class=\"wp-block-themepark-block-themepark-imgtext thempark-block themepark_imgtext leftright moveupd  undefined nohover\" style=\"\"><div class=\"themepark_imgtext_img\" style=\"width:52%;text-align:right;\" data-swiper-parallax=\"-1800\"><img class=\"lazyload  swiper-lazy swiper-move-lazy\" style=\"\" data-src=\"https:\/\/xtlaser.com\/wp-content\/uploads\/2025\/12\/\u5408\u4f5c.webp\" alt=\"\"\/><\/div><div class=\"themepark_imgtext_text\" style=\"width:45%;\" data-swiper-parallax=\"-1600\">\n<div class=\"wp-block-column is-layout-flow wp-block-column-is-layout-flow\">\n<div class=\"wp-block-themepark-block-themepark-wright content-super-p\" style=\"font-size:12px;line-height:42px;padding:10px 30px;\">\n<div class=\"wp-block-column is-layout-flow wp-block-column-is-layout-flow\">\n<div class=\"wp-block-themepark-block-themepark-xian theme_fang_out  top10\" style=\"text-align:left;padding-top:54px;\"><div class=\"fangbox\" style=\"width:undefinedpx;\"><\/div><\/div>\n\n\n\n<h2 class=\"wp-block-heading has-text-align-left has-monte-white-color has-text-color has-link-color has-bonkers-font-size wp-elements-61b4407a821b75011722dbfac6d63266\"><strong><strong>Li\u00ean H\u1ec7<\/strong><\/strong><br><strong><strong><strong>Moving Towards the Future<\/strong><\/strong><\/strong><\/h2>\n\n\n\n<p class=\"has-text-align-left has-monte-white-color has-text-color has-link-color has-normal-font-size wp-elements-560cf59257d1b0cf57e4c8f44c43fd4f\"><strong>S\u1ef1 l\u1ef1a ch\u1ecdn c\u1ee7a h\u01a1n 100.000 kh\u00e1ch h\u00e0ng t\u1eeb h\u01a1n 180 qu\u1ed1c gia<\/strong><\/p>\n\n\n\n<p class=\"has-text-align-left has-monte-white-color has-text-color has-link-color has-normal-font-size wp-elements-a8de2a0e5662df9a46c0b069dde5ddad\"><strong>Vi\u1ec7c cung c\u1ea5p s\u1ed1 \u0111i\u1ec7n tho\u1ea1i v\u00e0 \u0111\u1ecba ch\u1ec9 email s\u1ebd gi\u00fap ch\u00fang t\u00f4i li\u00ean h\u1ec7 v\u1edbi b\u1ea1n nhanh ch\u00f3ng v\u00e0 gi\u1ea3i quy\u1ebft v\u1ea5n \u0111\u1ec1 c\u1ee7a b\u1ea1n s\u1edbm nh\u1ea5t c\u00f3 th\u1ec3.<\/strong><\/p>\n<\/div>\n<\/div>\n<\/div>\n<\/div><div class=\"themepark_imgtext_ba\" style=\"opacity:1;\"><\/div><\/section>\n<\/div>\n<\/div>\n<\/div>\n<\/div><div class=\"layout_badh\"><\/div><\/section>","protected":false},"excerpt":{"rendered":"","protected":false},"author":1,"featured_media":0,"parent":0,"menu_order":0,"comment_status":"open","ping_status":"closed","template":"","meta":{"themepark_post_bcolor":"#f5f5f5","themepark_post_width":"100% dong","themepark_post_img":"","themepark_post_img_po":"left","themepark_post_img_re":false,"themepark_post_img_cover":false,"themepark_post_img_fixed":false,"themepark_post_hide_title":true,"themepark_post_main_b":"","themepark_post_main_p":100,"themepark_paddingblock":true,"footnotes":""},"class_list":["post-73","page","type-page","status-publish","hentry"],"_links":{"self":[{"href":"https:\/\/xtlaser.com\/vi\/wp-json\/wp\/v2\/pages\/73","targetHints":{"allow":["GET"]}}],"collection":[{"href":"https:\/\/xtlaser.com\/vi\/wp-json\/wp\/v2\/pages"}],"about":[{"href":"https:\/\/xtlaser.com\/vi\/wp-json\/wp\/v2\/types\/page"}],"author":[{"embeddable":true,"href":"https:\/\/xtlaser.com\/vi\/wp-json\/wp\/v2\/users\/1"}],"replies":[{"embeddable":true,"href":"https:\/\/xtlaser.com\/vi\/wp-json\/wp\/v2\/comments?post=73"}],"version-history":[{"count":43,"href":"https:\/\/xtlaser.com\/vi\/wp-json\/wp\/v2\/pages\/73\/revisions"}],"predecessor-version":[{"id":73773,"href":"https:\/\/xtlaser.com\/vi\/wp-json\/wp\/v2\/pages\/73\/revisions\/73773"}],"wp:attachment":[{"href":"https:\/\/xtlaser.com\/vi\/wp-json\/wp\/v2\/media?parent=73"}],"curies":[{"name":"wp","href":"https:\/\/api.w.org\/{rel}","templated":true}]}}