{"id":72292,"date":"2025-12-23T17:25:24","date_gmt":"2025-12-23T09:25:24","guid":{"rendered":"https:\/\/xtlaser.com\/?post_type=product&#038;p=72292"},"modified":"2026-01-27T15:07:17","modified_gmt":"2026-01-27T07:07:17","slug":"6-axis-industrial-robotic-pulse-laser-cleaning-machine","status":"publish","type":"product","link":"https:\/\/xtlaser.com\/tr\/product-item\/6-axis-industrial-robotic-pulse-laser-cleaning-machine","title":{"rendered":"6 Eksenli End\u00fcstriyel Robotik Darbe Lazer Temizleme Makinesi"},"content":{"rendered":"<div class=\"post_content\">\n<hr class=\"wp-block-separator has-alpha-channel-opacity\"\/>\n\n\n\n<section class=\"wp-block-themepark-block-themepark-area block_layout thempark-block PcOnly bom20 top20\" id=\"\" style=\"padding-top:175px;height:900px;box-sizing: border-box;width: 100%;\" data-swiper-parallax=\"-700\"><div class=\"block_layout_in\" style=\"\">\n<div class=\"wp-block-column block_layout_in is-layout-flow wp-block-column-is-layout-flow\">\n<div class=\"wp-block-themepark-block-themepark-xian theme_fang_out\" style=\"text-align:left;\"><div class=\"fangbox\" style=\"width:undefinedpx;height:72px;\"><\/div><\/div>\n\n\n\n<h2 class=\"wp-block-heading has-text-align-center has-themecolor-1-color has-text-color has-large-font-size\"><strong>6 Eksenli End\u00fcstriyel Robotik Darbe Lazer Temizleme Makinesi<\/strong><\/h2>\n\n\n\n<p><\/p>\n\n\n\n<h1 class=\"wp-block-heading has-text-align-center has-monte-white-color has-text-color has-normal-font-size\"><strong>Y\u00fcksek hassasiyetli, s\u0131f\u0131r hasarl\u0131 hassas temizlik i\u00e7in uzman \u00e7\u00f6z\u00fcm.<\/strong><\/h1>\n<\/div>\n<\/div><div class=\"layout_badh\"><div class=\"shizhezhao\" style=\"opacity:0.15;background-color:#000000;\"><\/div><div class=\"PcOnly themepark-block_layout_ba lazyload swiper-lazy\" style=\"background-size:cover;background-position:center;\" data-background=\"https:\/\/xtlaser.com\/wp-content\/uploads\/2025\/12\/\u516d\u8f74\u5de5\u4e1a\u673a\u5668\u4eba\u8109\u51b2\u6e05\u6d17\u673a-\u4e3b\u56feok.webp\"><\/div><\/div><\/section>\n\n\n\n<section class=\"wp-block-themepark-block-themepark-area block_layout thempark-block MovePnly bom10 top10\" id=\"\" style=\"padding-top:2px;height:900px;box-sizing: border-box;width: 100%;\" data-swiper-parallax=\"-700\"><div class=\"block_layout_in\" style=\"\">\n<div class=\"wp-block-column block_layout_in is-layout-flow wp-block-column-is-layout-flow\">\n<figure class=\"wp-block-image size-full\"><img loading=\"lazy\" decoding=\"async\" width=\"1920\" height=\"1080\" src=\"https:\/\/xtlaser.com\/wp-content\/uploads\/2025\/12\/\u516d\u8f74\u5de5\u4e1a\u673a\u5668\u4eba\u8109\u51b2\u6e05\u6d17\u673a-\u4e3b\u56feok.webp\" alt=\"\" class=\"wp-image-72287\" srcset=\"https:\/\/xtlaser.com\/wp-content\/uploads\/2025\/12\/\u516d\u8f74\u5de5\u4e1a\u673a\u5668\u4eba\u8109\u51b2\u6e05\u6d17\u673a-\u4e3b\u56feok.webp 1920w, https:\/\/xtlaser.com\/wp-content\/uploads\/2025\/12\/\u516d\u8f74\u5de5\u4e1a\u673a\u5668\u4eba\u8109\u51b2\u6e05\u6d17\u673a-\u4e3b\u56feok-300x169.webp 300w, https:\/\/xtlaser.com\/wp-content\/uploads\/2025\/12\/\u516d\u8f74\u5de5\u4e1a\u673a\u5668\u4eba\u8109\u51b2\u6e05\u6d17\u673a-\u4e3b\u56feok-1024x576.webp 1024w, https:\/\/xtlaser.com\/wp-content\/uploads\/2025\/12\/\u516d\u8f74\u5de5\u4e1a\u673a\u5668\u4eba\u8109\u51b2\u6e05\u6d17\u673a-\u4e3b\u56feok-768x432.webp 768w, https:\/\/xtlaser.com\/wp-content\/uploads\/2025\/12\/\u516d\u8f74\u5de5\u4e1a\u673a\u5668\u4eba\u8109\u51b2\u6e05\u6d17\u673a-\u4e3b\u56feok-1536x864.webp 1536w, https:\/\/xtlaser.com\/wp-content\/uploads\/2025\/12\/\u516d\u8f74\u5de5\u4e1a\u673a\u5668\u4eba\u8109\u51b2\u6e05\u6d17\u673a-\u4e3b\u56feok-600x338.webp 600w\" sizes=\"auto, (max-width: 1920px) 100vw, 1920px\" \/><\/figure>\n\n\n\n<h2 class=\"wp-block-heading has-text-align-left has-themecolor-1-color has-text-color has-large-font-size\"><strong>6 Eksenli End\u00fcstriyel Robotik Darbe Lazer Temizleme Makinesi<\/strong><\/h2>\n\n\n\n<p><strong>Y\u00fcksek hassasiyetli, s\u0131f\u0131r hasarl\u0131 hassas temizlik i\u00e7in uzman \u00e7\u00f6z\u00fcm.<\/strong><\/p>\n\n\n\n<p><\/p>\n\n\n\n<p><\/p>\n<\/div>\n<\/div><div class=\"layout_badh\"><div class=\"shizhezhao\" style=\"opacity:0.15;background-color:;\"><\/div><\/div><\/section>\n\n\n\n<section class=\"wp-block-themepark-block-themepark-area block_layout thempark-block PcOnly bom20 top20\" id=\"\" style=\"padding-top:300px;height:900px;box-sizing: border-box;width: 100%;\" data-swiper-parallax=\"-700\"><div class=\"block_layout_in\" style=\"\">\n<div class=\"wp-block-column block_layout_in is-layout-flow wp-block-column-is-layout-flow\">\n<div class=\"wp-block-themepark-block-themepark-xian theme_fang_out  top10\" style=\"text-align:left;padding-top:360px;\"><div class=\"fangbox\" style=\"width:0px;height:123px;\"><\/div><\/div>\n\n\n\n<h2 class=\"wp-block-heading has-text-align-left has-themecolor-1-color has-text-color has-large-font-size\">Y\u00fcksek Verimlilik ve \u00c7ift Kapasite<\/h2>\n\n\n\n<p><\/p>\n\n\n\n<p class=\"has-text-align-left has-monte-white-color has-text-color has-normal-font-size\">Utilizing pulsed laser technology with high and stable output power, this system delivers extremely fast cleaning speeds designed for large-scale operations and significantly enhanced production efficiency.<\/p>\n<\/div>\n<\/div><div class=\"layout_badh\"><div class=\"shizhezhao\" style=\"opacity:0.15;background-color:#000000;\"><\/div><div class=\"PcOnly themepark-block_layout_ba lazyload swiper-lazy\" style=\"background-size:cover;background-position:center;\" data-background=\"https:\/\/xtlaser.com\/wp-content\/uploads\/2025\/12\/\u516d\u8f74\u5de5\u4e1a\u673a\u5668\u4eba\u8109\u51b2\u6e05\u6d17\u673a-\u6781\u81f4\u7cbe\u5ea6-\u65e0\u635f\u6e05\u6d17ok.webp\"><\/div><\/div><\/section>\n\n\n\n<section class=\"wp-block-themepark-block-themepark-area block_layout thempark-block MovePnly bom10 top10\" id=\"\" style=\"padding-top:2px;height:900px;box-sizing: border-box;width: 100%;\" data-swiper-parallax=\"-700\"><div class=\"block_layout_in\" style=\"\">\n<div class=\"wp-block-column block_layout_in is-layout-flow wp-block-column-is-layout-flow\">\n<figure class=\"wp-block-image size-full\"><img loading=\"lazy\" decoding=\"async\" width=\"1920\" height=\"1080\" src=\"https:\/\/xtlaser.com\/wp-content\/uploads\/2025\/12\/\u516d\u8f74\u5de5\u4e1a\u673a\u5668\u4eba\u8109\u51b2\u6e05\u6d17\u673a-\u6781\u81f4\u7cbe\u5ea6-\u65e0\u635f\u6e05\u6d17ok.webp\" alt=\"\" class=\"wp-image-72288\" srcset=\"https:\/\/xtlaser.com\/wp-content\/uploads\/2025\/12\/\u516d\u8f74\u5de5\u4e1a\u673a\u5668\u4eba\u8109\u51b2\u6e05\u6d17\u673a-\u6781\u81f4\u7cbe\u5ea6-\u65e0\u635f\u6e05\u6d17ok.webp 1920w, https:\/\/xtlaser.com\/wp-content\/uploads\/2025\/12\/\u516d\u8f74\u5de5\u4e1a\u673a\u5668\u4eba\u8109\u51b2\u6e05\u6d17\u673a-\u6781\u81f4\u7cbe\u5ea6-\u65e0\u635f\u6e05\u6d17ok-300x169.webp 300w, https:\/\/xtlaser.com\/wp-content\/uploads\/2025\/12\/\u516d\u8f74\u5de5\u4e1a\u673a\u5668\u4eba\u8109\u51b2\u6e05\u6d17\u673a-\u6781\u81f4\u7cbe\u5ea6-\u65e0\u635f\u6e05\u6d17ok-1024x576.webp 1024w, https:\/\/xtlaser.com\/wp-content\/uploads\/2025\/12\/\u516d\u8f74\u5de5\u4e1a\u673a\u5668\u4eba\u8109\u51b2\u6e05\u6d17\u673a-\u6781\u81f4\u7cbe\u5ea6-\u65e0\u635f\u6e05\u6d17ok-768x432.webp 768w, https:\/\/xtlaser.com\/wp-content\/uploads\/2025\/12\/\u516d\u8f74\u5de5\u4e1a\u673a\u5668\u4eba\u8109\u51b2\u6e05\u6d17\u673a-\u6781\u81f4\u7cbe\u5ea6-\u65e0\u635f\u6e05\u6d17ok-1536x864.webp 1536w, https:\/\/xtlaser.com\/wp-content\/uploads\/2025\/12\/\u516d\u8f74\u5de5\u4e1a\u673a\u5668\u4eba\u8109\u51b2\u6e05\u6d17\u673a-\u6781\u81f4\u7cbe\u5ea6-\u65e0\u635f\u6e05\u6d17ok-600x338.webp 600w\" sizes=\"auto, (max-width: 1920px) 100vw, 1920px\" \/><\/figure>\n\n\n\n<h2 class=\"wp-block-heading has-text-align-left has-themecolor-1-color has-text-color has-large-font-size\">Y\u00fcksek Verimlilik ve \u00c7ift Kapasite<\/h2>\n\n\n\n<p>Utilizing pulsed laser technology with high and stable output power, this system delivers extremely fast cleaning speeds designed for large-scale operations and significantly enhanced production efficiency.<\/p>\n<\/div>\n<\/div><div class=\"layout_badh\"><div class=\"shizhezhao\" style=\"opacity:0.15;background-color:;\"><\/div><\/div><\/section>\n\n\n\n<section class=\"wp-block-themepark-block-themepark-area block_layout thempark-block PcOnly bom20 top20\" id=\"\" style=\"height:900px;box-sizing: border-box;width: 100%;\" data-swiper-parallax=\"-700\"><div class=\"block_layout_in\" style=\"\">\n<div class=\"wp-block-column block_layout_in is-layout-flow wp-block-column-is-layout-flow\">\n<div class=\"wp-block-themepark-block-themepark-xian theme_fang_out\" style=\"text-align:left;padding-top:1px;\"><div class=\"fangbox\" style=\"width:undefinedpx;height:34px;\"><\/div><\/div>\n\n\n\n<h2 class=\"wp-block-heading has-text-align-left has-themecolor-1-color has-text-color has-large-font-size\">Nihai Hareket Esnekli\u011fi<\/h2>\n\n\n\n<p><\/p>\n\n\n\n<p class=\"has-text-align-left has-monte-white-color has-text-color has-normal-font-size\">6 eksenli robotik sistem, ak\u0131c\u0131 hareketle manuel temizlemeyi m\u00fckemmel \u015fekilde taklit eder <\/p>\n\n\n\n<p class=\"has-text-align-left has-monte-white-color has-text-color has-normal-font-size\">ve p\u00fcr\u00fczs\u00fcz y\u00f6r\u00fcngelerle, dumanl\u0131 veya tozlu ortamlarda bile karma\u015f\u0131k y\u00fczeylere tam olarak uyum sa\u011flar.<\/p>\n\n\n\n<p class=\"has-text-align-left has-monte-white-color has-text-color has-normal-font-size\"><\/p>\n<\/div>\n<\/div><div class=\"layout_badh\"><div class=\"shizhezhao\" style=\"opacity:0.15;background-color:#000000;\"><\/div><div class=\"PcOnly themepark-block_layout_ba lazyload swiper-lazy\" style=\"background-size:cover;background-position:center;\" data-background=\"https:\/\/xtlaser.com\/wp-content\/uploads\/2025\/12\/\u516d\u8f74\u5de5\u4e1a\u673a\u5668\u4eba\u8109\u51b2\u6e05\u6d17\u673a-\u9ad8\u5ea6\u7075\u6d3b\u6027ok.webp\"><\/div><\/div><\/section>\n\n\n\n<section class=\"wp-block-themepark-block-themepark-area block_layout thempark-block MovePnly bom10 top10\" id=\"\" style=\"padding-top:2px;height:900px;box-sizing: border-box;width: 100%;\" data-swiper-parallax=\"-700\"><div class=\"block_layout_in\" style=\"\">\n<div class=\"wp-block-column block_layout_in is-layout-flow wp-block-column-is-layout-flow\">\n<figure class=\"wp-block-image size-full\"><img loading=\"lazy\" decoding=\"async\" width=\"1920\" height=\"1080\" src=\"https:\/\/xtlaser.com\/wp-content\/uploads\/2025\/12\/\u516d\u8f74\u5de5\u4e1a\u673a\u5668\u4eba\u8109\u51b2\u6e05\u6d17\u673a-\u9ad8\u5ea6\u7075\u6d3b\u6027ok.webp\" alt=\"\" class=\"wp-image-72289\" srcset=\"https:\/\/xtlaser.com\/wp-content\/uploads\/2025\/12\/\u516d\u8f74\u5de5\u4e1a\u673a\u5668\u4eba\u8109\u51b2\u6e05\u6d17\u673a-\u9ad8\u5ea6\u7075\u6d3b\u6027ok.webp 1920w, https:\/\/xtlaser.com\/wp-content\/uploads\/2025\/12\/\u516d\u8f74\u5de5\u4e1a\u673a\u5668\u4eba\u8109\u51b2\u6e05\u6d17\u673a-\u9ad8\u5ea6\u7075\u6d3b\u6027ok-300x169.webp 300w, https:\/\/xtlaser.com\/wp-content\/uploads\/2025\/12\/\u516d\u8f74\u5de5\u4e1a\u673a\u5668\u4eba\u8109\u51b2\u6e05\u6d17\u673a-\u9ad8\u5ea6\u7075\u6d3b\u6027ok-1024x576.webp 1024w, https:\/\/xtlaser.com\/wp-content\/uploads\/2025\/12\/\u516d\u8f74\u5de5\u4e1a\u673a\u5668\u4eba\u8109\u51b2\u6e05\u6d17\u673a-\u9ad8\u5ea6\u7075\u6d3b\u6027ok-768x432.webp 768w, https:\/\/xtlaser.com\/wp-content\/uploads\/2025\/12\/\u516d\u8f74\u5de5\u4e1a\u673a\u5668\u4eba\u8109\u51b2\u6e05\u6d17\u673a-\u9ad8\u5ea6\u7075\u6d3b\u6027ok-1536x864.webp 1536w, https:\/\/xtlaser.com\/wp-content\/uploads\/2025\/12\/\u516d\u8f74\u5de5\u4e1a\u673a\u5668\u4eba\u8109\u51b2\u6e05\u6d17\u673a-\u9ad8\u5ea6\u7075\u6d3b\u6027ok-600x338.webp 600w\" sizes=\"auto, (max-width: 1920px) 100vw, 1920px\" \/><\/figure>\n\n\n\n<h2 class=\"wp-block-heading has-text-align-left has-themecolor-1-color has-text-color has-large-font-size\"><strong>Nihai Hareket Esnekli\u011fi<\/strong><\/h2>\n\n\n\n<p>6 eksenli robotik sistem, ak\u0131c\u0131 hareket ve p\u00fcr\u00fczs\u00fcz y\u00f6r\u00fcngelerle manuel temizlemeyi m\u00fckemmel \u015fekilde taklit eder; dumanl\u0131 veya tozlu ortamlarda bile karma\u015f\u0131k y\u00fczeylere tam olarak uyum sa\u011flar.<\/p>\n<\/div>\n<\/div><div class=\"layout_badh\"><div class=\"shizhezhao\" style=\"opacity:0.15;background-color:;\"><\/div><\/div><\/section>\n\n\n\n<section class=\"wp-block-themepark-block-themepark-area block_layout thempark-block PcOnly bom20 top20\" id=\"\" style=\"height:900px;box-sizing: border-box;width: 100%;\" data-swiper-parallax=\"-700\"><div class=\"block_layout_in\" style=\"\">\n<div class=\"wp-block-column block_layout_in is-layout-flow wp-block-column-is-layout-flow\">\n<div class=\"wp-block-themepark-block-themepark-xian theme_fang_out  top10\" style=\"text-align:left;padding-top:1px;\"><div class=\"fangbox\" style=\"width:undefinedpx;height:137px;\"><\/div><\/div>\n\n\n\n<h2 class=\"wp-block-heading has-text-align-right has-themecolor-1-color has-text-color has-large-font-size\">Tahribats\u0131z ve \u00c7evre Dostu<\/h2>\n\n\n\n<p><\/p>\n\n\n\n<p class=\"has-text-align-right has-monte-white-color has-text-color has-normal-font-size\">Temas\u0131z lazer i\u015flemi, alt tabakaya zarar vermeden veya tehlikeli kimyasal \u00e7\u00f6z\u00fcc\u00fcler gerektirmeden pas, ya\u011f ve boyay\u0131 temizler. <\/p>\n\n\n\n<p class=\"has-text-align-right has-monte-white-color has-text-color has-normal-font-size\">kimyasal temizlemeye k\u0131yasla i\u015fletme maliyetlerini oran\u0131nda azalt\u0131r.<\/p>\n<\/div>\n<\/div><div class=\"layout_badh\"><div class=\"shizhezhao\" style=\"opacity:0.15;background-color:#000000;\"><\/div><div class=\"PcOnly themepark-block_layout_ba lazyload swiper-lazy\" style=\"background-size:cover;background-position:center;\" data-background=\"https:\/\/xtlaser.com\/wp-content\/uploads\/2025\/12\/\u8499\u7248\u7ec4-93.webp\"><\/div><\/div><\/section>\n\n\n\n<section class=\"wp-block-themepark-block-themepark-area block_layout thempark-block MovePnly bom10 top10\" id=\"\" style=\"padding-top:2px;height:900px;box-sizing: border-box;width: 100%;\" data-swiper-parallax=\"-700\"><div class=\"block_layout_in\" style=\"\">\n<div class=\"wp-block-column block_layout_in is-layout-flow wp-block-column-is-layout-flow\">\n<figure class=\"wp-block-image size-full is-style-default\"><img loading=\"lazy\" decoding=\"async\" width=\"1920\" height=\"1080\" src=\"https:\/\/xtlaser.com\/wp-content\/uploads\/2025\/12\/\u8499\u7248\u7ec4-93.webp\" alt=\"\" class=\"wp-image-72290\" srcset=\"https:\/\/xtlaser.com\/wp-content\/uploads\/2025\/12\/\u8499\u7248\u7ec4-93.webp 1920w, https:\/\/xtlaser.com\/wp-content\/uploads\/2025\/12\/\u8499\u7248\u7ec4-93-300x169.webp 300w, https:\/\/xtlaser.com\/wp-content\/uploads\/2025\/12\/\u8499\u7248\u7ec4-93-1024x576.webp 1024w, https:\/\/xtlaser.com\/wp-content\/uploads\/2025\/12\/\u8499\u7248\u7ec4-93-768x432.webp 768w, https:\/\/xtlaser.com\/wp-content\/uploads\/2025\/12\/\u8499\u7248\u7ec4-93-1536x864.webp 1536w, https:\/\/xtlaser.com\/wp-content\/uploads\/2025\/12\/\u8499\u7248\u7ec4-93-600x338.webp 600w\" sizes=\"auto, (max-width: 1920px) 100vw, 1920px\" \/><\/figure>\n\n\n\n<h2 class=\"wp-block-heading has-text-align-left has-themecolor-1-color has-text-color has-large-font-size\">Tahribats\u0131z ve \u00c7evre Dostu<\/h2>\n\n\n\n<p>Temas\u0131z lazer i\u015flemi, alt tabakaya zarar vermeden veya tehlikeli kimyasal \u00e7\u00f6z\u00fcc\u00fcler gerektirmeden pas, ya\u011f ve boyay\u0131 temizler; kimyasal temizlemeye k\u0131yasla i\u015fletme maliyetlerini azalt\u0131r.<\/p>\n\n\n\n<p><\/p>\n<\/div>\n<\/div><div class=\"layout_badh\"><div class=\"shizhezhao\" style=\"opacity:0.15;background-color:;\"><\/div><\/div><\/section>\n\n\n\n<section class=\"wp-block-themepark-block-themepark-area block_layout thempark-block PcOnly bom20 top20\" id=\"\" style=\"padding-top:300px;height:900px;box-sizing: border-box;width: 100%;\" data-swiper-parallax=\"-700\"><div class=\"block_layout_in\" style=\"\">\n<div class=\"wp-block-column block_layout_in is-layout-flow wp-block-column-is-layout-flow\">\n<div class=\"wp-block-themepark-block-themepark-xian theme_fang_out  top10\" style=\"text-align:left;padding-top:1px;\"><div class=\"fangbox\" style=\"width:undefinedpx;\"><\/div><\/div>\n\n\n\n<h2 class=\"wp-block-heading has-text-align-right has-themecolor-1-color has-text-color has-large-font-size\">\u00c7ok Y\u00f6nl\u00fc Entegrasyon<\/h2>\n\n\n\n<p><\/p>\n\n\n\n<p class=\"has-text-align-right has-monte-white-color has-text-color has-normal-font-size\">Y\u00fcksek derecede entegre tasar\u0131m, montaj hatt\u0131 operasyonlar\u0131 i\u00e7in idealdir. <\/p>\n\n\n\n<p class=\"has-text-align-right has-monte-white-color has-text-color has-normal-font-size\">b\u00fcy\u00fck \u00f6l\u00e7ekli bile\u015fenlerden y\u00fcksek hassasiyetli par\u00e7alara kadar \u00e7e\u015fitli temizlik zorluklar\u0131n\u0131 zahmetsizce y\u00f6netir.<\/p>\n<\/div>\n<\/div><div class=\"layout_badh\"><div class=\"shizhezhao\" style=\"opacity:0.15;background-color:#000000;\"><\/div><div class=\"PcOnly themepark-block_layout_ba lazyload swiper-lazy\" style=\"background-size:cover;background-position:center;\" data-background=\"https:\/\/xtlaser.com\/wp-content\/uploads\/2025\/12\/\u516d\u8f74\u5de5\u4e1a\u673a\u5668\u4eba\u8109\u51b2\u6e05\u6d17\u673a-\u4e3b\u56feok-1.webp\"><\/div><\/div><\/section>\n\n\n\n<section class=\"wp-block-themepark-block-themepark-area block_layout thempark-block MovePnly bom10 top10\" id=\"\" style=\"padding-top:2px;height:900px;box-sizing: border-box;width: 100%;\" data-swiper-parallax=\"-700\"><div class=\"block_layout_in\" style=\"\">\n<div class=\"wp-block-column block_layout_in is-layout-flow wp-block-column-is-layout-flow\">\n<figure class=\"wp-block-image size-full is-style-default\"><img loading=\"lazy\" decoding=\"async\" width=\"1920\" height=\"1080\" src=\"https:\/\/xtlaser.com\/wp-content\/uploads\/2025\/12\/\u516d\u8f74\u5de5\u4e1a\u673a\u5668\u4eba\u8109\u51b2\u6e05\u6d17\u673a-\u4e3b\u56feok-1.webp\" alt=\"\" class=\"wp-image-72291\" srcset=\"https:\/\/xtlaser.com\/wp-content\/uploads\/2025\/12\/\u516d\u8f74\u5de5\u4e1a\u673a\u5668\u4eba\u8109\u51b2\u6e05\u6d17\u673a-\u4e3b\u56feok-1.webp 1920w, https:\/\/xtlaser.com\/wp-content\/uploads\/2025\/12\/\u516d\u8f74\u5de5\u4e1a\u673a\u5668\u4eba\u8109\u51b2\u6e05\u6d17\u673a-\u4e3b\u56feok-1-300x169.webp 300w, https:\/\/xtlaser.com\/wp-content\/uploads\/2025\/12\/\u516d\u8f74\u5de5\u4e1a\u673a\u5668\u4eba\u8109\u51b2\u6e05\u6d17\u673a-\u4e3b\u56feok-1-1024x576.webp 1024w, https:\/\/xtlaser.com\/wp-content\/uploads\/2025\/12\/\u516d\u8f74\u5de5\u4e1a\u673a\u5668\u4eba\u8109\u51b2\u6e05\u6d17\u673a-\u4e3b\u56feok-1-768x432.webp 768w, https:\/\/xtlaser.com\/wp-content\/uploads\/2025\/12\/\u516d\u8f74\u5de5\u4e1a\u673a\u5668\u4eba\u8109\u51b2\u6e05\u6d17\u673a-\u4e3b\u56feok-1-1536x864.webp 1536w, https:\/\/xtlaser.com\/wp-content\/uploads\/2025\/12\/\u516d\u8f74\u5de5\u4e1a\u673a\u5668\u4eba\u8109\u51b2\u6e05\u6d17\u673a-\u4e3b\u56feok-1-600x338.webp 600w\" sizes=\"auto, (max-width: 1920px) 100vw, 1920px\" \/><\/figure>\n\n\n\n<h2 class=\"wp-block-heading has-text-align-left has-themecolor-1-color has-text-color has-large-font-size\">\u00c7ok Y\u00f6nl\u00fc Entegrasyon<\/h2>\n\n\n\n<p>Y\u00fcksek derecede entegre tasar\u0131m, montaj hatt\u0131 operasyonlar\u0131 i\u00e7in idealdir. <\/p>\n\n\n\n<p>b\u00fcy\u00fck \u00f6l\u00e7ekli bile\u015fenlerden y\u00fcksek hassasiyetli par\u00e7alara kadar \u00e7e\u015fitli temizlik zorluklar\u0131n\u0131 zahmetsizce y\u00f6netir.<\/p>\n<\/div>\n<\/div><div class=\"layout_badh\"><div class=\"shizhezhao\" style=\"opacity:0.15;background-color:;\"><\/div><\/div><\/section>\n\n\n\n<div class=\"wp-block-themepark-block-themepark-area block_layout thempark-block undefined\" id=\"padingmax\" style=\"background-color:#f7f7f7;padding-bottom:38px;padding-top:38px;\" data-swiper-parallax=\"-700\"><div class=\"block_layout_in\" style=\"max-width:1900px;\">\n<div class=\"wp-block-column block_layout_in is-layout-flow wp-block-column-is-layout-flow\">\n<div class=\"wp-block-themepark-block-themepark-wright content-super-p\" style=\"font-size:12px;line-height:42px;padding:10px 10px;\">\n<div class=\"wp-block-column is-layout-flow wp-block-column-is-layout-flow\">\n<p class=\"has-text-align-center has-themecolor-1-color has-text-color has-link-color has-large-font-size wp-elements-505a22334c3fb101a058a2f77acdf7c0\"><strong>Uygulama Alanlar\u0131<\/strong><\/p>\n\n\n\n<p class=\"has-text-align-center has-text-color has-link-color has-normal-font-size wp-elements-d29f076049c73b20d13c5e16305cd609\" style=\"color:#333333\"> Havac\u0131l\u0131k ve Uzay, K\u00f6pr\u00fc \u0130n\u015faat\u0131, Rayl\u0131 Ta\u015f\u0131mac\u0131l\u0131k, Otomotiv \u00dcretimi, Gemi \u0130n\u015fa ve di\u011fer sekt\u00f6rlerde yayg\u0131n olarak uygulan\u0131r.<\/p>\n\n\n\n<p><\/p>\n\n\n<div class=\"wp-block-image\">\n<figure class=\"aligncenter size-full\"><img loading=\"lazy\" decoding=\"async\" width=\"1550\" height=\"302\" src=\"https:\/\/xtlaser.com\/wp-content\/uploads\/2025\/12\/\u7ec4-530.webp\" alt=\"\" class=\"wp-image-72278\" srcset=\"https:\/\/xtlaser.com\/wp-content\/uploads\/2025\/12\/\u7ec4-530.webp 1550w, https:\/\/xtlaser.com\/wp-content\/uploads\/2025\/12\/\u7ec4-530-300x58.webp 300w, https:\/\/xtlaser.com\/wp-content\/uploads\/2025\/12\/\u7ec4-530-1024x200.webp 1024w, https:\/\/xtlaser.com\/wp-content\/uploads\/2025\/12\/\u7ec4-530-768x150.webp 768w, https:\/\/xtlaser.com\/wp-content\/uploads\/2025\/12\/\u7ec4-530-1536x299.webp 1536w, https:\/\/xtlaser.com\/wp-content\/uploads\/2025\/12\/\u7ec4-530-600x117.webp 600w\" sizes=\"auto, (max-width: 1550px) 100vw, 1550px\" \/><\/figure>\n<\/div><\/div>\n<\/div>\n<\/div>\n<\/div><div class=\"layout_badh\"><\/div><\/div>\n\n\n\n<div class=\"wp-block-themepark-block-themepark-area block_layout thempark-block undefined\" id=\"padingmax\" style=\"background-color:#f7f7f7;padding-bottom:38px;padding-top:38px;\" data-swiper-parallax=\"-700\"><div class=\"block_layout_in\" style=\"max-width:1900px;\">\n<div class=\"wp-block-column block_layout_in is-layout-flow wp-block-column-is-layout-flow\">\n<div class=\"wp-block-themepark-block-themepark-wright content-super-p\" style=\"font-size:12px;line-height:42px;padding:10px 10px;\">\n<div class=\"wp-block-column is-layout-flow wp-block-column-is-layout-flow\">\n<p class=\"has-text-align-center has-themecolor-1-color has-text-color has-link-color has-large-font-size wp-elements-952fa8031078b4dadc0cd7e2ca3620ef\"><strong>\u00d6rnek Galerisi<\/strong><\/p>\n\n\n\n<p><\/p>\n\n\n<div class=\"wp-block-image\">\n<figure class=\"aligncenter size-full\"><img loading=\"lazy\" decoding=\"async\" width=\"1550\" height=\"222\" src=\"https:\/\/xtlaser.com\/wp-content\/uploads\/2025\/12\/\u7ec4-526.webp\" alt=\"\" class=\"wp-image-72279\" srcset=\"https:\/\/xtlaser.com\/wp-content\/uploads\/2025\/12\/\u7ec4-526.webp 1550w, https:\/\/xtlaser.com\/wp-content\/uploads\/2025\/12\/\u7ec4-526-300x43.webp 300w, https:\/\/xtlaser.com\/wp-content\/uploads\/2025\/12\/\u7ec4-526-1024x147.webp 1024w, https:\/\/xtlaser.com\/wp-content\/uploads\/2025\/12\/\u7ec4-526-768x110.webp 768w, https:\/\/xtlaser.com\/wp-content\/uploads\/2025\/12\/\u7ec4-526-1536x220.webp 1536w, https:\/\/xtlaser.com\/wp-content\/uploads\/2025\/12\/\u7ec4-526-600x86.webp 600w\" sizes=\"auto, (max-width: 1550px) 100vw, 1550px\" \/><\/figure>\n<\/div><\/div>\n<\/div>\n<\/div>\n<\/div><div class=\"layout_badh\"><\/div><\/div>\n\n\n\n<p><\/p>\n<\/div>","protected":false},"excerpt":{"rendered":"[tp_attributes num_attributes=\"5\"]","protected":false},"featured_media":72293,"template":"","meta":{"themepark_post_bcolor":"#f5f5f5","themepark_post_width":"1022px","themepark_post_img":"","themepark_post_img_po":"left","themepark_post_img_re":false,"themepark_post_img_cover":false,"themepark_post_img_fixed":false,"themepark_post_hide_title":false,"themepark_post_main_b":"","themepark_post_main_p":100,"themepark_paddingblock":false},"product_brand":[47],"product_cat":[69,2809],"product_tag":[2802],"class_list":{"0":"post-72292","1":"product","2":"type-product","3":"status-publish","4":"has-post-thumbnail","6":"product_brand-xt-laser","7":"product_cat-fiber-laser-cutting-machine","8":"product_cat-laser-cleaning","9":"product_tag-cleaning-machine","10":"pa_highlights-laser-cleaning","12":"first","13":"instock","14":"shipping-taxable","15":"product-type-simple"},"_links":{"self":[{"href":"https:\/\/xtlaser.com\/tr\/wp-json\/wp\/v2\/product\/72292","targetHints":{"allow":["GET"]}}],"collection":[{"href":"https:\/\/xtlaser.com\/tr\/wp-json\/wp\/v2\/product"}],"about":[{"href":"https:\/\/xtlaser.com\/tr\/wp-json\/wp\/v2\/types\/product"}],"wp:featuredmedia":[{"embeddable":true,"href":"https:\/\/xtlaser.com\/tr\/wp-json\/wp\/v2\/media\/72293"}],"wp:attachment":[{"href":"https:\/\/xtlaser.com\/tr\/wp-json\/wp\/v2\/media?parent=72292"}],"wp:term":[{"taxonomy":"product_brand","embeddable":true,"href":"https:\/\/xtlaser.com\/tr\/wp-json\/wp\/v2\/product_brand?post=72292"},{"taxonomy":"product_cat","embeddable":true,"href":"https:\/\/xtlaser.com\/tr\/wp-json\/wp\/v2\/product_cat?post=72292"},{"taxonomy":"product_tag","embeddable":true,"href":"https:\/\/xtlaser.com\/tr\/wp-json\/wp\/v2\/product_tag?post=72292"}],"curies":[{"name":"wp","href":"https:\/\/api.w.org\/{rel}","templated":true}]}}