{"id":72240,"date":"2025-12-23T13:46:09","date_gmt":"2025-12-23T05:46:09","guid":{"rendered":"https:\/\/xtlaser.com\/?post_type=product&#038;p=72240"},"modified":"2026-01-27T15:27:19","modified_gmt":"2026-01-27T07:27:19","slug":"laser-cladding-robot","status":"publish","type":"product","link":"https:\/\/xtlaser.com\/tr\/product-item\/laser-cladding-robot","title":{"rendered":"Lazer Kaplama Robotu"},"content":{"rendered":"<div class=\"post_content\">\n<section class=\"wp-block-themepark-block-themepark-area block_layout thempark-block PcOnly bom20 top20\" id=\"\" style=\"padding-top:76px;height:900px;box-sizing: border-box;width: 100%;\" data-swiper-parallax=\"-700\"><div class=\"block_layout_in\" style=\"\">\n<div class=\"wp-block-column block_layout_in is-layout-flow wp-block-column-is-layout-flow\">\n<div class=\"wp-block-themepark-block-themepark-xian theme_fang_out\" style=\"text-align:left;\"><div class=\"fangbox\" style=\"width:undefinedpx;\"><\/div><\/div>\n\n\n\n<h2 class=\"wp-block-heading has-text-align-right has-themecolor-1-color has-text-color has-large-font-size\">Lazer Kaplama Robotu<\/h2>\n\n\n\n<h1 class=\"wp-block-heading has-text-align-right has-monte-white-color has-text-color has-normal-font-size\">Y\u00fcksek de\u011ferli bile\u015fenler i\u00e7in katmanl\u0131 imalat ve y\u00fczey modifikasyonu uzman\u0131.<\/h1>\n<\/div>\n<\/div><div class=\"layout_badh\"><div class=\"shizhezhao\" style=\"opacity:0.15;background-color:#000000;\"><\/div><div class=\"PcOnly themepark-block_layout_ba lazyload swiper-lazy\" style=\"background-size:cover;background-position:center;\" data-background=\"https:\/\/xtlaser.com\/wp-content\/uploads\/2025\/12\/\u6fc0\u5149\u7194\u8986\u673a\u5668\u4eba-\u591a\u8f74\u8fd0\u52a8\u6781\u81f4\u67d4\u6027ok.webp\"><\/div><\/div><\/section>\n\n\n\n<section class=\"wp-block-themepark-block-themepark-area block_layout thempark-block MovePnly bom10 top10\" id=\"\" style=\"padding-top:2px;height:900px;box-sizing: border-box;width: 100%;\" data-swiper-parallax=\"-700\"><div class=\"block_layout_in\" style=\"\">\n<div class=\"wp-block-column block_layout_in is-layout-flow wp-block-column-is-layout-flow\">\n<figure class=\"wp-block-image size-full\"><img loading=\"lazy\" decoding=\"async\" width=\"1927\" height=\"1084\" src=\"https:\/\/xtlaser.com\/wp-content\/uploads\/2025\/12\/\u6fc0\u5149\u7194\u8986\u673a\u5668\u4eba-\u591a\u8f74\u8fd0\u52a8\u6781\u81f4\u67d4\u6027ok.webp\" alt=\"\" class=\"wp-image-72234\" srcset=\"https:\/\/xtlaser.com\/wp-content\/uploads\/2025\/12\/\u6fc0\u5149\u7194\u8986\u673a\u5668\u4eba-\u591a\u8f74\u8fd0\u52a8\u6781\u81f4\u67d4\u6027ok.webp 1927w, https:\/\/xtlaser.com\/wp-content\/uploads\/2025\/12\/\u6fc0\u5149\u7194\u8986\u673a\u5668\u4eba-\u591a\u8f74\u8fd0\u52a8\u6781\u81f4\u67d4\u6027ok-300x169.webp 300w, https:\/\/xtlaser.com\/wp-content\/uploads\/2025\/12\/\u6fc0\u5149\u7194\u8986\u673a\u5668\u4eba-\u591a\u8f74\u8fd0\u52a8\u6781\u81f4\u67d4\u6027ok-1024x576.webp 1024w, https:\/\/xtlaser.com\/wp-content\/uploads\/2025\/12\/\u6fc0\u5149\u7194\u8986\u673a\u5668\u4eba-\u591a\u8f74\u8fd0\u52a8\u6781\u81f4\u67d4\u6027ok-768x432.webp 768w, https:\/\/xtlaser.com\/wp-content\/uploads\/2025\/12\/\u6fc0\u5149\u7194\u8986\u673a\u5668\u4eba-\u591a\u8f74\u8fd0\u52a8\u6781\u81f4\u67d4\u6027ok-1536x864.webp 1536w, https:\/\/xtlaser.com\/wp-content\/uploads\/2025\/12\/\u6fc0\u5149\u7194\u8986\u673a\u5668\u4eba-\u591a\u8f74\u8fd0\u52a8\u6781\u81f4\u67d4\u6027ok-600x338.webp 600w\" sizes=\"auto, (max-width: 1927px) 100vw, 1927px\" \/><\/figure>\n\n\n\n<h2 class=\"wp-block-heading has-text-align-left has-themecolor-1-color has-text-color has-large-font-size\">Lazer Kaplama Robotu<\/h2>\n\n\n\n<p>Y\u00fcksek de\u011ferli bile\u015fenler i\u00e7in katmanl\u0131 imalat ve y\u00fczey modifikasyonu uzman\u0131.<\/p>\n<\/div>\n<\/div><div class=\"layout_badh\"><div class=\"shizhezhao\" style=\"opacity:0.15;background-color:;\"><\/div><\/div><\/section>\n\n\n\n<section class=\"wp-block-themepark-block-themepark-area block_layout thempark-block PcOnly bom20 top20\" id=\"\" style=\"padding-top:300px;height:900px;box-sizing: border-box;width: 100%;\" data-swiper-parallax=\"-700\"><div class=\"block_layout_in\" style=\"\">\n<div class=\"wp-block-column block_layout_in is-layout-flow wp-block-column-is-layout-flow\">\n<div class=\"wp-block-themepark-block-themepark-xian theme_fang_out  top10\" style=\"text-align:left;padding-top:1px;\"><div class=\"fangbox\" style=\"width:0px;\"><\/div><\/div>\n\n\n\n<h2 class=\"wp-block-heading has-text-align-left has-themecolor-1-color has-text-color has-large-font-size\">De\u011fi\u015ftirmek Yerine Onar\u0131m | Maliyeti Azalt\u0131r<\/h2>\n\n\n\n<p><\/p>\n\n\n\n<p class=\"has-text-align-left has-monte-white-color has-text-color has-normal-font-size\">Y\u00fcksek de\u011ferli \u00e7ekirdek bile\u015fenlerin hurdaya ayr\u0131lmas\u0131 art\u0131k bir \u00e7\u00f6z\u00fcm de\u011fil.<\/p>\n\n\n\n<p class=\"has-text-align-left has-monte-white-color has-text-color has-normal-font-size\"> Hassas lazer kaplama, performans\u0131 orijinal standartlara geri y\u00fckler\u2014hatta bunu a\u015far. <\/p>\n\n\n\n<p class=\"has-text-align-left has-monte-white-color has-text-color has-normal-font-size\">Onar\u0131m maliyetleri yeni par\u00e7a temininin yaln\u0131zca -'u oldu\u011fundan, do\u011frudan maliyet azalt\u0131m\u0131 sa\u011flars\u0131n\u0131z.<\/p>\n<\/div>\n<\/div><div class=\"layout_badh\"><div class=\"shizhezhao\" style=\"opacity:0.15;background-color:#000000;\"><\/div><div class=\"PcOnly themepark-block_layout_ba lazyload swiper-lazy\" style=\"background-size:cover;background-position:center;\" data-background=\"https:\/\/xtlaser.com\/wp-content\/uploads\/2025\/12\/\u4ee5\u4fee\u4ee3\u9020\uff0c\u6210\u672c\u9510\u51cf70ok.webp\"><\/div><\/div><\/section>\n\n\n\n<section class=\"wp-block-themepark-block-themepark-area block_layout thempark-block MovePnly bom10 top10\" id=\"\" style=\"padding-top:2px;height:900px;box-sizing: border-box;width: 100%;\" data-swiper-parallax=\"-700\"><div class=\"block_layout_in\" style=\"\">\n<div class=\"wp-block-column block_layout_in is-layout-flow wp-block-column-is-layout-flow\">\n<figure class=\"wp-block-image size-full\"><img loading=\"lazy\" decoding=\"async\" width=\"1918\" height=\"1079\" src=\"https:\/\/xtlaser.com\/wp-content\/uploads\/2025\/12\/\u4ee5\u4fee\u4ee3\u9020\uff0c\u6210\u672c\u9510\u51cf70ok.webp\" alt=\"\" class=\"wp-image-72235\" srcset=\"https:\/\/xtlaser.com\/wp-content\/uploads\/2025\/12\/\u4ee5\u4fee\u4ee3\u9020\uff0c\u6210\u672c\u9510\u51cf70ok.webp 1918w, https:\/\/xtlaser.com\/wp-content\/uploads\/2025\/12\/\u4ee5\u4fee\u4ee3\u9020\uff0c\u6210\u672c\u9510\u51cf70ok-300x169.webp 300w, https:\/\/xtlaser.com\/wp-content\/uploads\/2025\/12\/\u4ee5\u4fee\u4ee3\u9020\uff0c\u6210\u672c\u9510\u51cf70ok-1024x576.webp 1024w, https:\/\/xtlaser.com\/wp-content\/uploads\/2025\/12\/\u4ee5\u4fee\u4ee3\u9020\uff0c\u6210\u672c\u9510\u51cf70ok-768x432.webp 768w, https:\/\/xtlaser.com\/wp-content\/uploads\/2025\/12\/\u4ee5\u4fee\u4ee3\u9020\uff0c\u6210\u672c\u9510\u51cf70ok-1536x864.webp 1536w, https:\/\/xtlaser.com\/wp-content\/uploads\/2025\/12\/\u4ee5\u4fee\u4ee3\u9020\uff0c\u6210\u672c\u9510\u51cf70ok-600x338.webp 600w\" sizes=\"auto, (max-width: 1918px) 100vw, 1918px\" \/><\/figure>\n\n\n\n<h2 class=\"wp-block-heading has-text-align-left has-themecolor-1-color has-text-color has-large-font-size\">De\u011fi\u015ftirmek Yerine Onar\u0131m | Maliyeti Azalt\u0131r<\/h2>\n\n\n\n<p>Y\u00fcksek de\u011ferli \u00e7ekirdek bile\u015fenlerin hurdaya ayr\u0131lmas\u0131 art\u0131k son \u00e7are de\u011fil. Hassas lazer kaplama, performans\u0131 orijinal standartlara geri y\u00fckler<\/p>\n\n\n\n<p>\u2014hatta onlar\u0131 a\u015far. Onar\u0131m maliyetleri yeni par\u00e7a temininin sadece -'u oldu\u011fundan, do\u011frudan maliyet azalt\u0131m\u0131 sa\u011flars\u0131n\u0131z.<\/p>\n<\/div>\n<\/div><div class=\"layout_badh\"><div class=\"shizhezhao\" style=\"opacity:0.15;background-color:;\"><\/div><\/div><\/section>\n\n\n\n<section class=\"wp-block-themepark-block-themepark-area block_layout thempark-block PcOnly bom20 top20\" id=\"\" style=\"padding-top:300px;height:900px;box-sizing: border-box;width: 100%;\" data-swiper-parallax=\"-700\"><div class=\"block_layout_in\" style=\"\">\n<div class=\"wp-block-column block_layout_in is-layout-flow wp-block-column-is-layout-flow\">\n<div class=\"wp-block-themepark-block-themepark-xian theme_fang_out\" style=\"text-align:left;padding-top:1px;\"><div class=\"fangbox\" style=\"width:undefinedpx;\"><\/div><\/div>\n\n\n\n<h2 class=\"wp-block-heading has-text-align-left has-themecolor-1-color has-text-color has-large-font-size\">Performans S\u0131\u00e7ramas\u0131 | \u00d6m\u00fcr 1-2 Kat Uzat\u0131ld\u0131<\/h2>\n\n\n\n<p><\/p>\n\n\n\n<p class=\"has-text-align-left has-monte-white-color has-text-color has-normal-font-size\">Bu, basit bir onar\u0131mdan \u00e7ok daha fazlas\u0131d\u0131r. Kapsaml\u0131 bir performans y\u00fckseltmesidir. Y\u00fcksek performansl\u0131 ala\u015f\u0131m malzemelerinin kaplanmas\u0131yla, <\/p>\n\n\n\n<p class=\"has-text-align-left has-monte-white-color has-text-color has-normal-font-size\">onar\u0131lm\u0131\u015f bile\u015fenler \u00fcst\u00fcn a\u015f\u0131nma direnci, korozyon direnci, <\/p>\n\n\n\n<p class=\"has-text-align-left has-monte-white-color has-text-color has-normal-font-size\">ve yeni \u00fcr\u00fcnleri a\u015fan y\u00fcksek s\u0131cakl\u0131k tolerans\u0131 kazanarak, hizmet \u00f6mr\u00fc fiilen iki kat\u0131na \u00e7\u0131kar.<\/p>\n<\/div>\n<\/div><div class=\"layout_badh\"><div class=\"shizhezhao\" style=\"opacity:0.15;background-color:#000000;\"><\/div><div class=\"PcOnly themepark-block_layout_ba lazyload swiper-lazy\" style=\"background-size:cover;background-position:center;\" data-background=\"https:\/\/xtlaser.com\/wp-content\/uploads\/2025\/12\/\u6fc0\u5149\u7194\u8986\u673a\u5668\u4eba-\u6027\u80fd\u8dc3\u5347\uff0c\u5bff\u547d\u5ef6\u957f1-2\u500dok.webp\"><\/div><\/div><\/section>\n\n\n\n<section class=\"wp-block-themepark-block-themepark-area block_layout thempark-block MovePnly bom10 top10\" id=\"\" style=\"padding-top:2px;height:900px;box-sizing: border-box;width: 100%;\" data-swiper-parallax=\"-700\"><div class=\"block_layout_in\" style=\"\">\n<div class=\"wp-block-column block_layout_in is-layout-flow wp-block-column-is-layout-flow\">\n<figure class=\"wp-block-image size-full\"><img loading=\"lazy\" decoding=\"async\" width=\"1920\" height=\"1080\" src=\"https:\/\/xtlaser.com\/wp-content\/uploads\/2025\/12\/\u6fc0\u5149\u7194\u8986\u673a\u5668\u4eba-\u6027\u80fd\u8dc3\u5347\uff0c\u5bff\u547d\u5ef6\u957f1-2\u500dok.webp\" alt=\"\" class=\"wp-image-72236\" srcset=\"https:\/\/xtlaser.com\/wp-content\/uploads\/2025\/12\/\u6fc0\u5149\u7194\u8986\u673a\u5668\u4eba-\u6027\u80fd\u8dc3\u5347\uff0c\u5bff\u547d\u5ef6\u957f1-2\u500dok.webp 1920w, https:\/\/xtlaser.com\/wp-content\/uploads\/2025\/12\/\u6fc0\u5149\u7194\u8986\u673a\u5668\u4eba-\u6027\u80fd\u8dc3\u5347\uff0c\u5bff\u547d\u5ef6\u957f1-2\u500dok-300x169.webp 300w, https:\/\/xtlaser.com\/wp-content\/uploads\/2025\/12\/\u6fc0\u5149\u7194\u8986\u673a\u5668\u4eba-\u6027\u80fd\u8dc3\u5347\uff0c\u5bff\u547d\u5ef6\u957f1-2\u500dok-1024x576.webp 1024w, https:\/\/xtlaser.com\/wp-content\/uploads\/2025\/12\/\u6fc0\u5149\u7194\u8986\u673a\u5668\u4eba-\u6027\u80fd\u8dc3\u5347\uff0c\u5bff\u547d\u5ef6\u957f1-2\u500dok-768x432.webp 768w, https:\/\/xtlaser.com\/wp-content\/uploads\/2025\/12\/\u6fc0\u5149\u7194\u8986\u673a\u5668\u4eba-\u6027\u80fd\u8dc3\u5347\uff0c\u5bff\u547d\u5ef6\u957f1-2\u500dok-1536x864.webp 1536w, https:\/\/xtlaser.com\/wp-content\/uploads\/2025\/12\/\u6fc0\u5149\u7194\u8986\u673a\u5668\u4eba-\u6027\u80fd\u8dc3\u5347\uff0c\u5bff\u547d\u5ef6\u957f1-2\u500dok-600x338.webp 600w\" sizes=\"auto, (max-width: 1920px) 100vw, 1920px\" \/><\/figure>\n\n\n\n<h2 class=\"wp-block-heading has-text-align-left has-themecolor-1-color has-text-color has-large-font-size\">Performans S\u0131\u00e7ramas\u0131 | \u00d6m\u00fcr 1-2 Kat Uzat\u0131ld\u0131<\/h2>\n\n\n\n<p>Bu, basit bir restorasyondan \u00e7ok daha fazlas\u0131d\u0131r. Kapsaml\u0131 bir performans y\u00fckseltmesidir. Y\u00fcksek performansl\u0131 ala\u015f\u0131m malzemelerle kaplanarak onar\u0131lan bile\u015fenler, yeni \u00fcr\u00fcnleri a\u015fan \u00fcst\u00fcn a\u015f\u0131nma direnci, korozyon direnci ve y\u00fcksek s\u0131cakl\u0131k dayan\u0131m\u0131 kazan\u0131r - b\u00f6ylece hizmet \u00f6m\u00fcrleri etkin bir \u015fekilde iki kat\u0131na \u00e7\u0131kar.<\/p>\n<\/div>\n<\/div><div class=\"layout_badh\"><div class=\"shizhezhao\" style=\"opacity:0.15;background-color:;\"><\/div><\/div><\/section>\n\n\n\n<section class=\"wp-block-themepark-block-themepark-area block_layout thempark-block PcOnly bom20 top20\" id=\"\" style=\"padding-top:300px;height:900px;box-sizing: border-box;width: 100%;\" data-swiper-parallax=\"-700\"><div class=\"block_layout_in\" style=\"\">\n<div class=\"wp-block-column block_layout_in is-layout-flow wp-block-column-is-layout-flow\">\n<div class=\"wp-block-themepark-block-themepark-xian theme_fang_out  top10\" style=\"text-align:left;padding-top:1px;\"><div class=\"fangbox\" style=\"width:undefinedpx;\"><\/div><\/div>\n\n\n\n<h2 class=\"wp-block-heading has-text-align-right has-themecolor-1-color has-text-color has-large-font-size\">G\u00f6rsel Tarama | Son Derece Basit Operasyon<\/h2>\n\n\n\n<p><\/p>\n\n\n\n<p class=\"has-text-align-right has-monte-white-color has-text-color has-normal-font-size\">Devrimsel, programs\u0131z operasyon. Sistem otomatik g\u00f6rsel tarama ve tan\u0131ma ger\u00e7ekle\u015ftirdi\u011finden i\u015f par\u00e7alar\u0131 rastgele yerle\u015ftirilebilir. <\/p>\n\n\n\n<p class=\"has-text-align-right has-monte-white-color has-text-color has-normal-font-size\">Completely eliminate technical dependence on professional technicians and expensive software.<\/p>\n<\/div>\n<\/div><div class=\"layout_badh\"><div class=\"shizhezhao\" style=\"opacity:0.15;background-color:#000000;\"><\/div><div class=\"PcOnly themepark-block_layout_ba lazyload swiper-lazy\" style=\"background-size:cover;background-position:center;\" data-background=\"https:\/\/xtlaser.com\/wp-content\/uploads\/2025\/12\/\u6fc0\u5149\u7194\u8986\u673a\u5668\u4eba-\u89c6\u89c9\u626b\u63cf\uff0c\u6781\u7b80\u64cd\u4f5cok.webp\"><\/div><\/div><\/section>\n\n\n\n<section class=\"wp-block-themepark-block-themepark-area block_layout thempark-block MovePnly bom10 top10\" id=\"\" style=\"padding-top:2px;height:900px;box-sizing: border-box;width: 100%;\" data-swiper-parallax=\"-700\"><div class=\"block_layout_in\" style=\"\">\n<div class=\"wp-block-column block_layout_in is-layout-flow wp-block-column-is-layout-flow\">\n<figure class=\"wp-block-image size-full is-style-default\"><img loading=\"lazy\" decoding=\"async\" width=\"1922\" height=\"1081\" src=\"https:\/\/xtlaser.com\/wp-content\/uploads\/2025\/12\/\u6fc0\u5149\u7194\u8986\u673a\u5668\u4eba-\u89c6\u89c9\u626b\u63cf\uff0c\u6781\u7b80\u64cd\u4f5cok.webp\" alt=\"\" class=\"wp-image-72237\" srcset=\"https:\/\/xtlaser.com\/wp-content\/uploads\/2025\/12\/\u6fc0\u5149\u7194\u8986\u673a\u5668\u4eba-\u89c6\u89c9\u626b\u63cf\uff0c\u6781\u7b80\u64cd\u4f5cok.webp 1922w, https:\/\/xtlaser.com\/wp-content\/uploads\/2025\/12\/\u6fc0\u5149\u7194\u8986\u673a\u5668\u4eba-\u89c6\u89c9\u626b\u63cf\uff0c\u6781\u7b80\u64cd\u4f5cok-300x169.webp 300w, https:\/\/xtlaser.com\/wp-content\/uploads\/2025\/12\/\u6fc0\u5149\u7194\u8986\u673a\u5668\u4eba-\u89c6\u89c9\u626b\u63cf\uff0c\u6781\u7b80\u64cd\u4f5cok-1024x576.webp 1024w, https:\/\/xtlaser.com\/wp-content\/uploads\/2025\/12\/\u6fc0\u5149\u7194\u8986\u673a\u5668\u4eba-\u89c6\u89c9\u626b\u63cf\uff0c\u6781\u7b80\u64cd\u4f5cok-768x432.webp 768w, https:\/\/xtlaser.com\/wp-content\/uploads\/2025\/12\/\u6fc0\u5149\u7194\u8986\u673a\u5668\u4eba-\u89c6\u89c9\u626b\u63cf\uff0c\u6781\u7b80\u64cd\u4f5cok-1536x864.webp 1536w, https:\/\/xtlaser.com\/wp-content\/uploads\/2025\/12\/\u6fc0\u5149\u7194\u8986\u673a\u5668\u4eba-\u89c6\u89c9\u626b\u63cf\uff0c\u6781\u7b80\u64cd\u4f5cok-600x337.webp 600w\" sizes=\"auto, (max-width: 1922px) 100vw, 1922px\" \/><\/figure>\n\n\n\n<h2 class=\"wp-block-heading has-text-align-left has-themecolor-1-color has-text-color has-large-font-size\">G\u00f6rsel Tarama | Son Derece Basit Operasyon<\/h2>\n\n\n\n<p>Devrimsel, programs\u0131z operasyon. Sistem otomatik g\u00f6rsel tarama ve tan\u0131ma ger\u00e7ekle\u015ftirdi\u011finden i\u015f par\u00e7alar\u0131 rastgele yerle\u015ftirilebilir. <\/p>\n\n\n\n<p>Completely eliminate technical dependence on professional technicians and expensive software.<\/p>\n<\/div>\n<\/div><div class=\"layout_badh\"><div class=\"shizhezhao\" style=\"opacity:0.15;background-color:;\"><\/div><\/div><\/section>\n\n\n\n<section class=\"wp-block-themepark-block-themepark-area block_layout thempark-block PcOnly bom20 top20\" id=\"\" style=\"padding-top:300px;height:900px;box-sizing: border-box;width: 100%;\" data-swiper-parallax=\"-700\"><div class=\"block_layout_in\" style=\"\">\n<div class=\"wp-block-column block_layout_in is-layout-flow wp-block-column-is-layout-flow\">\n<div class=\"wp-block-themepark-block-themepark-xian theme_fang_out  top10\" style=\"text-align:left;padding-top:1px;\"><div class=\"fangbox\" style=\"width:undefinedpx;height:99px;\"><\/div><\/div>\n\n\n\n<h2 class=\"wp-block-heading has-text-align-right has-themecolor-1-color has-text-color has-large-font-size\"><strong><strong><strong>\u00c7ok Eksenli Hareket | Nihai Esneklik<\/strong><\/strong><\/strong><\/h2>\n\n\n\n<p><\/p>\n\n\n\n<p class=\"has-text-align-right has-monte-white-color has-text-color has-normal-font-size\">\u0130nsans\u0131 robot kol hareketi, zahmetsizce \u00e7ok a\u00e7\u0131l\u0131,<\/p>\n\n\n\n<p class=\"has-text-align-right has-monte-white-color has-text-color has-normal-font-size\"> karma\u015f\u0131k 3D e\u011friler ve d\u00fczensiz \u015fekilli bile\u015fenlerde \u00f6l\u00fc b\u00f6lge b\u0131rakmadan tam \u00e7evre kaplama sa\u011flar.<\/p>\n<\/div>\n<\/div><div class=\"layout_badh\"><div class=\"shizhezhao\" style=\"opacity:0.15;background-color:#000000;\"><\/div><div class=\"PcOnly themepark-block_layout_ba lazyload swiper-lazy\" style=\"background-size:cover;background-position:center;\" data-background=\"https:\/\/xtlaser.com\/wp-content\/uploads\/2025\/12\/\u6fc0\u5149\u7194\u8986\u673a\u5668\u4eba-\u591a\u8f74\u8fd0\u52a8\u6781\u81f4\u67d4\u6027ok-1.webp\"><\/div><\/div><\/section>\n\n\n\n<section class=\"wp-block-themepark-block-themepark-area block_layout thempark-block MovePnly bom10 top10\" id=\"\" style=\"padding-top:2px;height:900px;box-sizing: border-box;width: 100%;\" data-swiper-parallax=\"-700\"><div class=\"block_layout_in\" style=\"\">\n<div class=\"wp-block-column block_layout_in is-layout-flow wp-block-column-is-layout-flow\">\n<figure class=\"wp-block-image size-full\"><img loading=\"lazy\" decoding=\"async\" width=\"1927\" height=\"1084\" src=\"https:\/\/xtlaser.com\/wp-content\/uploads\/2025\/12\/\u6fc0\u5149\u7194\u8986\u673a\u5668\u4eba-\u591a\u8f74\u8fd0\u52a8\u6781\u81f4\u67d4\u6027ok-1.webp\" alt=\"\" class=\"wp-image-72238\" srcset=\"https:\/\/xtlaser.com\/wp-content\/uploads\/2025\/12\/\u6fc0\u5149\u7194\u8986\u673a\u5668\u4eba-\u591a\u8f74\u8fd0\u52a8\u6781\u81f4\u67d4\u6027ok-1.webp 1927w, https:\/\/xtlaser.com\/wp-content\/uploads\/2025\/12\/\u6fc0\u5149\u7194\u8986\u673a\u5668\u4eba-\u591a\u8f74\u8fd0\u52a8\u6781\u81f4\u67d4\u6027ok-1-300x169.webp 300w, https:\/\/xtlaser.com\/wp-content\/uploads\/2025\/12\/\u6fc0\u5149\u7194\u8986\u673a\u5668\u4eba-\u591a\u8f74\u8fd0\u52a8\u6781\u81f4\u67d4\u6027ok-1-1024x576.webp 1024w, https:\/\/xtlaser.com\/wp-content\/uploads\/2025\/12\/\u6fc0\u5149\u7194\u8986\u673a\u5668\u4eba-\u591a\u8f74\u8fd0\u52a8\u6781\u81f4\u67d4\u6027ok-1-768x432.webp 768w, https:\/\/xtlaser.com\/wp-content\/uploads\/2025\/12\/\u6fc0\u5149\u7194\u8986\u673a\u5668\u4eba-\u591a\u8f74\u8fd0\u52a8\u6781\u81f4\u67d4\u6027ok-1-1536x864.webp 1536w, https:\/\/xtlaser.com\/wp-content\/uploads\/2025\/12\/\u6fc0\u5149\u7194\u8986\u673a\u5668\u4eba-\u591a\u8f74\u8fd0\u52a8\u6781\u81f4\u67d4\u6027ok-1-600x338.webp 600w\" sizes=\"auto, (max-width: 1927px) 100vw, 1927px\" \/><\/figure>\n\n\n\n<h2 class=\"wp-block-heading has-text-align-left has-themecolor-1-color has-text-color has-large-font-size\"><strong><strong><strong>\u00c7ok Eksenli Hareket | Nihai Esneklik<\/strong><\/strong><\/strong><\/h2>\n\n\n\n<p>Humanoid robotic arm movement effortlessly achieves multi-angle, all-around cladding on complex 3D curves and irregularly shaped components without dead zones.<\/p>\n<\/div>\n<\/div><div class=\"layout_badh\"><div class=\"shizhezhao\" style=\"opacity:0.15;background-color:;\"><\/div><\/div><\/section>\n\n\n\n<div class=\"wp-block-themepark-block-themepark-area block_layout thempark-block undefined\" id=\"padingmax\" style=\"background-color:#f7f7f7;padding-bottom:38px;padding-top:38px;\" data-swiper-parallax=\"-700\"><div class=\"block_layout_in\" style=\"max-width:1900px;\">\n<div class=\"wp-block-column block_layout_in is-layout-flow wp-block-column-is-layout-flow\">\n<div class=\"wp-block-themepark-block-themepark-wright content-super-p\" style=\"font-size:12px;line-height:42px;padding:10px 10px;\">\n<div class=\"wp-block-column is-layout-flow wp-block-column-is-layout-flow\">\n<p class=\"has-text-align-center has-themecolor-1-color has-text-color has-link-color has-large-font-size wp-elements-75160ef55f9568d5c6e09e84db854271\"><strong>Uygulama alanlar\u0131<\/strong><\/p>\n\n\n\n<p class=\"has-text-align-center has-text-color has-link-color has-normal-font-size wp-elements-4c2e70755718abae4f2b2a4ef12ea9ff\" style=\"color:#333333\">Metal imalat ve i\u015fleme, ta\u015f\u0131ma ekipmanlar\u0131, makine ve elektrikli cihazlar, yeni enerji ve \u00e7evre koruma, t\u00fcketici elektroni\u011fi ve hassas cihazlar<\/p>\n\n\n\n<p><\/p>\n\n\n<div class=\"wp-block-image\">\n<figure class=\"aligncenter size-full\"><img loading=\"lazy\" decoding=\"async\" width=\"1550\" height=\"305\" src=\"https:\/\/xtlaser.com\/wp-content\/uploads\/2025\/12\/\u7ec4-450-2.webp\" alt=\"\" class=\"wp-image-72239\" srcset=\"https:\/\/xtlaser.com\/wp-content\/uploads\/2025\/12\/\u7ec4-450-2.webp 1550w, https:\/\/xtlaser.com\/wp-content\/uploads\/2025\/12\/\u7ec4-450-2-300x59.webp 300w, https:\/\/xtlaser.com\/wp-content\/uploads\/2025\/12\/\u7ec4-450-2-1024x201.webp 1024w, https:\/\/xtlaser.com\/wp-content\/uploads\/2025\/12\/\u7ec4-450-2-768x151.webp 768w, https:\/\/xtlaser.com\/wp-content\/uploads\/2025\/12\/\u7ec4-450-2-1536x302.webp 1536w, https:\/\/xtlaser.com\/wp-content\/uploads\/2025\/12\/\u7ec4-450-2-600x118.webp 600w\" sizes=\"auto, (max-width: 1550px) 100vw, 1550px\" \/><\/figure>\n<\/div><\/div>\n<\/div>\n<\/div>\n<\/div><div class=\"layout_badh\"><\/div><\/div>\n<\/div>","protected":false},"excerpt":{"rendered":"[tp_attributes num_attributes=\"5\"]","protected":false},"featured_media":72241,"template":"","meta":{"themepark_post_bcolor":"#f5f5f5","themepark_post_width":"1022px","themepark_post_img":"","themepark_post_img_po":"left","themepark_post_img_re":false,"themepark_post_img_cover":false,"themepark_post_img_fixed":false,"themepark_post_hide_title":false,"themepark_post_main_b":"","themepark_post_main_p":100,"themepark_paddingblock":false},"product_brand":[47],"product_cat":[69,2811],"product_tag":[68],"class_list":{"0":"post-72240","1":"product","2":"type-product","3":"status-publish","4":"has-post-thumbnail","6":"product_brand-xt-laser","7":"product_cat-fiber-laser-cutting-machine","8":"product_cat-cladding-burnish","9":"product_tag-laser-welding","10":"pa_highlights-automation","11":"pa_highlights-laser-welding","13":"first","14":"instock","15":"shipping-taxable","16":"product-type-simple"},"_links":{"self":[{"href":"https:\/\/xtlaser.com\/tr\/wp-json\/wp\/v2\/product\/72240","targetHints":{"allow":["GET"]}}],"collection":[{"href":"https:\/\/xtlaser.com\/tr\/wp-json\/wp\/v2\/product"}],"about":[{"href":"https:\/\/xtlaser.com\/tr\/wp-json\/wp\/v2\/types\/product"}],"wp:featuredmedia":[{"embeddable":true,"href":"https:\/\/xtlaser.com\/tr\/wp-json\/wp\/v2\/media\/72241"}],"wp:attachment":[{"href":"https:\/\/xtlaser.com\/tr\/wp-json\/wp\/v2\/media?parent=72240"}],"wp:term":[{"taxonomy":"product_brand","embeddable":true,"href":"https:\/\/xtlaser.com\/tr\/wp-json\/wp\/v2\/product_brand?post=72240"},{"taxonomy":"product_cat","embeddable":true,"href":"https:\/\/xtlaser.com\/tr\/wp-json\/wp\/v2\/product_cat?post=72240"},{"taxonomy":"product_tag","embeddable":true,"href":"https:\/\/xtlaser.com\/tr\/wp-json\/wp\/v2\/product_tag?post=72240"}],"curies":[{"name":"wp","href":"https:\/\/api.w.org\/{rel}","templated":true}]}}