{"id":72227,"date":"2025-12-23T11:36:54","date_gmt":"2025-12-23T03:36:54","guid":{"rendered":"https:\/\/xtlaser.com\/?post_type=product&#038;p=72227"},"modified":"2026-02-04T15:25:03","modified_gmt":"2026-02-04T07:25:03","slug":"benchtop-3-axis-laser-automatic-welding-machine","status":"publish","type":"product","link":"https:\/\/xtlaser.com\/tr\/product-item\/benchtop-3-axis-laser-automatic-welding-machine","title":{"rendered":"Tezgah \u00dcst\u00fc 3 Eksenli Lazer Otomatik Lazer Kaynak Makinesi"},"content":{"rendered":"<div class=\"post_content\">\n<figure class=\"wp-block-video\"><video height=\"1080\" style=\"aspect-ratio: 1920 \/ 1080;\" width=\"1920\" autoplay controls muted src=\"https:\/\/xtlaser.com\/wp-content\/uploads\/2025\/12\/\u53f0\u5f0f\u4e09\u8f74\u81ea\u52a8\u710a\u82f1\u6587\u724820250925.mp4\" playsinline><\/video><\/figure>\n\n\n\n<section class=\"wp-block-themepark-block-themepark-area block_layout thempark-block PcOnly bom20 top20\" id=\"\" style=\"padding-top:300px;height:900px;box-sizing: border-box;width: 100%;\" data-swiper-parallax=\"-700\"><div class=\"block_layout_in\" style=\"\">\n<div class=\"wp-block-column block_layout_in is-layout-flow wp-block-column-is-layout-flow\">\n<div class=\"wp-block-themepark-block-themepark-xian theme_fang_out\" style=\"text-align:left;\"><div class=\"fangbox\" style=\"width:undefinedpx;height:41px;\"><\/div><\/div>\n\n\n\n<h2 class=\"wp-block-heading has-text-align-left has-themecolor-1-color has-text-color has-large-font-size\">Tezgah \u00dcst\u00fc 3 Eksenli Lazer Otomatik Lazer Kaynak Makinesi<\/h2>\n\n\n\n<h1 class=\"wp-block-heading has-text-align-left has-monte-white-color has-text-color has-normal-font-size\">K\u00fc\u00e7\u00fck hassas metal par\u00e7alar\u0131n seri \u00fcretimi i\u00e7in tasarlanm\u0131\u015ft\u0131r.<\/h1>\n<\/div>\n<\/div><div class=\"layout_badh\"><div class=\"shizhezhao\" style=\"opacity:0.15;background-color:#000000;\"><\/div><div class=\"PcOnly themepark-block_layout_ba lazyload swiper-lazy\" style=\"background-size:cover;background-position:center;\" data-background=\"https:\/\/xtlaser.com\/wp-content\/uploads\/2025\/12\/\u53f0\u5f0f\u4e09\u8f74\u710a\u63a5\u673a-\u4e3b\u56feok.webp\"><\/div><\/div><\/section>\n\n\n\n<section class=\"wp-block-themepark-block-themepark-area block_layout thempark-block MovePnly bom10 top10\" id=\"\" style=\"padding-top:2px;height:900px;box-sizing: border-box;width: 100%;\" data-swiper-parallax=\"-700\"><div class=\"block_layout_in\" style=\"\">\n<div class=\"wp-block-column block_layout_in is-layout-flow wp-block-column-is-layout-flow\">\n<figure class=\"wp-block-image size-full\"><img loading=\"lazy\" decoding=\"async\" width=\"1920\" height=\"1080\" src=\"https:\/\/xtlaser.com\/wp-content\/uploads\/2025\/12\/\u53f0\u5f0f\u4e09\u8f74\u710a\u63a5\u673a-\u4e3b\u56feok.webp\" alt=\"\" class=\"wp-image-72221\" srcset=\"https:\/\/xtlaser.com\/wp-content\/uploads\/2025\/12\/\u53f0\u5f0f\u4e09\u8f74\u710a\u63a5\u673a-\u4e3b\u56feok.webp 1920w, https:\/\/xtlaser.com\/wp-content\/uploads\/2025\/12\/\u53f0\u5f0f\u4e09\u8f74\u710a\u63a5\u673a-\u4e3b\u56feok-300x169.webp 300w, https:\/\/xtlaser.com\/wp-content\/uploads\/2025\/12\/\u53f0\u5f0f\u4e09\u8f74\u710a\u63a5\u673a-\u4e3b\u56feok-1024x576.webp 1024w, https:\/\/xtlaser.com\/wp-content\/uploads\/2025\/12\/\u53f0\u5f0f\u4e09\u8f74\u710a\u63a5\u673a-\u4e3b\u56feok-768x432.webp 768w, https:\/\/xtlaser.com\/wp-content\/uploads\/2025\/12\/\u53f0\u5f0f\u4e09\u8f74\u710a\u63a5\u673a-\u4e3b\u56feok-1536x864.webp 1536w, https:\/\/xtlaser.com\/wp-content\/uploads\/2025\/12\/\u53f0\u5f0f\u4e09\u8f74\u710a\u63a5\u673a-\u4e3b\u56feok-600x338.webp 600w\" sizes=\"auto, (max-width: 1920px) 100vw, 1920px\" \/><\/figure>\n\n\n\n<h2 class=\"wp-block-heading has-text-align-left has-themecolor-1-color has-text-color has-large-font-size\">Su So\u011futmal\u0131 El Tipi Makine<\/h2>\n\n\n\n<p>K\u00fc\u00e7\u00fck hassas metal par\u00e7alar\u0131n seri \u00fcretimi i\u00e7in tasarlanm\u0131\u015ft\u0131r.<\/p>\n<\/div>\n<\/div><div class=\"layout_badh\"><div class=\"shizhezhao\" style=\"opacity:0.15;background-color:;\"><\/div><\/div><\/section>\n\n\n\n<section class=\"wp-block-themepark-block-themepark-area block_layout thempark-block PcOnly bom20 top20\" id=\"\" style=\"height:900px;box-sizing: border-box;width: 100%;\" data-swiper-parallax=\"-700\"><div class=\"block_layout_in\" style=\"\">\n<div class=\"wp-block-column block_layout_in is-layout-flow wp-block-column-is-layout-flow\">\n<div class=\"wp-block-themepark-block-themepark-xian theme_fang_out  top10\" style=\"text-align:left;padding-top:1px;\"><div class=\"fangbox\" style=\"width:0px;\"><\/div><\/div>\n\n\n\n<h2 class=\"wp-block-heading has-text-align-right has-themecolor-1-color has-text-color has-large-font-size\">4 Eksen Ba\u011flant\u0131 <\/h2>\n\n\n\n<h2 class=\"wp-block-heading has-text-align-right has-themecolor-1-color has-text-color has-link-color has-large-font-size wp-elements-cd03b0ff2c8c698b387885dfed7bee56\"> Karma\u015f\u0131k 3B Kaynak i\u00e7in Hassas Kontrol<\/h2>\n\n\n\n<p class=\"has-text-align-right has-monte-white-color has-text-color has-normal-font-size\">Geleneksel 3 eksen s\u0131n\u0131rlamalar\u0131n\u0131 a\u015fmak <\/p>\n\n\n\n<p class=\"has-text-align-right has-monte-white-color has-text-color has-normal-font-size\">iste\u011fe ba\u011fl\u0131 y\u00fcksek hassasiyetli W ekseni ile 360\u00b0 d\u00f6n\u00fc\u015f.<\/p>\n\n\n\n<p class=\"has-text-align-right has-monte-white-color has-text-color has-normal-font-size\">XYZ do\u011frusal hareketi ile birle\u015ftirilmi\u015f \u015fekilde, hassas<\/p>\n\n\n\n<p class=\"has-text-align-right has-monte-white-color has-text-color has-normal-font-size\"> nokta, \u00e7izgi, y\u00fczeylerin y\u00fcksek kaliteli kayna\u011f\u0131n\u0131 sa\u011flar. <\/p>\n\n\n\n<p class=\"has-text-align-right has-monte-white-color has-text-color has-normal-font-size\">ve 3B uzayda karma\u015f\u0131k y\u00f6r\u00fcngelerin kayna\u011f\u0131n\u0131 ger\u00e7ekle\u015ftirir.<\/p>\n<\/div>\n<\/div><div class=\"layout_badh\"><div class=\"shizhezhao\" style=\"opacity:0.15;background-color:#000000;\"><\/div><div class=\"PcOnly themepark-block_layout_ba lazyload swiper-lazy\" style=\"background-size:cover;background-position:center;\" data-background=\"https:\/\/xtlaser.com\/wp-content\/uploads\/2025\/12\/\u53f0\u5f0f\u4e09\u8f74\u710a\u63a5\u673a-\u56db\u7ef4\u8054\u52a8ok.webp\"><\/div><\/div><\/section>\n\n\n\n<section class=\"wp-block-themepark-block-themepark-area block_layout thempark-block MovePnly bom10 top10\" id=\"\" style=\"padding-top:2px;height:900px;box-sizing: border-box;width: 100%;\" data-swiper-parallax=\"-700\"><div class=\"block_layout_in\" style=\"\">\n<div class=\"wp-block-column block_layout_in is-layout-flow wp-block-column-is-layout-flow\">\n<figure class=\"wp-block-image size-full\"><img loading=\"lazy\" decoding=\"async\" width=\"1920\" height=\"1080\" src=\"https:\/\/xtlaser.com\/wp-content\/uploads\/2025\/12\/\u53f0\u5f0f\u4e09\u8f74\u710a\u63a5\u673a-\u56db\u7ef4\u8054\u52a8ok.webp\" alt=\"\" class=\"wp-image-72222\" srcset=\"https:\/\/xtlaser.com\/wp-content\/uploads\/2025\/12\/\u53f0\u5f0f\u4e09\u8f74\u710a\u63a5\u673a-\u56db\u7ef4\u8054\u52a8ok.webp 1920w, https:\/\/xtlaser.com\/wp-content\/uploads\/2025\/12\/\u53f0\u5f0f\u4e09\u8f74\u710a\u63a5\u673a-\u56db\u7ef4\u8054\u52a8ok-300x169.webp 300w, https:\/\/xtlaser.com\/wp-content\/uploads\/2025\/12\/\u53f0\u5f0f\u4e09\u8f74\u710a\u63a5\u673a-\u56db\u7ef4\u8054\u52a8ok-1024x576.webp 1024w, https:\/\/xtlaser.com\/wp-content\/uploads\/2025\/12\/\u53f0\u5f0f\u4e09\u8f74\u710a\u63a5\u673a-\u56db\u7ef4\u8054\u52a8ok-768x432.webp 768w, https:\/\/xtlaser.com\/wp-content\/uploads\/2025\/12\/\u53f0\u5f0f\u4e09\u8f74\u710a\u63a5\u673a-\u56db\u7ef4\u8054\u52a8ok-1536x864.webp 1536w, https:\/\/xtlaser.com\/wp-content\/uploads\/2025\/12\/\u53f0\u5f0f\u4e09\u8f74\u710a\u63a5\u673a-\u56db\u7ef4\u8054\u52a8ok-600x338.webp 600w\" sizes=\"auto, (max-width: 1920px) 100vw, 1920px\" \/><\/figure>\n\n\n\n<h2 class=\"wp-block-heading has-text-align-left has-themecolor-1-color has-text-color has-large-font-size\">4 Eksen Ba\u011flant\u0131 | Karma\u015f\u0131k 3B Kaynak i\u00e7in Hassas Kontrol<\/h2>\n\n\n\n<p>Geleneksel 3 eksen s\u0131n\u0131rlamalar\u0131n\u0131, iste\u011fe ba\u011fl\u0131 y\u00fcksek hassasiyetli W ekseni ile 360\u00b0 d\u00f6n\u00fc\u015f sa\u011flayarak a\u015f\u0131n. XYZ do\u011frusal hareketi ile birle\u015ftirilmi\u015f \u015fekilde, 3B uzayda nokta, \u00e7izgi, y\u00fczeyler ve karma\u015f\u0131k y\u00f6r\u00fcngelerin hassas, y\u00fcksek kaliteli kayna\u011f\u0131n\u0131 m\u00fcmk\u00fcn k\u0131lar.<\/p>\n<\/div>\n<\/div><div class=\"layout_badh\"><div class=\"shizhezhao\" style=\"opacity:0.15;background-color:;\"><\/div><\/div><\/section>\n\n\n\n<section class=\"wp-block-themepark-block-themepark-area block_layout thempark-block PcOnly bom20 top20\" id=\"\" style=\"padding-top:300px;height:900px;box-sizing: border-box;width: 100%;\" data-swiper-parallax=\"-700\"><div class=\"block_layout_in\" style=\"\">\n<div class=\"wp-block-column block_layout_in is-layout-flow wp-block-column-is-layout-flow\">\n<div class=\"wp-block-themepark-block-themepark-xian theme_fang_out\" style=\"text-align:left;padding-top:363px;\"><div class=\"fangbox\" style=\"width:undefinedpx;\"><\/div><\/div>\n\n\n\n<h2 class=\"wp-block-heading has-text-align-right has-themecolor-1-color has-text-color has-large-font-size\">4 Eksen Ba\u011flant\u0131 | Karma\u015f\u0131k 3B Kaynak i\u00e7in Hassas Kontrol<\/h2>\n\n\n\n<p><\/p>\n\n\n\n<p class=\"has-text-align-right has-monte-white-color has-text-color has-normal-font-size\">\u0130ste\u011fe ba\u011fl\u0131 y\u00fcksek hassasiyetli W ekseni ile 360\u00b0 d\u00f6n\u00fc\u015f sa\u011flayarak geleneksel 3 eksen s\u0131n\u0131rlamalar\u0131n\u0131 a\u015f\u0131n. <\/p>\n\n\n\n<p class=\"has-text-align-right has-monte-white-color has-text-color has-normal-font-size\">XYZ do\u011frusal hareketi ile birle\u015ftirilmi\u015f \u015fekilde, 3B uzayda nokta, \u00e7izgi, y\u00fczeyler ve karma\u015f\u0131k y\u00f6r\u00fcngelerin hassas, y\u00fcksek kaliteli kayna\u011f\u0131n\u0131 sa\u011flar.<\/p>\n<\/div>\n<\/div><div class=\"layout_badh\"><div class=\"shizhezhao\" style=\"opacity:0.15;background-color:#000000;\"><\/div><div class=\"PcOnly themepark-block_layout_ba lazyload swiper-lazy\" style=\"background-size:cover;background-position:center;\" data-background=\"https:\/\/xtlaser.com\/wp-content\/uploads\/2025\/12\/\u53f0\u5f0f\u4e09\u8f74\u710a\u63a5\u673a-\u9ad8\u6548\u710a\u63a5ok.webp\"><\/div><\/div><\/section>\n\n\n\n<section class=\"wp-block-themepark-block-themepark-area block_layout thempark-block MovePnly bom10 top10\" id=\"\" style=\"padding-top:2px;height:900px;box-sizing: border-box;width: 100%;\" data-swiper-parallax=\"-700\"><div class=\"block_layout_in\" style=\"\">\n<div class=\"wp-block-column block_layout_in is-layout-flow wp-block-column-is-layout-flow\">\n<figure class=\"wp-block-image size-full\"><img loading=\"lazy\" decoding=\"async\" width=\"1918\" height=\"1079\" src=\"https:\/\/xtlaser.com\/wp-content\/uploads\/2025\/12\/\u53f0\u5f0f\u4e09\u8f74\u710a\u63a5\u673a-\u9ad8\u6548\u710a\u63a5ok.webp\" alt=\"\" class=\"wp-image-72223\" srcset=\"https:\/\/xtlaser.com\/wp-content\/uploads\/2025\/12\/\u53f0\u5f0f\u4e09\u8f74\u710a\u63a5\u673a-\u9ad8\u6548\u710a\u63a5ok.webp 1918w, https:\/\/xtlaser.com\/wp-content\/uploads\/2025\/12\/\u53f0\u5f0f\u4e09\u8f74\u710a\u63a5\u673a-\u9ad8\u6548\u710a\u63a5ok-300x169.webp 300w, https:\/\/xtlaser.com\/wp-content\/uploads\/2025\/12\/\u53f0\u5f0f\u4e09\u8f74\u710a\u63a5\u673a-\u9ad8\u6548\u710a\u63a5ok-1024x576.webp 1024w, https:\/\/xtlaser.com\/wp-content\/uploads\/2025\/12\/\u53f0\u5f0f\u4e09\u8f74\u710a\u63a5\u673a-\u9ad8\u6548\u710a\u63a5ok-768x432.webp 768w, https:\/\/xtlaser.com\/wp-content\/uploads\/2025\/12\/\u53f0\u5f0f\u4e09\u8f74\u710a\u63a5\u673a-\u9ad8\u6548\u710a\u63a5ok-1536x864.webp 1536w, https:\/\/xtlaser.com\/wp-content\/uploads\/2025\/12\/\u53f0\u5f0f\u4e09\u8f74\u710a\u63a5\u673a-\u9ad8\u6548\u710a\u63a5ok-600x338.webp 600w\" sizes=\"auto, (max-width: 1918px) 100vw, 1918px\" \/><\/figure>\n\n\n\n<h2 class=\"wp-block-heading has-text-align-left has-themecolor-1-color has-text-color has-large-font-size\">4 Eksen Ba\u011flant\u0131 | Karma\u015f\u0131k 3B Kaynak i\u00e7in Hassas Kontrol<\/h2>\n\n\n\n<p>Geleneksel 3 eksen s\u0131n\u0131rlamalar\u0131n\u0131, iste\u011fe ba\u011fl\u0131 y\u00fcksek hassasiyetli W ekseni ile 360\u00b0 d\u00f6n\u00fc\u015f sa\u011flayarak a\u015f\u0131n. XYZ do\u011frusal hareketi ile birle\u015ftirilmi\u015f \u015fekilde, 3B uzayda nokta, \u00e7izgi, y\u00fczeyler ve karma\u015f\u0131k y\u00f6r\u00fcngelerin hassas, y\u00fcksek kaliteli kayna\u011f\u0131n\u0131 m\u00fcmk\u00fcn k\u0131lar.<\/p>\n<\/div>\n<\/div><div class=\"layout_badh\"><div class=\"shizhezhao\" style=\"opacity:0.15;background-color:;\"><\/div><\/div><\/section>\n\n\n\n<section class=\"wp-block-themepark-block-themepark-area block_layout thempark-block PcOnly bom20 top20\" id=\"\" style=\"padding-top:111px;height:900px;box-sizing: border-box;width: 100%;\" data-swiper-parallax=\"-700\"><div class=\"block_layout_in\" style=\"\">\n<div class=\"wp-block-column block_layout_in is-layout-flow wp-block-column-is-layout-flow\">\n<div class=\"wp-block-themepark-block-themepark-xian theme_fang_out  top10\" style=\"text-align:left;padding-top:1px;\"><div class=\"fangbox\" style=\"width:undefinedpx;\"><\/div><\/div>\n\n\n\n<h2 class=\"wp-block-heading has-text-align-right has-themecolor-1-color has-text-color has-large-font-size\">G\u00fc\u00e7l\u00fc \u00d6l\u00e7eklenebilirlik | \u00c7e\u015fitli \u0130\u015f Par\u00e7alar\u0131na Esnek Uyum<\/h2>\n\n\n\n<p><\/p>\n\n\n\n<p class=\"has-text-align-right has-monte-white-color has-text-color has-normal-font-size\">Temel 3 eksenli platform, g\u00fc\u00e7l\u00fc geni\u015fleme aray\u00fczlerine sahiptir. <\/p>\n\n\n\n<p class=\"has-text-align-right has-monte-white-color has-text-color has-normal-font-size\">\u00d6zel \u00fcr\u00fcn gereksinimlerini kar\u015f\u0131lamak i\u00e7in ba\u011flama elemanlar\u0131 ve tak\u0131m tezgahlar\u0131n\u0131 serbest\u00e7e \u00f6zelle\u015ftirin, b\u00f6ylece ekipman kullan\u0131m\u0131n\u0131 ve yat\u0131r\u0131m getirisini \u00f6nemli \u00f6l\u00e7\u00fcde art\u0131r\u0131n.<\/p>\n<\/div>\n<\/div><div class=\"layout_badh\"><div class=\"shizhezhao\" style=\"opacity:0.15;background-color:#000000;\"><\/div><div class=\"PcOnly themepark-block_layout_ba lazyload swiper-lazy\" style=\"background-size:cover;background-position:center;\" data-background=\"https:\/\/xtlaser.com\/wp-content\/uploads\/2025\/12\/\u53f0\u5f0f\u4e09\u8f74\u710a\u63a5\u673a-\u5f3a\u52b2\u6269\u5c55\u6027ok.webp\"><\/div><\/div><\/section>\n\n\n\n<section class=\"wp-block-themepark-block-themepark-area block_layout thempark-block MovePnly bom10 top10\" id=\"\" style=\"padding-top:2px;height:900px;box-sizing: border-box;width: 100%;\" data-swiper-parallax=\"-700\"><div class=\"block_layout_in\" style=\"\">\n<div class=\"wp-block-column block_layout_in is-layout-flow wp-block-column-is-layout-flow\">\n<figure class=\"wp-block-image size-full\"><img loading=\"lazy\" decoding=\"async\" width=\"1920\" height=\"1080\" src=\"https:\/\/xtlaser.com\/wp-content\/uploads\/2025\/12\/\u53f0\u5f0f\u4e09\u8f74\u710a\u63a5\u673a-\u5f3a\u52b2\u6269\u5c55\u6027ok.webp\" alt=\"\" class=\"wp-image-72224\" srcset=\"https:\/\/xtlaser.com\/wp-content\/uploads\/2025\/12\/\u53f0\u5f0f\u4e09\u8f74\u710a\u63a5\u673a-\u5f3a\u52b2\u6269\u5c55\u6027ok.webp 1920w, https:\/\/xtlaser.com\/wp-content\/uploads\/2025\/12\/\u53f0\u5f0f\u4e09\u8f74\u710a\u63a5\u673a-\u5f3a\u52b2\u6269\u5c55\u6027ok-300x169.webp 300w, https:\/\/xtlaser.com\/wp-content\/uploads\/2025\/12\/\u53f0\u5f0f\u4e09\u8f74\u710a\u63a5\u673a-\u5f3a\u52b2\u6269\u5c55\u6027ok-1024x576.webp 1024w, https:\/\/xtlaser.com\/wp-content\/uploads\/2025\/12\/\u53f0\u5f0f\u4e09\u8f74\u710a\u63a5\u673a-\u5f3a\u52b2\u6269\u5c55\u6027ok-768x432.webp 768w, https:\/\/xtlaser.com\/wp-content\/uploads\/2025\/12\/\u53f0\u5f0f\u4e09\u8f74\u710a\u63a5\u673a-\u5f3a\u52b2\u6269\u5c55\u6027ok-1536x864.webp 1536w, https:\/\/xtlaser.com\/wp-content\/uploads\/2025\/12\/\u53f0\u5f0f\u4e09\u8f74\u710a\u63a5\u673a-\u5f3a\u52b2\u6269\u5c55\u6027ok-600x338.webp 600w\" sizes=\"auto, (max-width: 1920px) 100vw, 1920px\" \/><\/figure>\n\n\n\n<h2 class=\"wp-block-heading has-text-align-left has-themecolor-1-color has-text-color has-large-font-size\">G\u00fc\u00e7l\u00fc \u00d6l\u00e7eklenebilirlik | \u00c7e\u015fitli \u0130\u015f Par\u00e7alar\u0131na Esnek Uyum<\/h2>\n\n\n\n<p>Temel 3 eksenli platform, g\u00fc\u00e7l\u00fc geni\u015fleme aray\u00fczlerine sahiptir. \u00d6zel \u00fcr\u00fcn gereksinimlerini kar\u015f\u0131lamak i\u00e7in ba\u011flama elemanlar\u0131 ve tak\u0131m tezgahlar\u0131n\u0131 serbest\u00e7e \u00f6zelle\u015ftirin, b\u00f6ylece ekipman kullan\u0131m\u0131n\u0131 ve yat\u0131r\u0131m getirisini \u00f6nemli \u00f6l\u00e7\u00fcde art\u0131r\u0131n.<\/p>\n<\/div>\n<\/div><div class=\"layout_badh\"><div class=\"shizhezhao\" style=\"opacity:0.15;background-color:;\"><\/div><\/div><\/section>\n\n\n\n<section class=\"wp-block-themepark-block-themepark-area block_layout thempark-block PcOnly bom20 top20\" id=\"\" style=\"padding-top:166px;height:900px;box-sizing: border-box;width: 100%;\" data-swiper-parallax=\"-700\"><div class=\"block_layout_in\" style=\"\">\n<div class=\"wp-block-column block_layout_in is-layout-flow wp-block-column-is-layout-flow\">\n<div class=\"wp-block-themepark-block-themepark-xian theme_fang_out  top10\" style=\"text-align:left;padding-top:1px;\"><div class=\"fangbox\" style=\"width:undefinedpx;\"><\/div><\/div>\n\n\n\n<h2 class=\"wp-block-heading has-text-align-right has-themecolor-1-color has-text-color has-large-font-size\"><strong><strong><strong>Stabil &amp; Kullan\u0131m\u0131 Kolay | H\u0131zl\u0131 Ba\u015flang\u0131\u00e7 Lazer Kaynak<\/strong><\/strong><\/strong><\/h2>\n\n\n\n<p><\/p>\n\n\n\n<p class=\"has-text-align-right has-monte-white-color has-text-color has-normal-font-size\">Sezgisel programlama ve net parametre yap\u0131land\u0131rmas\u0131 ile kullan\u0131c\u0131 dostu HMI. <\/p>\n\n\n\n<p class=\"has-text-align-right has-monte-white-color has-text-color has-normal-font-size\">Operat\u00f6rler i\u00e7in \u00f6\u011frenme e\u011frisini ve bak\u0131m karma\u015f\u0131kl\u0131\u011f\u0131n\u0131 \u00f6nemli \u00f6l\u00e7\u00fcde d\u00fc\u015f\u00fcr\u00fcr, sorunsuz ve verimli \u00fcretimi garanti eder.<\/p>\n<\/div>\n<\/div><div class=\"layout_badh\"><div class=\"shizhezhao\" style=\"opacity:0.15;background-color:#000000;\"><\/div><div class=\"PcOnly themepark-block_layout_ba lazyload swiper-lazy\" style=\"background-size:cover;background-position:center;\" data-background=\"https:\/\/xtlaser.com\/wp-content\/uploads\/2025\/12\/\u53f0\u5f0f\u4e09\u8f74\u710a\u63a5\u673a-\u7a33\u5b9a\u6613\u7528ok.webp\"><\/div><\/div><\/section>\n\n\n\n<section class=\"wp-block-themepark-block-themepark-area block_layout thempark-block MovePnly bom10 top10\" id=\"\" style=\"padding-top:2px;height:900px;box-sizing: border-box;width: 100%;\" data-swiper-parallax=\"-700\"><div class=\"block_layout_in\" style=\"\">\n<div class=\"wp-block-column block_layout_in is-layout-flow wp-block-column-is-layout-flow\">\n<figure class=\"wp-block-image size-full\"><img loading=\"lazy\" decoding=\"async\" width=\"1920\" height=\"1080\" src=\"https:\/\/xtlaser.com\/wp-content\/uploads\/2025\/12\/\u53f0\u5f0f\u4e09\u8f74\u710a\u63a5\u673a-\u7a33\u5b9a\u6613\u7528ok.webp\" alt=\"\" class=\"wp-image-72225\" srcset=\"https:\/\/xtlaser.com\/wp-content\/uploads\/2025\/12\/\u53f0\u5f0f\u4e09\u8f74\u710a\u63a5\u673a-\u7a33\u5b9a\u6613\u7528ok.webp 1920w, https:\/\/xtlaser.com\/wp-content\/uploads\/2025\/12\/\u53f0\u5f0f\u4e09\u8f74\u710a\u63a5\u673a-\u7a33\u5b9a\u6613\u7528ok-300x169.webp 300w, https:\/\/xtlaser.com\/wp-content\/uploads\/2025\/12\/\u53f0\u5f0f\u4e09\u8f74\u710a\u63a5\u673a-\u7a33\u5b9a\u6613\u7528ok-1024x576.webp 1024w, https:\/\/xtlaser.com\/wp-content\/uploads\/2025\/12\/\u53f0\u5f0f\u4e09\u8f74\u710a\u63a5\u673a-\u7a33\u5b9a\u6613\u7528ok-768x432.webp 768w, https:\/\/xtlaser.com\/wp-content\/uploads\/2025\/12\/\u53f0\u5f0f\u4e09\u8f74\u710a\u63a5\u673a-\u7a33\u5b9a\u6613\u7528ok-1536x864.webp 1536w, https:\/\/xtlaser.com\/wp-content\/uploads\/2025\/12\/\u53f0\u5f0f\u4e09\u8f74\u710a\u63a5\u673a-\u7a33\u5b9a\u6613\u7528ok-600x338.webp 600w\" sizes=\"auto, (max-width: 1920px) 100vw, 1920px\" \/><\/figure>\n\n\n\n<h2 class=\"wp-block-heading has-text-align-left has-themecolor-1-color has-text-color has-large-font-size\"><strong><strong><strong>Stabil &amp; Kullan\u0131m\u0131 Kolay | H\u0131zl\u0131 Ba\u015flang\u0131\u00e7 Lazer Kaynak<\/strong><\/strong><\/strong><\/h2>\n\n\n\n<p>Sezgisel programlama ve net parametre yap\u0131land\u0131rmas\u0131 ile kullan\u0131c\u0131 dostu HMI. Operat\u00f6rler i\u00e7in \u00f6\u011frenme e\u011frisini ve bak\u0131m karma\u015f\u0131kl\u0131\u011f\u0131n\u0131 \u00f6nemli \u00f6l\u00e7\u00fcde d\u00fc\u015f\u00fcr\u00fcr, sorunsuz ve verimli \u00fcretimi garanti eder.<\/p>\n<\/div>\n<\/div><div class=\"layout_badh\"><div class=\"shizhezhao\" style=\"opacity:0.15;background-color:;\"><\/div><\/div><\/section>\n\n\n\n<div class=\"wp-block-themepark-block-themepark-area block_layout thempark-block undefined\" id=\"padingmax\" style=\"background-color:#f7f7f7;padding-bottom:38px;padding-top:38px;\" data-swiper-parallax=\"-700\"><div class=\"block_layout_in\" style=\"max-width:1900px;\">\n<div class=\"wp-block-column block_layout_in is-layout-flow wp-block-column-is-layout-flow\">\n<div class=\"wp-block-themepark-block-themepark-wright content-super-p\" style=\"font-size:12px;line-height:42px;padding:10px 10px;\">\n<div class=\"wp-block-column is-layout-flow wp-block-column-is-layout-flow\">\n<p class=\"has-text-align-center has-themecolor-1-color has-text-color has-link-color has-large-font-size wp-elements-75160ef55f9568d5c6e09e84db854271\"><strong>Uygulama alanlar\u0131<\/strong><\/p>\n\n\n\n<p class=\"has-text-align-center has-text-color has-link-color has-normal-font-size wp-elements-4c2e70755718abae4f2b2a4ef12ea9ff\" style=\"color:#333333\">Metal imalat ve i\u015fleme, ta\u015f\u0131ma ekipmanlar\u0131, makine ve elektrikli cihazlar, yeni enerji ve \u00e7evre koruma, t\u00fcketici elektroni\u011fi ve hassas cihazlar<\/p>\n\n\n\n<p><\/p>\n\n\n<div class=\"wp-block-image\">\n<figure class=\"aligncenter size-large\"><img loading=\"lazy\" decoding=\"async\" width=\"1024\" height=\"210\" src=\"https:\/\/xtlaser.com\/wp-content\/uploads\/2025\/12\/\u7ec4-521-1024x210.webp\" alt=\"XT Laser benchtop 3-axis automatic welding machine applications in medical device manufacturing, precision automotive components, sanitary hardware, and industrial tool making\" class=\"wp-image-72226\" srcset=\"https:\/\/xtlaser.com\/wp-content\/uploads\/2025\/12\/\u7ec4-521-1024x210.webp 1024w, https:\/\/xtlaser.com\/wp-content\/uploads\/2025\/12\/\u7ec4-521-300x62.webp 300w, https:\/\/xtlaser.com\/wp-content\/uploads\/2025\/12\/\u7ec4-521-768x157.webp 768w, https:\/\/xtlaser.com\/wp-content\/uploads\/2025\/12\/\u7ec4-521-1536x315.webp 1536w, https:\/\/xtlaser.com\/wp-content\/uploads\/2025\/12\/\u7ec4-521-600x123.webp 600w, https:\/\/xtlaser.com\/wp-content\/uploads\/2025\/12\/\u7ec4-521.webp 1551w\" sizes=\"auto, (max-width: 1024px) 100vw, 1024px\" \/><\/figure>\n<\/div><\/div>\n<\/div>\n<\/div>\n<\/div><div class=\"layout_badh\"><\/div><\/div>\n\n\n\n<div class=\"wp-block-themepark-block-themepark-area block_layout thempark-block undefined\" id=\"padingmax\" style=\"background-color:#f7f7f7;padding-bottom:38px;padding-top:38px;\" data-swiper-parallax=\"-700\"><div class=\"block_layout_in\" style=\"max-width:1900px;\">\n<div class=\"wp-block-column block_layout_in is-layout-flow wp-block-column-is-layout-flow\">\n<div class=\"wp-block-themepark-block-themepark-wright content-super-p\" style=\"font-size:12px;line-height:42px;padding:10px 10px;\">\n<div class=\"wp-block-column is-layout-flow wp-block-column-is-layout-flow\">\n<p class=\"has-text-align-center has-themecolor-1-color has-text-color has-link-color has-large-font-size wp-elements-0b626756fabb3406c86c172233d6ed81\"><strong>\u00d6rnek G\u00f6r\u00fcnt\u00fc<\/strong><\/p>\n\n\n\n<p class=\"has-text-align-center has-text-color has-link-color has-normal-font-size wp-elements-3d883c066bcd1bf6991ff2bb0bc01958\" style=\"color:#333333\"><\/p>\n\n\n\n<p><\/p>\n\n\n<div class=\"wp-block-image\">\n<figure class=\"aligncenter size-large\"><img loading=\"lazy\" decoding=\"async\" width=\"1024\" height=\"141\" src=\"https:\/\/xtlaser.com\/wp-content\/uploads\/2025\/12\/\u7ec4-516-1-1024x141.webp\" alt=\"\" class=\"wp-image-2420\" srcset=\"https:\/\/xtlaser.com\/wp-content\/uploads\/2025\/12\/\u7ec4-516-1-1024x141.webp 1024w, https:\/\/xtlaser.com\/wp-content\/uploads\/2025\/12\/\u7ec4-516-1-300x41.webp 300w, https:\/\/xtlaser.com\/wp-content\/uploads\/2025\/12\/\u7ec4-516-1-768x106.webp 768w, https:\/\/xtlaser.com\/wp-content\/uploads\/2025\/12\/\u7ec4-516-1-1536x211.webp 1536w, https:\/\/xtlaser.com\/wp-content\/uploads\/2025\/12\/\u7ec4-516-1-600x82.webp 600w, https:\/\/xtlaser.com\/wp-content\/uploads\/2025\/12\/\u7ec4-516-1.webp 1550w\" sizes=\"auto, (max-width: 1024px) 100vw, 1024px\" \/><\/figure>\n<\/div><\/div>\n<\/div>\n<\/div>\n<\/div><div class=\"layout_badh\"><\/div><\/div>\n<\/div>","protected":false},"excerpt":{"rendered":"[tp_attributes num_attributes=\"5\"]","protected":false},"featured_media":72228,"template":"","meta":{"themepark_post_bcolor":"#f5f5f5","themepark_post_width":"1022px","themepark_post_img":"","themepark_post_img_po":"left","themepark_post_img_re":false,"themepark_post_img_cover":false,"themepark_post_img_fixed":false,"themepark_post_hide_title":false,"themepark_post_main_b":"","themepark_post_main_p":100,"themepark_paddingblock":false},"product_brand":[47],"product_cat":[69,2808],"product_tag":[68],"class_list":{"0":"post-72227","1":"product","2":"type-product","3":"status-publish","4":"has-post-thumbnail","6":"product_brand-xt-laser","7":"product_cat-fiber-laser-cutting-machine","8":"product_cat-laser-welding","9":"product_tag-laser-welding","10":"pa_highlights-laser-welding","12":"first","13":"instock","14":"shipping-taxable","15":"product-type-simple"},"_links":{"self":[{"href":"https:\/\/xtlaser.com\/tr\/wp-json\/wp\/v2\/product\/72227","targetHints":{"allow":["GET"]}}],"collection":[{"href":"https:\/\/xtlaser.com\/tr\/wp-json\/wp\/v2\/product"}],"about":[{"href":"https:\/\/xtlaser.com\/tr\/wp-json\/wp\/v2\/types\/product"}],"wp:featuredmedia":[{"embeddable":true,"href":"https:\/\/xtlaser.com\/tr\/wp-json\/wp\/v2\/media\/72228"}],"wp:attachment":[{"href":"https:\/\/xtlaser.com\/tr\/wp-json\/wp\/v2\/media?parent=72227"}],"wp:term":[{"taxonomy":"product_brand","embeddable":true,"href":"https:\/\/xtlaser.com\/tr\/wp-json\/wp\/v2\/product_brand?post=72227"},{"taxonomy":"product_cat","embeddable":true,"href":"https:\/\/xtlaser.com\/tr\/wp-json\/wp\/v2\/product_cat?post=72227"},{"taxonomy":"product_tag","embeddable":true,"href":"https:\/\/xtlaser.com\/tr\/wp-json\/wp\/v2\/product_tag?post=72227"}],"curies":[{"name":"wp","href":"https:\/\/api.w.org\/{rel}","templated":true}]}}