{"id":72253,"date":"2025-12-23T14:15:12","date_gmt":"2025-12-23T06:15:12","guid":{"rendered":"https:\/\/xtlaser.com\/?post_type=product&#038;p=72253"},"modified":"2026-01-27T15:20:19","modified_gmt":"2026-01-27T07:20:19","slug":"fully-automatic-grinding-robot","status":"publish","type":"product","link":"https:\/\/xtlaser.com\/pt\/product-item\/fully-automatic-grinding-robot","title":{"rendered":"Rob\u00f4 de Retifica\u00e7\u00e3o Totalmente Autom\u00e1tico"},"content":{"rendered":"<div class=\"post_content\">\n<section class=\"wp-block-themepark-block-themepark-area block_layout thempark-block PcOnly bom20 top20\" id=\"\" style=\"padding-top:300px;height:900px;box-sizing: border-box;width: 100%;\" data-swiper-parallax=\"-700\"><div class=\"block_layout_in\" style=\"\">\n<div class=\"wp-block-column block_layout_in is-layout-flow wp-block-column-is-layout-flow\">\n<div class=\"wp-block-themepark-block-themepark-xian theme_fang_out\" style=\"text-align:left;\"><div class=\"fangbox\" style=\"width:undefinedpx;\"><\/div><\/div>\n\n\n\n<h2 class=\"wp-block-heading has-text-align-right has-themecolor-1-color has-text-color has-large-font-size\">Rob\u00f4 de Retifica\u00e7\u00e3o Totalmente Autom\u00e1tico<\/h2>\n\n\n\n<h1 class=\"wp-block-heading has-text-align-right has-monte-white-color has-text-color has-normal-font-size\">Liberte a m\u00e3o de obra com retifica\u00e7\u00e3o flex\u00edvel de alta precis\u00e3o e alta efici\u00eancia.<\/h1>\n<\/div>\n<\/div><div class=\"layout_badh\"><div class=\"shizhezhao\" style=\"opacity:0.15;background-color:#000000;\"><\/div><div class=\"PcOnly themepark-block_layout_ba lazyload swiper-lazy\" style=\"background-size:cover;background-position:center;\" data-background=\"https:\/\/xtlaser.com\/wp-content\/uploads\/2025\/12\/\u5168\u81ea\u52a8\u6253\u78e8\u673a\u5668\u4eba-\u4e3b\u56feok.webp\"><\/div><\/div><\/section>\n\n\n\n<section class=\"wp-block-themepark-block-themepark-area block_layout thempark-block MovePnly bom10 top10\" id=\"\" style=\"padding-top:2px;height:900px;box-sizing: border-box;width: 100%;\" data-swiper-parallax=\"-700\"><div class=\"block_layout_in\" style=\"\">\n<div class=\"wp-block-column block_layout_in is-layout-flow wp-block-column-is-layout-flow\">\n<figure class=\"wp-block-image size-full\"><img loading=\"lazy\" decoding=\"async\" width=\"1920\" height=\"1080\" src=\"https:\/\/xtlaser.com\/wp-content\/uploads\/2025\/12\/\u5168\u81ea\u52a8\u6253\u78e8\u673a\u5668\u4eba-\u4e3b\u56feok.webp\" alt=\"\" class=\"wp-image-72250\" srcset=\"https:\/\/xtlaser.com\/wp-content\/uploads\/2025\/12\/\u5168\u81ea\u52a8\u6253\u78e8\u673a\u5668\u4eba-\u4e3b\u56feok.webp 1920w, https:\/\/xtlaser.com\/wp-content\/uploads\/2025\/12\/\u5168\u81ea\u52a8\u6253\u78e8\u673a\u5668\u4eba-\u4e3b\u56feok-300x169.webp 300w, https:\/\/xtlaser.com\/wp-content\/uploads\/2025\/12\/\u5168\u81ea\u52a8\u6253\u78e8\u673a\u5668\u4eba-\u4e3b\u56feok-1024x576.webp 1024w, https:\/\/xtlaser.com\/wp-content\/uploads\/2025\/12\/\u5168\u81ea\u52a8\u6253\u78e8\u673a\u5668\u4eba-\u4e3b\u56feok-768x432.webp 768w, https:\/\/xtlaser.com\/wp-content\/uploads\/2025\/12\/\u5168\u81ea\u52a8\u6253\u78e8\u673a\u5668\u4eba-\u4e3b\u56feok-1536x864.webp 1536w, https:\/\/xtlaser.com\/wp-content\/uploads\/2025\/12\/\u5168\u81ea\u52a8\u6253\u78e8\u673a\u5668\u4eba-\u4e3b\u56feok-600x338.webp 600w\" sizes=\"auto, (max-width: 1920px) 100vw, 1920px\" \/><\/figure>\n\n\n\n<h2 class=\"wp-block-heading has-text-align-left has-themecolor-1-color has-text-color has-large-font-size\">Rob\u00f4 de Retifica\u00e7\u00e3o Totalmente Autom\u00e1tico<\/h2>\n\n\n\n<p>Liberte a m\u00e3o de obra com retifica\u00e7\u00e3o flex\u00edvel de alta precis\u00e3o e alta efici\u00eancia.<\/p>\n<\/div>\n<\/div><div class=\"layout_badh\"><div class=\"shizhezhao\" style=\"opacity:0.15;background-color:;\"><\/div><\/div><\/section>\n\n\n\n<section class=\"wp-block-themepark-block-themepark-area block_layout thempark-block PcOnly bom20 top20\" id=\"\" style=\"padding-top:300px;height:900px;box-sizing: border-box;width: 100%;\" data-swiper-parallax=\"-700\"><div class=\"block_layout_in\" style=\"\">\n<div class=\"wp-block-column block_layout_in is-layout-flow wp-block-column-is-layout-flow\">\n<div class=\"wp-block-themepark-block-themepark-xian theme_fang_out  top10\" style=\"text-align:left;padding-top:360px;\"><div class=\"fangbox\" style=\"width:0px;\"><\/div><\/div>\n\n\n\n<h2 class=\"wp-block-heading has-text-align-left has-themecolor-1-color has-text-color has-large-font-size\">Opera\u00e7\u00e3o Cont\u00ednua 24\/7 | Liberte sua For\u00e7a de Trabalho<\/h2>\n\n\n\n<p><\/p>\n\n\n\n<p class=\"has-text-align-left has-monte-white-color has-text-color has-normal-font-size\">Substitua tarefas de retifica\u00e7\u00e3o manual pesadas e de alta polui\u00e7\u00e3o por precis\u00e3o automatizada. <\/p>\n\n\n\n<p class=\"has-text-align-left has-monte-white-color has-text-color has-normal-font-size\">Mantenha a consist\u00eancia a longo prazo e reduza significativamente os custos de m\u00e3o de obra atrav\u00e9s da opera\u00e7\u00e3o ininterrupta 24h.<\/p>\n<\/div>\n<\/div><div class=\"layout_badh\"><div class=\"shizhezhao\" style=\"opacity:0.15;background-color:#000000;\"><\/div><div class=\"PcOnly themepark-block_layout_ba lazyload swiper-lazy\" style=\"background-size:cover;background-position:center;\" data-background=\"https:\/\/xtlaser.com\/wp-content\/uploads\/2025\/12\/\u5168\u81ea\u52a8\u6253\u78e8\u673a\u5668\u4eba-\u89e3\u653e\u4eba\u529b\uff0c24h\u5168\u65f6\u6bb5\u4f5c\u4e1aok.webp\"><\/div><\/div><\/section>\n\n\n\n<section class=\"wp-block-themepark-block-themepark-area block_layout thempark-block MovePnly bom10 top10\" id=\"\" style=\"padding-top:2px;height:900px;box-sizing: border-box;width: 100%;\" data-swiper-parallax=\"-700\"><div class=\"block_layout_in\" style=\"\">\n<div class=\"wp-block-column block_layout_in is-layout-flow wp-block-column-is-layout-flow\">\n<figure class=\"wp-block-image size-full\"><img loading=\"lazy\" decoding=\"async\" width=\"1920\" height=\"1080\" src=\"https:\/\/xtlaser.com\/wp-content\/uploads\/2025\/12\/\u5168\u81ea\u52a8\u6253\u78e8\u673a\u5668\u4eba-\u89e3\u653e\u4eba\u529b\uff0c24h\u5168\u65f6\u6bb5\u4f5c\u4e1aok.webp\" alt=\"\" class=\"wp-image-72249\" srcset=\"https:\/\/xtlaser.com\/wp-content\/uploads\/2025\/12\/\u5168\u81ea\u52a8\u6253\u78e8\u673a\u5668\u4eba-\u89e3\u653e\u4eba\u529b\uff0c24h\u5168\u65f6\u6bb5\u4f5c\u4e1aok.webp 1920w, https:\/\/xtlaser.com\/wp-content\/uploads\/2025\/12\/\u5168\u81ea\u52a8\u6253\u78e8\u673a\u5668\u4eba-\u89e3\u653e\u4eba\u529b\uff0c24h\u5168\u65f6\u6bb5\u4f5c\u4e1aok-300x169.webp 300w, https:\/\/xtlaser.com\/wp-content\/uploads\/2025\/12\/\u5168\u81ea\u52a8\u6253\u78e8\u673a\u5668\u4eba-\u89e3\u653e\u4eba\u529b\uff0c24h\u5168\u65f6\u6bb5\u4f5c\u4e1aok-1024x576.webp 1024w, https:\/\/xtlaser.com\/wp-content\/uploads\/2025\/12\/\u5168\u81ea\u52a8\u6253\u78e8\u673a\u5668\u4eba-\u89e3\u653e\u4eba\u529b\uff0c24h\u5168\u65f6\u6bb5\u4f5c\u4e1aok-768x432.webp 768w, https:\/\/xtlaser.com\/wp-content\/uploads\/2025\/12\/\u5168\u81ea\u52a8\u6253\u78e8\u673a\u5668\u4eba-\u89e3\u653e\u4eba\u529b\uff0c24h\u5168\u65f6\u6bb5\u4f5c\u4e1aok-1536x864.webp 1536w, https:\/\/xtlaser.com\/wp-content\/uploads\/2025\/12\/\u5168\u81ea\u52a8\u6253\u78e8\u673a\u5668\u4eba-\u89e3\u653e\u4eba\u529b\uff0c24h\u5168\u65f6\u6bb5\u4f5c\u4e1aok-600x338.webp 600w\" sizes=\"auto, (max-width: 1920px) 100vw, 1920px\" \/><\/figure>\n\n\n\n<h2 class=\"wp-block-heading has-text-align-left has-themecolor-1-color has-text-color has-large-font-size\">Opera\u00e7\u00e3o Cont\u00ednua 24\/7 | Liberte sua For\u00e7a de Trabalho<\/h2>\n\n\n\n<p>Substitua tarefas de retifica\u00e7\u00e3o manual pesadas e de alta polui\u00e7\u00e3o por precis\u00e3o automatizada. <\/p>\n\n\n\n<p>Mantenha a consist\u00eancia a longo prazo e reduza significativamente os custos de m\u00e3o de obra atrav\u00e9s da opera\u00e7\u00e3o ininterrupta 24h.<\/p>\n<\/div>\n<\/div><div class=\"layout_badh\"><div class=\"shizhezhao\" style=\"opacity:0.15;background-color:;\"><\/div><\/div><\/section>\n\n\n\n<section class=\"wp-block-themepark-block-themepark-area block_layout thempark-block PcOnly bom20 top20\" id=\"\" style=\"padding-top:300px;height:900px;box-sizing: border-box;width: 100%;\" data-swiper-parallax=\"-700\"><div class=\"block_layout_in\" style=\"\">\n<div class=\"wp-block-column block_layout_in is-layout-flow wp-block-column-is-layout-flow\">\n<div class=\"wp-block-themepark-block-themepark-xian theme_fang_out\" style=\"text-align:left;padding-top:1px;\"><div class=\"fangbox\" style=\"width:undefinedpx;height:34px;\"><\/div><\/div>\n\n\n\n<h2 class=\"wp-block-heading has-text-align-center has-themecolor-1-color has-text-color has-large-font-size\">Identifica\u00e7\u00e3o Visual Inteligente <\/h2>\n\n\n\n<h2 class=\"wp-block-heading has-text-align-center has-themecolor-1-color has-text-color has-link-color has-large-font-size wp-elements-a832b7c2ff4a007914ac0e8dc88b6a2b\"> Dominar Milhares de Pe\u00e7as como uma \u00danica<\/h2>\n\n\n\n<p><\/p>\n\n\n\n<p class=\"has-text-align-center has-monte-white-color has-text-color has-normal-font-size\">Algoritmos de vis\u00e3o de alto desempenho identificam com precis\u00e3o as poses das pe\u00e7as para corre\u00e7\u00e3o autom\u00e1tica de desvio. <\/p>\n\n\n\n<p class=\"has-text-align-center has-monte-white-color has-text-color has-normal-font-size\">A compensa\u00e7\u00e3o inteligente do desgaste de consum\u00edveis garante que a precis\u00e3o de retifica\u00e7\u00e3o de cada pe\u00e7a permane\u00e7a altamente uniforme.<\/p>\n\n\n\n<p class=\"has-text-align-left has-monte-white-color has-text-color has-normal-font-size\"><\/p>\n<\/div>\n<\/div><div class=\"layout_badh\"><div class=\"shizhezhao\" style=\"opacity:0.15;background-color:#000000;\"><\/div><div class=\"PcOnly themepark-block_layout_ba lazyload swiper-lazy\" style=\"background-size:cover;background-position:center;\" data-background=\"https:\/\/xtlaser.com\/wp-content\/uploads\/2025\/12\/\u5168\u81ea\u52a8\u6253\u78e8\u673a\u5668\u4eba-\u89c6\u89c9\u667a\u80fd\u8bc6\u522bok.webp\"><\/div><\/div><\/section>\n\n\n\n<section class=\"wp-block-themepark-block-themepark-area block_layout thempark-block MovePnly bom10 top10\" id=\"\" style=\"padding-top:2px;height:900px;box-sizing: border-box;width: 100%;\" data-swiper-parallax=\"-700\"><div class=\"block_layout_in\" style=\"\">\n<div class=\"wp-block-column block_layout_in is-layout-flow wp-block-column-is-layout-flow\">\n<figure class=\"wp-block-image size-full\"><img loading=\"lazy\" decoding=\"async\" width=\"1920\" height=\"1080\" src=\"https:\/\/xtlaser.com\/wp-content\/uploads\/2025\/12\/\u5168\u81ea\u52a8\u6253\u78e8\u673a\u5668\u4eba-\u89c6\u89c9\u667a\u80fd\u8bc6\u522bok.webp\" alt=\"\" class=\"wp-image-72251\" srcset=\"https:\/\/xtlaser.com\/wp-content\/uploads\/2025\/12\/\u5168\u81ea\u52a8\u6253\u78e8\u673a\u5668\u4eba-\u89c6\u89c9\u667a\u80fd\u8bc6\u522bok.webp 1920w, https:\/\/xtlaser.com\/wp-content\/uploads\/2025\/12\/\u5168\u81ea\u52a8\u6253\u78e8\u673a\u5668\u4eba-\u89c6\u89c9\u667a\u80fd\u8bc6\u522bok-300x169.webp 300w, https:\/\/xtlaser.com\/wp-content\/uploads\/2025\/12\/\u5168\u81ea\u52a8\u6253\u78e8\u673a\u5668\u4eba-\u89c6\u89c9\u667a\u80fd\u8bc6\u522bok-1024x576.webp 1024w, https:\/\/xtlaser.com\/wp-content\/uploads\/2025\/12\/\u5168\u81ea\u52a8\u6253\u78e8\u673a\u5668\u4eba-\u89c6\u89c9\u667a\u80fd\u8bc6\u522bok-768x432.webp 768w, https:\/\/xtlaser.com\/wp-content\/uploads\/2025\/12\/\u5168\u81ea\u52a8\u6253\u78e8\u673a\u5668\u4eba-\u89c6\u89c9\u667a\u80fd\u8bc6\u522bok-1536x864.webp 1536w, https:\/\/xtlaser.com\/wp-content\/uploads\/2025\/12\/\u5168\u81ea\u52a8\u6253\u78e8\u673a\u5668\u4eba-\u89c6\u89c9\u667a\u80fd\u8bc6\u522bok-600x338.webp 600w\" sizes=\"auto, (max-width: 1920px) 100vw, 1920px\" \/><\/figure>\n\n\n\n<h2 class=\"wp-block-heading has-text-align-left has-themecolor-1-color has-text-color has-large-font-size\"><strong>Identifica\u00e7\u00e3o Visual Inteligente <\/strong><\/h2>\n\n\n\n<h2 class=\"wp-block-heading has-text-align-left has-themecolor-1-color has-text-color has-link-color has-large-font-size wp-elements-8d39d9fd425729cb5f8b674fd034b2bb\"><strong>Dominar Milhares de Pe\u00e7as como uma \u00danica<\/strong><\/h2>\n\n\n\n<p>Isso vai muito al\u00e9m de uma simples restaura\u00e7\u00e3o. \u00c9 uma atualiza\u00e7\u00e3o abrangente de desempenho. Ao revestir com materiais de liga de alto desempenho, os componentes reparados ganham resist\u00eancia ao desgaste, resist\u00eancia \u00e0 corros\u00e3o e toler\u00e2ncia a altas temperaturas superiores aos produtos novos, efetivamente dobrando sua vida \u00fatil.<\/p>\n<\/div>\n<\/div><div class=\"layout_badh\"><div class=\"shizhezhao\" style=\"opacity:0.15;background-color:;\"><\/div><\/div><\/section>\n\n\n\n<section class=\"wp-block-themepark-block-themepark-area block_layout thempark-block PcOnly bom20 top20\" id=\"\" style=\"padding-top:300px;height:900px;box-sizing: border-box;width: 100%;\" data-swiper-parallax=\"-700\"><div class=\"block_layout_in\" style=\"\">\n<div class=\"wp-block-column block_layout_in is-layout-flow wp-block-column-is-layout-flow\">\n<div class=\"wp-block-themepark-block-themepark-xian theme_fang_out  top10\" style=\"text-align:left;padding-top:1px;\"><div class=\"fangbox\" style=\"width:undefinedpx;\"><\/div><\/div>\n\n\n\n<h2 class=\"wp-block-heading has-text-align-right has-themecolor-1-color has-text-color has-large-font-size\">Vincula\u00e7\u00e3o Multi-Eixo | Flexibilidade M\u00e1xima<\/h2>\n\n\n\n<p><\/p>\n\n\n\n<p class=\"has-text-align-right has-monte-white-color has-text-color has-normal-font-size\">Trajet\u00f3rias de movimento avan\u00e7adas realizam sem esfor\u00e7o o retifica\u00e7\u00e3o completa em superf\u00edcies 3D complexas e componentes irregulares. <\/p>\n\n\n\n<p class=\"has-text-align-right has-monte-white-color has-text-color has-normal-font-size\">Projetado para atender \u00e0s demandas de linhas de produ\u00e7\u00e3o altamente diversificadas.<\/p>\n<\/div>\n<\/div><div class=\"layout_badh\"><div class=\"shizhezhao\" style=\"opacity:0.15;background-color:#000000;\"><\/div><div class=\"PcOnly themepark-block_layout_ba lazyload swiper-lazy\" style=\"background-size:cover;background-position:center;\" data-background=\"https:\/\/xtlaser.com\/wp-content\/uploads\/2025\/12\/\u5168\u81ea\u52a8\u6253\u78e8\u673a\u5668\u4eba-\u591a\u8f74\u8fd0\u52a8\u6781\u81f4\u67d4\u6027ok.webp\"><\/div><\/div><\/section>\n\n\n\n<section class=\"wp-block-themepark-block-themepark-area block_layout thempark-block MovePnly bom10 top10\" id=\"\" style=\"padding-top:2px;height:900px;box-sizing: border-box;width: 100%;\" data-swiper-parallax=\"-700\"><div class=\"block_layout_in\" style=\"\">\n<div class=\"wp-block-column block_layout_in is-layout-flow wp-block-column-is-layout-flow\">\n<figure class=\"wp-block-image size-full is-style-default\"><img loading=\"lazy\" decoding=\"async\" width=\"1920\" height=\"1080\" src=\"https:\/\/xtlaser.com\/wp-content\/uploads\/2025\/12\/\u5168\u81ea\u52a8\u6253\u78e8\u673a\u5668\u4eba-\u591a\u8f74\u8fd0\u52a8\u6781\u81f4\u67d4\u6027ok.webp\" alt=\"\" class=\"wp-image-72252\" srcset=\"https:\/\/xtlaser.com\/wp-content\/uploads\/2025\/12\/\u5168\u81ea\u52a8\u6253\u78e8\u673a\u5668\u4eba-\u591a\u8f74\u8fd0\u52a8\u6781\u81f4\u67d4\u6027ok.webp 1920w, https:\/\/xtlaser.com\/wp-content\/uploads\/2025\/12\/\u5168\u81ea\u52a8\u6253\u78e8\u673a\u5668\u4eba-\u591a\u8f74\u8fd0\u52a8\u6781\u81f4\u67d4\u6027ok-300x169.webp 300w, https:\/\/xtlaser.com\/wp-content\/uploads\/2025\/12\/\u5168\u81ea\u52a8\u6253\u78e8\u673a\u5668\u4eba-\u591a\u8f74\u8fd0\u52a8\u6781\u81f4\u67d4\u6027ok-1024x576.webp 1024w, https:\/\/xtlaser.com\/wp-content\/uploads\/2025\/12\/\u5168\u81ea\u52a8\u6253\u78e8\u673a\u5668\u4eba-\u591a\u8f74\u8fd0\u52a8\u6781\u81f4\u67d4\u6027ok-768x432.webp 768w, https:\/\/xtlaser.com\/wp-content\/uploads\/2025\/12\/\u5168\u81ea\u52a8\u6253\u78e8\u673a\u5668\u4eba-\u591a\u8f74\u8fd0\u52a8\u6781\u81f4\u67d4\u6027ok-1536x864.webp 1536w, https:\/\/xtlaser.com\/wp-content\/uploads\/2025\/12\/\u5168\u81ea\u52a8\u6253\u78e8\u673a\u5668\u4eba-\u591a\u8f74\u8fd0\u52a8\u6781\u81f4\u67d4\u6027ok-600x338.webp 600w\" sizes=\"auto, (max-width: 1920px) 100vw, 1920px\" \/><\/figure>\n\n\n\n<h2 class=\"wp-block-heading has-text-align-left has-themecolor-1-color has-text-color has-large-font-size\">Vincula\u00e7\u00e3o Multi-Eixo | Flexibilidade M\u00e1xima<\/h2>\n\n\n\n<p>Trajet\u00f3rias de movimento avan\u00e7adas realizam sem esfor\u00e7o o retifica\u00e7\u00e3o completa em superf\u00edcies 3D complexas e componentes irregulares. <\/p>\n\n\n\n<p>Projetado para atender \u00e0s demandas de linhas de produ\u00e7\u00e3o altamente diversificadas.<\/p>\n<\/div>\n<\/div><div class=\"layout_badh\"><div class=\"shizhezhao\" style=\"opacity:0.15;background-color:;\"><\/div><\/div><\/section>\n\n\n\n<div class=\"wp-block-themepark-block-themepark-area block_layout thempark-block undefined\" id=\"padingmax\" style=\"background-color:#f7f7f7;padding-bottom:38px;padding-top:38px;\" data-swiper-parallax=\"-700\"><div class=\"block_layout_in\" style=\"max-width:1900px;\">\n<div class=\"wp-block-column block_layout_in is-layout-flow wp-block-column-is-layout-flow\">\n<div class=\"wp-block-themepark-block-themepark-wright content-super-p\" style=\"font-size:12px;line-height:42px;padding:10px 10px;\">\n<div class=\"wp-block-column is-layout-flow wp-block-column-is-layout-flow\">\n<p class=\"has-text-align-center has-themecolor-1-color has-text-color has-link-color has-large-font-size wp-elements-75160ef55f9568d5c6e09e84db854271\"><strong>\u00c1reas de aplica\u00e7\u00e3o<\/strong><\/p>\n\n\n\n<p class=\"has-text-align-center has-text-color has-link-color has-normal-font-size wp-elements-4c2e70755718abae4f2b2a4ef12ea9ff\" style=\"color:#333333\">Fabrica\u00e7\u00e3o e processamento de metais, equipamentos de transporte, m\u00e1quinas e equipamentos el\u00e9tricos, nova energia e prote\u00e7\u00e3o ambiental, eletr\u00f4nica de consumo e instrumentos de precis\u00e3o<\/p>\n\n\n\n<p><\/p>\n\n\n<div class=\"wp-block-image\">\n<figure class=\"aligncenter size-large\"><img loading=\"lazy\" decoding=\"async\" width=\"1024\" height=\"201\" src=\"https:\/\/xtlaser.com\/wp-content\/uploads\/2025\/12\/\u7ec4-450-2-1024x201.webp\" alt=\"\" class=\"wp-image-72239\" srcset=\"https:\/\/xtlaser.com\/wp-content\/uploads\/2025\/12\/\u7ec4-450-2-1024x201.webp 1024w, https:\/\/xtlaser.com\/wp-content\/uploads\/2025\/12\/\u7ec4-450-2-300x59.webp 300w, https:\/\/xtlaser.com\/wp-content\/uploads\/2025\/12\/\u7ec4-450-2-768x151.webp 768w, https:\/\/xtlaser.com\/wp-content\/uploads\/2025\/12\/\u7ec4-450-2-1536x302.webp 1536w, https:\/\/xtlaser.com\/wp-content\/uploads\/2025\/12\/\u7ec4-450-2-600x118.webp 600w, https:\/\/xtlaser.com\/wp-content\/uploads\/2025\/12\/\u7ec4-450-2.webp 1550w\" sizes=\"auto, (max-width: 1024px) 100vw, 1024px\" \/><\/figure>\n<\/div><\/div>\n<\/div>\n<\/div>\n<\/div><div class=\"layout_badh\"><\/div><\/div>\n\n\n\n<p><\/p>\n<\/div>","protected":false},"excerpt":{"rendered":"[tp_attributes num_attributes=\"5\"]","protected":false},"featured_media":72254,"template":"","meta":{"themepark_post_bcolor":"#f5f5f5","themepark_post_width":"1022px","themepark_post_img":"","themepark_post_img_po":"left","themepark_post_img_re":false,"themepark_post_img_cover":false,"themepark_post_img_fixed":false,"themepark_post_hide_title":false,"themepark_post_main_b":"","themepark_post_main_p":100,"themepark_paddingblock":false},"product_brand":[47],"product_cat":[69,2811],"product_tag":[],"class_list":{"0":"post-72253","1":"product","2":"type-product","3":"status-publish","4":"has-post-thumbnail","6":"product_brand-xt-laser","7":"product_cat-fiber-laser-cutting-machine","8":"product_cat-cladding-burnish","9":"pa_highlights-automation","11":"first","12":"instock","13":"shipping-taxable","14":"product-type-simple"},"_links":{"self":[{"href":"https:\/\/xtlaser.com\/pt\/wp-json\/wp\/v2\/product\/72253","targetHints":{"allow":["GET"]}}],"collection":[{"href":"https:\/\/xtlaser.com\/pt\/wp-json\/wp\/v2\/product"}],"about":[{"href":"https:\/\/xtlaser.com\/pt\/wp-json\/wp\/v2\/types\/product"}],"wp:featuredmedia":[{"embeddable":true,"href":"https:\/\/xtlaser.com\/pt\/wp-json\/wp\/v2\/media\/72254"}],"wp:attachment":[{"href":"https:\/\/xtlaser.com\/pt\/wp-json\/wp\/v2\/media?parent=72253"}],"wp:term":[{"taxonomy":"product_brand","embeddable":true,"href":"https:\/\/xtlaser.com\/pt\/wp-json\/wp\/v2\/product_brand?post=72253"},{"taxonomy":"product_cat","embeddable":true,"href":"https:\/\/xtlaser.com\/pt\/wp-json\/wp\/v2\/product_cat?post=72253"},{"taxonomy":"product_tag","embeddable":true,"href":"https:\/\/xtlaser.com\/pt\/wp-json\/wp\/v2\/product_tag?post=72253"}],"curies":[{"name":"wp","href":"https:\/\/api.w.org\/{rel}","templated":true}]}}