{"id":72240,"date":"2025-12-23T13:46:09","date_gmt":"2025-12-23T05:46:09","guid":{"rendered":"https:\/\/xtlaser.com\/?post_type=product&#038;p=72240"},"modified":"2026-01-27T15:27:19","modified_gmt":"2026-01-27T07:27:19","slug":"laser-cladding-robot","status":"publish","type":"product","link":"https:\/\/xtlaser.com\/pt\/product-item\/laser-cladding-robot","title":{"rendered":"Rob\u00f4 de Revestimento a Laser"},"content":{"rendered":"<div class=\"post_content\">\n<section class=\"wp-block-themepark-block-themepark-area block_layout thempark-block PcOnly bom20 top20\" id=\"\" style=\"padding-top:76px;height:900px;box-sizing: border-box;width: 100%;\" data-swiper-parallax=\"-700\"><div class=\"block_layout_in\" style=\"\">\n<div class=\"wp-block-column block_layout_in is-layout-flow wp-block-column-is-layout-flow\">\n<div class=\"wp-block-themepark-block-themepark-xian theme_fang_out\" style=\"text-align:left;\"><div class=\"fangbox\" style=\"width:undefinedpx;\"><\/div><\/div>\n\n\n\n<h2 class=\"wp-block-heading has-text-align-right has-themecolor-1-color has-text-color has-large-font-size\">Rob\u00f4 de Revestimento a Laser<\/h2>\n\n\n\n<h1 class=\"wp-block-heading has-text-align-right has-monte-white-color has-text-color has-normal-font-size\">Especialista em remanufatura aditiva e modifica\u00e7\u00e3o de superf\u00edcie para componentes de alto valor.<\/h1>\n<\/div>\n<\/div><div class=\"layout_badh\"><div class=\"shizhezhao\" style=\"opacity:0.15;background-color:#000000;\"><\/div><div class=\"PcOnly themepark-block_layout_ba lazyload swiper-lazy\" style=\"background-size:cover;background-position:center;\" data-background=\"https:\/\/xtlaser.com\/wp-content\/uploads\/2025\/12\/\u6fc0\u5149\u7194\u8986\u673a\u5668\u4eba-\u591a\u8f74\u8fd0\u52a8\u6781\u81f4\u67d4\u6027ok.webp\"><\/div><\/div><\/section>\n\n\n\n<section class=\"wp-block-themepark-block-themepark-area block_layout thempark-block MovePnly bom10 top10\" id=\"\" style=\"padding-top:2px;height:900px;box-sizing: border-box;width: 100%;\" data-swiper-parallax=\"-700\"><div class=\"block_layout_in\" style=\"\">\n<div class=\"wp-block-column block_layout_in is-layout-flow wp-block-column-is-layout-flow\">\n<figure class=\"wp-block-image size-full\"><img loading=\"lazy\" decoding=\"async\" width=\"1927\" height=\"1084\" src=\"https:\/\/xtlaser.com\/wp-content\/uploads\/2025\/12\/\u6fc0\u5149\u7194\u8986\u673a\u5668\u4eba-\u591a\u8f74\u8fd0\u52a8\u6781\u81f4\u67d4\u6027ok.webp\" alt=\"\" class=\"wp-image-72234\" srcset=\"https:\/\/xtlaser.com\/wp-content\/uploads\/2025\/12\/\u6fc0\u5149\u7194\u8986\u673a\u5668\u4eba-\u591a\u8f74\u8fd0\u52a8\u6781\u81f4\u67d4\u6027ok.webp 1927w, https:\/\/xtlaser.com\/wp-content\/uploads\/2025\/12\/\u6fc0\u5149\u7194\u8986\u673a\u5668\u4eba-\u591a\u8f74\u8fd0\u52a8\u6781\u81f4\u67d4\u6027ok-300x169.webp 300w, https:\/\/xtlaser.com\/wp-content\/uploads\/2025\/12\/\u6fc0\u5149\u7194\u8986\u673a\u5668\u4eba-\u591a\u8f74\u8fd0\u52a8\u6781\u81f4\u67d4\u6027ok-1024x576.webp 1024w, https:\/\/xtlaser.com\/wp-content\/uploads\/2025\/12\/\u6fc0\u5149\u7194\u8986\u673a\u5668\u4eba-\u591a\u8f74\u8fd0\u52a8\u6781\u81f4\u67d4\u6027ok-768x432.webp 768w, https:\/\/xtlaser.com\/wp-content\/uploads\/2025\/12\/\u6fc0\u5149\u7194\u8986\u673a\u5668\u4eba-\u591a\u8f74\u8fd0\u52a8\u6781\u81f4\u67d4\u6027ok-1536x864.webp 1536w, https:\/\/xtlaser.com\/wp-content\/uploads\/2025\/12\/\u6fc0\u5149\u7194\u8986\u673a\u5668\u4eba-\u591a\u8f74\u8fd0\u52a8\u6781\u81f4\u67d4\u6027ok-600x338.webp 600w\" sizes=\"auto, (max-width: 1927px) 100vw, 1927px\" \/><\/figure>\n\n\n\n<h2 class=\"wp-block-heading has-text-align-left has-themecolor-1-color has-text-color has-large-font-size\">Rob\u00f4 de Revestimento a Laser<\/h2>\n\n\n\n<p>Especialista em remanufatura aditiva e modifica\u00e7\u00e3o de superf\u00edcie para componentes de alto valor.<\/p>\n<\/div>\n<\/div><div class=\"layout_badh\"><div class=\"shizhezhao\" style=\"opacity:0.15;background-color:;\"><\/div><\/div><\/section>\n\n\n\n<section class=\"wp-block-themepark-block-themepark-area block_layout thempark-block PcOnly bom20 top20\" id=\"\" style=\"padding-top:300px;height:900px;box-sizing: border-box;width: 100%;\" data-swiper-parallax=\"-700\"><div class=\"block_layout_in\" style=\"\">\n<div class=\"wp-block-column block_layout_in is-layout-flow wp-block-column-is-layout-flow\">\n<div class=\"wp-block-themepark-block-themepark-xian theme_fang_out  top10\" style=\"text-align:left;padding-top:1px;\"><div class=\"fangbox\" style=\"width:0px;\"><\/div><\/div>\n\n\n\n<h2 class=\"wp-block-heading has-text-align-left has-themecolor-1-color has-text-color has-large-font-size\">Reparar ao Inv\u00e9s de Substituir | Redu\u00e7\u00e3o de 70% no Custo<\/h2>\n\n\n\n<p><\/p>\n\n\n\n<p class=\"has-text-align-left has-monte-white-color has-text-color has-normal-font-size\">A sucateamento de componentes centrais de alto valor n\u00e3o \u00e9 mais o fim da linha.<\/p>\n\n\n\n<p class=\"has-text-align-left has-monte-white-color has-text-color has-normal-font-size\"> O revestimento a laser de precis\u00e3o restaura o desempenho aos padr\u00f5es originais \u2014 ou at\u00e9 os supera. <\/p>\n\n\n\n<p class=\"has-text-align-left has-monte-white-color has-text-color has-normal-font-size\">Com custos de reparo de apenas 20%-30% da aquisi\u00e7\u00e3o de uma pe\u00e7a nova, voc\u00ea obt\u00e9m uma redu\u00e7\u00e3o direta de 70% nos custos.<\/p>\n<\/div>\n<\/div><div class=\"layout_badh\"><div class=\"shizhezhao\" style=\"opacity:0.15;background-color:#000000;\"><\/div><div class=\"PcOnly themepark-block_layout_ba lazyload swiper-lazy\" style=\"background-size:cover;background-position:center;\" data-background=\"https:\/\/xtlaser.com\/wp-content\/uploads\/2025\/12\/\u4ee5\u4fee\u4ee3\u9020\uff0c\u6210\u672c\u9510\u51cf70ok.webp\"><\/div><\/div><\/section>\n\n\n\n<section class=\"wp-block-themepark-block-themepark-area block_layout thempark-block MovePnly bom10 top10\" id=\"\" style=\"padding-top:2px;height:900px;box-sizing: border-box;width: 100%;\" data-swiper-parallax=\"-700\"><div class=\"block_layout_in\" style=\"\">\n<div class=\"wp-block-column block_layout_in is-layout-flow wp-block-column-is-layout-flow\">\n<figure class=\"wp-block-image size-full\"><img loading=\"lazy\" decoding=\"async\" width=\"1918\" height=\"1079\" src=\"https:\/\/xtlaser.com\/wp-content\/uploads\/2025\/12\/\u4ee5\u4fee\u4ee3\u9020\uff0c\u6210\u672c\u9510\u51cf70ok.webp\" alt=\"\" class=\"wp-image-72235\" srcset=\"https:\/\/xtlaser.com\/wp-content\/uploads\/2025\/12\/\u4ee5\u4fee\u4ee3\u9020\uff0c\u6210\u672c\u9510\u51cf70ok.webp 1918w, https:\/\/xtlaser.com\/wp-content\/uploads\/2025\/12\/\u4ee5\u4fee\u4ee3\u9020\uff0c\u6210\u672c\u9510\u51cf70ok-300x169.webp 300w, https:\/\/xtlaser.com\/wp-content\/uploads\/2025\/12\/\u4ee5\u4fee\u4ee3\u9020\uff0c\u6210\u672c\u9510\u51cf70ok-1024x576.webp 1024w, https:\/\/xtlaser.com\/wp-content\/uploads\/2025\/12\/\u4ee5\u4fee\u4ee3\u9020\uff0c\u6210\u672c\u9510\u51cf70ok-768x432.webp 768w, https:\/\/xtlaser.com\/wp-content\/uploads\/2025\/12\/\u4ee5\u4fee\u4ee3\u9020\uff0c\u6210\u672c\u9510\u51cf70ok-1536x864.webp 1536w, https:\/\/xtlaser.com\/wp-content\/uploads\/2025\/12\/\u4ee5\u4fee\u4ee3\u9020\uff0c\u6210\u672c\u9510\u51cf70ok-600x338.webp 600w\" sizes=\"auto, (max-width: 1918px) 100vw, 1918px\" \/><\/figure>\n\n\n\n<h2 class=\"wp-block-heading has-text-align-left has-themecolor-1-color has-text-color has-large-font-size\">Reparar ao Inv\u00e9s de Substituir | Redu\u00e7\u00e3o de 70% no Custo<\/h2>\n\n\n\n<p>A sucateamento de componentes centrais de alto valor n\u00e3o \u00e9 mais o fim da linha. O revestimento a laser de precis\u00e3o restaura o desempenho aos padr\u00f5es originais<\/p>\n\n\n\n<p>\u2014ou at\u00e9 os supera. Com custos de reparo de apenas 20%-30% da aquisi\u00e7\u00e3o de uma pe\u00e7a nova, voc\u00ea obt\u00e9m uma redu\u00e7\u00e3o direta de 70% nos custos.<\/p>\n<\/div>\n<\/div><div class=\"layout_badh\"><div class=\"shizhezhao\" style=\"opacity:0.15;background-color:;\"><\/div><\/div><\/section>\n\n\n\n<section class=\"wp-block-themepark-block-themepark-area block_layout thempark-block PcOnly bom20 top20\" id=\"\" style=\"padding-top:300px;height:900px;box-sizing: border-box;width: 100%;\" data-swiper-parallax=\"-700\"><div class=\"block_layout_in\" style=\"\">\n<div class=\"wp-block-column block_layout_in is-layout-flow wp-block-column-is-layout-flow\">\n<div class=\"wp-block-themepark-block-themepark-xian theme_fang_out\" style=\"text-align:left;padding-top:1px;\"><div class=\"fangbox\" style=\"width:undefinedpx;\"><\/div><\/div>\n\n\n\n<h2 class=\"wp-block-heading has-text-align-left has-themecolor-1-color has-text-color has-large-font-size\">Salto de Desempenho | Vida \u00datil Estendida em 1-2 Vezes<\/h2>\n\n\n\n<p><\/p>\n\n\n\n<p class=\"has-text-align-left has-monte-white-color has-text-color has-normal-font-size\">Isso vai muito al\u00e9m de uma simples restaura\u00e7\u00e3o. \u00c9 uma atualiza\u00e7\u00e3o completa de desempenho. Ao revestir com materiais de liga de alta performance, <\/p>\n\n\n\n<p class=\"has-text-align-left has-monte-white-color has-text-color has-normal-font-size\">os componentes reparados ganham resist\u00eancia ao desgaste e \u00e0 corros\u00e3o superiores, <\/p>\n\n\n\n<p class=\"has-text-align-left has-monte-white-color has-text-color has-normal-font-size\">e uma toler\u00e2ncia a altas temperaturas que supera a dos produtos novos \u2014 efetivamente dobrando sua vida \u00fatil.<\/p>\n<\/div>\n<\/div><div class=\"layout_badh\"><div class=\"shizhezhao\" style=\"opacity:0.15;background-color:#000000;\"><\/div><div class=\"PcOnly themepark-block_layout_ba lazyload swiper-lazy\" style=\"background-size:cover;background-position:center;\" data-background=\"https:\/\/xtlaser.com\/wp-content\/uploads\/2025\/12\/\u6fc0\u5149\u7194\u8986\u673a\u5668\u4eba-\u6027\u80fd\u8dc3\u5347\uff0c\u5bff\u547d\u5ef6\u957f1-2\u500dok.webp\"><\/div><\/div><\/section>\n\n\n\n<section class=\"wp-block-themepark-block-themepark-area block_layout thempark-block MovePnly bom10 top10\" id=\"\" style=\"padding-top:2px;height:900px;box-sizing: border-box;width: 100%;\" data-swiper-parallax=\"-700\"><div class=\"block_layout_in\" style=\"\">\n<div class=\"wp-block-column block_layout_in is-layout-flow wp-block-column-is-layout-flow\">\n<figure class=\"wp-block-image size-full\"><img loading=\"lazy\" decoding=\"async\" width=\"1920\" height=\"1080\" src=\"https:\/\/xtlaser.com\/wp-content\/uploads\/2025\/12\/\u6fc0\u5149\u7194\u8986\u673a\u5668\u4eba-\u6027\u80fd\u8dc3\u5347\uff0c\u5bff\u547d\u5ef6\u957f1-2\u500dok.webp\" alt=\"\" class=\"wp-image-72236\" srcset=\"https:\/\/xtlaser.com\/wp-content\/uploads\/2025\/12\/\u6fc0\u5149\u7194\u8986\u673a\u5668\u4eba-\u6027\u80fd\u8dc3\u5347\uff0c\u5bff\u547d\u5ef6\u957f1-2\u500dok.webp 1920w, https:\/\/xtlaser.com\/wp-content\/uploads\/2025\/12\/\u6fc0\u5149\u7194\u8986\u673a\u5668\u4eba-\u6027\u80fd\u8dc3\u5347\uff0c\u5bff\u547d\u5ef6\u957f1-2\u500dok-300x169.webp 300w, https:\/\/xtlaser.com\/wp-content\/uploads\/2025\/12\/\u6fc0\u5149\u7194\u8986\u673a\u5668\u4eba-\u6027\u80fd\u8dc3\u5347\uff0c\u5bff\u547d\u5ef6\u957f1-2\u500dok-1024x576.webp 1024w, https:\/\/xtlaser.com\/wp-content\/uploads\/2025\/12\/\u6fc0\u5149\u7194\u8986\u673a\u5668\u4eba-\u6027\u80fd\u8dc3\u5347\uff0c\u5bff\u547d\u5ef6\u957f1-2\u500dok-768x432.webp 768w, https:\/\/xtlaser.com\/wp-content\/uploads\/2025\/12\/\u6fc0\u5149\u7194\u8986\u673a\u5668\u4eba-\u6027\u80fd\u8dc3\u5347\uff0c\u5bff\u547d\u5ef6\u957f1-2\u500dok-1536x864.webp 1536w, https:\/\/xtlaser.com\/wp-content\/uploads\/2025\/12\/\u6fc0\u5149\u7194\u8986\u673a\u5668\u4eba-\u6027\u80fd\u8dc3\u5347\uff0c\u5bff\u547d\u5ef6\u957f1-2\u500dok-600x338.webp 600w\" sizes=\"auto, (max-width: 1920px) 100vw, 1920px\" \/><\/figure>\n\n\n\n<h2 class=\"wp-block-heading has-text-align-left has-themecolor-1-color has-text-color has-large-font-size\">Salto de Desempenho | Vida \u00datil Estendida em 1-2 Vezes<\/h2>\n\n\n\n<p>Isso vai muito al\u00e9m de uma simples restaura\u00e7\u00e3o. \u00c9 uma atualiza\u00e7\u00e3o abrangente de desempenho. Ao revestir com materiais de liga de alto desempenho, os componentes reparados ganham resist\u00eancia ao desgaste, resist\u00eancia \u00e0 corros\u00e3o e toler\u00e2ncia a altas temperaturas superiores aos produtos novos, efetivamente dobrando sua vida \u00fatil.<\/p>\n<\/div>\n<\/div><div class=\"layout_badh\"><div class=\"shizhezhao\" style=\"opacity:0.15;background-color:;\"><\/div><\/div><\/section>\n\n\n\n<section class=\"wp-block-themepark-block-themepark-area block_layout thempark-block PcOnly bom20 top20\" id=\"\" style=\"padding-top:300px;height:900px;box-sizing: border-box;width: 100%;\" data-swiper-parallax=\"-700\"><div class=\"block_layout_in\" style=\"\">\n<div class=\"wp-block-column block_layout_in is-layout-flow wp-block-column-is-layout-flow\">\n<div class=\"wp-block-themepark-block-themepark-xian theme_fang_out  top10\" style=\"text-align:left;padding-top:1px;\"><div class=\"fangbox\" style=\"width:undefinedpx;\"><\/div><\/div>\n\n\n\n<h2 class=\"wp-block-heading has-text-align-right has-themecolor-1-color has-text-color has-large-font-size\">Varredura Visual | Opera\u00e7\u00e3o Extremamente Simples<\/h2>\n\n\n\n<p><\/p>\n\n\n\n<p class=\"has-text-align-right has-monte-white-color has-text-color has-normal-font-size\">Opera\u00e7\u00e3o revolucion\u00e1ria sem programa\u00e7\u00e3o. As pe\u00e7as podem ser colocadas aleatoriamente enquanto o sistema realiza varredura e identifica\u00e7\u00e3o visual autom\u00e1ticas. <\/p>\n\n\n\n<p class=\"has-text-align-right has-monte-white-color has-text-color has-normal-font-size\">Completely eliminate technical dependence on professional technicians and expensive software.<\/p>\n<\/div>\n<\/div><div class=\"layout_badh\"><div class=\"shizhezhao\" style=\"opacity:0.15;background-color:#000000;\"><\/div><div class=\"PcOnly themepark-block_layout_ba lazyload swiper-lazy\" style=\"background-size:cover;background-position:center;\" data-background=\"https:\/\/xtlaser.com\/wp-content\/uploads\/2025\/12\/\u6fc0\u5149\u7194\u8986\u673a\u5668\u4eba-\u89c6\u89c9\u626b\u63cf\uff0c\u6781\u7b80\u64cd\u4f5cok.webp\"><\/div><\/div><\/section>\n\n\n\n<section class=\"wp-block-themepark-block-themepark-area block_layout thempark-block MovePnly bom10 top10\" id=\"\" style=\"padding-top:2px;height:900px;box-sizing: border-box;width: 100%;\" data-swiper-parallax=\"-700\"><div class=\"block_layout_in\" style=\"\">\n<div class=\"wp-block-column block_layout_in is-layout-flow wp-block-column-is-layout-flow\">\n<figure class=\"wp-block-image size-full is-style-default\"><img loading=\"lazy\" decoding=\"async\" width=\"1922\" height=\"1081\" src=\"https:\/\/xtlaser.com\/wp-content\/uploads\/2025\/12\/\u6fc0\u5149\u7194\u8986\u673a\u5668\u4eba-\u89c6\u89c9\u626b\u63cf\uff0c\u6781\u7b80\u64cd\u4f5cok.webp\" alt=\"\" class=\"wp-image-72237\" srcset=\"https:\/\/xtlaser.com\/wp-content\/uploads\/2025\/12\/\u6fc0\u5149\u7194\u8986\u673a\u5668\u4eba-\u89c6\u89c9\u626b\u63cf\uff0c\u6781\u7b80\u64cd\u4f5cok.webp 1922w, https:\/\/xtlaser.com\/wp-content\/uploads\/2025\/12\/\u6fc0\u5149\u7194\u8986\u673a\u5668\u4eba-\u89c6\u89c9\u626b\u63cf\uff0c\u6781\u7b80\u64cd\u4f5cok-300x169.webp 300w, https:\/\/xtlaser.com\/wp-content\/uploads\/2025\/12\/\u6fc0\u5149\u7194\u8986\u673a\u5668\u4eba-\u89c6\u89c9\u626b\u63cf\uff0c\u6781\u7b80\u64cd\u4f5cok-1024x576.webp 1024w, https:\/\/xtlaser.com\/wp-content\/uploads\/2025\/12\/\u6fc0\u5149\u7194\u8986\u673a\u5668\u4eba-\u89c6\u89c9\u626b\u63cf\uff0c\u6781\u7b80\u64cd\u4f5cok-768x432.webp 768w, https:\/\/xtlaser.com\/wp-content\/uploads\/2025\/12\/\u6fc0\u5149\u7194\u8986\u673a\u5668\u4eba-\u89c6\u89c9\u626b\u63cf\uff0c\u6781\u7b80\u64cd\u4f5cok-1536x864.webp 1536w, https:\/\/xtlaser.com\/wp-content\/uploads\/2025\/12\/\u6fc0\u5149\u7194\u8986\u673a\u5668\u4eba-\u89c6\u89c9\u626b\u63cf\uff0c\u6781\u7b80\u64cd\u4f5cok-600x337.webp 600w\" sizes=\"auto, (max-width: 1922px) 100vw, 1922px\" \/><\/figure>\n\n\n\n<h2 class=\"wp-block-heading has-text-align-left has-themecolor-1-color has-text-color has-large-font-size\">Varredura Visual | Opera\u00e7\u00e3o Extremamente Simples<\/h2>\n\n\n\n<p>Opera\u00e7\u00e3o revolucion\u00e1ria sem programa\u00e7\u00e3o. As pe\u00e7as podem ser colocadas aleatoriamente enquanto o sistema realiza varredura e identifica\u00e7\u00e3o visual autom\u00e1ticas. <\/p>\n\n\n\n<p>Completely eliminate technical dependence on professional technicians and expensive software.<\/p>\n<\/div>\n<\/div><div class=\"layout_badh\"><div class=\"shizhezhao\" style=\"opacity:0.15;background-color:;\"><\/div><\/div><\/section>\n\n\n\n<section class=\"wp-block-themepark-block-themepark-area block_layout thempark-block PcOnly bom20 top20\" id=\"\" style=\"padding-top:300px;height:900px;box-sizing: border-box;width: 100%;\" data-swiper-parallax=\"-700\"><div class=\"block_layout_in\" style=\"\">\n<div class=\"wp-block-column block_layout_in is-layout-flow wp-block-column-is-layout-flow\">\n<div class=\"wp-block-themepark-block-themepark-xian theme_fang_out  top10\" style=\"text-align:left;padding-top:1px;\"><div class=\"fangbox\" style=\"width:undefinedpx;height:99px;\"><\/div><\/div>\n\n\n\n<h2 class=\"wp-block-heading has-text-align-right has-themecolor-1-color has-text-color has-large-font-size\"><strong><strong><strong>Movimento Multi-Eixo | Flexibilidade M\u00e1xima<\/strong><\/strong><\/strong><\/h2>\n\n\n\n<p><\/p>\n\n\n\n<p class=\"has-text-align-right has-monte-white-color has-text-color has-normal-font-size\">O movimento do bra\u00e7o rob\u00f3tico humanoide alcan\u00e7a com facilidade m\u00faltiplos \u00e2ngulos,<\/p>\n\n\n\n<p class=\"has-text-align-right has-monte-white-color has-text-color has-normal-font-size\"> revestimento completo em curvas 3D complexas e componentes de formato irregular, sem zonas mortas.<\/p>\n<\/div>\n<\/div><div class=\"layout_badh\"><div class=\"shizhezhao\" style=\"opacity:0.15;background-color:#000000;\"><\/div><div class=\"PcOnly themepark-block_layout_ba lazyload swiper-lazy\" style=\"background-size:cover;background-position:center;\" data-background=\"https:\/\/xtlaser.com\/wp-content\/uploads\/2025\/12\/\u6fc0\u5149\u7194\u8986\u673a\u5668\u4eba-\u591a\u8f74\u8fd0\u52a8\u6781\u81f4\u67d4\u6027ok-1.webp\"><\/div><\/div><\/section>\n\n\n\n<section class=\"wp-block-themepark-block-themepark-area block_layout thempark-block MovePnly bom10 top10\" id=\"\" style=\"padding-top:2px;height:900px;box-sizing: border-box;width: 100%;\" data-swiper-parallax=\"-700\"><div class=\"block_layout_in\" style=\"\">\n<div class=\"wp-block-column block_layout_in is-layout-flow wp-block-column-is-layout-flow\">\n<figure class=\"wp-block-image size-full\"><img loading=\"lazy\" decoding=\"async\" width=\"1927\" height=\"1084\" src=\"https:\/\/xtlaser.com\/wp-content\/uploads\/2025\/12\/\u6fc0\u5149\u7194\u8986\u673a\u5668\u4eba-\u591a\u8f74\u8fd0\u52a8\u6781\u81f4\u67d4\u6027ok-1.webp\" alt=\"\" class=\"wp-image-72238\" srcset=\"https:\/\/xtlaser.com\/wp-content\/uploads\/2025\/12\/\u6fc0\u5149\u7194\u8986\u673a\u5668\u4eba-\u591a\u8f74\u8fd0\u52a8\u6781\u81f4\u67d4\u6027ok-1.webp 1927w, https:\/\/xtlaser.com\/wp-content\/uploads\/2025\/12\/\u6fc0\u5149\u7194\u8986\u673a\u5668\u4eba-\u591a\u8f74\u8fd0\u52a8\u6781\u81f4\u67d4\u6027ok-1-300x169.webp 300w, https:\/\/xtlaser.com\/wp-content\/uploads\/2025\/12\/\u6fc0\u5149\u7194\u8986\u673a\u5668\u4eba-\u591a\u8f74\u8fd0\u52a8\u6781\u81f4\u67d4\u6027ok-1-1024x576.webp 1024w, https:\/\/xtlaser.com\/wp-content\/uploads\/2025\/12\/\u6fc0\u5149\u7194\u8986\u673a\u5668\u4eba-\u591a\u8f74\u8fd0\u52a8\u6781\u81f4\u67d4\u6027ok-1-768x432.webp 768w, https:\/\/xtlaser.com\/wp-content\/uploads\/2025\/12\/\u6fc0\u5149\u7194\u8986\u673a\u5668\u4eba-\u591a\u8f74\u8fd0\u52a8\u6781\u81f4\u67d4\u6027ok-1-1536x864.webp 1536w, https:\/\/xtlaser.com\/wp-content\/uploads\/2025\/12\/\u6fc0\u5149\u7194\u8986\u673a\u5668\u4eba-\u591a\u8f74\u8fd0\u52a8\u6781\u81f4\u67d4\u6027ok-1-600x338.webp 600w\" sizes=\"auto, (max-width: 1927px) 100vw, 1927px\" \/><\/figure>\n\n\n\n<h2 class=\"wp-block-heading has-text-align-left has-themecolor-1-color has-text-color has-large-font-size\"><strong><strong><strong>Movimento Multi-Eixo | Flexibilidade M\u00e1xima<\/strong><\/strong><\/strong><\/h2>\n\n\n\n<p>Humanoid robotic arm movement effortlessly achieves multi-angle, all-around cladding on complex 3D curves and irregularly shaped components without dead zones.<\/p>\n<\/div>\n<\/div><div class=\"layout_badh\"><div class=\"shizhezhao\" style=\"opacity:0.15;background-color:;\"><\/div><\/div><\/section>\n\n\n\n<div class=\"wp-block-themepark-block-themepark-area block_layout thempark-block undefined\" id=\"padingmax\" style=\"background-color:#f7f7f7;padding-bottom:38px;padding-top:38px;\" data-swiper-parallax=\"-700\"><div class=\"block_layout_in\" style=\"max-width:1900px;\">\n<div class=\"wp-block-column block_layout_in is-layout-flow wp-block-column-is-layout-flow\">\n<div class=\"wp-block-themepark-block-themepark-wright content-super-p\" style=\"font-size:12px;line-height:42px;padding:10px 10px;\">\n<div class=\"wp-block-column is-layout-flow wp-block-column-is-layout-flow\">\n<p class=\"has-text-align-center has-themecolor-1-color has-text-color has-link-color has-large-font-size wp-elements-75160ef55f9568d5c6e09e84db854271\"><strong>\u00c1reas de aplica\u00e7\u00e3o<\/strong><\/p>\n\n\n\n<p class=\"has-text-align-center has-text-color has-link-color has-normal-font-size wp-elements-4c2e70755718abae4f2b2a4ef12ea9ff\" style=\"color:#333333\">Fabrica\u00e7\u00e3o e processamento de metais, equipamentos de transporte, m\u00e1quinas e equipamentos el\u00e9tricos, nova energia e prote\u00e7\u00e3o ambiental, eletr\u00f4nica de consumo e instrumentos de precis\u00e3o<\/p>\n\n\n\n<p><\/p>\n\n\n<div class=\"wp-block-image\">\n<figure class=\"aligncenter size-full\"><img loading=\"lazy\" decoding=\"async\" width=\"1550\" height=\"305\" src=\"https:\/\/xtlaser.com\/wp-content\/uploads\/2025\/12\/\u7ec4-450-2.webp\" alt=\"\" class=\"wp-image-72239\" srcset=\"https:\/\/xtlaser.com\/wp-content\/uploads\/2025\/12\/\u7ec4-450-2.webp 1550w, https:\/\/xtlaser.com\/wp-content\/uploads\/2025\/12\/\u7ec4-450-2-300x59.webp 300w, https:\/\/xtlaser.com\/wp-content\/uploads\/2025\/12\/\u7ec4-450-2-1024x201.webp 1024w, https:\/\/xtlaser.com\/wp-content\/uploads\/2025\/12\/\u7ec4-450-2-768x151.webp 768w, https:\/\/xtlaser.com\/wp-content\/uploads\/2025\/12\/\u7ec4-450-2-1536x302.webp 1536w, https:\/\/xtlaser.com\/wp-content\/uploads\/2025\/12\/\u7ec4-450-2-600x118.webp 600w\" sizes=\"auto, (max-width: 1550px) 100vw, 1550px\" \/><\/figure>\n<\/div><\/div>\n<\/div>\n<\/div>\n<\/div><div class=\"layout_badh\"><\/div><\/div>\n<\/div>","protected":false},"excerpt":{"rendered":"[tp_attributes num_attributes=\"5\"]","protected":false},"featured_media":72241,"template":"","meta":{"themepark_post_bcolor":"#f5f5f5","themepark_post_width":"1022px","themepark_post_img":"","themepark_post_img_po":"left","themepark_post_img_re":false,"themepark_post_img_cover":false,"themepark_post_img_fixed":false,"themepark_post_hide_title":false,"themepark_post_main_b":"","themepark_post_main_p":100,"themepark_paddingblock":false},"product_brand":[47],"product_cat":[69,2811],"product_tag":[68],"class_list":{"0":"post-72240","1":"product","2":"type-product","3":"status-publish","4":"has-post-thumbnail","6":"product_brand-xt-laser","7":"product_cat-fiber-laser-cutting-machine","8":"product_cat-cladding-burnish","9":"product_tag-laser-welding","10":"pa_highlights-automation","11":"pa_highlights-laser-welding","13":"first","14":"instock","15":"shipping-taxable","16":"product-type-simple"},"_links":{"self":[{"href":"https:\/\/xtlaser.com\/pt\/wp-json\/wp\/v2\/product\/72240","targetHints":{"allow":["GET"]}}],"collection":[{"href":"https:\/\/xtlaser.com\/pt\/wp-json\/wp\/v2\/product"}],"about":[{"href":"https:\/\/xtlaser.com\/pt\/wp-json\/wp\/v2\/types\/product"}],"wp:featuredmedia":[{"embeddable":true,"href":"https:\/\/xtlaser.com\/pt\/wp-json\/wp\/v2\/media\/72241"}],"wp:attachment":[{"href":"https:\/\/xtlaser.com\/pt\/wp-json\/wp\/v2\/media?parent=72240"}],"wp:term":[{"taxonomy":"product_brand","embeddable":true,"href":"https:\/\/xtlaser.com\/pt\/wp-json\/wp\/v2\/product_brand?post=72240"},{"taxonomy":"product_cat","embeddable":true,"href":"https:\/\/xtlaser.com\/pt\/wp-json\/wp\/v2\/product_cat?post=72240"},{"taxonomy":"product_tag","embeddable":true,"href":"https:\/\/xtlaser.com\/pt\/wp-json\/wp\/v2\/product_tag?post=72240"}],"curies":[{"name":"wp","href":"https:\/\/api.w.org\/{rel}","templated":true}]}}