{"id":72195,"date":"2025-12-23T09:08:48","date_gmt":"2025-12-23T01:08:48","guid":{"rendered":"https:\/\/xtlaser.com\/?post_type=product&#038;p=72195"},"modified":"2026-01-22T14:24:48","modified_gmt":"2026-01-22T06:24:48","slug":"6-axis-collaborative-robot-laser-welding-machine","status":"publish","type":"product","link":"https:\/\/xtlaser.com\/pt\/product-item\/6-axis-collaborative-robot-laser-welding-machine","title":{"rendered":"M\u00e1quina de Soldagem a Laser com Rob\u00f4 Colaborativo de 6 Eixos"},"content":{"rendered":"<div class=\"post_content\">\n<figure class=\"wp-block-video\"><video height=\"1080\" style=\"aspect-ratio: 1920 \/ 1080;\" width=\"1920\" autoplay controls muted src=\"https:\/\/xtlaser.com\/wp-content\/uploads\/2025\/12\/\u516d\u8f74\u534f\u4f5c\u673a\u5668\u4eba\u710a\u63a5\u673a\u82f1\u6587\u724820250928.mp4\" playsinline><\/video><\/figure>\n\n\n\n<section class=\"wp-block-themepark-block-themepark-area block_layout thempark-block PcOnly bom20 top20\" id=\"\" style=\"padding-top:300px;height:900px;box-sizing: border-box;width: 100%;\" data-swiper-parallax=\"-700\"><div class=\"block_layout_in\" style=\"\">\n<div class=\"wp-block-column block_layout_in is-layout-flow wp-block-column-is-layout-flow\">\n<h2 class=\"wp-block-heading has-text-align-right has-themecolor-1-color has-text-color has-large-font-size\">M\u00e1quina de Soldagem a Laser com Rob\u00f4 Colaborativo de 6 Eixos<\/h2>\n\n\n\n<p class=\"has-text-align-right has-monte-white-color has-text-color has-normal-font-size\"><strong>Realize Soldagem de Precis\u00e3o Sem Experi\u00eancia<\/strong><\/p>\n<\/div>\n<\/div><div class=\"layout_badh\"><div class=\"shizhezhao\" style=\"opacity:0.15;background-color:#000000;\"><\/div><div class=\"PcOnly themepark-block_layout_ba lazyload swiper-lazy\" style=\"background-size:cover;background-position:center;\" data-background=\"https:\/\/xtlaser.com\/wp-content\/uploads\/2025\/12\/\u8499\u7248\u7ec4-89.webp\"><\/div><\/div><\/section>\n\n\n\n<section class=\"wp-block-themepark-block-themepark-area block_layout thempark-block MovePnly bom10 top10\" id=\"\" style=\"padding-top:2px;height:900px;box-sizing: border-box;width: 100%;\" data-swiper-parallax=\"-700\"><div class=\"block_layout_in\" style=\"\">\n<div class=\"wp-block-column block_layout_in is-layout-flow wp-block-column-is-layout-flow\">\n<figure class=\"wp-block-image size-full\"><img loading=\"lazy\" decoding=\"async\" width=\"1920\" height=\"1080\" src=\"https:\/\/xtlaser.com\/wp-content\/uploads\/2025\/12\/\u8499\u7248\u7ec4-89.webp\" alt=\"\" class=\"wp-image-72189\" srcset=\"https:\/\/xtlaser.com\/wp-content\/uploads\/2025\/12\/\u8499\u7248\u7ec4-89.webp 1920w, https:\/\/xtlaser.com\/wp-content\/uploads\/2025\/12\/\u8499\u7248\u7ec4-89-300x169.webp 300w, https:\/\/xtlaser.com\/wp-content\/uploads\/2025\/12\/\u8499\u7248\u7ec4-89-1024x576.webp 1024w, https:\/\/xtlaser.com\/wp-content\/uploads\/2025\/12\/\u8499\u7248\u7ec4-89-768x432.webp 768w, https:\/\/xtlaser.com\/wp-content\/uploads\/2025\/12\/\u8499\u7248\u7ec4-89-1536x864.webp 1536w, https:\/\/xtlaser.com\/wp-content\/uploads\/2025\/12\/\u8499\u7248\u7ec4-89-600x338.webp 600w\" sizes=\"auto, (max-width: 1920px) 100vw, 1920px\" \/><\/figure>\n\n\n\n<h2 class=\"wp-block-heading has-text-align-left has-themecolor-1-color has-text-color has-large-font-size\">M\u00e1quina de Soldagem a Laser com Rob\u00f4 Colaborativo de 6 Eixos<\/h2>\n\n\n\n<p><strong>Realize Soldagem de Precis\u00e3o Sem Experi\u00eancia<\/strong><\/p>\n<\/div>\n<\/div><div class=\"layout_badh\"><div class=\"shizhezhao\" style=\"opacity:0.15;background-color:;\"><\/div><\/div><\/section>\n\n\n\n<section class=\"wp-block-themepark-block-themepark-area block_layout thempark-block PcOnly bom20 top20\" id=\"\" style=\"padding-top:300px;height:900px;box-sizing: border-box;width: 100%;\" data-swiper-parallax=\"-700\"><div class=\"block_layout_in\" style=\"\">\n<div class=\"wp-block-column block_layout_in is-layout-flow wp-block-column-is-layout-flow\">\n<div class=\"wp-block-themepark-block-themepark-xian theme_fang_out  top10\" style=\"text-align:left;padding-top:312px;\"><div class=\"fangbox\" style=\"width:undefinedpx;\"><\/div><\/div>\n\n\n\n<h2 class=\"wp-block-heading has-text-align-left has-themecolor-1-color has-text-color has-large-font-size\"><strong>Facilidade M\u00e1xima de Uso: Opera\u00e7\u00e3o Sem Necessidade de Experi\u00eancia<\/strong><\/h2>\n\n\n\n<p class=\"has-text-align-left\"><\/p>\n\n\n\n<p class=\"has-monte-white-color has-text-color has-normal-font-size\">N\u00e3o \u00e9 necess\u00e1ria experi\u00eancia em soldagem ou programa\u00e7\u00e3o. O ensino por arrastar e soltar permite programa\u00e7\u00e3o de trajet\u00f3rias complexas sem esfor\u00e7o. <\/p>\n\n\n\n<p class=\"has-monte-white-color has-text-color has-normal-font-size\">Simples de operar e r\u00e1pido de dominar, reduz significativamente o tempo de treinamento e os custos de m\u00e3o de obra.<\/p>\n<\/div>\n<\/div><div class=\"layout_badh\"><div class=\"shizhezhao\" style=\"opacity:0.15;background-color:#000000;\"><\/div><div class=\"PcOnly themepark-block_layout_ba lazyload swiper-lazy\" style=\"background-size:cover;background-position:center;\" data-background=\"https:\/\/xtlaser.com\/wp-content\/uploads\/2025\/12\/\u516d\u8f74\u534f\u4f5c\u673a\u5668\u4eba\u81ea\u52a8\u710a-\u6781\u81f4\u6613\u7528\uff0c\u96f6\u95e8\u69db\u64cd\u4f5cok.webp\"><\/div><\/div><\/section>\n\n\n\n<section class=\"wp-block-themepark-block-themepark-area block_layout thempark-block MovePnly bom10 top10\" id=\"\" style=\"padding-top:2px;height:900px;box-sizing: border-box;width: 100%;\" data-swiper-parallax=\"-700\"><div class=\"block_layout_in\" style=\"\">\n<div class=\"wp-block-column block_layout_in is-layout-flow wp-block-column-is-layout-flow\">\n<figure class=\"wp-block-image size-full\"><img loading=\"lazy\" decoding=\"async\" width=\"1920\" height=\"1080\" src=\"https:\/\/xtlaser.com\/wp-content\/uploads\/2025\/12\/\u516d\u8f74\u534f\u4f5c\u673a\u5668\u4eba\u81ea\u52a8\u710a-\u6781\u81f4\u6613\u7528\uff0c\u96f6\u95e8\u69db\u64cd\u4f5cok.webp\" alt=\"\" class=\"wp-image-72190\" srcset=\"https:\/\/xtlaser.com\/wp-content\/uploads\/2025\/12\/\u516d\u8f74\u534f\u4f5c\u673a\u5668\u4eba\u81ea\u52a8\u710a-\u6781\u81f4\u6613\u7528\uff0c\u96f6\u95e8\u69db\u64cd\u4f5cok.webp 1920w, https:\/\/xtlaser.com\/wp-content\/uploads\/2025\/12\/\u516d\u8f74\u534f\u4f5c\u673a\u5668\u4eba\u81ea\u52a8\u710a-\u6781\u81f4\u6613\u7528\uff0c\u96f6\u95e8\u69db\u64cd\u4f5cok-300x169.webp 300w, https:\/\/xtlaser.com\/wp-content\/uploads\/2025\/12\/\u516d\u8f74\u534f\u4f5c\u673a\u5668\u4eba\u81ea\u52a8\u710a-\u6781\u81f4\u6613\u7528\uff0c\u96f6\u95e8\u69db\u64cd\u4f5cok-1024x576.webp 1024w, https:\/\/xtlaser.com\/wp-content\/uploads\/2025\/12\/\u516d\u8f74\u534f\u4f5c\u673a\u5668\u4eba\u81ea\u52a8\u710a-\u6781\u81f4\u6613\u7528\uff0c\u96f6\u95e8\u69db\u64cd\u4f5cok-768x432.webp 768w, https:\/\/xtlaser.com\/wp-content\/uploads\/2025\/12\/\u516d\u8f74\u534f\u4f5c\u673a\u5668\u4eba\u81ea\u52a8\u710a-\u6781\u81f4\u6613\u7528\uff0c\u96f6\u95e8\u69db\u64cd\u4f5cok-1536x864.webp 1536w, https:\/\/xtlaser.com\/wp-content\/uploads\/2025\/12\/\u516d\u8f74\u534f\u4f5c\u673a\u5668\u4eba\u81ea\u52a8\u710a-\u6781\u81f4\u6613\u7528\uff0c\u96f6\u95e8\u69db\u64cd\u4f5cok-600x338.webp 600w\" sizes=\"auto, (max-width: 1920px) 100vw, 1920px\" \/><\/figure>\n\n\n\n<h2 class=\"wp-block-heading has-text-align-left has-themecolor-1-color has-text-color has-large-font-size\">Refrigerante com controle de temperatura inteligente \/ resfriamento por ar for\u00e7ado<\/h2>\n\n\n\n<p>N\u00e3o \u00e9 necess\u00e1ria experi\u00eancia em soldagem ou programa\u00e7\u00e3o. O ensino por arrastar e soltar permite programa\u00e7\u00e3o de trajet\u00f3rias complexas sem esfor\u00e7o. <\/p>\n\n\n\n<p>Simples de operar e r\u00e1pido de dominar, reduz significativamente o tempo de treinamento e os custos de m\u00e3o de obra.<\/p>\n<\/div>\n<\/div><div class=\"layout_badh\"><div class=\"shizhezhao\" style=\"opacity:0.15;background-color:;\"><\/div><\/div><\/section>\n\n\n\n<section class=\"wp-block-themepark-block-themepark-area block_layout thempark-block PcOnly bom20 top20\" id=\"\" style=\"padding-top:300px;height:900px;box-sizing: border-box;width: 100%;\" data-swiper-parallax=\"-700\"><div class=\"block_layout_in\" style=\"\">\n<div class=\"wp-block-column block_layout_in is-layout-flow wp-block-column-is-layout-flow\">\n<div class=\"wp-block-themepark-block-themepark-xian theme_fang_out\" style=\"text-align:left;padding-top:326px;\"><div class=\"fangbox\" style=\"width:undefinedpx;\"><\/div><\/div>\n\n\n\n<h2 class=\"wp-block-heading has-text-align-left has-themecolor-1-color has-text-color has-large-font-size\">Soldagem de Precis\u00e3o de Alta Velocidade | Zero Defeitos<\/h2>\n\n\n\n<p><\/p>\n\n\n\n<p class=\"has-text-align-left has-monte-white-color has-text-color has-normal-font-size\">Alta repetibilidade para rastreamento preciso de soldas. <\/p>\n\n\n\n<p class=\"has-text-align-left has-monte-white-color has-text-color has-normal-font-size\">Evita a queima em pe\u00e7as de paredes finas e garante nenhuma solda falsa em cantos complexos.<\/p>\n\n\n\n<p class=\"has-text-align-left has-monte-white-color has-text-color has-normal-font-size\"> Qualifica\u00e7\u00e3o em passe \u00fanica com soldagem est\u00e1vel de alta velocidade, aumentando significativamente as taxas de rendimento e produtividade.<\/p>\n<\/div>\n<\/div><div class=\"layout_badh\"><div class=\"shizhezhao\" style=\"opacity:0.15;background-color:#000000;\"><\/div><div class=\"PcOnly themepark-block_layout_ba lazyload swiper-lazy\" style=\"background-size:cover;background-position:center;\" data-background=\"https:\/\/xtlaser.com\/wp-content\/uploads\/2025\/12\/\u516d\u8f74\u534f\u4f5c\u673a\u5668\u4eba\u81ea\u52a8\u710a-\u9ad8\u901f\u7cbe\u710a\uff0c\u7455\u75b5\u6e05\u96f6ok.webp\"><\/div><\/div><\/section>\n\n\n\n<section class=\"wp-block-themepark-block-themepark-area block_layout thempark-block MovePnly bom10 top10\" id=\"\" style=\"padding-top:2px;height:900px;box-sizing: border-box;width: 100%;\" data-swiper-parallax=\"-700\"><div class=\"block_layout_in\" style=\"\">\n<div class=\"wp-block-column block_layout_in is-layout-flow wp-block-column-is-layout-flow\">\n<figure class=\"wp-block-image size-full\"><img loading=\"lazy\" decoding=\"async\" width=\"1920\" height=\"1080\" src=\"https:\/\/xtlaser.com\/wp-content\/uploads\/2025\/12\/\u516d\u8f74\u534f\u4f5c\u673a\u5668\u4eba\u81ea\u52a8\u710a-\u9ad8\u901f\u7cbe\u710a\uff0c\u7455\u75b5\u6e05\u96f6ok.webp\" alt=\"\" class=\"wp-image-72191\" srcset=\"https:\/\/xtlaser.com\/wp-content\/uploads\/2025\/12\/\u516d\u8f74\u534f\u4f5c\u673a\u5668\u4eba\u81ea\u52a8\u710a-\u9ad8\u901f\u7cbe\u710a\uff0c\u7455\u75b5\u6e05\u96f6ok.webp 1920w, https:\/\/xtlaser.com\/wp-content\/uploads\/2025\/12\/\u516d\u8f74\u534f\u4f5c\u673a\u5668\u4eba\u81ea\u52a8\u710a-\u9ad8\u901f\u7cbe\u710a\uff0c\u7455\u75b5\u6e05\u96f6ok-300x169.webp 300w, https:\/\/xtlaser.com\/wp-content\/uploads\/2025\/12\/\u516d\u8f74\u534f\u4f5c\u673a\u5668\u4eba\u81ea\u52a8\u710a-\u9ad8\u901f\u7cbe\u710a\uff0c\u7455\u75b5\u6e05\u96f6ok-1024x576.webp 1024w, https:\/\/xtlaser.com\/wp-content\/uploads\/2025\/12\/\u516d\u8f74\u534f\u4f5c\u673a\u5668\u4eba\u81ea\u52a8\u710a-\u9ad8\u901f\u7cbe\u710a\uff0c\u7455\u75b5\u6e05\u96f6ok-768x432.webp 768w, https:\/\/xtlaser.com\/wp-content\/uploads\/2025\/12\/\u516d\u8f74\u534f\u4f5c\u673a\u5668\u4eba\u81ea\u52a8\u710a-\u9ad8\u901f\u7cbe\u710a\uff0c\u7455\u75b5\u6e05\u96f6ok-1536x864.webp 1536w, https:\/\/xtlaser.com\/wp-content\/uploads\/2025\/12\/\u516d\u8f74\u534f\u4f5c\u673a\u5668\u4eba\u81ea\u52a8\u710a-\u9ad8\u901f\u7cbe\u710a\uff0c\u7455\u75b5\u6e05\u96f6ok-600x338.webp 600w\" sizes=\"auto, (max-width: 1920px) 100vw, 1920px\" \/><\/figure>\n\n\n\n<h2 class=\"wp-block-heading has-text-align-left has-themecolor-1-color has-text-color has-large-font-size\">Soldagem de Precis\u00e3o de Alta Velocidade | Zero Defeitos<\/h2>\n\n\n\n<p>High repeatability for precise seam tracking. Prevents burn-through on thin-walled parts and ensures no false welding on complex corners. One-pass qualification with high-speed stable welding, significantly boosting yield rates and productivity.<\/p>\n<\/div>\n<\/div><div class=\"layout_badh\"><div class=\"shizhezhao\" style=\"opacity:0.15;background-color:;\"><\/div><\/div><\/section>\n\n\n\n<section class=\"wp-block-themepark-block-themepark-area block_layout thempark-block PcOnly bom20 top20\" id=\"\" style=\"padding-top:185px;height:900px;box-sizing: border-box;width: 100%;\" data-swiper-parallax=\"-700\"><div class=\"block_layout_in\" style=\"max-width:1118px;\">\n<div class=\"wp-block-column block_layout_in is-layout-flow wp-block-column-is-layout-flow\">\n<div class=\"wp-block-themepark-block-themepark-xian theme_fang_out  top10\" style=\"text-align:left;padding-top:500px;\"><div class=\"fangbox\" style=\"width:undefinedpx;\"><\/div><\/div>\n\n\n\n<h2 class=\"wp-block-heading has-text-align-right has-themecolor-1-color has-text-color has-large-font-size\">Implanta\u00e7\u00e3o Flex\u00edvel | Design Compacto<\/h2>\n\n\n\n<p><\/p>\n\n\n\n<p class=\"has-text-align-right has-monte-white-color has-text-color has-normal-font-size\">Chassi compacto integrado com arm\u00e1rio de controle embutido \u2014 sem zonas mortas na oficina. Equipado com rod\u00edzios girat\u00f3rios para movimenta\u00e7\u00e3o f\u00e1cil. <\/p>\n\n\n\n<p class=\"has-text-align-right has-monte-white-color has-text-color has-normal-font-size\">Mobilidade com uma m\u00e3o. Funciona com tomada padr\u00e3o 220V, eliminando a necessidade de adapta\u00e7\u00e3o da rede industrial. <\/p>\n\n\n\n<p class=\"has-text-align-right has-monte-white-color has-text-color has-normal-font-size\">Responde rapidamente a pedidos urgentes com m\u00e1xima flexibilidade.<\/p>\n<\/div>\n<\/div><div class=\"layout_badh\"><div class=\"shizhezhao\" style=\"opacity:0.15;background-color:#000000;\"><\/div><div class=\"PcOnly themepark-block_layout_ba lazyload swiper-lazy\" style=\"background-size:cover;background-position:center;\" data-background=\"https:\/\/xtlaser.com\/wp-content\/uploads\/2025\/12\/\u516d\u8f74\u534f\u4f5c\u673a\u5668\u4eba\u81ea\u52a8\u710a-\u7075\u6d3b\u90e8\u7f72\uff0c\u7a7a\u95f4\u53cb\u597dok.webp\"><\/div><\/div><\/section>\n\n\n\n<section class=\"wp-block-themepark-block-themepark-area block_layout thempark-block MovePnly bom10 top10\" id=\"\" style=\"padding-top:2px;height:900px;box-sizing: border-box;width: 100%;\" data-swiper-parallax=\"-700\"><div class=\"block_layout_in\" style=\"\">\n<div class=\"wp-block-column block_layout_in is-layout-flow wp-block-column-is-layout-flow\">\n<figure class=\"wp-block-image size-full\"><img loading=\"lazy\" decoding=\"async\" width=\"1920\" height=\"1080\" src=\"https:\/\/xtlaser.com\/wp-content\/uploads\/2025\/12\/\u516d\u8f74\u534f\u4f5c\u673a\u5668\u4eba\u81ea\u52a8\u710a-\u7075\u6d3b\u90e8\u7f72\uff0c\u7a7a\u95f4\u53cb\u597dok.webp\" alt=\"\" class=\"wp-image-72192\" srcset=\"https:\/\/xtlaser.com\/wp-content\/uploads\/2025\/12\/\u516d\u8f74\u534f\u4f5c\u673a\u5668\u4eba\u81ea\u52a8\u710a-\u7075\u6d3b\u90e8\u7f72\uff0c\u7a7a\u95f4\u53cb\u597dok.webp 1920w, https:\/\/xtlaser.com\/wp-content\/uploads\/2025\/12\/\u516d\u8f74\u534f\u4f5c\u673a\u5668\u4eba\u81ea\u52a8\u710a-\u7075\u6d3b\u90e8\u7f72\uff0c\u7a7a\u95f4\u53cb\u597dok-300x169.webp 300w, https:\/\/xtlaser.com\/wp-content\/uploads\/2025\/12\/\u516d\u8f74\u534f\u4f5c\u673a\u5668\u4eba\u81ea\u52a8\u710a-\u7075\u6d3b\u90e8\u7f72\uff0c\u7a7a\u95f4\u53cb\u597dok-1024x576.webp 1024w, https:\/\/xtlaser.com\/wp-content\/uploads\/2025\/12\/\u516d\u8f74\u534f\u4f5c\u673a\u5668\u4eba\u81ea\u52a8\u710a-\u7075\u6d3b\u90e8\u7f72\uff0c\u7a7a\u95f4\u53cb\u597dok-768x432.webp 768w, https:\/\/xtlaser.com\/wp-content\/uploads\/2025\/12\/\u516d\u8f74\u534f\u4f5c\u673a\u5668\u4eba\u81ea\u52a8\u710a-\u7075\u6d3b\u90e8\u7f72\uff0c\u7a7a\u95f4\u53cb\u597dok-1536x864.webp 1536w, https:\/\/xtlaser.com\/wp-content\/uploads\/2025\/12\/\u516d\u8f74\u534f\u4f5c\u673a\u5668\u4eba\u81ea\u52a8\u710a-\u7075\u6d3b\u90e8\u7f72\uff0c\u7a7a\u95f4\u53cb\u597dok-600x338.webp 600w\" sizes=\"auto, (max-width: 1920px) 100vw, 1920px\" \/><\/figure>\n\n\n\n<h2 class=\"wp-block-heading has-text-align-left has-themecolor-1-color has-text-color has-large-font-size\">Implanta\u00e7\u00e3o Flex\u00edvel | Design Compacto<\/h2>\n\n\n\n<p>Chassi compacto integrado com arm\u00e1rio de controle embutido \u2014 sem zonas mortas na oficina. Equipado com rod\u00edzios girat\u00f3rios para mobilidade f\u00e1cil com uma m\u00e3o. Funciona com tomada padr\u00e3o 220V, eliminando a necessidade de adapta\u00e7\u00e3o da rede industrial. Responde rapidamente a pedidos urgentes com m\u00e1xima flexibilidade.<\/p>\n<\/div>\n<\/div><div class=\"layout_badh\"><div class=\"shizhezhao\" style=\"opacity:0.15;background-color:;\"><\/div><\/div><\/section>\n\n\n\n<section class=\"wp-block-themepark-block-themepark-area block_layout thempark-block PcOnly bom20 top20\" id=\"\" style=\"height:900px;box-sizing: border-box;width: 100%;\" data-swiper-parallax=\"-700\"><div class=\"block_layout_in\" style=\"\">\n<div class=\"wp-block-column block_layout_in is-layout-flow wp-block-column-is-layout-flow\">\n<div class=\"wp-block-themepark-block-themepark-xian theme_fang_out  top10\" style=\"text-align:left;padding-top:1px;\"><div class=\"fangbox\" style=\"width:421px;\"><\/div><\/div>\n\n\n\n<h2 class=\"wp-block-heading has-text-align-right has-themecolor-1-color has-text-color has-large-font-size\"><strong><strong><strong>Atualiza\u00e7\u00e3o Inteligente de Baixo Custo<\/strong><\/strong><\/strong><\/h2>\n\n\n\n<p><\/p>\n\n\n\n<p class=\"has-text-align-right has-monte-white-color has-text-color has-normal-font-size\">Baixos custos p\u00f3s-venda. Elimina a necessidade de soldadores profissionais. <\/p>\n\n\n\n<p class=\"has-text-align-right has-monte-white-color has-text-color has-normal-font-size\">Reduz significativamente os investimentos em m\u00e3o de obra e manuten\u00e7\u00e3o.<\/p>\n\n\n\n<p class=\"has-text-align-right has-monte-white-color has-text-color has-normal-font-size\">Design modular suporta expans\u00e3o funcional sob demanda. <\/p>\n\n\n\n<p class=\"has-text-align-right has-monte-white-color has-text-color has-normal-font-size\">Adapt\u00e1vel a linhas de produ\u00e7\u00e3o vers\u00e1teis com alto retorno sobre investimento.<\/p>\n<\/div>\n<\/div><div class=\"layout_badh\"><div class=\"shizhezhao\" style=\"opacity:0.15;background-color:#000000;\"><\/div><div class=\"PcOnly themepark-block_layout_ba lazyload swiper-lazy\" style=\"background-size:cover;background-position:center;\" data-background=\"https:\/\/xtlaser.com\/wp-content\/uploads\/2025\/12\/\u516d\u8f74\u534f\u4f5c\u673a\u5668\u4eba\u81ea\u52a8\u710a-\u4f4e\u6210\u672c\u667a\u80fd\u5316\u5347\u7ea7ok.webp\"><\/div><\/div><\/section>\n\n\n\n<section class=\"wp-block-themepark-block-themepark-area block_layout thempark-block MovePnly bom10 top10\" id=\"\" style=\"padding-top:2px;height:900px;box-sizing: border-box;width: 100%;\" data-swiper-parallax=\"-700\"><div class=\"block_layout_in\" style=\"\">\n<div class=\"wp-block-column block_layout_in is-layout-flow wp-block-column-is-layout-flow\">\n<figure class=\"wp-block-image size-full\"><img loading=\"lazy\" decoding=\"async\" width=\"1922\" height=\"1081\" src=\"https:\/\/xtlaser.com\/wp-content\/uploads\/2025\/12\/\u516d\u8f74\u534f\u4f5c\u673a\u5668\u4eba\u81ea\u52a8\u710a-\u4f4e\u6210\u672c\u667a\u80fd\u5316\u5347\u7ea7ok.webp\" alt=\"\" class=\"wp-image-72193\" srcset=\"https:\/\/xtlaser.com\/wp-content\/uploads\/2025\/12\/\u516d\u8f74\u534f\u4f5c\u673a\u5668\u4eba\u81ea\u52a8\u710a-\u4f4e\u6210\u672c\u667a\u80fd\u5316\u5347\u7ea7ok.webp 1922w, https:\/\/xtlaser.com\/wp-content\/uploads\/2025\/12\/\u516d\u8f74\u534f\u4f5c\u673a\u5668\u4eba\u81ea\u52a8\u710a-\u4f4e\u6210\u672c\u667a\u80fd\u5316\u5347\u7ea7ok-300x169.webp 300w, https:\/\/xtlaser.com\/wp-content\/uploads\/2025\/12\/\u516d\u8f74\u534f\u4f5c\u673a\u5668\u4eba\u81ea\u52a8\u710a-\u4f4e\u6210\u672c\u667a\u80fd\u5316\u5347\u7ea7ok-1024x576.webp 1024w, https:\/\/xtlaser.com\/wp-content\/uploads\/2025\/12\/\u516d\u8f74\u534f\u4f5c\u673a\u5668\u4eba\u81ea\u52a8\u710a-\u4f4e\u6210\u672c\u667a\u80fd\u5316\u5347\u7ea7ok-768x432.webp 768w, https:\/\/xtlaser.com\/wp-content\/uploads\/2025\/12\/\u516d\u8f74\u534f\u4f5c\u673a\u5668\u4eba\u81ea\u52a8\u710a-\u4f4e\u6210\u672c\u667a\u80fd\u5316\u5347\u7ea7ok-1536x864.webp 1536w, https:\/\/xtlaser.com\/wp-content\/uploads\/2025\/12\/\u516d\u8f74\u534f\u4f5c\u673a\u5668\u4eba\u81ea\u52a8\u710a-\u4f4e\u6210\u672c\u667a\u80fd\u5316\u5347\u7ea7ok-600x337.webp 600w\" sizes=\"auto, (max-width: 1922px) 100vw, 1922px\" \/><\/figure>\n\n\n\n<h2 class=\"wp-block-heading has-text-align-left has-themecolor-1-color has-text-color has-large-font-size\"><strong><strong><strong>Atualiza\u00e7\u00e3o Inteligente de Baixo Custo<\/strong><\/strong><\/strong><\/h2>\n\n\n\n<p>Baixos custos p\u00f3s-venda. Elimina a necessidade de soldadores profissionais, reduzindo significativamente o investimento em m\u00e3o de obra e manuten\u00e7\u00e3o. <\/p>\n\n\n\n<p>Design modular suporta expans\u00e3o funcional sob demanda. Adapt\u00e1vel a linhas de produ\u00e7\u00e3o vers\u00e1teis com alto retorno sobre investimento.<\/p>\n<\/div>\n<\/div><div class=\"layout_badh\"><div class=\"shizhezhao\" style=\"opacity:0.15;background-color:;\"><\/div><\/div><\/section>\n\n\n\n<div class=\"wp-block-themepark-block-themepark-area block_layout thempark-block undefined\" id=\"padingmax\" style=\"background-color:#f7f7f7;padding-bottom:38px;padding-top:38px;\" data-swiper-parallax=\"-700\"><div class=\"block_layout_in\" style=\"max-width:1900px;\">\n<div class=\"wp-block-column block_layout_in is-layout-flow wp-block-column-is-layout-flow\">\n<div class=\"wp-block-themepark-block-themepark-wright content-super-p\" style=\"font-size:12px;line-height:42px;padding:10px 10px;\">\n<div class=\"wp-block-column is-layout-flow wp-block-column-is-layout-flow\">\n<p class=\"has-text-align-center has-themecolor-1-color has-text-color has-link-color has-large-font-size wp-elements-75160ef55f9568d5c6e09e84db854271\"><strong>\u00c1reas de aplica\u00e7\u00e3o<\/strong><\/p>\n\n\n\n<p class=\"has-text-align-center has-text-color has-link-color has-normal-font-size wp-elements-4c2e70755718abae4f2b2a4ef12ea9ff\" style=\"color:#333333\">Fabrica\u00e7\u00e3o e processamento de metais, equipamentos de transporte, m\u00e1quinas e equipamentos el\u00e9tricos, nova energia e prote\u00e7\u00e3o ambiental, eletr\u00f4nica de consumo e instrumentos de precis\u00e3o<\/p>\n\n\n\n<p><\/p>\n\n\n<div class=\"wp-block-image\">\n<figure class=\"aligncenter size-large\"><img loading=\"lazy\" decoding=\"async\" width=\"1024\" height=\"200\" src=\"https:\/\/xtlaser.com\/wp-content\/uploads\/2025\/12\/\u7ec4-524-1-1024x200.webp\" alt=\"XT Laser 6-axis collaborative robot welding machine applications in medical equipment, sanitary ware, precision instruments, and industrial tooling for high-mix low-volume production\" class=\"wp-image-72194\" srcset=\"https:\/\/xtlaser.com\/wp-content\/uploads\/2025\/12\/\u7ec4-524-1-1024x200.webp 1024w, https:\/\/xtlaser.com\/wp-content\/uploads\/2025\/12\/\u7ec4-524-1-300x58.webp 300w, https:\/\/xtlaser.com\/wp-content\/uploads\/2025\/12\/\u7ec4-524-1-768x150.webp 768w, https:\/\/xtlaser.com\/wp-content\/uploads\/2025\/12\/\u7ec4-524-1-1536x299.webp 1536w, https:\/\/xtlaser.com\/wp-content\/uploads\/2025\/12\/\u7ec4-524-1-600x117.webp 600w, https:\/\/xtlaser.com\/wp-content\/uploads\/2025\/12\/\u7ec4-524-1.webp 1550w\" sizes=\"auto, (max-width: 1024px) 100vw, 1024px\" \/><\/figure>\n<\/div><\/div>\n<\/div>\n<\/div>\n<\/div><div class=\"layout_badh\"><\/div><\/div>\n\n\n\n<div class=\"wp-block-themepark-block-themepark-area block_layout thempark-block undefined\" id=\"padingmax\" style=\"background-color:#f7f7f7;padding-bottom:38px;padding-top:38px;\" data-swiper-parallax=\"-700\"><div class=\"block_layout_in\" style=\"max-width:1900px;\">\n<div class=\"wp-block-column block_layout_in is-layout-flow wp-block-column-is-layout-flow\">\n<div class=\"wp-block-themepark-block-themepark-wright content-super-p\" style=\"font-size:12px;line-height:42px;padding:10px 10px;\">\n<div class=\"wp-block-column is-layout-flow wp-block-column-is-layout-flow\">\n<p class=\"has-text-align-center has-themecolor-1-color has-text-color has-link-color has-large-font-size wp-elements-0b626756fabb3406c86c172233d6ed81\"><strong>Exibi\u00e7\u00e3o de Amostra<\/strong><\/p>\n\n\n\n<p class=\"has-text-align-center has-text-color has-link-color has-normal-font-size wp-elements-3d883c066bcd1bf6991ff2bb0bc01958\" style=\"color:#333333\"><\/p>\n\n\n\n<p><\/p>\n\n\n<div class=\"wp-block-image\">\n<figure class=\"aligncenter size-large\"><img loading=\"lazy\" decoding=\"async\" width=\"1024\" height=\"141\" src=\"https:\/\/xtlaser.com\/wp-content\/uploads\/2025\/12\/\u7ec4-516-1-1024x141.webp\" alt=\"\" class=\"wp-image-2420\" srcset=\"https:\/\/xtlaser.com\/wp-content\/uploads\/2025\/12\/\u7ec4-516-1-1024x141.webp 1024w, https:\/\/xtlaser.com\/wp-content\/uploads\/2025\/12\/\u7ec4-516-1-300x41.webp 300w, https:\/\/xtlaser.com\/wp-content\/uploads\/2025\/12\/\u7ec4-516-1-768x106.webp 768w, https:\/\/xtlaser.com\/wp-content\/uploads\/2025\/12\/\u7ec4-516-1-1536x211.webp 1536w, https:\/\/xtlaser.com\/wp-content\/uploads\/2025\/12\/\u7ec4-516-1-600x82.webp 600w, https:\/\/xtlaser.com\/wp-content\/uploads\/2025\/12\/\u7ec4-516-1.webp 1550w\" sizes=\"auto, (max-width: 1024px) 100vw, 1024px\" \/><\/figure>\n<\/div><\/div>\n<\/div>\n<\/div>\n<\/div><div class=\"layout_badh\"><\/div><\/div>\n\n\n\n<p><\/p>\n<\/div>","protected":false},"excerpt":{"rendered":"[tp_attributes num_attributes=\"5\"]","protected":false},"featured_media":72196,"template":"","meta":{"themepark_post_bcolor":"#f5f5f5","themepark_post_width":"1022px","themepark_post_img":"","themepark_post_img_po":"left","themepark_post_img_re":false,"themepark_post_img_cover":false,"themepark_post_img_fixed":false,"themepark_post_hide_title":false,"themepark_post_main_b":"","themepark_post_main_p":100,"themepark_paddingblock":false},"product_brand":[47],"product_cat":[69,2808],"product_tag":[68],"class_list":{"0":"post-72195","1":"product","2":"type-product","3":"status-publish","4":"has-post-thumbnail","6":"product_brand-xt-laser","7":"product_cat-fiber-laser-cutting-machine","8":"product_cat-laser-welding","9":"product_tag-laser-welding","10":"pa_highlights-laser-welding","12":"first","13":"instock","14":"shipping-taxable","15":"product-type-simple"},"_links":{"self":[{"href":"https:\/\/xtlaser.com\/pt\/wp-json\/wp\/v2\/product\/72195","targetHints":{"allow":["GET"]}}],"collection":[{"href":"https:\/\/xtlaser.com\/pt\/wp-json\/wp\/v2\/product"}],"about":[{"href":"https:\/\/xtlaser.com\/pt\/wp-json\/wp\/v2\/types\/product"}],"wp:featuredmedia":[{"embeddable":true,"href":"https:\/\/xtlaser.com\/pt\/wp-json\/wp\/v2\/media\/72196"}],"wp:attachment":[{"href":"https:\/\/xtlaser.com\/pt\/wp-json\/wp\/v2\/media?parent=72195"}],"wp:term":[{"taxonomy":"product_brand","embeddable":true,"href":"https:\/\/xtlaser.com\/pt\/wp-json\/wp\/v2\/product_brand?post=72195"},{"taxonomy":"product_cat","embeddable":true,"href":"https:\/\/xtlaser.com\/pt\/wp-json\/wp\/v2\/product_cat?post=72195"},{"taxonomy":"product_tag","embeddable":true,"href":"https:\/\/xtlaser.com\/pt\/wp-json\/wp\/v2\/product_tag?post=72195"}],"curies":[{"name":"wp","href":"https:\/\/api.w.org\/{rel}","templated":true}]}}