{"id":2421,"date":"2025-12-18T10:26:51","date_gmt":"2025-12-18T02:26:51","guid":{"rendered":"https:\/\/xtlaser.com\/?post_type=product&#038;p=2421"},"modified":"2026-01-27T16:17:39","modified_gmt":"2026-01-27T08:17:39","slug":"desktop-composite-automatic-welding-machine","status":"publish","type":"product","link":"https:\/\/xtlaser.com\/pt\/product-item\/desktop-composite-automatic-welding-machine","title":{"rendered":"M\u00e1quina de soldagem a laser autom\u00e1tica composta de bancada"},"content":{"rendered":"<div class=\"post_content\">\n<figure class=\"wp-block-video\"><video height=\"1080\" style=\"aspect-ratio: 1920 \/ 1080;\" width=\"1920\" autoplay controls muted src=\"https:\/\/xtlaser.com\/wp-content\/uploads\/2025\/12\/\u53f0\u5f0f\u590d\u5408\u81ea\u52a8\u710a\u63a5\u673a\u82f1\u6587\u724820250901.mp4\" playsinline><\/video><\/figure>\n\n\n\n<section class=\"wp-block-themepark-block-themepark-area block_layout thempark-block PcOnly bom20 top20\" id=\"\" style=\"padding-top:300px;height:900px;box-sizing: border-box;width: 100%;\" data-swiper-parallax=\"-700\"><div class=\"block_layout_in\" style=\"\">\n<div class=\"wp-block-column block_layout_in is-layout-flow wp-block-column-is-layout-flow\">\n<h2 class=\"wp-block-heading has-text-align-right has-themecolor-1-color has-text-color has-large-font-size\">M\u00e1quina de soldagem autom\u00e1tica composta de bancada<\/h2>\n\n\n\n<h2 class=\"wp-block-heading has-text-align-right has-themecolor-1-color has-text-color has-normal-font-size\">A solu\u00e7\u00e3o definitiva para fabrica\u00e7\u00e3o de precis\u00e3o<\/h2>\n<\/div>\n<\/div><div class=\"layout_badh\"><div class=\"shizhezhao\" style=\"opacity:0.15;background-color:#000000;\"><\/div><div class=\"PcOnly themepark-block_layout_ba lazyload swiper-lazy\" style=\"background-size:cover;background-position:center;\" data-background=\"https:\/\/xtlaser.com\/wp-content\/uploads\/2025\/12\/\u590d\u5408\u710a\u63a5\u673a-\u4e3b\u56feok.webp\"><\/div><\/div><\/section>\n\n\n\n<section class=\"wp-block-themepark-block-themepark-area block_layout thempark-block MovePnly bom10 top10\" id=\"\" style=\"padding-top:2px;height:900px;box-sizing: border-box;width: 100%;\" data-swiper-parallax=\"-700\"><div class=\"block_layout_in\" style=\"\">\n<div class=\"wp-block-column block_layout_in is-layout-flow wp-block-column-is-layout-flow\">\n<figure class=\"wp-block-image size-full\"><img loading=\"lazy\" decoding=\"async\" width=\"1920\" height=\"1080\" src=\"https:\/\/xtlaser.com\/wp-content\/uploads\/2025\/12\/\u590d\u5408\u710a\u63a5\u673a-\u4e3b\u56feok.webp\" alt=\"\" class=\"wp-image-2429\" srcset=\"https:\/\/xtlaser.com\/wp-content\/uploads\/2025\/12\/\u590d\u5408\u710a\u63a5\u673a-\u4e3b\u56feok.webp 1920w, https:\/\/xtlaser.com\/wp-content\/uploads\/2025\/12\/\u590d\u5408\u710a\u63a5\u673a-\u4e3b\u56feok-300x169.webp 300w, https:\/\/xtlaser.com\/wp-content\/uploads\/2025\/12\/\u590d\u5408\u710a\u63a5\u673a-\u4e3b\u56feok-1024x576.webp 1024w, https:\/\/xtlaser.com\/wp-content\/uploads\/2025\/12\/\u590d\u5408\u710a\u63a5\u673a-\u4e3b\u56feok-768x432.webp 768w, https:\/\/xtlaser.com\/wp-content\/uploads\/2025\/12\/\u590d\u5408\u710a\u63a5\u673a-\u4e3b\u56feok-1536x864.webp 1536w, https:\/\/xtlaser.com\/wp-content\/uploads\/2025\/12\/\u590d\u5408\u710a\u63a5\u673a-\u4e3b\u56feok-600x338.webp 600w\" sizes=\"auto, (max-width: 1920px) 100vw, 1920px\" \/><\/figure>\n\n\n\n<h2 class=\"wp-block-heading has-text-align-left has-themecolor-1-color has-text-color has-large-font-size\">M\u00e1quina de soldagem autom\u00e1tica composta de bancada<\/h2>\n\n\n\n<p>A solu\u00e7\u00e3o definitiva para fabrica\u00e7\u00e3o de precis\u00e3o<\/p>\n<\/div>\n<\/div><div class=\"layout_badh\"><div class=\"shizhezhao\" style=\"opacity:0.15;background-color:;\"><\/div><\/div><\/section>\n\n\n\n<section class=\"wp-block-themepark-block-themepark-area block_layout thempark-block PcOnly bom20 top20\" id=\"\" style=\"padding-top:300px;height:900px;box-sizing: border-box;width: 100%;\" data-swiper-parallax=\"-700\"><div class=\"block_layout_in\" style=\"\">\n<div class=\"wp-block-column block_layout_in is-layout-flow wp-block-column-is-layout-flow\">\n<div class=\"wp-block-themepark-block-themepark-xian theme_fang_out  top10\" style=\"text-align:left;padding-top:312px;\"><div class=\"fangbox\" style=\"width:undefinedpx;\"><\/div><\/div>\n\n\n\n<h2 class=\"wp-block-heading has-text-align-left has-themecolor-1-color has-text-color has-large-font-size\">Fonte de calor composta de duplo laser: superando os limites dos materiais altamente reflexivos<\/h2>\n\n\n\n<p class=\"has-text-align-left\"><\/p>\n\n\n\n<p class=\"has-monte-white-color has-text-color has-normal-font-size\">A soldagem a laser composta de duplo laser pode alcan\u00e7ar soldagem de alta qualidade de metais diferentes atrav\u00e9s da tecnologia de distribui\u00e7\u00e3o din\u00e2mica de fonte de calor, com estabilidade de soldagem aumentada em 300% e rendimento melhorado em 60%.<\/p>\n<\/div>\n<\/div><div class=\"layout_badh\"><div class=\"shizhezhao\" style=\"opacity:0.15;background-color:#000000;\"><\/div><div class=\"PcOnly themepark-block_layout_ba lazyload swiper-lazy\" style=\"background-size:cover;background-position:center;\" data-background=\"https:\/\/xtlaser.com\/wp-content\/uploads\/2025\/12\/\u8499\u7248\u7ec4-84-2.webp\"><\/div><\/div><\/section>\n\n\n\n<section class=\"wp-block-themepark-block-themepark-area block_layout thempark-block MovePnly bom10 top10\" id=\"\" style=\"padding-top:2px;height:900px;box-sizing: border-box;width: 100%;\" data-swiper-parallax=\"-700\"><div class=\"block_layout_in\" style=\"\">\n<div class=\"wp-block-column block_layout_in is-layout-flow wp-block-column-is-layout-flow\">\n<figure class=\"wp-block-image size-full\"><img loading=\"lazy\" decoding=\"async\" width=\"1920\" height=\"1080\" src=\"https:\/\/xtlaser.com\/wp-content\/uploads\/2025\/12\/\u8499\u7248\u7ec4-84-2.webp\" alt=\"\" class=\"wp-image-2430\" srcset=\"https:\/\/xtlaser.com\/wp-content\/uploads\/2025\/12\/\u8499\u7248\u7ec4-84-2.webp 1920w, https:\/\/xtlaser.com\/wp-content\/uploads\/2025\/12\/\u8499\u7248\u7ec4-84-2-300x169.webp 300w, https:\/\/xtlaser.com\/wp-content\/uploads\/2025\/12\/\u8499\u7248\u7ec4-84-2-1024x576.webp 1024w, https:\/\/xtlaser.com\/wp-content\/uploads\/2025\/12\/\u8499\u7248\u7ec4-84-2-768x432.webp 768w, https:\/\/xtlaser.com\/wp-content\/uploads\/2025\/12\/\u8499\u7248\u7ec4-84-2-1536x864.webp 1536w, https:\/\/xtlaser.com\/wp-content\/uploads\/2025\/12\/\u8499\u7248\u7ec4-84-2-600x338.webp 600w\" sizes=\"auto, (max-width: 1920px) 100vw, 1920px\" \/><\/figure>\n\n\n\n<h2 class=\"wp-block-heading has-text-align-left has-themecolor-1-color has-text-color has-large-font-size\">Fonte de calor composta de duplo laser: superando os limites dos materiais altamente reflexivos<\/h2>\n\n\n\n<p>A soldagem a laser composta de duplo laser pode alcan\u00e7ar soldagem de alta qualidade de metais diferentes atrav\u00e9s da tecnologia de distribui\u00e7\u00e3o din\u00e2mica de fonte de calor, com estabilidade de soldagem aumentada em 300% e rendimento melhorado em 60%.<\/p>\n<\/div>\n<\/div><div class=\"layout_badh\"><div class=\"shizhezhao\" style=\"opacity:0.15;background-color:;\"><\/div><\/div><\/section>\n\n\n\n<section class=\"wp-block-themepark-block-themepark-area block_layout thempark-block PcOnly bom20 top20\" id=\"\" style=\"padding-top:171px;height:900px;box-sizing: border-box;width: 100%;\" data-swiper-parallax=\"-700\"><div class=\"block_layout_in\" style=\"\">\n<div class=\"wp-block-column block_layout_in is-layout-flow wp-block-column-is-layout-flow\">\n<h2 class=\"wp-block-heading has-text-align-right has-themecolor-1-color has-text-color has-large-font-size\">Sistema de movimento de tr\u00eas eixos de alta precis\u00e3o<\/h2>\n\n\n\n<p><\/p>\n\n\n\n<p class=\"has-text-align-right has-monte-white-color has-text-color has-normal-font-size\">O sistema de movimento de tr\u00eas eixos de alta precis\u00e3o trabalha em profunda coordena\u00e7\u00e3o com o sistema de controle para executar com precis\u00e3o de um clique, permitindo o planejamento, reprodu\u00e7\u00e3o e ajuste sem esfor\u00e7o de qualquer trajet\u00f3ria de solda complexa.<\/p>\n<\/div>\n<\/div><div class=\"layout_badh\"><div class=\"shizhezhao\" style=\"opacity:0.15;background-color:#000000;\"><\/div><div class=\"PcOnly themepark-block_layout_ba lazyload swiper-lazy\" style=\"background-size:cover;background-position:center;\" data-background=\"https:\/\/xtlaser.com\/wp-content\/uploads\/2025\/12\/\u590d\u5408\u710a\u63a5\u673a-\u9ad8\u7cbe\u5bc6\u4e09\u8f74\u8fd0\u52a8\u7cfb\u7edf-ok.webp\"><\/div><\/div><\/section>\n\n\n\n<section class=\"wp-block-themepark-block-themepark-area block_layout thempark-block MovePnly bom10 top10\" id=\"\" style=\"padding-top:2px;height:900px;box-sizing: border-box;width: 100%;\" data-swiper-parallax=\"-700\"><div class=\"block_layout_in\" style=\"\">\n<div class=\"wp-block-column block_layout_in is-layout-flow wp-block-column-is-layout-flow\">\n<figure class=\"wp-block-image size-full\"><img loading=\"lazy\" decoding=\"async\" width=\"1920\" height=\"1080\" src=\"https:\/\/xtlaser.com\/wp-content\/uploads\/2025\/12\/\u590d\u5408\u710a\u63a5\u673a-\u9ad8\u7cbe\u5bc6\u4e09\u8f74\u8fd0\u52a8\u7cfb\u7edf-ok.webp\" alt=\"\" class=\"wp-image-2431\" srcset=\"https:\/\/xtlaser.com\/wp-content\/uploads\/2025\/12\/\u590d\u5408\u710a\u63a5\u673a-\u9ad8\u7cbe\u5bc6\u4e09\u8f74\u8fd0\u52a8\u7cfb\u7edf-ok.webp 1920w, https:\/\/xtlaser.com\/wp-content\/uploads\/2025\/12\/\u590d\u5408\u710a\u63a5\u673a-\u9ad8\u7cbe\u5bc6\u4e09\u8f74\u8fd0\u52a8\u7cfb\u7edf-ok-300x169.webp 300w, https:\/\/xtlaser.com\/wp-content\/uploads\/2025\/12\/\u590d\u5408\u710a\u63a5\u673a-\u9ad8\u7cbe\u5bc6\u4e09\u8f74\u8fd0\u52a8\u7cfb\u7edf-ok-1024x576.webp 1024w, https:\/\/xtlaser.com\/wp-content\/uploads\/2025\/12\/\u590d\u5408\u710a\u63a5\u673a-\u9ad8\u7cbe\u5bc6\u4e09\u8f74\u8fd0\u52a8\u7cfb\u7edf-ok-768x432.webp 768w, https:\/\/xtlaser.com\/wp-content\/uploads\/2025\/12\/\u590d\u5408\u710a\u63a5\u673a-\u9ad8\u7cbe\u5bc6\u4e09\u8f74\u8fd0\u52a8\u7cfb\u7edf-ok-1536x864.webp 1536w, https:\/\/xtlaser.com\/wp-content\/uploads\/2025\/12\/\u590d\u5408\u710a\u63a5\u673a-\u9ad8\u7cbe\u5bc6\u4e09\u8f74\u8fd0\u52a8\u7cfb\u7edf-ok-600x338.webp 600w\" sizes=\"auto, (max-width: 1920px) 100vw, 1920px\" \/><\/figure>\n\n\n\n<h2 class=\"wp-block-heading has-text-align-left has-themecolor-1-color has-text-color has-large-font-size\">Sistema de movimento de tr\u00eas eixos de alta precis\u00e3o<\/h2>\n\n\n\n<p>O sistema de movimento de tr\u00eas eixos de alta precis\u00e3o trabalha em profunda coordena\u00e7\u00e3o com o sistema de controle para executar com precis\u00e3o de um clique, permitindo o planejamento, reprodu\u00e7\u00e3o e ajuste sem esfor\u00e7o de qualquer trajet\u00f3ria de solda complexa.<\/p>\n<\/div>\n<\/div><div class=\"layout_badh\"><div class=\"shizhezhao\" style=\"opacity:0.15;background-color:;\"><\/div><\/div><\/section>\n\n\n\n<section class=\"wp-block-themepark-block-themepark-area block_layout thempark-block PcOnly bom20 top20\" id=\"\" style=\"padding-top:300px;height:900px;box-sizing: border-box;width: 100%;\" data-swiper-parallax=\"-700\"><div class=\"block_layout_in\" style=\"\">\n<div class=\"wp-block-column block_layout_in is-layout-flow wp-block-column-is-layout-flow\">\n<div class=\"wp-block-themepark-block-themepark-xian theme_fang_out  top10\" style=\"text-align:left;padding-top:213px;\"><div class=\"fangbox\" style=\"width:undefinedpx;\"><\/div><\/div>\n\n\n\n<h2 class=\"wp-block-heading has-text-align-right has-themecolor-1-color has-text-color has-large-font-size\">Soldagem perfeita com zero porosidade<\/h2>\n\n\n\n<p><\/p>\n\n\n\n<p class=\"has-text-align-right has-monte-white-color has-text-color has-normal-font-size\">O composto de duplo laser suprime a proje\u00e7\u00e3o da po\u00e7a de fus\u00e3o, resultando em baixa porosidade da solda, soldas uniformes e melhoria da efici\u00eancia e consist\u00eancia da produ\u00e7\u00e3o.<\/p>\n<\/div>\n<\/div><div class=\"layout_badh\"><div class=\"shizhezhao\" style=\"opacity:0.15;background-color:#000000;\"><\/div><div class=\"PcOnly themepark-block_layout_ba lazyload swiper-lazy\" style=\"background-size:cover;background-position:center;\" data-background=\"https:\/\/xtlaser.com\/wp-content\/uploads\/2025\/12\/\u590d\u5408\u710a\u63a5\u673a-\u96f6\u6c14\u5b54\u5b8c\u7f8e\u710a\u63a5ok.webp\"><\/div><\/div><\/section>\n\n\n\n<section class=\"wp-block-themepark-block-themepark-area block_layout thempark-block MovePnly bom10 top10\" id=\"\" style=\"padding-top:2px;height:900px;box-sizing: border-box;width: 100%;\" data-swiper-parallax=\"-700\"><div class=\"block_layout_in\" style=\"\">\n<div class=\"wp-block-column block_layout_in is-layout-flow wp-block-column-is-layout-flow\">\n<figure class=\"wp-block-image size-full\"><img loading=\"lazy\" decoding=\"async\" width=\"1920\" height=\"1080\" src=\"https:\/\/xtlaser.com\/wp-content\/uploads\/2025\/12\/\u590d\u5408\u710a\u63a5\u673a-\u96f6\u6c14\u5b54\u5b8c\u7f8e\u710a\u63a5ok.webp\" alt=\"\" class=\"wp-image-2432\" srcset=\"https:\/\/xtlaser.com\/wp-content\/uploads\/2025\/12\/\u590d\u5408\u710a\u63a5\u673a-\u96f6\u6c14\u5b54\u5b8c\u7f8e\u710a\u63a5ok.webp 1920w, https:\/\/xtlaser.com\/wp-content\/uploads\/2025\/12\/\u590d\u5408\u710a\u63a5\u673a-\u96f6\u6c14\u5b54\u5b8c\u7f8e\u710a\u63a5ok-300x169.webp 300w, https:\/\/xtlaser.com\/wp-content\/uploads\/2025\/12\/\u590d\u5408\u710a\u63a5\u673a-\u96f6\u6c14\u5b54\u5b8c\u7f8e\u710a\u63a5ok-1024x576.webp 1024w, https:\/\/xtlaser.com\/wp-content\/uploads\/2025\/12\/\u590d\u5408\u710a\u63a5\u673a-\u96f6\u6c14\u5b54\u5b8c\u7f8e\u710a\u63a5ok-768x432.webp 768w, https:\/\/xtlaser.com\/wp-content\/uploads\/2025\/12\/\u590d\u5408\u710a\u63a5\u673a-\u96f6\u6c14\u5b54\u5b8c\u7f8e\u710a\u63a5ok-1536x864.webp 1536w, https:\/\/xtlaser.com\/wp-content\/uploads\/2025\/12\/\u590d\u5408\u710a\u63a5\u673a-\u96f6\u6c14\u5b54\u5b8c\u7f8e\u710a\u63a5ok-600x338.webp 600w\" sizes=\"auto, (max-width: 1920px) 100vw, 1920px\" \/><\/figure>\n\n\n\n<h2 class=\"wp-block-heading has-text-align-left has-themecolor-1-color has-text-color has-large-font-size\">Soldagem perfeita com zero porosidade<\/h2>\n\n\n\n<p>O composto de duplo laser suprime a proje\u00e7\u00e3o da po\u00e7a de fus\u00e3o, resultando em baixa porosidade da solda, soldas uniformes e melhoria da efici\u00eancia e consist\u00eancia da produ\u00e7\u00e3o.<\/p>\n<\/div>\n<\/div><div class=\"layout_badh\"><div class=\"shizhezhao\" style=\"opacity:0.15;background-color:;\"><\/div><\/div><\/section>\n\n\n\n<section class=\"wp-block-themepark-block-themepark-area block_layout thempark-block PcOnly bom20 top20\" id=\"\" style=\"padding-top:300px;height:900px;box-sizing: border-box;width: 100%;\" data-swiper-parallax=\"-700\"><div class=\"block_layout_in\" style=\"\">\n<div class=\"wp-block-column block_layout_in is-layout-flow wp-block-column-is-layout-flow\">\n<div class=\"wp-block-themepark-block-themepark-xian theme_fang_out  top10\" style=\"text-align:left;padding-top:377px;\"><div class=\"fangbox\" style=\"width:undefinedpx;\"><\/div><\/div>\n\n\n\n<h2 class=\"wp-block-heading has-text-align-right has-themecolor-1-color has-text-color has-large-font-size\"><strong><strong><strong>Projeto de prote\u00e7\u00e3o totalmente selado<\/strong><\/strong><\/strong><\/h2>\n\n\n\n<p><\/p>\n\n\n\n<p class=\"has-text-align-right has-monte-white-color has-text-color has-normal-font-size\">Arm\u00e1rios selados personalizados com envolt\u00f3rios soldados fornecem um espa\u00e7o seguro, ecol\u00f3gico, \u00e0 prova de poeira e resistente \u00e0 oxida\u00e7\u00e3o, isolando a polui\u00e7\u00e3o luminosa e reduzindo os custos de manuten\u00e7\u00e3o.<\/p>\n<\/div>\n<\/div><div class=\"layout_badh\"><div class=\"shizhezhao\" style=\"opacity:0.15;background-color:#000000;\"><\/div><div class=\"PcOnly themepark-block_layout_ba lazyload swiper-lazy\" style=\"background-size:cover;background-position:center;\" data-background=\"https:\/\/xtlaser.com\/wp-content\/uploads\/2025\/12\/\u590d\u5408\u710a\u63a5\u673a-\u5168\u5c01\u95ed\u9632\u62a4\u8bbe\u8ba1ok.webp\"><\/div><\/div><\/section>\n\n\n\n<section class=\"wp-block-themepark-block-themepark-area block_layout thempark-block MovePnly bom10 top10\" id=\"\" style=\"padding-top:2px;height:900px;box-sizing: border-box;width: 100%;\" data-swiper-parallax=\"-700\"><div class=\"block_layout_in\" style=\"\">\n<div class=\"wp-block-column block_layout_in is-layout-flow wp-block-column-is-layout-flow\">\n<figure class=\"wp-block-image size-full\"><img loading=\"lazy\" decoding=\"async\" width=\"1920\" height=\"1080\" src=\"https:\/\/xtlaser.com\/wp-content\/uploads\/2025\/12\/\u590d\u5408\u710a\u63a5\u673a-\u5168\u5c01\u95ed\u9632\u62a4\u8bbe\u8ba1ok.webp\" alt=\"\" class=\"wp-image-2433\" srcset=\"https:\/\/xtlaser.com\/wp-content\/uploads\/2025\/12\/\u590d\u5408\u710a\u63a5\u673a-\u5168\u5c01\u95ed\u9632\u62a4\u8bbe\u8ba1ok.webp 1920w, https:\/\/xtlaser.com\/wp-content\/uploads\/2025\/12\/\u590d\u5408\u710a\u63a5\u673a-\u5168\u5c01\u95ed\u9632\u62a4\u8bbe\u8ba1ok-300x169.webp 300w, https:\/\/xtlaser.com\/wp-content\/uploads\/2025\/12\/\u590d\u5408\u710a\u63a5\u673a-\u5168\u5c01\u95ed\u9632\u62a4\u8bbe\u8ba1ok-1024x576.webp 1024w, https:\/\/xtlaser.com\/wp-content\/uploads\/2025\/12\/\u590d\u5408\u710a\u63a5\u673a-\u5168\u5c01\u95ed\u9632\u62a4\u8bbe\u8ba1ok-768x432.webp 768w, https:\/\/xtlaser.com\/wp-content\/uploads\/2025\/12\/\u590d\u5408\u710a\u63a5\u673a-\u5168\u5c01\u95ed\u9632\u62a4\u8bbe\u8ba1ok-1536x864.webp 1536w, https:\/\/xtlaser.com\/wp-content\/uploads\/2025\/12\/\u590d\u5408\u710a\u63a5\u673a-\u5168\u5c01\u95ed\u9632\u62a4\u8bbe\u8ba1ok-600x338.webp 600w\" sizes=\"auto, (max-width: 1920px) 100vw, 1920px\" \/><\/figure>\n\n\n\n<h2 class=\"wp-block-heading has-text-align-left has-themecolor-1-color has-text-color has-large-font-size\"><strong><strong><strong>Projeto de prote\u00e7\u00e3o totalmente selado<\/strong><\/strong><\/strong><\/h2>\n\n\n\n<p>Arm\u00e1rios selados personalizados com envolt\u00f3rios soldados fornecem um espa\u00e7o seguro, ecol\u00f3gico, \u00e0 prova de poeira e resistente \u00e0 oxida\u00e7\u00e3o, isolando a polui\u00e7\u00e3o luminosa e reduzindo os custos de manuten\u00e7\u00e3o.<\/p>\n<\/div>\n<\/div><div class=\"layout_badh\"><div class=\"shizhezhao\" style=\"opacity:0.15;background-color:;\"><\/div><\/div><\/section>\n\n\n\n<div class=\"wp-block-themepark-block-themepark-area block_layout thempark-block undefined\" id=\"padingmax\" style=\"background-color:#f7f7f7;padding-bottom:38px;padding-top:38px;\" data-swiper-parallax=\"-700\"><div class=\"block_layout_in\" style=\"max-width:1900px;\">\n<div class=\"wp-block-column block_layout_in is-layout-flow wp-block-column-is-layout-flow\">\n<div class=\"wp-block-themepark-block-themepark-wright content-super-p\" style=\"font-size:12px;line-height:42px;padding:10px 10px;\">\n<div class=\"wp-block-column is-layout-flow wp-block-column-is-layout-flow\">\n<p class=\"has-text-align-center has-themecolor-1-color has-text-color has-link-color has-large-font-size wp-elements-75160ef55f9568d5c6e09e84db854271\"><strong>\u00c1reas de aplica\u00e7\u00e3o<\/strong><\/p>\n\n\n\n<p class=\"has-text-align-center has-text-color has-link-color has-normal-font-size wp-elements-4c2e70755718abae4f2b2a4ef12ea9ff\" style=\"color:#333333\">Fabrica\u00e7\u00e3o e processamento de metais, equipamentos de transporte, m\u00e1quinas e equipamentos el\u00e9tricos, nova energia e prote\u00e7\u00e3o ambiental, eletr\u00f4nica de consumo e instrumentos de precis\u00e3o<\/p>\n\n\n\n<p><\/p>\n\n\n<div class=\"wp-block-image\">\n<figure class=\"aligncenter size-large\"><img loading=\"lazy\" decoding=\"async\" width=\"1024\" height=\"200\" src=\"https:\/\/xtlaser.com\/wp-content\/uploads\/2025\/12\/\u7ec4-511-1024x200.webp\" alt=\"XT Laser desktop composite welding machine applications in new energy vehicles, aerospace, precision electrical equipment, and consumer electronics\" class=\"wp-image-2419\" srcset=\"https:\/\/xtlaser.com\/wp-content\/uploads\/2025\/12\/\u7ec4-511-1024x200.webp 1024w, https:\/\/xtlaser.com\/wp-content\/uploads\/2025\/12\/\u7ec4-511-300x58.webp 300w, https:\/\/xtlaser.com\/wp-content\/uploads\/2025\/12\/\u7ec4-511-768x150.webp 768w, https:\/\/xtlaser.com\/wp-content\/uploads\/2025\/12\/\u7ec4-511-1536x299.webp 1536w, https:\/\/xtlaser.com\/wp-content\/uploads\/2025\/12\/\u7ec4-511-600x117.webp 600w, https:\/\/xtlaser.com\/wp-content\/uploads\/2025\/12\/\u7ec4-511.webp 1550w\" sizes=\"auto, (max-width: 1024px) 100vw, 1024px\" \/><\/figure>\n<\/div><\/div>\n<\/div>\n<\/div>\n<\/div><div class=\"layout_badh\"><\/div><\/div>\n\n\n\n<div class=\"wp-block-themepark-block-themepark-area block_layout thempark-block undefined\" id=\"padingmax\" style=\"background-color:#f7f7f7;padding-bottom:38px;padding-top:38px;\" data-swiper-parallax=\"-700\"><div class=\"block_layout_in\" style=\"max-width:1900px;\">\n<div class=\"wp-block-column block_layout_in is-layout-flow wp-block-column-is-layout-flow\">\n<div class=\"wp-block-themepark-block-themepark-wright content-super-p\" style=\"font-size:12px;line-height:42px;padding:10px 10px;\">\n<div class=\"wp-block-column is-layout-flow wp-block-column-is-layout-flow\">\n<p class=\"has-text-align-center has-themecolor-1-color has-text-color has-link-color has-large-font-size wp-elements-0b626756fabb3406c86c172233d6ed81\"><strong>Exibi\u00e7\u00e3o de Amostra<\/strong><\/p>\n\n\n\n<p class=\"has-text-align-center has-text-color has-link-color has-normal-font-size wp-elements-3d883c066bcd1bf6991ff2bb0bc01958\" style=\"color:#333333\"><\/p>\n\n\n\n<p><\/p>\n\n\n<div class=\"wp-block-image\">\n<figure class=\"aligncenter size-large\"><img loading=\"lazy\" decoding=\"async\" width=\"1024\" height=\"141\" src=\"https:\/\/xtlaser.com\/wp-content\/uploads\/2025\/12\/\u7ec4-516-1-1024x141.webp\" alt=\"XT Laser desktop machine welding samples including brass high-reflective materials, stainless steel sensor housings, and precision thin sheets with spatter-free finish\" class=\"wp-image-2420\" srcset=\"https:\/\/xtlaser.com\/wp-content\/uploads\/2025\/12\/\u7ec4-516-1-1024x141.webp 1024w, https:\/\/xtlaser.com\/wp-content\/uploads\/2025\/12\/\u7ec4-516-1-300x41.webp 300w, https:\/\/xtlaser.com\/wp-content\/uploads\/2025\/12\/\u7ec4-516-1-768x106.webp 768w, https:\/\/xtlaser.com\/wp-content\/uploads\/2025\/12\/\u7ec4-516-1-1536x211.webp 1536w, https:\/\/xtlaser.com\/wp-content\/uploads\/2025\/12\/\u7ec4-516-1-600x82.webp 600w, https:\/\/xtlaser.com\/wp-content\/uploads\/2025\/12\/\u7ec4-516-1.webp 1550w\" sizes=\"auto, (max-width: 1024px) 100vw, 1024px\" \/><\/figure>\n<\/div><\/div>\n<\/div>\n<\/div>\n<\/div><div class=\"layout_badh\"><\/div><\/div>\n\n\n\n<p><\/p>\n<\/div>","protected":false},"excerpt":{"rendered":"[tp_attributes num_attributes=\"5\"]","protected":false},"featured_media":2425,"template":"","meta":{"themepark_post_bcolor":"#f5f5f5","themepark_post_width":"1022px","themepark_post_img":"","themepark_post_img_po":"left","themepark_post_img_re":false,"themepark_post_img_cover":false,"themepark_post_img_fixed":false,"themepark_post_hide_title":false,"themepark_post_main_b":"","themepark_post_main_p":100,"themepark_paddingblock":false},"product_brand":[47],"product_cat":[69,2808],"product_tag":[68],"class_list":{"0":"post-2421","1":"product","2":"type-product","3":"status-publish","4":"has-post-thumbnail","6":"product_brand-xt-laser","7":"product_cat-fiber-laser-cutting-machine","8":"product_cat-laser-welding","9":"product_tag-laser-welding","10":"pa_highlights-laser-welding","12":"first","13":"instock","14":"shipping-taxable","15":"product-type-simple"},"_links":{"self":[{"href":"https:\/\/xtlaser.com\/pt\/wp-json\/wp\/v2\/product\/2421","targetHints":{"allow":["GET"]}}],"collection":[{"href":"https:\/\/xtlaser.com\/pt\/wp-json\/wp\/v2\/product"}],"about":[{"href":"https:\/\/xtlaser.com\/pt\/wp-json\/wp\/v2\/types\/product"}],"wp:featuredmedia":[{"embeddable":true,"href":"https:\/\/xtlaser.com\/pt\/wp-json\/wp\/v2\/media\/2425"}],"wp:attachment":[{"href":"https:\/\/xtlaser.com\/pt\/wp-json\/wp\/v2\/media?parent=2421"}],"wp:term":[{"taxonomy":"product_brand","embeddable":true,"href":"https:\/\/xtlaser.com\/pt\/wp-json\/wp\/v2\/product_brand?post=2421"},{"taxonomy":"product_cat","embeddable":true,"href":"https:\/\/xtlaser.com\/pt\/wp-json\/wp\/v2\/product_cat?post=2421"},{"taxonomy":"product_tag","embeddable":true,"href":"https:\/\/xtlaser.com\/pt\/wp-json\/wp\/v2\/product_tag?post=2421"}],"curies":[{"name":"wp","href":"https:\/\/api.w.org\/{rel}","templated":true}]}}