{"id":72253,"date":"2025-12-23T14:15:12","date_gmt":"2025-12-23T06:15:12","guid":{"rendered":"https:\/\/xtlaser.com\/?post_type=product&#038;p=72253"},"modified":"2026-01-27T15:20:19","modified_gmt":"2026-01-27T07:20:19","slug":"fully-automatic-grinding-robot","status":"publish","type":"product","link":"https:\/\/xtlaser.com\/fr\/product-item\/fully-automatic-grinding-robot","title":{"rendered":"Robot de meulage enti\u00e8rement automatique"},"content":{"rendered":"<div class=\"post_content\">\n<section class=\"wp-block-themepark-block-themepark-area block_layout thempark-block PcOnly bom20 top20\" id=\"\" style=\"padding-top:300px;height:900px;box-sizing: border-box;width: 100%;\" data-swiper-parallax=\"-700\"><div class=\"block_layout_in\" style=\"\">\n<div class=\"wp-block-column block_layout_in is-layout-flow wp-block-column-is-layout-flow\">\n<div class=\"wp-block-themepark-block-themepark-xian theme_fang_out\" style=\"text-align:left;\"><div class=\"fangbox\" style=\"width:undefinedpx;\"><\/div><\/div>\n\n\n\n<h2 class=\"wp-block-heading has-text-align-right has-themecolor-1-color has-text-color has-large-font-size\">Robot de meulage enti\u00e8rement automatique<\/h2>\n\n\n\n<h1 class=\"wp-block-heading has-text-align-right has-monte-white-color has-text-color has-normal-font-size\">Lib\u00e9rez la main-d'\u0153uvre avec un meulage flexible de haute pr\u00e9cision et haute efficacit\u00e9.<\/h1>\n<\/div>\n<\/div><div class=\"layout_badh\"><div class=\"shizhezhao\" style=\"opacity:0.15;background-color:#000000;\"><\/div><div class=\"PcOnly themepark-block_layout_ba lazyload swiper-lazy\" style=\"background-size:cover;background-position:center;\" data-background=\"https:\/\/xtlaser.com\/wp-content\/uploads\/2025\/12\/\u5168\u81ea\u52a8\u6253\u78e8\u673a\u5668\u4eba-\u4e3b\u56feok.webp\"><\/div><\/div><\/section>\n\n\n\n<section class=\"wp-block-themepark-block-themepark-area block_layout thempark-block MovePnly bom10 top10\" id=\"\" style=\"padding-top:2px;height:900px;box-sizing: border-box;width: 100%;\" data-swiper-parallax=\"-700\"><div class=\"block_layout_in\" style=\"\">\n<div class=\"wp-block-column block_layout_in is-layout-flow wp-block-column-is-layout-flow\">\n<figure class=\"wp-block-image size-full\"><img loading=\"lazy\" decoding=\"async\" width=\"1920\" height=\"1080\" src=\"https:\/\/xtlaser.com\/wp-content\/uploads\/2025\/12\/\u5168\u81ea\u52a8\u6253\u78e8\u673a\u5668\u4eba-\u4e3b\u56feok.webp\" alt=\"\" class=\"wp-image-72250\" srcset=\"https:\/\/xtlaser.com\/wp-content\/uploads\/2025\/12\/\u5168\u81ea\u52a8\u6253\u78e8\u673a\u5668\u4eba-\u4e3b\u56feok.webp 1920w, https:\/\/xtlaser.com\/wp-content\/uploads\/2025\/12\/\u5168\u81ea\u52a8\u6253\u78e8\u673a\u5668\u4eba-\u4e3b\u56feok-300x169.webp 300w, https:\/\/xtlaser.com\/wp-content\/uploads\/2025\/12\/\u5168\u81ea\u52a8\u6253\u78e8\u673a\u5668\u4eba-\u4e3b\u56feok-1024x576.webp 1024w, https:\/\/xtlaser.com\/wp-content\/uploads\/2025\/12\/\u5168\u81ea\u52a8\u6253\u78e8\u673a\u5668\u4eba-\u4e3b\u56feok-768x432.webp 768w, https:\/\/xtlaser.com\/wp-content\/uploads\/2025\/12\/\u5168\u81ea\u52a8\u6253\u78e8\u673a\u5668\u4eba-\u4e3b\u56feok-1536x864.webp 1536w, https:\/\/xtlaser.com\/wp-content\/uploads\/2025\/12\/\u5168\u81ea\u52a8\u6253\u78e8\u673a\u5668\u4eba-\u4e3b\u56feok-600x338.webp 600w\" sizes=\"auto, (max-width: 1920px) 100vw, 1920px\" \/><\/figure>\n\n\n\n<h2 class=\"wp-block-heading has-text-align-left has-themecolor-1-color has-text-color has-large-font-size\">Robot de meulage enti\u00e8rement automatique<\/h2>\n\n\n\n<p>Lib\u00e9rez la main-d'\u0153uvre avec un meulage flexible de haute pr\u00e9cision et haute efficacit\u00e9.<\/p>\n<\/div>\n<\/div><div class=\"layout_badh\"><div class=\"shizhezhao\" style=\"opacity:0.15;background-color:;\"><\/div><\/div><\/section>\n\n\n\n<section class=\"wp-block-themepark-block-themepark-area block_layout thempark-block PcOnly bom20 top20\" id=\"\" style=\"padding-top:300px;height:900px;box-sizing: border-box;width: 100%;\" data-swiper-parallax=\"-700\"><div class=\"block_layout_in\" style=\"\">\n<div class=\"wp-block-column block_layout_in is-layout-flow wp-block-column-is-layout-flow\">\n<div class=\"wp-block-themepark-block-themepark-xian theme_fang_out  top10\" style=\"text-align:left;padding-top:360px;\"><div class=\"fangbox\" style=\"width:0px;\"><\/div><\/div>\n\n\n\n<h2 class=\"wp-block-heading has-text-align-left has-themecolor-1-color has-text-color has-large-font-size\">Fonctionnement continu 24h\/24 | Lib\u00e9rez votre main-d'\u0153uvre<\/h2>\n\n\n\n<p><\/p>\n\n\n\n<p class=\"has-text-align-left has-monte-white-color has-text-color has-normal-font-size\">Remplacez les t\u00e2ches de meulage manuel lourdes et polluantes par une pr\u00e9cision automatis\u00e9e. <\/p>\n\n\n\n<p class=\"has-text-align-left has-monte-white-color has-text-color has-normal-font-size\">Maintenez une coh\u00e9rence \u00e0 long terme et r\u00e9duisez consid\u00e9rablement les co\u00fbts de main-d'\u0153uvre gr\u00e2ce \u00e0 un fonctionnement 24h\/24 sans arr\u00eat.<\/p>\n<\/div>\n<\/div><div class=\"layout_badh\"><div class=\"shizhezhao\" style=\"opacity:0.15;background-color:#000000;\"><\/div><div class=\"PcOnly themepark-block_layout_ba lazyload swiper-lazy\" style=\"background-size:cover;background-position:center;\" data-background=\"https:\/\/xtlaser.com\/wp-content\/uploads\/2025\/12\/\u5168\u81ea\u52a8\u6253\u78e8\u673a\u5668\u4eba-\u89e3\u653e\u4eba\u529b\uff0c24h\u5168\u65f6\u6bb5\u4f5c\u4e1aok.webp\"><\/div><\/div><\/section>\n\n\n\n<section class=\"wp-block-themepark-block-themepark-area block_layout thempark-block MovePnly bom10 top10\" id=\"\" style=\"padding-top:2px;height:900px;box-sizing: border-box;width: 100%;\" data-swiper-parallax=\"-700\"><div class=\"block_layout_in\" style=\"\">\n<div class=\"wp-block-column block_layout_in is-layout-flow wp-block-column-is-layout-flow\">\n<figure class=\"wp-block-image size-full\"><img loading=\"lazy\" decoding=\"async\" width=\"1920\" height=\"1080\" src=\"https:\/\/xtlaser.com\/wp-content\/uploads\/2025\/12\/\u5168\u81ea\u52a8\u6253\u78e8\u673a\u5668\u4eba-\u89e3\u653e\u4eba\u529b\uff0c24h\u5168\u65f6\u6bb5\u4f5c\u4e1aok.webp\" alt=\"\" class=\"wp-image-72249\" srcset=\"https:\/\/xtlaser.com\/wp-content\/uploads\/2025\/12\/\u5168\u81ea\u52a8\u6253\u78e8\u673a\u5668\u4eba-\u89e3\u653e\u4eba\u529b\uff0c24h\u5168\u65f6\u6bb5\u4f5c\u4e1aok.webp 1920w, https:\/\/xtlaser.com\/wp-content\/uploads\/2025\/12\/\u5168\u81ea\u52a8\u6253\u78e8\u673a\u5668\u4eba-\u89e3\u653e\u4eba\u529b\uff0c24h\u5168\u65f6\u6bb5\u4f5c\u4e1aok-300x169.webp 300w, https:\/\/xtlaser.com\/wp-content\/uploads\/2025\/12\/\u5168\u81ea\u52a8\u6253\u78e8\u673a\u5668\u4eba-\u89e3\u653e\u4eba\u529b\uff0c24h\u5168\u65f6\u6bb5\u4f5c\u4e1aok-1024x576.webp 1024w, https:\/\/xtlaser.com\/wp-content\/uploads\/2025\/12\/\u5168\u81ea\u52a8\u6253\u78e8\u673a\u5668\u4eba-\u89e3\u653e\u4eba\u529b\uff0c24h\u5168\u65f6\u6bb5\u4f5c\u4e1aok-768x432.webp 768w, https:\/\/xtlaser.com\/wp-content\/uploads\/2025\/12\/\u5168\u81ea\u52a8\u6253\u78e8\u673a\u5668\u4eba-\u89e3\u653e\u4eba\u529b\uff0c24h\u5168\u65f6\u6bb5\u4f5c\u4e1aok-1536x864.webp 1536w, https:\/\/xtlaser.com\/wp-content\/uploads\/2025\/12\/\u5168\u81ea\u52a8\u6253\u78e8\u673a\u5668\u4eba-\u89e3\u653e\u4eba\u529b\uff0c24h\u5168\u65f6\u6bb5\u4f5c\u4e1aok-600x338.webp 600w\" sizes=\"auto, (max-width: 1920px) 100vw, 1920px\" \/><\/figure>\n\n\n\n<h2 class=\"wp-block-heading has-text-align-left has-themecolor-1-color has-text-color has-large-font-size\">Fonctionnement continu 24h\/24 | Lib\u00e9rez votre main-d'\u0153uvre<\/h2>\n\n\n\n<p>Remplacez les t\u00e2ches de meulage manuel lourdes et polluantes par une pr\u00e9cision automatis\u00e9e. <\/p>\n\n\n\n<p>Maintenez une coh\u00e9rence \u00e0 long terme et r\u00e9duisez consid\u00e9rablement les co\u00fbts de main-d'\u0153uvre gr\u00e2ce \u00e0 un fonctionnement 24h\/24 sans arr\u00eat.<\/p>\n<\/div>\n<\/div><div class=\"layout_badh\"><div class=\"shizhezhao\" style=\"opacity:0.15;background-color:;\"><\/div><\/div><\/section>\n\n\n\n<section class=\"wp-block-themepark-block-themepark-area block_layout thempark-block PcOnly bom20 top20\" id=\"\" style=\"padding-top:300px;height:900px;box-sizing: border-box;width: 100%;\" data-swiper-parallax=\"-700\"><div class=\"block_layout_in\" style=\"\">\n<div class=\"wp-block-column block_layout_in is-layout-flow wp-block-column-is-layout-flow\">\n<div class=\"wp-block-themepark-block-themepark-xian theme_fang_out\" style=\"text-align:left;padding-top:1px;\"><div class=\"fangbox\" style=\"width:undefinedpx;height:34px;\"><\/div><\/div>\n\n\n\n<h2 class=\"wp-block-heading has-text-align-center has-themecolor-1-color has-text-color has-large-font-size\">Identification visuelle intelligente <\/h2>\n\n\n\n<h2 class=\"wp-block-heading has-text-align-center has-themecolor-1-color has-text-color has-link-color has-large-font-size wp-elements-a832b7c2ff4a007914ac0e8dc88b6a2b\"> Ma\u00eetriser des milliers de pi\u00e8ces comme une seule<\/h2>\n\n\n\n<p><\/p>\n\n\n\n<p class=\"has-text-align-center has-monte-white-color has-text-color has-normal-font-size\">Des algorithmes de vision hautes performances identifient pr\u00e9cis\u00e9ment les poses des pi\u00e8ces pour une correction automatique des \u00e9carts. <\/p>\n\n\n\n<p class=\"has-text-align-center has-monte-white-color has-text-color has-normal-font-size\">La compensation intelligente de l'usure des consommables garantit une pr\u00e9cision de meulage hautement uniforme pour chaque pi\u00e8ce.<\/p>\n\n\n\n<p class=\"has-text-align-left has-monte-white-color has-text-color has-normal-font-size\"><\/p>\n<\/div>\n<\/div><div class=\"layout_badh\"><div class=\"shizhezhao\" style=\"opacity:0.15;background-color:#000000;\"><\/div><div class=\"PcOnly themepark-block_layout_ba lazyload swiper-lazy\" style=\"background-size:cover;background-position:center;\" data-background=\"https:\/\/xtlaser.com\/wp-content\/uploads\/2025\/12\/\u5168\u81ea\u52a8\u6253\u78e8\u673a\u5668\u4eba-\u89c6\u89c9\u667a\u80fd\u8bc6\u522bok.webp\"><\/div><\/div><\/section>\n\n\n\n<section class=\"wp-block-themepark-block-themepark-area block_layout thempark-block MovePnly bom10 top10\" id=\"\" style=\"padding-top:2px;height:900px;box-sizing: border-box;width: 100%;\" data-swiper-parallax=\"-700\"><div class=\"block_layout_in\" style=\"\">\n<div class=\"wp-block-column block_layout_in is-layout-flow wp-block-column-is-layout-flow\">\n<figure class=\"wp-block-image size-full\"><img loading=\"lazy\" decoding=\"async\" width=\"1920\" height=\"1080\" src=\"https:\/\/xtlaser.com\/wp-content\/uploads\/2025\/12\/\u5168\u81ea\u52a8\u6253\u78e8\u673a\u5668\u4eba-\u89c6\u89c9\u667a\u80fd\u8bc6\u522bok.webp\" alt=\"\" class=\"wp-image-72251\" srcset=\"https:\/\/xtlaser.com\/wp-content\/uploads\/2025\/12\/\u5168\u81ea\u52a8\u6253\u78e8\u673a\u5668\u4eba-\u89c6\u89c9\u667a\u80fd\u8bc6\u522bok.webp 1920w, https:\/\/xtlaser.com\/wp-content\/uploads\/2025\/12\/\u5168\u81ea\u52a8\u6253\u78e8\u673a\u5668\u4eba-\u89c6\u89c9\u667a\u80fd\u8bc6\u522bok-300x169.webp 300w, https:\/\/xtlaser.com\/wp-content\/uploads\/2025\/12\/\u5168\u81ea\u52a8\u6253\u78e8\u673a\u5668\u4eba-\u89c6\u89c9\u667a\u80fd\u8bc6\u522bok-1024x576.webp 1024w, https:\/\/xtlaser.com\/wp-content\/uploads\/2025\/12\/\u5168\u81ea\u52a8\u6253\u78e8\u673a\u5668\u4eba-\u89c6\u89c9\u667a\u80fd\u8bc6\u522bok-768x432.webp 768w, https:\/\/xtlaser.com\/wp-content\/uploads\/2025\/12\/\u5168\u81ea\u52a8\u6253\u78e8\u673a\u5668\u4eba-\u89c6\u89c9\u667a\u80fd\u8bc6\u522bok-1536x864.webp 1536w, https:\/\/xtlaser.com\/wp-content\/uploads\/2025\/12\/\u5168\u81ea\u52a8\u6253\u78e8\u673a\u5668\u4eba-\u89c6\u89c9\u667a\u80fd\u8bc6\u522bok-600x338.webp 600w\" sizes=\"auto, (max-width: 1920px) 100vw, 1920px\" \/><\/figure>\n\n\n\n<h2 class=\"wp-block-heading has-text-align-left has-themecolor-1-color has-text-color has-large-font-size\"><strong>Identification visuelle intelligente <\/strong><\/h2>\n\n\n\n<h2 class=\"wp-block-heading has-text-align-left has-themecolor-1-color has-text-color has-link-color has-large-font-size wp-elements-8d39d9fd425729cb5f8b674fd034b2bb\"><strong>Ma\u00eetriser des milliers de pi\u00e8ces comme une seule<\/strong><\/h2>\n\n\n\n<p>Cela d\u00e9passe de loin une simple restauration. Il s'agit d'une mise \u00e0 niveau compl\u00e8te des performances. En rev\u00eatant des mat\u00e9riaux d'alliage haute performance, les composants r\u00e9par\u00e9s acqui\u00e8rent une r\u00e9sistance \u00e0 l'usure, une r\u00e9sistance \u00e0 la corrosion et une tol\u00e9rance aux temp\u00e9ratures \u00e9lev\u00e9es sup\u00e9rieures aux produits neufs, doublant ainsi efficacement leur dur\u00e9e de vie.<\/p>\n<\/div>\n<\/div><div class=\"layout_badh\"><div class=\"shizhezhao\" style=\"opacity:0.15;background-color:;\"><\/div><\/div><\/section>\n\n\n\n<section class=\"wp-block-themepark-block-themepark-area block_layout thempark-block PcOnly bom20 top20\" id=\"\" style=\"padding-top:300px;height:900px;box-sizing: border-box;width: 100%;\" data-swiper-parallax=\"-700\"><div class=\"block_layout_in\" style=\"\">\n<div class=\"wp-block-column block_layout_in is-layout-flow wp-block-column-is-layout-flow\">\n<div class=\"wp-block-themepark-block-themepark-xian theme_fang_out  top10\" style=\"text-align:left;padding-top:1px;\"><div class=\"fangbox\" style=\"width:undefinedpx;\"><\/div><\/div>\n\n\n\n<h2 class=\"wp-block-heading has-text-align-right has-themecolor-1-color has-text-color has-large-font-size\">Liaison multi-axes | Flexibilit\u00e9 ultime<\/h2>\n\n\n\n<p><\/p>\n\n\n\n<p class=\"has-text-align-right has-monte-white-color has-text-color has-normal-font-size\">Les trajectoires de mouvement avanc\u00e9es permettent un meulage complet sur des surfaces 3D complexes et des composants irr\u00e9guliers sans effort. <\/p>\n\n\n\n<p class=\"has-text-align-right has-monte-white-color has-text-color has-normal-font-size\">Con\u00e7u pour r\u00e9pondre aux exigences des lignes de production extr\u00eamement diversifi\u00e9es.<\/p>\n<\/div>\n<\/div><div class=\"layout_badh\"><div class=\"shizhezhao\" style=\"opacity:0.15;background-color:#000000;\"><\/div><div class=\"PcOnly themepark-block_layout_ba lazyload swiper-lazy\" style=\"background-size:cover;background-position:center;\" data-background=\"https:\/\/xtlaser.com\/wp-content\/uploads\/2025\/12\/\u5168\u81ea\u52a8\u6253\u78e8\u673a\u5668\u4eba-\u591a\u8f74\u8fd0\u52a8\u6781\u81f4\u67d4\u6027ok.webp\"><\/div><\/div><\/section>\n\n\n\n<section class=\"wp-block-themepark-block-themepark-area block_layout thempark-block MovePnly bom10 top10\" id=\"\" style=\"padding-top:2px;height:900px;box-sizing: border-box;width: 100%;\" data-swiper-parallax=\"-700\"><div class=\"block_layout_in\" style=\"\">\n<div class=\"wp-block-column block_layout_in is-layout-flow wp-block-column-is-layout-flow\">\n<figure class=\"wp-block-image size-full is-style-default\"><img loading=\"lazy\" decoding=\"async\" width=\"1920\" height=\"1080\" src=\"https:\/\/xtlaser.com\/wp-content\/uploads\/2025\/12\/\u5168\u81ea\u52a8\u6253\u78e8\u673a\u5668\u4eba-\u591a\u8f74\u8fd0\u52a8\u6781\u81f4\u67d4\u6027ok.webp\" alt=\"\" class=\"wp-image-72252\" srcset=\"https:\/\/xtlaser.com\/wp-content\/uploads\/2025\/12\/\u5168\u81ea\u52a8\u6253\u78e8\u673a\u5668\u4eba-\u591a\u8f74\u8fd0\u52a8\u6781\u81f4\u67d4\u6027ok.webp 1920w, https:\/\/xtlaser.com\/wp-content\/uploads\/2025\/12\/\u5168\u81ea\u52a8\u6253\u78e8\u673a\u5668\u4eba-\u591a\u8f74\u8fd0\u52a8\u6781\u81f4\u67d4\u6027ok-300x169.webp 300w, https:\/\/xtlaser.com\/wp-content\/uploads\/2025\/12\/\u5168\u81ea\u52a8\u6253\u78e8\u673a\u5668\u4eba-\u591a\u8f74\u8fd0\u52a8\u6781\u81f4\u67d4\u6027ok-1024x576.webp 1024w, https:\/\/xtlaser.com\/wp-content\/uploads\/2025\/12\/\u5168\u81ea\u52a8\u6253\u78e8\u673a\u5668\u4eba-\u591a\u8f74\u8fd0\u52a8\u6781\u81f4\u67d4\u6027ok-768x432.webp 768w, https:\/\/xtlaser.com\/wp-content\/uploads\/2025\/12\/\u5168\u81ea\u52a8\u6253\u78e8\u673a\u5668\u4eba-\u591a\u8f74\u8fd0\u52a8\u6781\u81f4\u67d4\u6027ok-1536x864.webp 1536w, https:\/\/xtlaser.com\/wp-content\/uploads\/2025\/12\/\u5168\u81ea\u52a8\u6253\u78e8\u673a\u5668\u4eba-\u591a\u8f74\u8fd0\u52a8\u6781\u81f4\u67d4\u6027ok-600x338.webp 600w\" sizes=\"auto, (max-width: 1920px) 100vw, 1920px\" \/><\/figure>\n\n\n\n<h2 class=\"wp-block-heading has-text-align-left has-themecolor-1-color has-text-color has-large-font-size\">Liaison multi-axes | Flexibilit\u00e9 ultime<\/h2>\n\n\n\n<p>Les trajectoires de mouvement avanc\u00e9es permettent un meulage complet sur des surfaces 3D complexes et des composants irr\u00e9guliers sans effort. <\/p>\n\n\n\n<p>Con\u00e7u pour r\u00e9pondre aux exigences des lignes de production extr\u00eamement diversifi\u00e9es.<\/p>\n<\/div>\n<\/div><div class=\"layout_badh\"><div class=\"shizhezhao\" style=\"opacity:0.15;background-color:;\"><\/div><\/div><\/section>\n\n\n\n<div class=\"wp-block-themepark-block-themepark-area block_layout thempark-block undefined\" id=\"padingmax\" style=\"background-color:#f7f7f7;padding-bottom:38px;padding-top:38px;\" data-swiper-parallax=\"-700\"><div class=\"block_layout_in\" style=\"max-width:1900px;\">\n<div class=\"wp-block-column block_layout_in is-layout-flow wp-block-column-is-layout-flow\">\n<div class=\"wp-block-themepark-block-themepark-wright content-super-p\" style=\"font-size:12px;line-height:42px;padding:10px 10px;\">\n<div class=\"wp-block-column is-layout-flow wp-block-column-is-layout-flow\">\n<p class=\"has-text-align-center has-themecolor-1-color has-text-color has-link-color has-large-font-size wp-elements-75160ef55f9568d5c6e09e84db854271\"><strong>Domaines d'application<\/strong><\/p>\n\n\n\n<p class=\"has-text-align-center has-text-color has-link-color has-normal-font-size wp-elements-4c2e70755718abae4f2b2a4ef12ea9ff\" style=\"color:#333333\">Fabrication et transformation des m\u00e9taux, \u00e9quipements de transport, machines et \u00e9quipements \u00e9lectriques, \u00e9nergie nouvelle et protection de l'environnement, \u00e9lectronique grand public et instruments de pr\u00e9cision<\/p>\n\n\n\n<p><\/p>\n\n\n<div class=\"wp-block-image\">\n<figure class=\"aligncenter size-large\"><img loading=\"lazy\" decoding=\"async\" width=\"1024\" height=\"201\" src=\"https:\/\/xtlaser.com\/wp-content\/uploads\/2025\/12\/\u7ec4-450-2-1024x201.webp\" alt=\"\" class=\"wp-image-72239\" srcset=\"https:\/\/xtlaser.com\/wp-content\/uploads\/2025\/12\/\u7ec4-450-2-1024x201.webp 1024w, https:\/\/xtlaser.com\/wp-content\/uploads\/2025\/12\/\u7ec4-450-2-300x59.webp 300w, https:\/\/xtlaser.com\/wp-content\/uploads\/2025\/12\/\u7ec4-450-2-768x151.webp 768w, https:\/\/xtlaser.com\/wp-content\/uploads\/2025\/12\/\u7ec4-450-2-1536x302.webp 1536w, https:\/\/xtlaser.com\/wp-content\/uploads\/2025\/12\/\u7ec4-450-2-600x118.webp 600w, https:\/\/xtlaser.com\/wp-content\/uploads\/2025\/12\/\u7ec4-450-2.webp 1550w\" sizes=\"auto, (max-width: 1024px) 100vw, 1024px\" \/><\/figure>\n<\/div><\/div>\n<\/div>\n<\/div>\n<\/div><div class=\"layout_badh\"><\/div><\/div>\n\n\n\n<p><\/p>\n<\/div>","protected":false},"excerpt":{"rendered":"[tp_attributes num_attributes=\"5\"]","protected":false},"featured_media":72254,"template":"","meta":{"themepark_post_bcolor":"#f5f5f5","themepark_post_width":"1022px","themepark_post_img":"","themepark_post_img_po":"left","themepark_post_img_re":false,"themepark_post_img_cover":false,"themepark_post_img_fixed":false,"themepark_post_hide_title":false,"themepark_post_main_b":"","themepark_post_main_p":100,"themepark_paddingblock":false},"product_brand":[47],"product_cat":[69,2811],"product_tag":[],"class_list":{"0":"post-72253","1":"product","2":"type-product","3":"status-publish","4":"has-post-thumbnail","6":"product_brand-xt-laser","7":"product_cat-fiber-laser-cutting-machine","8":"product_cat-cladding-burnish","9":"pa_highlights-automation","11":"first","12":"instock","13":"shipping-taxable","14":"product-type-simple"},"_links":{"self":[{"href":"https:\/\/xtlaser.com\/fr\/wp-json\/wp\/v2\/product\/72253","targetHints":{"allow":["GET"]}}],"collection":[{"href":"https:\/\/xtlaser.com\/fr\/wp-json\/wp\/v2\/product"}],"about":[{"href":"https:\/\/xtlaser.com\/fr\/wp-json\/wp\/v2\/types\/product"}],"wp:featuredmedia":[{"embeddable":true,"href":"https:\/\/xtlaser.com\/fr\/wp-json\/wp\/v2\/media\/72254"}],"wp:attachment":[{"href":"https:\/\/xtlaser.com\/fr\/wp-json\/wp\/v2\/media?parent=72253"}],"wp:term":[{"taxonomy":"product_brand","embeddable":true,"href":"https:\/\/xtlaser.com\/fr\/wp-json\/wp\/v2\/product_brand?post=72253"},{"taxonomy":"product_cat","embeddable":true,"href":"https:\/\/xtlaser.com\/fr\/wp-json\/wp\/v2\/product_cat?post=72253"},{"taxonomy":"product_tag","embeddable":true,"href":"https:\/\/xtlaser.com\/fr\/wp-json\/wp\/v2\/product_tag?post=72253"}],"curies":[{"name":"wp","href":"https:\/\/api.w.org\/{rel}","templated":true}]}}