{"id":72240,"date":"2025-12-23T13:46:09","date_gmt":"2025-12-23T05:46:09","guid":{"rendered":"https:\/\/xtlaser.com\/?post_type=product&#038;p=72240"},"modified":"2026-01-27T15:27:19","modified_gmt":"2026-01-27T07:27:19","slug":"laser-cladding-robot","status":"publish","type":"product","link":"https:\/\/xtlaser.com\/fr\/product-item\/laser-cladding-robot","title":{"rendered":"Robot de placage laser"},"content":{"rendered":"<div class=\"post_content\">\n<section class=\"wp-block-themepark-block-themepark-area block_layout thempark-block PcOnly bom20 top20\" id=\"\" style=\"padding-top:76px;height:900px;box-sizing: border-box;width: 100%;\" data-swiper-parallax=\"-700\"><div class=\"block_layout_in\" style=\"\">\n<div class=\"wp-block-column block_layout_in is-layout-flow wp-block-column-is-layout-flow\">\n<div class=\"wp-block-themepark-block-themepark-xian theme_fang_out\" style=\"text-align:left;\"><div class=\"fangbox\" style=\"width:undefinedpx;\"><\/div><\/div>\n\n\n\n<h2 class=\"wp-block-heading has-text-align-right has-themecolor-1-color has-text-color has-large-font-size\">Robot de placage laser<\/h2>\n\n\n\n<h1 class=\"wp-block-heading has-text-align-right has-monte-white-color has-text-color has-normal-font-size\">Expert en remanufacturation additive et modification de surface pour composants \u00e0 haute valeur ajout\u00e9e.<\/h1>\n<\/div>\n<\/div><div class=\"layout_badh\"><div class=\"shizhezhao\" style=\"opacity:0.15;background-color:#000000;\"><\/div><div class=\"PcOnly themepark-block_layout_ba lazyload swiper-lazy\" style=\"background-size:cover;background-position:center;\" data-background=\"https:\/\/xtlaser.com\/wp-content\/uploads\/2025\/12\/\u6fc0\u5149\u7194\u8986\u673a\u5668\u4eba-\u591a\u8f74\u8fd0\u52a8\u6781\u81f4\u67d4\u6027ok.webp\"><\/div><\/div><\/section>\n\n\n\n<section class=\"wp-block-themepark-block-themepark-area block_layout thempark-block MovePnly bom10 top10\" id=\"\" style=\"padding-top:2px;height:900px;box-sizing: border-box;width: 100%;\" data-swiper-parallax=\"-700\"><div class=\"block_layout_in\" style=\"\">\n<div class=\"wp-block-column block_layout_in is-layout-flow wp-block-column-is-layout-flow\">\n<figure class=\"wp-block-image size-full\"><img loading=\"lazy\" decoding=\"async\" width=\"1927\" height=\"1084\" src=\"https:\/\/xtlaser.com\/wp-content\/uploads\/2025\/12\/\u6fc0\u5149\u7194\u8986\u673a\u5668\u4eba-\u591a\u8f74\u8fd0\u52a8\u6781\u81f4\u67d4\u6027ok.webp\" alt=\"\" class=\"wp-image-72234\" srcset=\"https:\/\/xtlaser.com\/wp-content\/uploads\/2025\/12\/\u6fc0\u5149\u7194\u8986\u673a\u5668\u4eba-\u591a\u8f74\u8fd0\u52a8\u6781\u81f4\u67d4\u6027ok.webp 1927w, https:\/\/xtlaser.com\/wp-content\/uploads\/2025\/12\/\u6fc0\u5149\u7194\u8986\u673a\u5668\u4eba-\u591a\u8f74\u8fd0\u52a8\u6781\u81f4\u67d4\u6027ok-300x169.webp 300w, https:\/\/xtlaser.com\/wp-content\/uploads\/2025\/12\/\u6fc0\u5149\u7194\u8986\u673a\u5668\u4eba-\u591a\u8f74\u8fd0\u52a8\u6781\u81f4\u67d4\u6027ok-1024x576.webp 1024w, https:\/\/xtlaser.com\/wp-content\/uploads\/2025\/12\/\u6fc0\u5149\u7194\u8986\u673a\u5668\u4eba-\u591a\u8f74\u8fd0\u52a8\u6781\u81f4\u67d4\u6027ok-768x432.webp 768w, https:\/\/xtlaser.com\/wp-content\/uploads\/2025\/12\/\u6fc0\u5149\u7194\u8986\u673a\u5668\u4eba-\u591a\u8f74\u8fd0\u52a8\u6781\u81f4\u67d4\u6027ok-1536x864.webp 1536w, https:\/\/xtlaser.com\/wp-content\/uploads\/2025\/12\/\u6fc0\u5149\u7194\u8986\u673a\u5668\u4eba-\u591a\u8f74\u8fd0\u52a8\u6781\u81f4\u67d4\u6027ok-600x338.webp 600w\" sizes=\"auto, (max-width: 1927px) 100vw, 1927px\" \/><\/figure>\n\n\n\n<h2 class=\"wp-block-heading has-text-align-left has-themecolor-1-color has-text-color has-large-font-size\">Robot de placage laser<\/h2>\n\n\n\n<p>Expert en remanufacturation additive et modification de surface pour composants \u00e0 haute valeur ajout\u00e9e.<\/p>\n<\/div>\n<\/div><div class=\"layout_badh\"><div class=\"shizhezhao\" style=\"opacity:0.15;background-color:;\"><\/div><\/div><\/section>\n\n\n\n<section class=\"wp-block-themepark-block-themepark-area block_layout thempark-block PcOnly bom20 top20\" id=\"\" style=\"padding-top:300px;height:900px;box-sizing: border-box;width: 100%;\" data-swiper-parallax=\"-700\"><div class=\"block_layout_in\" style=\"\">\n<div class=\"wp-block-column block_layout_in is-layout-flow wp-block-column-is-layout-flow\">\n<div class=\"wp-block-themepark-block-themepark-xian theme_fang_out  top10\" style=\"text-align:left;padding-top:1px;\"><div class=\"fangbox\" style=\"width:0px;\"><\/div><\/div>\n\n\n\n<h2 class=\"wp-block-heading has-text-align-left has-themecolor-1-color has-text-color has-large-font-size\">R\u00e9paration plut\u00f4t que remplacement | R\u00e9duction des co\u00fbts de 70%<\/h2>\n\n\n\n<p><\/p>\n\n\n\n<p class=\"has-text-align-left has-monte-white-color has-text-color has-normal-font-size\">\u0421\u043f\u0438\u0441\u0430\u043d\u0438\u0435 \u0432\u044b\u0441\u043e\u043a\u043e\u0446\u0435\u043d\u043d\u044b\u0445 \u043a\u043b\u044e\u0447\u0435\u0432\u044b\u0445 \u043a\u043e\u043c\u043f\u043e\u043d\u0435\u043d\u0442\u043e\u0432 \u0431\u043e\u043b\u044c\u0448\u0435 \u043d\u0435 \u044f\u0432\u043b\u044f\u0435\u0442\u0441\u044f \u0442\u0443\u043f\u0438\u043a\u043e\u043c.<\/p>\n\n\n\n<p class=\"has-text-align-left has-monte-white-color has-text-color has-normal-font-size\"> Le placage laser de pr\u00e9cision restaure les performances aux normes d'origine \u2014 voire les d\u00e9passe. <\/p>\n\n\n\n<p class=\"has-text-align-left has-monte-white-color has-text-color has-normal-font-size\">Avec des co\u00fbts de r\u00e9paration ne repr\u00e9sentant que 20 % \u00e0 30 % de l'achat de pi\u00e8ces neuves, vous r\u00e9alisez une r\u00e9duction directe des co\u00fbts de 70 %.<\/p>\n<\/div>\n<\/div><div class=\"layout_badh\"><div class=\"shizhezhao\" style=\"opacity:0.15;background-color:#000000;\"><\/div><div class=\"PcOnly themepark-block_layout_ba lazyload swiper-lazy\" style=\"background-size:cover;background-position:center;\" data-background=\"https:\/\/xtlaser.com\/wp-content\/uploads\/2025\/12\/\u4ee5\u4fee\u4ee3\u9020\uff0c\u6210\u672c\u9510\u51cf70ok.webp\"><\/div><\/div><\/section>\n\n\n\n<section class=\"wp-block-themepark-block-themepark-area block_layout thempark-block MovePnly bom10 top10\" id=\"\" style=\"padding-top:2px;height:900px;box-sizing: border-box;width: 100%;\" data-swiper-parallax=\"-700\"><div class=\"block_layout_in\" style=\"\">\n<div class=\"wp-block-column block_layout_in is-layout-flow wp-block-column-is-layout-flow\">\n<figure class=\"wp-block-image size-full\"><img loading=\"lazy\" decoding=\"async\" width=\"1918\" height=\"1079\" src=\"https:\/\/xtlaser.com\/wp-content\/uploads\/2025\/12\/\u4ee5\u4fee\u4ee3\u9020\uff0c\u6210\u672c\u9510\u51cf70ok.webp\" alt=\"\" class=\"wp-image-72235\" srcset=\"https:\/\/xtlaser.com\/wp-content\/uploads\/2025\/12\/\u4ee5\u4fee\u4ee3\u9020\uff0c\u6210\u672c\u9510\u51cf70ok.webp 1918w, https:\/\/xtlaser.com\/wp-content\/uploads\/2025\/12\/\u4ee5\u4fee\u4ee3\u9020\uff0c\u6210\u672c\u9510\u51cf70ok-300x169.webp 300w, https:\/\/xtlaser.com\/wp-content\/uploads\/2025\/12\/\u4ee5\u4fee\u4ee3\u9020\uff0c\u6210\u672c\u9510\u51cf70ok-1024x576.webp 1024w, https:\/\/xtlaser.com\/wp-content\/uploads\/2025\/12\/\u4ee5\u4fee\u4ee3\u9020\uff0c\u6210\u672c\u9510\u51cf70ok-768x432.webp 768w, https:\/\/xtlaser.com\/wp-content\/uploads\/2025\/12\/\u4ee5\u4fee\u4ee3\u9020\uff0c\u6210\u672c\u9510\u51cf70ok-1536x864.webp 1536w, https:\/\/xtlaser.com\/wp-content\/uploads\/2025\/12\/\u4ee5\u4fee\u4ee3\u9020\uff0c\u6210\u672c\u9510\u51cf70ok-600x338.webp 600w\" sizes=\"auto, (max-width: 1918px) 100vw, 1918px\" \/><\/figure>\n\n\n\n<h2 class=\"wp-block-heading has-text-align-left has-themecolor-1-color has-text-color has-large-font-size\">R\u00e9paration plut\u00f4t que remplacement | R\u00e9duction des co\u00fbts de 70%<\/h2>\n\n\n\n<p>Mettre au rebut des composants cl\u00e9s \u00e0 haute valeur ajout\u00e9e n'est plus une impasse. Le placage laser de pr\u00e9cision restaure les performances aux normes d'origine.<\/p>\n\n\n\n<p>\u2014 voire les d\u00e9passe. Avec des co\u00fbts de r\u00e9paration ne repr\u00e9sentant que 20 % \u00e0 30 % de l'achat de pi\u00e8ces neuves, vous r\u00e9alisez une r\u00e9duction directe des co\u00fbts de 70 %.<\/p>\n<\/div>\n<\/div><div class=\"layout_badh\"><div class=\"shizhezhao\" style=\"opacity:0.15;background-color:;\"><\/div><\/div><\/section>\n\n\n\n<section class=\"wp-block-themepark-block-themepark-area block_layout thempark-block PcOnly bom20 top20\" id=\"\" style=\"padding-top:300px;height:900px;box-sizing: border-box;width: 100%;\" data-swiper-parallax=\"-700\"><div class=\"block_layout_in\" style=\"\">\n<div class=\"wp-block-column block_layout_in is-layout-flow wp-block-column-is-layout-flow\">\n<div class=\"wp-block-themepark-block-themepark-xian theme_fang_out\" style=\"text-align:left;padding-top:1px;\"><div class=\"fangbox\" style=\"width:undefinedpx;\"><\/div><\/div>\n\n\n\n<h2 class=\"wp-block-heading has-text-align-left has-themecolor-1-color has-text-color has-large-font-size\">Saut de performance | Dur\u00e9e de vie prolong\u00e9e de 1 \u00e0 2 fois<\/h2>\n\n\n\n<p><\/p>\n\n\n\n<p class=\"has-text-align-left has-monte-white-color has-text-color has-normal-font-size\">Cela d\u00e9passe de loin une simple restauration. Il s'agit d'une mise \u00e0 niveau compl\u00e8te des performances. En rev\u00eatant des mat\u00e9riaux d'alliage haute performance, <\/p>\n\n\n\n<p class=\"has-text-align-left has-monte-white-color has-text-color has-normal-font-size\">les composants r\u00e9par\u00e9s acqui\u00e8rent une r\u00e9sistance \u00e0 l'usure et une r\u00e9sistance \u00e0 la corrosion sup\u00e9rieures, <\/p>\n\n\n\n<p class=\"has-text-align-left has-monte-white-color has-text-color has-normal-font-size\">et une tol\u00e9rance aux temp\u00e9ratures \u00e9lev\u00e9es d\u00e9passant celle des produits neufs, doublant ainsi efficacement leur dur\u00e9e de vie.<\/p>\n<\/div>\n<\/div><div class=\"layout_badh\"><div class=\"shizhezhao\" style=\"opacity:0.15;background-color:#000000;\"><\/div><div class=\"PcOnly themepark-block_layout_ba lazyload swiper-lazy\" style=\"background-size:cover;background-position:center;\" data-background=\"https:\/\/xtlaser.com\/wp-content\/uploads\/2025\/12\/\u6fc0\u5149\u7194\u8986\u673a\u5668\u4eba-\u6027\u80fd\u8dc3\u5347\uff0c\u5bff\u547d\u5ef6\u957f1-2\u500dok.webp\"><\/div><\/div><\/section>\n\n\n\n<section class=\"wp-block-themepark-block-themepark-area block_layout thempark-block MovePnly bom10 top10\" id=\"\" style=\"padding-top:2px;height:900px;box-sizing: border-box;width: 100%;\" data-swiper-parallax=\"-700\"><div class=\"block_layout_in\" style=\"\">\n<div class=\"wp-block-column block_layout_in is-layout-flow wp-block-column-is-layout-flow\">\n<figure class=\"wp-block-image size-full\"><img loading=\"lazy\" decoding=\"async\" width=\"1920\" height=\"1080\" src=\"https:\/\/xtlaser.com\/wp-content\/uploads\/2025\/12\/\u6fc0\u5149\u7194\u8986\u673a\u5668\u4eba-\u6027\u80fd\u8dc3\u5347\uff0c\u5bff\u547d\u5ef6\u957f1-2\u500dok.webp\" alt=\"\" class=\"wp-image-72236\" srcset=\"https:\/\/xtlaser.com\/wp-content\/uploads\/2025\/12\/\u6fc0\u5149\u7194\u8986\u673a\u5668\u4eba-\u6027\u80fd\u8dc3\u5347\uff0c\u5bff\u547d\u5ef6\u957f1-2\u500dok.webp 1920w, https:\/\/xtlaser.com\/wp-content\/uploads\/2025\/12\/\u6fc0\u5149\u7194\u8986\u673a\u5668\u4eba-\u6027\u80fd\u8dc3\u5347\uff0c\u5bff\u547d\u5ef6\u957f1-2\u500dok-300x169.webp 300w, https:\/\/xtlaser.com\/wp-content\/uploads\/2025\/12\/\u6fc0\u5149\u7194\u8986\u673a\u5668\u4eba-\u6027\u80fd\u8dc3\u5347\uff0c\u5bff\u547d\u5ef6\u957f1-2\u500dok-1024x576.webp 1024w, https:\/\/xtlaser.com\/wp-content\/uploads\/2025\/12\/\u6fc0\u5149\u7194\u8986\u673a\u5668\u4eba-\u6027\u80fd\u8dc3\u5347\uff0c\u5bff\u547d\u5ef6\u957f1-2\u500dok-768x432.webp 768w, https:\/\/xtlaser.com\/wp-content\/uploads\/2025\/12\/\u6fc0\u5149\u7194\u8986\u673a\u5668\u4eba-\u6027\u80fd\u8dc3\u5347\uff0c\u5bff\u547d\u5ef6\u957f1-2\u500dok-1536x864.webp 1536w, https:\/\/xtlaser.com\/wp-content\/uploads\/2025\/12\/\u6fc0\u5149\u7194\u8986\u673a\u5668\u4eba-\u6027\u80fd\u8dc3\u5347\uff0c\u5bff\u547d\u5ef6\u957f1-2\u500dok-600x338.webp 600w\" sizes=\"auto, (max-width: 1920px) 100vw, 1920px\" \/><\/figure>\n\n\n\n<h2 class=\"wp-block-heading has-text-align-left has-themecolor-1-color has-text-color has-large-font-size\">Saut de performance | Dur\u00e9e de vie prolong\u00e9e de 1 \u00e0 2 fois<\/h2>\n\n\n\n<p>Cela d\u00e9passe de loin une simple restauration. Il s'agit d'une mise \u00e0 niveau compl\u00e8te des performances. En rev\u00eatant des mat\u00e9riaux d'alliage haute performance, les composants r\u00e9par\u00e9s acqui\u00e8rent une r\u00e9sistance \u00e0 l'usure, une r\u00e9sistance \u00e0 la corrosion et une tol\u00e9rance aux temp\u00e9ratures \u00e9lev\u00e9es sup\u00e9rieures aux produits neufs, doublant ainsi efficacement leur dur\u00e9e de vie.<\/p>\n<\/div>\n<\/div><div class=\"layout_badh\"><div class=\"shizhezhao\" style=\"opacity:0.15;background-color:;\"><\/div><\/div><\/section>\n\n\n\n<section class=\"wp-block-themepark-block-themepark-area block_layout thempark-block PcOnly bom20 top20\" id=\"\" style=\"padding-top:300px;height:900px;box-sizing: border-box;width: 100%;\" data-swiper-parallax=\"-700\"><div class=\"block_layout_in\" style=\"\">\n<div class=\"wp-block-column block_layout_in is-layout-flow wp-block-column-is-layout-flow\">\n<div class=\"wp-block-themepark-block-themepark-xian theme_fang_out  top10\" style=\"text-align:left;padding-top:1px;\"><div class=\"fangbox\" style=\"width:undefinedpx;\"><\/div><\/div>\n\n\n\n<h2 class=\"wp-block-heading has-text-align-right has-themecolor-1-color has-text-color has-large-font-size\">Balayage visuel | Fonctionnement extr\u00eamement simple<\/h2>\n\n\n\n<p><\/p>\n\n\n\n<p class=\"has-text-align-right has-monte-white-color has-text-color has-normal-font-size\">Fonctionnement r\u00e9volutionnaire sans programmation. Les pi\u00e8ces peuvent \u00eatre plac\u00e9es al\u00e9atoirement tandis que le syst\u00e8me effectue un balayage visuel et une identification automatiques. <\/p>\n\n\n\n<p class=\"has-text-align-right has-monte-white-color has-text-color has-normal-font-size\">\u00c9liminez compl\u00e8tement la d\u00e9pendance technique envers les techniciens professionnels et les logiciels co\u00fbteux.<\/p>\n<\/div>\n<\/div><div class=\"layout_badh\"><div class=\"shizhezhao\" style=\"opacity:0.15;background-color:#000000;\"><\/div><div class=\"PcOnly themepark-block_layout_ba lazyload swiper-lazy\" style=\"background-size:cover;background-position:center;\" data-background=\"https:\/\/xtlaser.com\/wp-content\/uploads\/2025\/12\/\u6fc0\u5149\u7194\u8986\u673a\u5668\u4eba-\u89c6\u89c9\u626b\u63cf\uff0c\u6781\u7b80\u64cd\u4f5cok.webp\"><\/div><\/div><\/section>\n\n\n\n<section class=\"wp-block-themepark-block-themepark-area block_layout thempark-block MovePnly bom10 top10\" id=\"\" style=\"padding-top:2px;height:900px;box-sizing: border-box;width: 100%;\" data-swiper-parallax=\"-700\"><div class=\"block_layout_in\" style=\"\">\n<div class=\"wp-block-column block_layout_in is-layout-flow wp-block-column-is-layout-flow\">\n<figure class=\"wp-block-image size-full is-style-default\"><img loading=\"lazy\" decoding=\"async\" width=\"1922\" height=\"1081\" src=\"https:\/\/xtlaser.com\/wp-content\/uploads\/2025\/12\/\u6fc0\u5149\u7194\u8986\u673a\u5668\u4eba-\u89c6\u89c9\u626b\u63cf\uff0c\u6781\u7b80\u64cd\u4f5cok.webp\" alt=\"\" class=\"wp-image-72237\" srcset=\"https:\/\/xtlaser.com\/wp-content\/uploads\/2025\/12\/\u6fc0\u5149\u7194\u8986\u673a\u5668\u4eba-\u89c6\u89c9\u626b\u63cf\uff0c\u6781\u7b80\u64cd\u4f5cok.webp 1922w, https:\/\/xtlaser.com\/wp-content\/uploads\/2025\/12\/\u6fc0\u5149\u7194\u8986\u673a\u5668\u4eba-\u89c6\u89c9\u626b\u63cf\uff0c\u6781\u7b80\u64cd\u4f5cok-300x169.webp 300w, https:\/\/xtlaser.com\/wp-content\/uploads\/2025\/12\/\u6fc0\u5149\u7194\u8986\u673a\u5668\u4eba-\u89c6\u89c9\u626b\u63cf\uff0c\u6781\u7b80\u64cd\u4f5cok-1024x576.webp 1024w, https:\/\/xtlaser.com\/wp-content\/uploads\/2025\/12\/\u6fc0\u5149\u7194\u8986\u673a\u5668\u4eba-\u89c6\u89c9\u626b\u63cf\uff0c\u6781\u7b80\u64cd\u4f5cok-768x432.webp 768w, https:\/\/xtlaser.com\/wp-content\/uploads\/2025\/12\/\u6fc0\u5149\u7194\u8986\u673a\u5668\u4eba-\u89c6\u89c9\u626b\u63cf\uff0c\u6781\u7b80\u64cd\u4f5cok-1536x864.webp 1536w, https:\/\/xtlaser.com\/wp-content\/uploads\/2025\/12\/\u6fc0\u5149\u7194\u8986\u673a\u5668\u4eba-\u89c6\u89c9\u626b\u63cf\uff0c\u6781\u7b80\u64cd\u4f5cok-600x337.webp 600w\" sizes=\"auto, (max-width: 1922px) 100vw, 1922px\" \/><\/figure>\n\n\n\n<h2 class=\"wp-block-heading has-text-align-left has-themecolor-1-color has-text-color has-large-font-size\">Balayage visuel | Fonctionnement extr\u00eamement simple<\/h2>\n\n\n\n<p>Fonctionnement r\u00e9volutionnaire sans programmation. Les pi\u00e8ces peuvent \u00eatre plac\u00e9es al\u00e9atoirement tandis que le syst\u00e8me effectue un balayage visuel et une identification automatiques. <\/p>\n\n\n\n<p>\u00c9liminez compl\u00e8tement la d\u00e9pendance technique envers les techniciens professionnels et les logiciels co\u00fbteux.<\/p>\n<\/div>\n<\/div><div class=\"layout_badh\"><div class=\"shizhezhao\" style=\"opacity:0.15;background-color:;\"><\/div><\/div><\/section>\n\n\n\n<section class=\"wp-block-themepark-block-themepark-area block_layout thempark-block PcOnly bom20 top20\" id=\"\" style=\"padding-top:300px;height:900px;box-sizing: border-box;width: 100%;\" data-swiper-parallax=\"-700\"><div class=\"block_layout_in\" style=\"\">\n<div class=\"wp-block-column block_layout_in is-layout-flow wp-block-column-is-layout-flow\">\n<div class=\"wp-block-themepark-block-themepark-xian theme_fang_out  top10\" style=\"text-align:left;padding-top:1px;\"><div class=\"fangbox\" style=\"width:undefinedpx;height:99px;\"><\/div><\/div>\n\n\n\n<h2 class=\"wp-block-heading has-text-align-right has-themecolor-1-color has-text-color has-large-font-size\"><strong><strong><strong>\u041c\u043d\u043e\u0433\u043e\u043e\u0441\u0435\u0432\u043e\u0435 \u0434\u0432\u0438\u0436\u0435\u043d\u0438\u0435 | \u041c\u0430\u043a\u0441\u0438\u043c\u0430\u043b\u044c\u043d\u0430\u044f \u0433\u0438\u0431\u043a\u043e\u0441\u0442\u044c<\/strong><\/strong><\/strong><\/h2>\n\n\n\n<p><\/p>\n\n\n\n<p class=\"has-text-align-right has-monte-white-color has-text-color has-normal-font-size\">Le mouvement du bras robotique humano\u00efde atteint sans effort des angles multiples,<\/p>\n\n\n\n<p class=\"has-text-align-right has-monte-white-color has-text-color has-normal-font-size\"> un placage complet sur des courbes 3D complexes et des composants de forme irr\u00e9guli\u00e8re sans angles morts.<\/p>\n<\/div>\n<\/div><div class=\"layout_badh\"><div class=\"shizhezhao\" style=\"opacity:0.15;background-color:#000000;\"><\/div><div class=\"PcOnly themepark-block_layout_ba lazyload swiper-lazy\" style=\"background-size:cover;background-position:center;\" data-background=\"https:\/\/xtlaser.com\/wp-content\/uploads\/2025\/12\/\u6fc0\u5149\u7194\u8986\u673a\u5668\u4eba-\u591a\u8f74\u8fd0\u52a8\u6781\u81f4\u67d4\u6027ok-1.webp\"><\/div><\/div><\/section>\n\n\n\n<section class=\"wp-block-themepark-block-themepark-area block_layout thempark-block MovePnly bom10 top10\" id=\"\" style=\"padding-top:2px;height:900px;box-sizing: border-box;width: 100%;\" data-swiper-parallax=\"-700\"><div class=\"block_layout_in\" style=\"\">\n<div class=\"wp-block-column block_layout_in is-layout-flow wp-block-column-is-layout-flow\">\n<figure class=\"wp-block-image size-full\"><img loading=\"lazy\" decoding=\"async\" width=\"1927\" height=\"1084\" src=\"https:\/\/xtlaser.com\/wp-content\/uploads\/2025\/12\/\u6fc0\u5149\u7194\u8986\u673a\u5668\u4eba-\u591a\u8f74\u8fd0\u52a8\u6781\u81f4\u67d4\u6027ok-1.webp\" alt=\"\" class=\"wp-image-72238\" srcset=\"https:\/\/xtlaser.com\/wp-content\/uploads\/2025\/12\/\u6fc0\u5149\u7194\u8986\u673a\u5668\u4eba-\u591a\u8f74\u8fd0\u52a8\u6781\u81f4\u67d4\u6027ok-1.webp 1927w, https:\/\/xtlaser.com\/wp-content\/uploads\/2025\/12\/\u6fc0\u5149\u7194\u8986\u673a\u5668\u4eba-\u591a\u8f74\u8fd0\u52a8\u6781\u81f4\u67d4\u6027ok-1-300x169.webp 300w, https:\/\/xtlaser.com\/wp-content\/uploads\/2025\/12\/\u6fc0\u5149\u7194\u8986\u673a\u5668\u4eba-\u591a\u8f74\u8fd0\u52a8\u6781\u81f4\u67d4\u6027ok-1-1024x576.webp 1024w, https:\/\/xtlaser.com\/wp-content\/uploads\/2025\/12\/\u6fc0\u5149\u7194\u8986\u673a\u5668\u4eba-\u591a\u8f74\u8fd0\u52a8\u6781\u81f4\u67d4\u6027ok-1-768x432.webp 768w, https:\/\/xtlaser.com\/wp-content\/uploads\/2025\/12\/\u6fc0\u5149\u7194\u8986\u673a\u5668\u4eba-\u591a\u8f74\u8fd0\u52a8\u6781\u81f4\u67d4\u6027ok-1-1536x864.webp 1536w, https:\/\/xtlaser.com\/wp-content\/uploads\/2025\/12\/\u6fc0\u5149\u7194\u8986\u673a\u5668\u4eba-\u591a\u8f74\u8fd0\u52a8\u6781\u81f4\u67d4\u6027ok-1-600x338.webp 600w\" sizes=\"auto, (max-width: 1927px) 100vw, 1927px\" \/><\/figure>\n\n\n\n<h2 class=\"wp-block-heading has-text-align-left has-themecolor-1-color has-text-color has-large-font-size\"><strong><strong><strong>\u041c\u043d\u043e\u0433\u043e\u043e\u0441\u0435\u0432\u043e\u0435 \u0434\u0432\u0438\u0436\u0435\u043d\u0438\u0435 | \u041c\u0430\u043a\u0441\u0438\u043c\u0430\u043b\u044c\u043d\u0430\u044f \u0433\u0438\u0431\u043a\u043e\u0441\u0442\u044c<\/strong><\/strong><\/strong><\/h2>\n\n\n\n<p>Le mouvement du bras robotique humano\u00efde permet sans effort un placage multi-angles et complet sur des courbes 3D complexes et des composants de forme irr\u00e9guli\u00e8re sans angles morts.<\/p>\n<\/div>\n<\/div><div class=\"layout_badh\"><div class=\"shizhezhao\" style=\"opacity:0.15;background-color:;\"><\/div><\/div><\/section>\n\n\n\n<div class=\"wp-block-themepark-block-themepark-area block_layout thempark-block undefined\" id=\"padingmax\" style=\"background-color:#f7f7f7;padding-bottom:38px;padding-top:38px;\" data-swiper-parallax=\"-700\"><div class=\"block_layout_in\" style=\"max-width:1900px;\">\n<div class=\"wp-block-column block_layout_in is-layout-flow wp-block-column-is-layout-flow\">\n<div class=\"wp-block-themepark-block-themepark-wright content-super-p\" style=\"font-size:12px;line-height:42px;padding:10px 10px;\">\n<div class=\"wp-block-column is-layout-flow wp-block-column-is-layout-flow\">\n<p class=\"has-text-align-center has-themecolor-1-color has-text-color has-link-color has-large-font-size wp-elements-75160ef55f9568d5c6e09e84db854271\"><strong>Domaines d'application<\/strong><\/p>\n\n\n\n<p class=\"has-text-align-center has-text-color has-link-color has-normal-font-size wp-elements-4c2e70755718abae4f2b2a4ef12ea9ff\" style=\"color:#333333\">Fabrication et transformation des m\u00e9taux, \u00e9quipements de transport, machines et \u00e9quipements \u00e9lectriques, \u00e9nergie nouvelle et protection de l'environnement, \u00e9lectronique grand public et instruments de pr\u00e9cision<\/p>\n\n\n\n<p><\/p>\n\n\n<div class=\"wp-block-image\">\n<figure class=\"aligncenter size-full\"><img loading=\"lazy\" decoding=\"async\" width=\"1550\" height=\"305\" src=\"https:\/\/xtlaser.com\/wp-content\/uploads\/2025\/12\/\u7ec4-450-2.webp\" alt=\"\" class=\"wp-image-72239\" srcset=\"https:\/\/xtlaser.com\/wp-content\/uploads\/2025\/12\/\u7ec4-450-2.webp 1550w, https:\/\/xtlaser.com\/wp-content\/uploads\/2025\/12\/\u7ec4-450-2-300x59.webp 300w, https:\/\/xtlaser.com\/wp-content\/uploads\/2025\/12\/\u7ec4-450-2-1024x201.webp 1024w, https:\/\/xtlaser.com\/wp-content\/uploads\/2025\/12\/\u7ec4-450-2-768x151.webp 768w, https:\/\/xtlaser.com\/wp-content\/uploads\/2025\/12\/\u7ec4-450-2-1536x302.webp 1536w, https:\/\/xtlaser.com\/wp-content\/uploads\/2025\/12\/\u7ec4-450-2-600x118.webp 600w\" sizes=\"auto, (max-width: 1550px) 100vw, 1550px\" \/><\/figure>\n<\/div><\/div>\n<\/div>\n<\/div>\n<\/div><div class=\"layout_badh\"><\/div><\/div>\n<\/div>","protected":false},"excerpt":{"rendered":"[tp_attributes num_attributes=\"5\"]","protected":false},"featured_media":72241,"template":"","meta":{"themepark_post_bcolor":"#f5f5f5","themepark_post_width":"1022px","themepark_post_img":"","themepark_post_img_po":"left","themepark_post_img_re":false,"themepark_post_img_cover":false,"themepark_post_img_fixed":false,"themepark_post_hide_title":false,"themepark_post_main_b":"","themepark_post_main_p":100,"themepark_paddingblock":false},"product_brand":[47],"product_cat":[69,2811],"product_tag":[68],"class_list":{"0":"post-72240","1":"product","2":"type-product","3":"status-publish","4":"has-post-thumbnail","6":"product_brand-xt-laser","7":"product_cat-fiber-laser-cutting-machine","8":"product_cat-cladding-burnish","9":"product_tag-laser-welding","10":"pa_highlights-automation","11":"pa_highlights-laser-welding","13":"first","14":"instock","15":"shipping-taxable","16":"product-type-simple"},"_links":{"self":[{"href":"https:\/\/xtlaser.com\/fr\/wp-json\/wp\/v2\/product\/72240","targetHints":{"allow":["GET"]}}],"collection":[{"href":"https:\/\/xtlaser.com\/fr\/wp-json\/wp\/v2\/product"}],"about":[{"href":"https:\/\/xtlaser.com\/fr\/wp-json\/wp\/v2\/types\/product"}],"wp:featuredmedia":[{"embeddable":true,"href":"https:\/\/xtlaser.com\/fr\/wp-json\/wp\/v2\/media\/72241"}],"wp:attachment":[{"href":"https:\/\/xtlaser.com\/fr\/wp-json\/wp\/v2\/media?parent=72240"}],"wp:term":[{"taxonomy":"product_brand","embeddable":true,"href":"https:\/\/xtlaser.com\/fr\/wp-json\/wp\/v2\/product_brand?post=72240"},{"taxonomy":"product_cat","embeddable":true,"href":"https:\/\/xtlaser.com\/fr\/wp-json\/wp\/v2\/product_cat?post=72240"},{"taxonomy":"product_tag","embeddable":true,"href":"https:\/\/xtlaser.com\/fr\/wp-json\/wp\/v2\/product_tag?post=72240"}],"curies":[{"name":"wp","href":"https:\/\/api.w.org\/{rel}","templated":true}]}}