{"id":72227,"date":"2025-12-23T11:36:54","date_gmt":"2025-12-23T03:36:54","guid":{"rendered":"https:\/\/xtlaser.com\/?post_type=product&#038;p=72227"},"modified":"2026-02-04T15:25:03","modified_gmt":"2026-02-04T07:25:03","slug":"benchtop-3-axis-laser-automatic-welding-machine","status":"publish","type":"product","link":"https:\/\/xtlaser.com\/fr\/product-item\/benchtop-3-axis-laser-automatic-welding-machine","title":{"rendered":"Machine de soudage laser automatique \u00e0 3 axes de table"},"content":{"rendered":"<div class=\"post_content\">\n<figure class=\"wp-block-video\"><video height=\"1080\" style=\"aspect-ratio: 1920 \/ 1080;\" width=\"1920\" autoplay controls muted src=\"https:\/\/xtlaser.com\/wp-content\/uploads\/2025\/12\/\u53f0\u5f0f\u4e09\u8f74\u81ea\u52a8\u710a\u82f1\u6587\u724820250925.mp4\" playsinline><\/video><\/figure>\n\n\n\n<section class=\"wp-block-themepark-block-themepark-area block_layout thempark-block PcOnly bom20 top20\" id=\"\" style=\"padding-top:300px;height:900px;box-sizing: border-box;width: 100%;\" data-swiper-parallax=\"-700\"><div class=\"block_layout_in\" style=\"\">\n<div class=\"wp-block-column block_layout_in is-layout-flow wp-block-column-is-layout-flow\">\n<div class=\"wp-block-themepark-block-themepark-xian theme_fang_out\" style=\"text-align:left;\"><div class=\"fangbox\" style=\"width:undefinedpx;height:41px;\"><\/div><\/div>\n\n\n\n<h2 class=\"wp-block-heading has-text-align-left has-themecolor-1-color has-text-color has-large-font-size\">Machine de soudage laser automatique \u00e0 3 axes de table<\/h2>\n\n\n\n<h1 class=\"wp-block-heading has-text-align-left has-monte-white-color has-text-color has-normal-font-size\">Con\u00e7u pour la production en s\u00e9rie de petites pi\u00e8ces m\u00e9talliques de pr\u00e9cision.<\/h1>\n<\/div>\n<\/div><div class=\"layout_badh\"><div class=\"shizhezhao\" style=\"opacity:0.15;background-color:#000000;\"><\/div><div class=\"PcOnly themepark-block_layout_ba lazyload swiper-lazy\" style=\"background-size:cover;background-position:center;\" data-background=\"https:\/\/xtlaser.com\/wp-content\/uploads\/2025\/12\/\u53f0\u5f0f\u4e09\u8f74\u710a\u63a5\u673a-\u4e3b\u56feok.webp\"><\/div><\/div><\/section>\n\n\n\n<section class=\"wp-block-themepark-block-themepark-area block_layout thempark-block MovePnly bom10 top10\" id=\"\" style=\"padding-top:2px;height:900px;box-sizing: border-box;width: 100%;\" data-swiper-parallax=\"-700\"><div class=\"block_layout_in\" style=\"\">\n<div class=\"wp-block-column block_layout_in is-layout-flow wp-block-column-is-layout-flow\">\n<figure class=\"wp-block-image size-full\"><img loading=\"lazy\" decoding=\"async\" width=\"1920\" height=\"1080\" src=\"https:\/\/xtlaser.com\/wp-content\/uploads\/2025\/12\/\u53f0\u5f0f\u4e09\u8f74\u710a\u63a5\u673a-\u4e3b\u56feok.webp\" alt=\"\" class=\"wp-image-72221\" srcset=\"https:\/\/xtlaser.com\/wp-content\/uploads\/2025\/12\/\u53f0\u5f0f\u4e09\u8f74\u710a\u63a5\u673a-\u4e3b\u56feok.webp 1920w, https:\/\/xtlaser.com\/wp-content\/uploads\/2025\/12\/\u53f0\u5f0f\u4e09\u8f74\u710a\u63a5\u673a-\u4e3b\u56feok-300x169.webp 300w, https:\/\/xtlaser.com\/wp-content\/uploads\/2025\/12\/\u53f0\u5f0f\u4e09\u8f74\u710a\u63a5\u673a-\u4e3b\u56feok-1024x576.webp 1024w, https:\/\/xtlaser.com\/wp-content\/uploads\/2025\/12\/\u53f0\u5f0f\u4e09\u8f74\u710a\u63a5\u673a-\u4e3b\u56feok-768x432.webp 768w, https:\/\/xtlaser.com\/wp-content\/uploads\/2025\/12\/\u53f0\u5f0f\u4e09\u8f74\u710a\u63a5\u673a-\u4e3b\u56feok-1536x864.webp 1536w, https:\/\/xtlaser.com\/wp-content\/uploads\/2025\/12\/\u53f0\u5f0f\u4e09\u8f74\u710a\u63a5\u673a-\u4e3b\u56feok-600x338.webp 600w\" sizes=\"auto, (max-width: 1920px) 100vw, 1920px\" \/><\/figure>\n\n\n\n<h2 class=\"wp-block-heading has-text-align-left has-themecolor-1-color has-text-color has-large-font-size\">Machine portable refroidie \u00e0 l'eau<\/h2>\n\n\n\n<p>Con\u00e7u pour la production en s\u00e9rie de petites pi\u00e8ces m\u00e9talliques de pr\u00e9cision.<\/p>\n<\/div>\n<\/div><div class=\"layout_badh\"><div class=\"shizhezhao\" style=\"opacity:0.15;background-color:;\"><\/div><\/div><\/section>\n\n\n\n<section class=\"wp-block-themepark-block-themepark-area block_layout thempark-block PcOnly bom20 top20\" id=\"\" style=\"height:900px;box-sizing: border-box;width: 100%;\" data-swiper-parallax=\"-700\"><div class=\"block_layout_in\" style=\"\">\n<div class=\"wp-block-column block_layout_in is-layout-flow wp-block-column-is-layout-flow\">\n<div class=\"wp-block-themepark-block-themepark-xian theme_fang_out  top10\" style=\"text-align:left;padding-top:1px;\"><div class=\"fangbox\" style=\"width:0px;\"><\/div><\/div>\n\n\n\n<h2 class=\"wp-block-heading has-text-align-right has-themecolor-1-color has-text-color has-large-font-size\">Liaison 4 axes <\/h2>\n\n\n\n<h2 class=\"wp-block-heading has-text-align-right has-themecolor-1-color has-text-color has-link-color has-large-font-size wp-elements-cd03b0ff2c8c698b387885dfed7bee56\"> Contr\u00f4le de pr\u00e9cision pour soudage 3D complexe<\/h2>\n\n\n\n<p class=\"has-text-align-right has-monte-white-color has-text-color has-normal-font-size\">Franchissez les limites traditionnelles des 3 axes avec <\/p>\n\n\n\n<p class=\"has-text-align-right has-monte-white-color has-text-color has-normal-font-size\">un axe W haute pr\u00e9cision en option pour une rotation \u00e0 360\u00b0.<\/p>\n\n\n\n<p class=\"has-text-align-right has-monte-white-color has-text-color has-normal-font-size\">Combin\u00e9 au mouvement lin\u00e9aire XYZ, il permet un positionnement<\/p>\n\n\n\n<p class=\"has-text-align-right has-monte-white-color has-text-color has-normal-font-size\"> de haute qualit\u00e9 pour les points, lignes, surfaces. <\/p>\n\n\n\n<p class=\"has-text-align-right has-monte-white-color has-text-color has-normal-font-size\">ainsi que des trajectoires complexes dans l'espace 3D.<\/p>\n<\/div>\n<\/div><div class=\"layout_badh\"><div class=\"shizhezhao\" style=\"opacity:0.15;background-color:#000000;\"><\/div><div class=\"PcOnly themepark-block_layout_ba lazyload swiper-lazy\" style=\"background-size:cover;background-position:center;\" data-background=\"https:\/\/xtlaser.com\/wp-content\/uploads\/2025\/12\/\u53f0\u5f0f\u4e09\u8f74\u710a\u63a5\u673a-\u56db\u7ef4\u8054\u52a8ok.webp\"><\/div><\/div><\/section>\n\n\n\n<section class=\"wp-block-themepark-block-themepark-area block_layout thempark-block MovePnly bom10 top10\" id=\"\" style=\"padding-top:2px;height:900px;box-sizing: border-box;width: 100%;\" data-swiper-parallax=\"-700\"><div class=\"block_layout_in\" style=\"\">\n<div class=\"wp-block-column block_layout_in is-layout-flow wp-block-column-is-layout-flow\">\n<figure class=\"wp-block-image size-full\"><img loading=\"lazy\" decoding=\"async\" width=\"1920\" height=\"1080\" src=\"https:\/\/xtlaser.com\/wp-content\/uploads\/2025\/12\/\u53f0\u5f0f\u4e09\u8f74\u710a\u63a5\u673a-\u56db\u7ef4\u8054\u52a8ok.webp\" alt=\"\" class=\"wp-image-72222\" srcset=\"https:\/\/xtlaser.com\/wp-content\/uploads\/2025\/12\/\u53f0\u5f0f\u4e09\u8f74\u710a\u63a5\u673a-\u56db\u7ef4\u8054\u52a8ok.webp 1920w, https:\/\/xtlaser.com\/wp-content\/uploads\/2025\/12\/\u53f0\u5f0f\u4e09\u8f74\u710a\u63a5\u673a-\u56db\u7ef4\u8054\u52a8ok-300x169.webp 300w, https:\/\/xtlaser.com\/wp-content\/uploads\/2025\/12\/\u53f0\u5f0f\u4e09\u8f74\u710a\u63a5\u673a-\u56db\u7ef4\u8054\u52a8ok-1024x576.webp 1024w, https:\/\/xtlaser.com\/wp-content\/uploads\/2025\/12\/\u53f0\u5f0f\u4e09\u8f74\u710a\u63a5\u673a-\u56db\u7ef4\u8054\u52a8ok-768x432.webp 768w, https:\/\/xtlaser.com\/wp-content\/uploads\/2025\/12\/\u53f0\u5f0f\u4e09\u8f74\u710a\u63a5\u673a-\u56db\u7ef4\u8054\u52a8ok-1536x864.webp 1536w, https:\/\/xtlaser.com\/wp-content\/uploads\/2025\/12\/\u53f0\u5f0f\u4e09\u8f74\u710a\u63a5\u673a-\u56db\u7ef4\u8054\u52a8ok-600x338.webp 600w\" sizes=\"auto, (max-width: 1920px) 100vw, 1920px\" \/><\/figure>\n\n\n\n<h2 class=\"wp-block-heading has-text-align-left has-themecolor-1-color has-text-color has-large-font-size\">Liaison 4 axes | Contr\u00f4le de pr\u00e9cision pour soudage 3D complexe<\/h2>\n\n\n\n<p>Franchissez les limites traditionnelles des 3 axes avec un axe W haute pr\u00e9cision en option pour une rotation \u00e0 360\u00b0. Combin\u00e9 au mouvement lin\u00e9aire XYZ, il permet un soudage pr\u00e9cis et de haute qualit\u00e9 des points, lignes, surfaces et trajectoires complexes dans l'espace 3D.<\/p>\n<\/div>\n<\/div><div class=\"layout_badh\"><div class=\"shizhezhao\" style=\"opacity:0.15;background-color:;\"><\/div><\/div><\/section>\n\n\n\n<section class=\"wp-block-themepark-block-themepark-area block_layout thempark-block PcOnly bom20 top20\" id=\"\" style=\"padding-top:300px;height:900px;box-sizing: border-box;width: 100%;\" data-swiper-parallax=\"-700\"><div class=\"block_layout_in\" style=\"\">\n<div class=\"wp-block-column block_layout_in is-layout-flow wp-block-column-is-layout-flow\">\n<div class=\"wp-block-themepark-block-themepark-xian theme_fang_out\" style=\"text-align:left;padding-top:363px;\"><div class=\"fangbox\" style=\"width:undefinedpx;\"><\/div><\/div>\n\n\n\n<h2 class=\"wp-block-heading has-text-align-right has-themecolor-1-color has-text-color has-large-font-size\">Liaison 4 axes | Contr\u00f4le de pr\u00e9cision pour soudage 3D complexe<\/h2>\n\n\n\n<p><\/p>\n\n\n\n<p class=\"has-text-align-right has-monte-white-color has-text-color has-normal-font-size\">Franchissez les limites traditionnelles des 3 axes avec un axe W haute pr\u00e9cision en option pour une rotation \u00e0 360\u00b0. <\/p>\n\n\n\n<p class=\"has-text-align-right has-monte-white-color has-text-color has-normal-font-size\">Combin\u00e9 au mouvement lin\u00e9aire XYZ, il permet un soudage pr\u00e9cis et de haute qualit\u00e9 des points, lignes, surfaces et trajectoires complexes dans l'espace 3D.<\/p>\n<\/div>\n<\/div><div class=\"layout_badh\"><div class=\"shizhezhao\" style=\"opacity:0.15;background-color:#000000;\"><\/div><div class=\"PcOnly themepark-block_layout_ba lazyload swiper-lazy\" style=\"background-size:cover;background-position:center;\" data-background=\"https:\/\/xtlaser.com\/wp-content\/uploads\/2025\/12\/\u53f0\u5f0f\u4e09\u8f74\u710a\u63a5\u673a-\u9ad8\u6548\u710a\u63a5ok.webp\"><\/div><\/div><\/section>\n\n\n\n<section class=\"wp-block-themepark-block-themepark-area block_layout thempark-block MovePnly bom10 top10\" id=\"\" style=\"padding-top:2px;height:900px;box-sizing: border-box;width: 100%;\" data-swiper-parallax=\"-700\"><div class=\"block_layout_in\" style=\"\">\n<div class=\"wp-block-column block_layout_in is-layout-flow wp-block-column-is-layout-flow\">\n<figure class=\"wp-block-image size-full\"><img loading=\"lazy\" decoding=\"async\" width=\"1918\" height=\"1079\" src=\"https:\/\/xtlaser.com\/wp-content\/uploads\/2025\/12\/\u53f0\u5f0f\u4e09\u8f74\u710a\u63a5\u673a-\u9ad8\u6548\u710a\u63a5ok.webp\" alt=\"\" class=\"wp-image-72223\" srcset=\"https:\/\/xtlaser.com\/wp-content\/uploads\/2025\/12\/\u53f0\u5f0f\u4e09\u8f74\u710a\u63a5\u673a-\u9ad8\u6548\u710a\u63a5ok.webp 1918w, https:\/\/xtlaser.com\/wp-content\/uploads\/2025\/12\/\u53f0\u5f0f\u4e09\u8f74\u710a\u63a5\u673a-\u9ad8\u6548\u710a\u63a5ok-300x169.webp 300w, https:\/\/xtlaser.com\/wp-content\/uploads\/2025\/12\/\u53f0\u5f0f\u4e09\u8f74\u710a\u63a5\u673a-\u9ad8\u6548\u710a\u63a5ok-1024x576.webp 1024w, https:\/\/xtlaser.com\/wp-content\/uploads\/2025\/12\/\u53f0\u5f0f\u4e09\u8f74\u710a\u63a5\u673a-\u9ad8\u6548\u710a\u63a5ok-768x432.webp 768w, https:\/\/xtlaser.com\/wp-content\/uploads\/2025\/12\/\u53f0\u5f0f\u4e09\u8f74\u710a\u63a5\u673a-\u9ad8\u6548\u710a\u63a5ok-1536x864.webp 1536w, https:\/\/xtlaser.com\/wp-content\/uploads\/2025\/12\/\u53f0\u5f0f\u4e09\u8f74\u710a\u63a5\u673a-\u9ad8\u6548\u710a\u63a5ok-600x338.webp 600w\" sizes=\"auto, (max-width: 1918px) 100vw, 1918px\" \/><\/figure>\n\n\n\n<h2 class=\"wp-block-heading has-text-align-left has-themecolor-1-color has-text-color has-large-font-size\">Liaison 4 axes | Contr\u00f4le de pr\u00e9cision pour soudage 3D complexe<\/h2>\n\n\n\n<p>Franchissez les limites traditionnelles des 3 axes avec un axe W haute pr\u00e9cision en option pour une rotation \u00e0 360\u00b0. Combin\u00e9 au mouvement lin\u00e9aire XYZ, il permet un soudage pr\u00e9cis et de haute qualit\u00e9 des points, lignes, surfaces et trajectoires complexes dans l'espace 3D.<\/p>\n<\/div>\n<\/div><div class=\"layout_badh\"><div class=\"shizhezhao\" style=\"opacity:0.15;background-color:;\"><\/div><\/div><\/section>\n\n\n\n<section class=\"wp-block-themepark-block-themepark-area block_layout thempark-block PcOnly bom20 top20\" id=\"\" style=\"padding-top:111px;height:900px;box-sizing: border-box;width: 100%;\" data-swiper-parallax=\"-700\"><div class=\"block_layout_in\" style=\"\">\n<div class=\"wp-block-column block_layout_in is-layout-flow wp-block-column-is-layout-flow\">\n<div class=\"wp-block-themepark-block-themepark-xian theme_fang_out  top10\" style=\"text-align:left;padding-top:1px;\"><div class=\"fangbox\" style=\"width:undefinedpx;\"><\/div><\/div>\n\n\n\n<h2 class=\"wp-block-heading has-text-align-right has-themecolor-1-color has-text-color has-large-font-size\">Forte extensibilit\u00e9 | Adaptation flexible aux diff\u00e9rentes pi\u00e8ces<\/h2>\n\n\n\n<p><\/p>\n\n\n\n<p class=\"has-text-align-right has-monte-white-color has-text-color has-normal-font-size\">La plateforme \u00e0 3 axes de base dispose d'interfaces d'expansion puissantes. <\/p>\n\n\n\n<p class=\"has-text-align-right has-monte-white-color has-text-color has-normal-font-size\">Personnalisez librement les gabarits et l'outillage pour r\u00e9pondre \u00e0 des exigences sp\u00e9cifiques du produit, augmentant ainsi consid\u00e9rablement l'utilisation de l'\u00e9quipement et le retour sur investissement.<\/p>\n<\/div>\n<\/div><div class=\"layout_badh\"><div class=\"shizhezhao\" style=\"opacity:0.15;background-color:#000000;\"><\/div><div class=\"PcOnly themepark-block_layout_ba lazyload swiper-lazy\" style=\"background-size:cover;background-position:center;\" data-background=\"https:\/\/xtlaser.com\/wp-content\/uploads\/2025\/12\/\u53f0\u5f0f\u4e09\u8f74\u710a\u63a5\u673a-\u5f3a\u52b2\u6269\u5c55\u6027ok.webp\"><\/div><\/div><\/section>\n\n\n\n<section class=\"wp-block-themepark-block-themepark-area block_layout thempark-block MovePnly bom10 top10\" id=\"\" style=\"padding-top:2px;height:900px;box-sizing: border-box;width: 100%;\" data-swiper-parallax=\"-700\"><div class=\"block_layout_in\" style=\"\">\n<div class=\"wp-block-column block_layout_in is-layout-flow wp-block-column-is-layout-flow\">\n<figure class=\"wp-block-image size-full\"><img loading=\"lazy\" decoding=\"async\" width=\"1920\" height=\"1080\" src=\"https:\/\/xtlaser.com\/wp-content\/uploads\/2025\/12\/\u53f0\u5f0f\u4e09\u8f74\u710a\u63a5\u673a-\u5f3a\u52b2\u6269\u5c55\u6027ok.webp\" alt=\"\" class=\"wp-image-72224\" srcset=\"https:\/\/xtlaser.com\/wp-content\/uploads\/2025\/12\/\u53f0\u5f0f\u4e09\u8f74\u710a\u63a5\u673a-\u5f3a\u52b2\u6269\u5c55\u6027ok.webp 1920w, https:\/\/xtlaser.com\/wp-content\/uploads\/2025\/12\/\u53f0\u5f0f\u4e09\u8f74\u710a\u63a5\u673a-\u5f3a\u52b2\u6269\u5c55\u6027ok-300x169.webp 300w, https:\/\/xtlaser.com\/wp-content\/uploads\/2025\/12\/\u53f0\u5f0f\u4e09\u8f74\u710a\u63a5\u673a-\u5f3a\u52b2\u6269\u5c55\u6027ok-1024x576.webp 1024w, https:\/\/xtlaser.com\/wp-content\/uploads\/2025\/12\/\u53f0\u5f0f\u4e09\u8f74\u710a\u63a5\u673a-\u5f3a\u52b2\u6269\u5c55\u6027ok-768x432.webp 768w, https:\/\/xtlaser.com\/wp-content\/uploads\/2025\/12\/\u53f0\u5f0f\u4e09\u8f74\u710a\u63a5\u673a-\u5f3a\u52b2\u6269\u5c55\u6027ok-1536x864.webp 1536w, https:\/\/xtlaser.com\/wp-content\/uploads\/2025\/12\/\u53f0\u5f0f\u4e09\u8f74\u710a\u63a5\u673a-\u5f3a\u52b2\u6269\u5c55\u6027ok-600x338.webp 600w\" sizes=\"auto, (max-width: 1920px) 100vw, 1920px\" \/><\/figure>\n\n\n\n<h2 class=\"wp-block-heading has-text-align-left has-themecolor-1-color has-text-color has-large-font-size\">Forte extensibilit\u00e9 | Adaptation flexible aux diff\u00e9rentes pi\u00e8ces<\/h2>\n\n\n\n<p>La plateforme \u00e0 3 axes de base dispose d'interfaces d'expansion puissantes. Personnalisez librement les gabarits et l'outillage pour r\u00e9pondre \u00e0 des exigences sp\u00e9cifiques du produit, augmentant ainsi consid\u00e9rablement l'utilisation de l'\u00e9quipement et le retour sur investissement.<\/p>\n<\/div>\n<\/div><div class=\"layout_badh\"><div class=\"shizhezhao\" style=\"opacity:0.15;background-color:;\"><\/div><\/div><\/section>\n\n\n\n<section class=\"wp-block-themepark-block-themepark-area block_layout thempark-block PcOnly bom20 top20\" id=\"\" style=\"padding-top:166px;height:900px;box-sizing: border-box;width: 100%;\" data-swiper-parallax=\"-700\"><div class=\"block_layout_in\" style=\"\">\n<div class=\"wp-block-column block_layout_in is-layout-flow wp-block-column-is-layout-flow\">\n<div class=\"wp-block-themepark-block-themepark-xian theme_fang_out  top10\" style=\"text-align:left;padding-top:1px;\"><div class=\"fangbox\" style=\"width:undefinedpx;\"><\/div><\/div>\n\n\n\n<h2 class=\"wp-block-heading has-text-align-right has-themecolor-1-color has-text-color has-large-font-size\"><strong><strong><strong>Stable et facile \u00e0 utiliser | Soudage laser \u00e0 d\u00e9marrage rapide<\/strong><\/strong><\/strong><\/h2>\n\n\n\n<p><\/p>\n\n\n\n<p class=\"has-text-align-right has-monte-white-color has-text-color has-normal-font-size\">IHM conviviale avec programmation intuitive et configuration claire des param\u00e8tres. <\/p>\n\n\n\n<p class=\"has-text-align-right has-monte-white-color has-text-color has-normal-font-size\">R\u00e9duit consid\u00e9rablement la courbe d'apprentissage et la complexit\u00e9 de maintenance pour les op\u00e9rateurs, garantissant une production fluide et efficace.<\/p>\n<\/div>\n<\/div><div class=\"layout_badh\"><div class=\"shizhezhao\" style=\"opacity:0.15;background-color:#000000;\"><\/div><div class=\"PcOnly themepark-block_layout_ba lazyload swiper-lazy\" style=\"background-size:cover;background-position:center;\" data-background=\"https:\/\/xtlaser.com\/wp-content\/uploads\/2025\/12\/\u53f0\u5f0f\u4e09\u8f74\u710a\u63a5\u673a-\u7a33\u5b9a\u6613\u7528ok.webp\"><\/div><\/div><\/section>\n\n\n\n<section class=\"wp-block-themepark-block-themepark-area block_layout thempark-block MovePnly bom10 top10\" id=\"\" style=\"padding-top:2px;height:900px;box-sizing: border-box;width: 100%;\" data-swiper-parallax=\"-700\"><div class=\"block_layout_in\" style=\"\">\n<div class=\"wp-block-column block_layout_in is-layout-flow wp-block-column-is-layout-flow\">\n<figure class=\"wp-block-image size-full\"><img loading=\"lazy\" decoding=\"async\" width=\"1920\" height=\"1080\" src=\"https:\/\/xtlaser.com\/wp-content\/uploads\/2025\/12\/\u53f0\u5f0f\u4e09\u8f74\u710a\u63a5\u673a-\u7a33\u5b9a\u6613\u7528ok.webp\" alt=\"\" class=\"wp-image-72225\" srcset=\"https:\/\/xtlaser.com\/wp-content\/uploads\/2025\/12\/\u53f0\u5f0f\u4e09\u8f74\u710a\u63a5\u673a-\u7a33\u5b9a\u6613\u7528ok.webp 1920w, https:\/\/xtlaser.com\/wp-content\/uploads\/2025\/12\/\u53f0\u5f0f\u4e09\u8f74\u710a\u63a5\u673a-\u7a33\u5b9a\u6613\u7528ok-300x169.webp 300w, https:\/\/xtlaser.com\/wp-content\/uploads\/2025\/12\/\u53f0\u5f0f\u4e09\u8f74\u710a\u63a5\u673a-\u7a33\u5b9a\u6613\u7528ok-1024x576.webp 1024w, https:\/\/xtlaser.com\/wp-content\/uploads\/2025\/12\/\u53f0\u5f0f\u4e09\u8f74\u710a\u63a5\u673a-\u7a33\u5b9a\u6613\u7528ok-768x432.webp 768w, https:\/\/xtlaser.com\/wp-content\/uploads\/2025\/12\/\u53f0\u5f0f\u4e09\u8f74\u710a\u63a5\u673a-\u7a33\u5b9a\u6613\u7528ok-1536x864.webp 1536w, https:\/\/xtlaser.com\/wp-content\/uploads\/2025\/12\/\u53f0\u5f0f\u4e09\u8f74\u710a\u63a5\u673a-\u7a33\u5b9a\u6613\u7528ok-600x338.webp 600w\" sizes=\"auto, (max-width: 1920px) 100vw, 1920px\" \/><\/figure>\n\n\n\n<h2 class=\"wp-block-heading has-text-align-left has-themecolor-1-color has-text-color has-large-font-size\"><strong><strong><strong>Stable et facile \u00e0 utiliser | Soudage laser \u00e0 d\u00e9marrage rapide<\/strong><\/strong><\/strong><\/h2>\n\n\n\n<p>IHM conviviale avec programmation intuitive et configuration claire des param\u00e8tres. R\u00e9duit consid\u00e9rablement la courbe d'apprentissage et la complexit\u00e9 de maintenance pour les op\u00e9rateurs, garantissant une production fluide et efficace.<\/p>\n<\/div>\n<\/div><div class=\"layout_badh\"><div class=\"shizhezhao\" style=\"opacity:0.15;background-color:;\"><\/div><\/div><\/section>\n\n\n\n<div class=\"wp-block-themepark-block-themepark-area block_layout thempark-block undefined\" id=\"padingmax\" style=\"background-color:#f7f7f7;padding-bottom:38px;padding-top:38px;\" data-swiper-parallax=\"-700\"><div class=\"block_layout_in\" style=\"max-width:1900px;\">\n<div class=\"wp-block-column block_layout_in is-layout-flow wp-block-column-is-layout-flow\">\n<div class=\"wp-block-themepark-block-themepark-wright content-super-p\" style=\"font-size:12px;line-height:42px;padding:10px 10px;\">\n<div class=\"wp-block-column is-layout-flow wp-block-column-is-layout-flow\">\n<p class=\"has-text-align-center has-themecolor-1-color has-text-color has-link-color has-large-font-size wp-elements-75160ef55f9568d5c6e09e84db854271\"><strong>Domaines d'application<\/strong><\/p>\n\n\n\n<p class=\"has-text-align-center has-text-color has-link-color has-normal-font-size wp-elements-4c2e70755718abae4f2b2a4ef12ea9ff\" style=\"color:#333333\">Fabrication et transformation des m\u00e9taux, \u00e9quipements de transport, machines et \u00e9quipements \u00e9lectriques, \u00e9nergie nouvelle et protection de l'environnement, \u00e9lectronique grand public et instruments de pr\u00e9cision<\/p>\n\n\n\n<p><\/p>\n\n\n<div class=\"wp-block-image\">\n<figure class=\"aligncenter size-large\"><img loading=\"lazy\" decoding=\"async\" width=\"1024\" height=\"210\" src=\"https:\/\/xtlaser.com\/wp-content\/uploads\/2025\/12\/\u7ec4-521-1024x210.webp\" alt=\"XT Laser benchtop 3-axis automatic welding machine applications in medical device manufacturing, precision automotive components, sanitary hardware, and industrial tool making\" class=\"wp-image-72226\" srcset=\"https:\/\/xtlaser.com\/wp-content\/uploads\/2025\/12\/\u7ec4-521-1024x210.webp 1024w, https:\/\/xtlaser.com\/wp-content\/uploads\/2025\/12\/\u7ec4-521-300x62.webp 300w, https:\/\/xtlaser.com\/wp-content\/uploads\/2025\/12\/\u7ec4-521-768x157.webp 768w, https:\/\/xtlaser.com\/wp-content\/uploads\/2025\/12\/\u7ec4-521-1536x315.webp 1536w, https:\/\/xtlaser.com\/wp-content\/uploads\/2025\/12\/\u7ec4-521-600x123.webp 600w, https:\/\/xtlaser.com\/wp-content\/uploads\/2025\/12\/\u7ec4-521.webp 1551w\" sizes=\"auto, (max-width: 1024px) 100vw, 1024px\" \/><\/figure>\n<\/div><\/div>\n<\/div>\n<\/div>\n<\/div><div class=\"layout_badh\"><\/div><\/div>\n\n\n\n<div class=\"wp-block-themepark-block-themepark-area block_layout thempark-block undefined\" id=\"padingmax\" style=\"background-color:#f7f7f7;padding-bottom:38px;padding-top:38px;\" data-swiper-parallax=\"-700\"><div class=\"block_layout_in\" style=\"max-width:1900px;\">\n<div class=\"wp-block-column block_layout_in is-layout-flow wp-block-column-is-layout-flow\">\n<div class=\"wp-block-themepark-block-themepark-wright content-super-p\" style=\"font-size:12px;line-height:42px;padding:10px 10px;\">\n<div class=\"wp-block-column is-layout-flow wp-block-column-is-layout-flow\">\n<p class=\"has-text-align-center has-themecolor-1-color has-text-color has-link-color has-large-font-size wp-elements-0b626756fabb3406c86c172233d6ed81\"><strong>\u00c9chantillon d'affichage<\/strong><\/p>\n\n\n\n<p class=\"has-text-align-center has-text-color has-link-color has-normal-font-size wp-elements-3d883c066bcd1bf6991ff2bb0bc01958\" style=\"color:#333333\"><\/p>\n\n\n\n<p><\/p>\n\n\n<div class=\"wp-block-image\">\n<figure class=\"aligncenter size-large\"><img loading=\"lazy\" decoding=\"async\" width=\"1024\" height=\"141\" src=\"https:\/\/xtlaser.com\/wp-content\/uploads\/2025\/12\/\u7ec4-516-1-1024x141.webp\" alt=\"\" class=\"wp-image-2420\" srcset=\"https:\/\/xtlaser.com\/wp-content\/uploads\/2025\/12\/\u7ec4-516-1-1024x141.webp 1024w, https:\/\/xtlaser.com\/wp-content\/uploads\/2025\/12\/\u7ec4-516-1-300x41.webp 300w, https:\/\/xtlaser.com\/wp-content\/uploads\/2025\/12\/\u7ec4-516-1-768x106.webp 768w, https:\/\/xtlaser.com\/wp-content\/uploads\/2025\/12\/\u7ec4-516-1-1536x211.webp 1536w, https:\/\/xtlaser.com\/wp-content\/uploads\/2025\/12\/\u7ec4-516-1-600x82.webp 600w, https:\/\/xtlaser.com\/wp-content\/uploads\/2025\/12\/\u7ec4-516-1.webp 1550w\" sizes=\"auto, (max-width: 1024px) 100vw, 1024px\" \/><\/figure>\n<\/div><\/div>\n<\/div>\n<\/div>\n<\/div><div class=\"layout_badh\"><\/div><\/div>\n<\/div>","protected":false},"excerpt":{"rendered":"[tp_attributes num_attributes=\"5\"]","protected":false},"featured_media":72228,"template":"","meta":{"themepark_post_bcolor":"#f5f5f5","themepark_post_width":"1022px","themepark_post_img":"","themepark_post_img_po":"left","themepark_post_img_re":false,"themepark_post_img_cover":false,"themepark_post_img_fixed":false,"themepark_post_hide_title":false,"themepark_post_main_b":"","themepark_post_main_p":100,"themepark_paddingblock":false},"product_brand":[47],"product_cat":[69,2808],"product_tag":[68],"class_list":{"0":"post-72227","1":"product","2":"type-product","3":"status-publish","4":"has-post-thumbnail","6":"product_brand-xt-laser","7":"product_cat-fiber-laser-cutting-machine","8":"product_cat-laser-welding","9":"product_tag-laser-welding","10":"pa_highlights-laser-welding","12":"first","13":"instock","14":"shipping-taxable","15":"product-type-simple"},"_links":{"self":[{"href":"https:\/\/xtlaser.com\/fr\/wp-json\/wp\/v2\/product\/72227","targetHints":{"allow":["GET"]}}],"collection":[{"href":"https:\/\/xtlaser.com\/fr\/wp-json\/wp\/v2\/product"}],"about":[{"href":"https:\/\/xtlaser.com\/fr\/wp-json\/wp\/v2\/types\/product"}],"wp:featuredmedia":[{"embeddable":true,"href":"https:\/\/xtlaser.com\/fr\/wp-json\/wp\/v2\/media\/72228"}],"wp:attachment":[{"href":"https:\/\/xtlaser.com\/fr\/wp-json\/wp\/v2\/media?parent=72227"}],"wp:term":[{"taxonomy":"product_brand","embeddable":true,"href":"https:\/\/xtlaser.com\/fr\/wp-json\/wp\/v2\/product_brand?post=72227"},{"taxonomy":"product_cat","embeddable":true,"href":"https:\/\/xtlaser.com\/fr\/wp-json\/wp\/v2\/product_cat?post=72227"},{"taxonomy":"product_tag","embeddable":true,"href":"https:\/\/xtlaser.com\/fr\/wp-json\/wp\/v2\/product_tag?post=72227"}],"curies":[{"name":"wp","href":"https:\/\/api.w.org\/{rel}","templated":true}]}}