{"id":2453,"date":"2025-12-18T17:08:36","date_gmt":"2025-12-18T09:08:36","guid":{"rendered":"https:\/\/xtlaser.com\/?post_type=product&#038;p=2453"},"modified":"2026-01-22T14:24:55","modified_gmt":"2026-01-22T06:24:55","slug":"six-axis-industrial-robot-laser-welding-machine","status":"publish","type":"product","link":"https:\/\/xtlaser.com\/fr\/product-item\/six-axis-industrial-robot-laser-welding-machine","title":{"rendered":"Machine de soudage laser robotis\u00e9 industriel six axes"},"content":{"rendered":"<div class=\"post_content\">\n<figure class=\"wp-block-video\"><video height=\"1080\" style=\"aspect-ratio: 1920 \/ 1080;\" width=\"1920\" autoplay controls muted src=\"https:\/\/xtlaser.com\/wp-content\/uploads\/2025\/12\/\u516d\u8f74\u673a\u68b0\u81c2\u81ea\u52a8\u710a\u63a5\u82f1\u6587\u724820250909.mp4\" playsinline><\/video><\/figure>\n\n\n\n<section class=\"wp-block-themepark-block-themepark-area block_layout thempark-block PcOnly bom20 top20\" id=\"\" style=\"padding-top:300px;height:900px;box-sizing: border-box;width: 100%;\" data-swiper-parallax=\"-700\"><div class=\"block_layout_in\" style=\"\">\n<div class=\"wp-block-column block_layout_in is-layout-flow wp-block-column-is-layout-flow\">\n<h1 class=\"wp-block-heading has-text-align-right has-themecolor-1-color has-text-color has-large-font-size\">Machine de soudage laser robotis\u00e9 industriel six axes<\/h1>\n\n\n\n<h1 class=\"wp-block-heading has-text-align-right has-themecolor-1-color has-text-color has-normal-font-size\">Flexibilit\u00e9 extr\u00eame, une nouvelle norme pour un soudage efficace et intelligent<\/h1>\n<\/div>\n<\/div><div class=\"layout_badh\"><div class=\"shizhezhao\" style=\"opacity:0.15;background-color:#000000;\"><\/div><div class=\"PcOnly themepark-block_layout_ba lazyload swiper-lazy\" style=\"background-size:cover;background-position:center;\" data-background=\"https:\/\/xtlaser.com\/wp-content\/uploads\/2025\/12\/\u8499\u7248\u7ec4-185.webp\"><\/div><\/div><\/section>\n\n\n\n<section class=\"wp-block-themepark-block-themepark-area block_layout thempark-block MovePnly bom10 top10\" id=\"\" style=\"padding-top:2px;height:900px;box-sizing: border-box;width: 100%;\" data-swiper-parallax=\"-700\"><div class=\"block_layout_in\" style=\"\">\n<div class=\"wp-block-column block_layout_in is-layout-flow wp-block-column-is-layout-flow\">\n<figure class=\"wp-block-image size-full\"><img loading=\"lazy\" decoding=\"async\" width=\"1920\" height=\"1080\" src=\"https:\/\/xtlaser.com\/wp-content\/uploads\/2025\/12\/\u8499\u7248\u7ec4-185.webp\" alt=\"\" class=\"wp-image-2461\" srcset=\"https:\/\/xtlaser.com\/wp-content\/uploads\/2025\/12\/\u8499\u7248\u7ec4-185.webp 1920w, https:\/\/xtlaser.com\/wp-content\/uploads\/2025\/12\/\u8499\u7248\u7ec4-185-300x169.webp 300w, https:\/\/xtlaser.com\/wp-content\/uploads\/2025\/12\/\u8499\u7248\u7ec4-185-1024x576.webp 1024w, https:\/\/xtlaser.com\/wp-content\/uploads\/2025\/12\/\u8499\u7248\u7ec4-185-768x432.webp 768w, https:\/\/xtlaser.com\/wp-content\/uploads\/2025\/12\/\u8499\u7248\u7ec4-185-1536x864.webp 1536w, https:\/\/xtlaser.com\/wp-content\/uploads\/2025\/12\/\u8499\u7248\u7ec4-185-600x338.webp 600w\" sizes=\"auto, (max-width: 1920px) 100vw, 1920px\" \/><\/figure>\n\n\n\n<h1 class=\"wp-block-heading has-text-align-left has-themecolor-1-color has-text-color has-large-font-size\">Machine de soudage laser robotis\u00e9 industriel six axes<\/h1>\n\n\n\n<p>Flexibilit\u00e9 extr\u00eame, une nouvelle norme pour un soudage efficace et intelligent<\/p>\n<\/div>\n<\/div><div class=\"layout_badh\"><div class=\"shizhezhao\" style=\"opacity:0.15;background-color:;\"><\/div><\/div><\/section>\n\n\n\n<section class=\"wp-block-themepark-block-themepark-area block_layout thempark-block PcOnly bom20 top20\" id=\"\" style=\"padding-top:300px;height:900px;box-sizing: border-box;width: 100%;\" data-swiper-parallax=\"-700\"><div class=\"block_layout_in\" style=\"\">\n<div class=\"wp-block-column block_layout_in is-layout-flow wp-block-column-is-layout-flow\">\n<div class=\"wp-block-themepark-block-themepark-xian theme_fang_out  top10\" style=\"text-align:left;padding-top:312px;\"><div class=\"fangbox\" style=\"width:undefinedpx;\"><\/div><\/div>\n\n\n\n<h1 class=\"wp-block-heading has-text-align-left has-themecolor-1-color has-text-color has-large-font-size\">Mouvement six axes, flexibilit\u00e9 ultime<\/h1>\n\n\n\n<p class=\"has-text-align-left\"><\/p>\n\n\n\n<p class=\"has-monte-white-color has-text-color has-normal-font-size\">Simulant le mouvement du bras humain, il r\u00e9alise facilement une soudure multi-angles, compl\u00e8te et sans angle mort pour les courbes tridimensionnelles complexes et les composants irr\u00e9guliers, vous lib\u00e9rant totalement des limitations li\u00e9es \u00e0 la forme des pi\u00e8ces et aux positions de soudage.<\/p>\n<\/div>\n<\/div><div class=\"layout_badh\"><div class=\"shizhezhao\" style=\"opacity:0.15;background-color:#000000;\"><\/div><div class=\"PcOnly themepark-block_layout_ba lazyload swiper-lazy\" style=\"background-size:cover;background-position:center;\" data-background=\"https:\/\/xtlaser.com\/wp-content\/uploads\/2025\/12\/\u516d\u8f74\u5de5\u4e1a\u673a\u5668\u4eba\u81ea\u52a8\u710a-\u516d\u8f74\u8fd0\u52a8-\u6781\u81f4\u67d4\u6027ok.webp\"><\/div><\/div><\/section>\n\n\n\n<section class=\"wp-block-themepark-block-themepark-area block_layout thempark-block MovePnly bom10 top10\" id=\"\" style=\"padding-top:2px;height:900px;box-sizing: border-box;width: 100%;\" data-swiper-parallax=\"-700\"><div class=\"block_layout_in\" style=\"\">\n<div class=\"wp-block-column block_layout_in is-layout-flow wp-block-column-is-layout-flow\">\n<figure class=\"wp-block-image size-full\"><img loading=\"lazy\" decoding=\"async\" width=\"1920\" height=\"1080\" src=\"https:\/\/xtlaser.com\/wp-content\/uploads\/2025\/12\/\u516d\u8f74\u5de5\u4e1a\u673a\u5668\u4eba\u81ea\u52a8\u710a-\u516d\u8f74\u8fd0\u52a8-\u6781\u81f4\u67d4\u6027ok.webp\" alt=\"\" class=\"wp-image-2462\" srcset=\"https:\/\/xtlaser.com\/wp-content\/uploads\/2025\/12\/\u516d\u8f74\u5de5\u4e1a\u673a\u5668\u4eba\u81ea\u52a8\u710a-\u516d\u8f74\u8fd0\u52a8-\u6781\u81f4\u67d4\u6027ok.webp 1920w, https:\/\/xtlaser.com\/wp-content\/uploads\/2025\/12\/\u516d\u8f74\u5de5\u4e1a\u673a\u5668\u4eba\u81ea\u52a8\u710a-\u516d\u8f74\u8fd0\u52a8-\u6781\u81f4\u67d4\u6027ok-300x169.webp 300w, https:\/\/xtlaser.com\/wp-content\/uploads\/2025\/12\/\u516d\u8f74\u5de5\u4e1a\u673a\u5668\u4eba\u81ea\u52a8\u710a-\u516d\u8f74\u8fd0\u52a8-\u6781\u81f4\u67d4\u6027ok-1024x576.webp 1024w, https:\/\/xtlaser.com\/wp-content\/uploads\/2025\/12\/\u516d\u8f74\u5de5\u4e1a\u673a\u5668\u4eba\u81ea\u52a8\u710a-\u516d\u8f74\u8fd0\u52a8-\u6781\u81f4\u67d4\u6027ok-768x432.webp 768w, https:\/\/xtlaser.com\/wp-content\/uploads\/2025\/12\/\u516d\u8f74\u5de5\u4e1a\u673a\u5668\u4eba\u81ea\u52a8\u710a-\u516d\u8f74\u8fd0\u52a8-\u6781\u81f4\u67d4\u6027ok-1536x864.webp 1536w, https:\/\/xtlaser.com\/wp-content\/uploads\/2025\/12\/\u516d\u8f74\u5de5\u4e1a\u673a\u5668\u4eba\u81ea\u52a8\u710a-\u516d\u8f74\u8fd0\u52a8-\u6781\u81f4\u67d4\u6027ok-600x338.webp 600w\" sizes=\"auto, (max-width: 1920px) 100vw, 1920px\" \/><\/figure>\n\n\n\n<h1 class=\"wp-block-heading has-text-align-left has-themecolor-1-color has-text-color has-large-font-size\">Mouvement six axes, flexibilit\u00e9 ultime<\/h1>\n\n\n\n<p>Simulant le mouvement du bras humain, il r\u00e9alise facilement une soudure multi-angles, compl\u00e8te et sans angle mort pour les courbes tridimensionnelles complexes et les composants irr\u00e9guliers, vous lib\u00e9rant totalement des limitations li\u00e9es \u00e0 la forme des pi\u00e8ces et aux positions de soudage.<\/p>\n<\/div>\n<\/div><div class=\"layout_badh\"><div class=\"shizhezhao\" style=\"opacity:0.15;background-color:;\"><\/div><\/div><\/section>\n\n\n\n<section class=\"wp-block-themepark-block-themepark-area block_layout thempark-block PcOnly bom20 top20\" id=\"\" style=\"padding-top:171px;height:900px;box-sizing: border-box;width: 100%;\" data-swiper-parallax=\"-700\"><div class=\"block_layout_in\" style=\"\">\n<div class=\"wp-block-column block_layout_in is-layout-flow wp-block-column-is-layout-flow\">\n<div class=\"wp-block-themepark-block-themepark-xian theme_fang_out\" style=\"text-align:left;padding-top:360px;\"><div class=\"fangbox\" style=\"width:undefinedpx;\"><\/div><\/div>\n\n\n\n<h1 class=\"wp-block-heading has-text-align-right has-themecolor-1-color has-text-color has-large-font-size\">Fonctionnement continu, traitement par lots<\/h1>\n\n\n\n<p><\/p>\n\n\n\n<p class=\"has-text-align-right has-monte-white-color has-text-color has-normal-font-size\">Le mode de production automatis\u00e9 sans personnel brise les limites temporelles du travail manuel, r\u00e9pond aux exigences de fabrication de produits uniques de longue dur\u00e9e et \u00e0 grande \u00e9chelle, et am\u00e9liore consid\u00e9rablement l'utilisation des \u00e9quipements et la capacit\u00e9 de production.<\/p>\n<\/div>\n<\/div><div class=\"layout_badh\"><div class=\"shizhezhao\" style=\"opacity:0.15;background-color:#000000;\"><\/div><div class=\"PcOnly themepark-block_layout_ba lazyload swiper-lazy\" style=\"background-size:cover;background-position:center;\" data-background=\"https:\/\/xtlaser.com\/wp-content\/uploads\/2025\/12\/\u516d\u8f74\u5de5\u4e1a\u673a\u5668\u4eba\u81ea\u52a8\u710a-\u8fde\u7eed\u4f5c\u4e1a-\u6279\u91cf\u52a0\u5de5ok.webp\"><\/div><\/div><\/section>\n\n\n\n<section class=\"wp-block-themepark-block-themepark-area block_layout thempark-block MovePnly bom10 top10\" id=\"\" style=\"padding-top:2px;height:900px;box-sizing: border-box;width: 100%;\" data-swiper-parallax=\"-700\"><div class=\"block_layout_in\" style=\"\">\n<div class=\"wp-block-column block_layout_in is-layout-flow wp-block-column-is-layout-flow\">\n<figure class=\"wp-block-image size-full\"><img loading=\"lazy\" decoding=\"async\" width=\"1920\" height=\"1080\" src=\"https:\/\/xtlaser.com\/wp-content\/uploads\/2025\/12\/\u516d\u8f74\u5de5\u4e1a\u673a\u5668\u4eba\u81ea\u52a8\u710a-\u8fde\u7eed\u4f5c\u4e1a-\u6279\u91cf\u52a0\u5de5ok.webp\" alt=\"\" class=\"wp-image-2464\" srcset=\"https:\/\/xtlaser.com\/wp-content\/uploads\/2025\/12\/\u516d\u8f74\u5de5\u4e1a\u673a\u5668\u4eba\u81ea\u52a8\u710a-\u8fde\u7eed\u4f5c\u4e1a-\u6279\u91cf\u52a0\u5de5ok.webp 1920w, https:\/\/xtlaser.com\/wp-content\/uploads\/2025\/12\/\u516d\u8f74\u5de5\u4e1a\u673a\u5668\u4eba\u81ea\u52a8\u710a-\u8fde\u7eed\u4f5c\u4e1a-\u6279\u91cf\u52a0\u5de5ok-300x169.webp 300w, https:\/\/xtlaser.com\/wp-content\/uploads\/2025\/12\/\u516d\u8f74\u5de5\u4e1a\u673a\u5668\u4eba\u81ea\u52a8\u710a-\u8fde\u7eed\u4f5c\u4e1a-\u6279\u91cf\u52a0\u5de5ok-1024x576.webp 1024w, https:\/\/xtlaser.com\/wp-content\/uploads\/2025\/12\/\u516d\u8f74\u5de5\u4e1a\u673a\u5668\u4eba\u81ea\u52a8\u710a-\u8fde\u7eed\u4f5c\u4e1a-\u6279\u91cf\u52a0\u5de5ok-768x432.webp 768w, https:\/\/xtlaser.com\/wp-content\/uploads\/2025\/12\/\u516d\u8f74\u5de5\u4e1a\u673a\u5668\u4eba\u81ea\u52a8\u710a-\u8fde\u7eed\u4f5c\u4e1a-\u6279\u91cf\u52a0\u5de5ok-1536x864.webp 1536w, https:\/\/xtlaser.com\/wp-content\/uploads\/2025\/12\/\u516d\u8f74\u5de5\u4e1a\u673a\u5668\u4eba\u81ea\u52a8\u710a-\u8fde\u7eed\u4f5c\u4e1a-\u6279\u91cf\u52a0\u5de5ok-600x338.webp 600w\" sizes=\"auto, (max-width: 1920px) 100vw, 1920px\" \/><\/figure>\n\n\n\n<h1 class=\"wp-block-heading has-text-align-left has-themecolor-1-color has-text-color has-large-font-size\">Fonctionnement continu, traitement par lots<\/h1>\n\n\n\n<p>Le mode de production automatis\u00e9 sans personnel brise les limites temporelles du travail manuel, r\u00e9pond aux exigences de fabrication de produits uniques de longue dur\u00e9e et \u00e0 grande \u00e9chelle, et am\u00e9liore consid\u00e9rablement l'utilisation des \u00e9quipements et la capacit\u00e9 de production.<\/p>\n<\/div>\n<\/div><div class=\"layout_badh\"><div class=\"shizhezhao\" style=\"opacity:0.15;background-color:;\"><\/div><\/div><\/section>\n\n\n\n<section class=\"wp-block-themepark-block-themepark-area block_layout thempark-block PcOnly bom20 top20\" id=\"\" style=\"padding-top:300px;height:900px;box-sizing: border-box;width: 100%;\" data-swiper-parallax=\"-700\"><div class=\"block_layout_in\" style=\"\">\n<div class=\"wp-block-column block_layout_in is-layout-flow wp-block-column-is-layout-flow\">\n<div class=\"wp-block-themepark-block-themepark-xian theme_fang_out  top10\" style=\"text-align:left;padding-top:213px;\"><div class=\"fangbox\" style=\"width:undefinedpx;\"><\/div><\/div>\n\n\n\n<h1 class=\"wp-block-heading has-text-align-right has-themecolor-1-color has-text-color has-large-font-size\">Qualit\u00e9 uniforme, soudage parfait<\/h1>\n\n\n\n<p><\/p>\n\n\n\n<p class=\"has-text-align-right has-monte-white-color has-text-color has-normal-font-size\">Le robot \u00e9limine l'instabilit\u00e9 caus\u00e9e par l'op\u00e9ration manuelle, garantissant que la largeur, la hauteur et la p\u00e9n\u00e9tration de chaque soudure sont parfaitement uniformes et de qualit\u00e9 fiable.<\/p>\n<\/div>\n<\/div><div class=\"layout_badh\"><div class=\"shizhezhao\" style=\"opacity:0.15;background-color:#000000;\"><\/div><div class=\"PcOnly themepark-block_layout_ba lazyload swiper-lazy\" style=\"background-size:cover;background-position:center;\" data-background=\"https:\/\/xtlaser.com\/wp-content\/uploads\/2025\/12\/\u516d\u8f74\u5de5\u4e1a\u673a\u5668\u4eba\u81ea\u52a8\u710a-\u7edf\u4e00\u54c1\u8d28-\u5b8c\u7f8e\u710a\u63a5ok.webp\"><\/div><\/div><\/section>\n\n\n\n<section class=\"wp-block-themepark-block-themepark-area block_layout thempark-block MovePnly bom10 top10\" id=\"\" style=\"padding-top:2px;height:900px;box-sizing: border-box;width: 100%;\" data-swiper-parallax=\"-700\"><div class=\"block_layout_in\" style=\"\">\n<div class=\"wp-block-column block_layout_in is-layout-flow wp-block-column-is-layout-flow\">\n<figure class=\"wp-block-image size-full\"><img loading=\"lazy\" decoding=\"async\" width=\"1920\" height=\"1080\" src=\"https:\/\/xtlaser.com\/wp-content\/uploads\/2025\/12\/\u516d\u8f74\u5de5\u4e1a\u673a\u5668\u4eba\u81ea\u52a8\u710a-\u7edf\u4e00\u54c1\u8d28-\u5b8c\u7f8e\u710a\u63a5ok.webp\" alt=\"\" class=\"wp-image-2465\" srcset=\"https:\/\/xtlaser.com\/wp-content\/uploads\/2025\/12\/\u516d\u8f74\u5de5\u4e1a\u673a\u5668\u4eba\u81ea\u52a8\u710a-\u7edf\u4e00\u54c1\u8d28-\u5b8c\u7f8e\u710a\u63a5ok.webp 1920w, https:\/\/xtlaser.com\/wp-content\/uploads\/2025\/12\/\u516d\u8f74\u5de5\u4e1a\u673a\u5668\u4eba\u81ea\u52a8\u710a-\u7edf\u4e00\u54c1\u8d28-\u5b8c\u7f8e\u710a\u63a5ok-300x169.webp 300w, https:\/\/xtlaser.com\/wp-content\/uploads\/2025\/12\/\u516d\u8f74\u5de5\u4e1a\u673a\u5668\u4eba\u81ea\u52a8\u710a-\u7edf\u4e00\u54c1\u8d28-\u5b8c\u7f8e\u710a\u63a5ok-1024x576.webp 1024w, https:\/\/xtlaser.com\/wp-content\/uploads\/2025\/12\/\u516d\u8f74\u5de5\u4e1a\u673a\u5668\u4eba\u81ea\u52a8\u710a-\u7edf\u4e00\u54c1\u8d28-\u5b8c\u7f8e\u710a\u63a5ok-768x432.webp 768w, https:\/\/xtlaser.com\/wp-content\/uploads\/2025\/12\/\u516d\u8f74\u5de5\u4e1a\u673a\u5668\u4eba\u81ea\u52a8\u710a-\u7edf\u4e00\u54c1\u8d28-\u5b8c\u7f8e\u710a\u63a5ok-1536x864.webp 1536w, https:\/\/xtlaser.com\/wp-content\/uploads\/2025\/12\/\u516d\u8f74\u5de5\u4e1a\u673a\u5668\u4eba\u81ea\u52a8\u710a-\u7edf\u4e00\u54c1\u8d28-\u5b8c\u7f8e\u710a\u63a5ok-600x338.webp 600w\" sizes=\"auto, (max-width: 1920px) 100vw, 1920px\" \/><\/figure>\n\n\n\n<h1 class=\"wp-block-heading has-text-align-left has-themecolor-1-color has-text-color has-large-font-size\">Qualit\u00e9 uniforme, soudage parfait<\/h1>\n\n\n\n<p>Le robot \u00e9limine l'instabilit\u00e9 caus\u00e9e par l'op\u00e9ration manuelle, garantissant que la largeur, la hauteur et la p\u00e9n\u00e9tration de chaque soudure sont parfaitement uniformes et de qualit\u00e9 fiable.<\/p>\n<\/div>\n<\/div><div class=\"layout_badh\"><div class=\"shizhezhao\" style=\"opacity:0.15;background-color:;\"><\/div><\/div><\/section>\n\n\n\n<section class=\"wp-block-themepark-block-themepark-area block_layout thempark-block PcOnly bom20 top20\" id=\"\" style=\"padding-top:300px;height:900px;box-sizing: border-box;width: 100%;\" data-swiper-parallax=\"-700\"><div class=\"block_layout_in\" style=\"\">\n<div class=\"wp-block-column block_layout_in is-layout-flow wp-block-column-is-layout-flow\">\n<div class=\"wp-block-themepark-block-themepark-xian theme_fang_out  top10\" style=\"text-align:left;padding-top:377px;\"><div class=\"fangbox\" style=\"width:undefinedpx;\"><\/div><\/div>\n\n\n\n<h1 class=\"wp-block-heading has-text-align-right has-themecolor-1-color has-text-color has-large-font-size\"><strong><strong><strong>Int\u00e9gration modulaire et collaboration efficace<\/strong><\/strong><\/strong><\/h1>\n\n\n\n<p><\/p>\n\n\n\n<p class=\"has-text-align-right has-monte-white-color has-text-color has-normal-font-size\">Les robots, lasers, alimenteurs de fil (optionnels) et le syst\u00e8me de contr\u00f4le sont hautement int\u00e9gr\u00e9s, fonctionnent ensemble de mani\u00e8re stable, avec des temps de r\u00e9ponse rapides et une maintenance facile.<\/p>\n<\/div>\n<\/div><div class=\"layout_badh\"><div class=\"shizhezhao\" style=\"opacity:0.15;background-color:#000000;\"><\/div><div class=\"PcOnly themepark-block_layout_ba lazyload swiper-lazy\" style=\"background-size:cover;background-position:center;\" data-background=\"https:\/\/xtlaser.com\/wp-content\/uploads\/2025\/12\/\u8499\u7248\u7ec4-84-3.webp\"><\/div><\/div><\/section>\n\n\n\n<section class=\"wp-block-themepark-block-themepark-area block_layout thempark-block MovePnly bom10 top10\" id=\"\" style=\"padding-top:2px;height:900px;box-sizing: border-box;width: 100%;\" data-swiper-parallax=\"-700\"><div class=\"block_layout_in\" style=\"\">\n<div class=\"wp-block-column block_layout_in is-layout-flow wp-block-column-is-layout-flow\">\n<figure class=\"wp-block-image size-full\"><img loading=\"lazy\" decoding=\"async\" width=\"1920\" height=\"1080\" src=\"https:\/\/xtlaser.com\/wp-content\/uploads\/2025\/12\/\u8499\u7248\u7ec4-84-3.webp\" alt=\"\" class=\"wp-image-2466\" srcset=\"https:\/\/xtlaser.com\/wp-content\/uploads\/2025\/12\/\u8499\u7248\u7ec4-84-3.webp 1920w, https:\/\/xtlaser.com\/wp-content\/uploads\/2025\/12\/\u8499\u7248\u7ec4-84-3-300x169.webp 300w, https:\/\/xtlaser.com\/wp-content\/uploads\/2025\/12\/\u8499\u7248\u7ec4-84-3-1024x576.webp 1024w, https:\/\/xtlaser.com\/wp-content\/uploads\/2025\/12\/\u8499\u7248\u7ec4-84-3-768x432.webp 768w, https:\/\/xtlaser.com\/wp-content\/uploads\/2025\/12\/\u8499\u7248\u7ec4-84-3-1536x864.webp 1536w, https:\/\/xtlaser.com\/wp-content\/uploads\/2025\/12\/\u8499\u7248\u7ec4-84-3-600x338.webp 600w\" sizes=\"auto, (max-width: 1920px) 100vw, 1920px\" \/><\/figure>\n\n\n\n<h1 class=\"wp-block-heading has-text-align-left has-themecolor-1-color has-text-color has-large-font-size\"><strong><strong><strong><strong><strong><strong>Int\u00e9gration modulaire et collaboration efficace<\/strong><\/strong><\/strong><\/strong><\/strong><\/strong><\/h1>\n\n\n\n<p>Les robots, lasers, alimenteurs de fil (optionnels) et le syst\u00e8me de contr\u00f4le sont hautement int\u00e9gr\u00e9s, fonctionnent ensemble de mani\u00e8re stable, avec des temps de r\u00e9ponse rapides et une maintenance facile.<\/p>\n<\/div>\n<\/div><div class=\"layout_badh\"><div class=\"shizhezhao\" style=\"opacity:0.15;background-color:;\"><\/div><\/div><\/section>\n\n\n\n<div class=\"wp-block-themepark-block-themepark-area block_layout thempark-block undefined\" id=\"padingmax\" style=\"background-color:#f7f7f7;padding-bottom:38px;padding-top:38px;\" data-swiper-parallax=\"-700\"><div class=\"block_layout_in\" style=\"max-width:1900px;\">\n<div class=\"wp-block-column block_layout_in is-layout-flow wp-block-column-is-layout-flow\">\n<div class=\"wp-block-themepark-block-themepark-wright content-super-p\" style=\"font-size:12px;line-height:42px;padding:10px 10px;\">\n<div class=\"wp-block-column is-layout-flow wp-block-column-is-layout-flow\">\n<p class=\"has-text-align-center has-themecolor-1-color has-text-color has-link-color has-large-font-size wp-elements-75160ef55f9568d5c6e09e84db854271\"><strong>Domaines d'application<\/strong><\/p>\n\n\n\n<p class=\"has-text-align-center has-text-color has-link-color has-normal-font-size wp-elements-dbe056aee3e94b14e29d1935f9ab8114\" style=\"color:#333333\">Adapt\u00e9 au soudage de petites pi\u00e8ces m\u00e9talliques, telles que composants d'instruments, raccords sanitaires, dispositifs m\u00e9dicaux, industrie de la quincaillerie, etc.<\/p>\n\n\n\n<p><\/p>\n\n\n<div class=\"wp-block-image\">\n<figure class=\"aligncenter size-full\"><img loading=\"lazy\" decoding=\"async\" width=\"1550\" height=\"302\" src=\"https:\/\/xtlaser.com\/wp-content\/uploads\/2025\/12\/\u7ec4-524.webp\" alt=\"\" class=\"wp-image-2467\" srcset=\"https:\/\/xtlaser.com\/wp-content\/uploads\/2025\/12\/\u7ec4-524.webp 1550w, https:\/\/xtlaser.com\/wp-content\/uploads\/2025\/12\/\u7ec4-524-300x58.webp 300w, https:\/\/xtlaser.com\/wp-content\/uploads\/2025\/12\/\u7ec4-524-1024x200.webp 1024w, https:\/\/xtlaser.com\/wp-content\/uploads\/2025\/12\/\u7ec4-524-768x150.webp 768w, https:\/\/xtlaser.com\/wp-content\/uploads\/2025\/12\/\u7ec4-524-1536x299.webp 1536w, https:\/\/xtlaser.com\/wp-content\/uploads\/2025\/12\/\u7ec4-524-600x117.webp 600w\" sizes=\"auto, (max-width: 1550px) 100vw, 1550px\" \/><\/figure>\n<\/div><\/div>\n<\/div>\n<\/div>\n<\/div><div class=\"layout_badh\"><\/div><\/div>\n\n\n\n<div class=\"wp-block-themepark-block-themepark-area block_layout thempark-block undefined\" id=\"padingmax\" style=\"background-color:#f7f7f7;padding-bottom:38px;padding-top:38px;\" data-swiper-parallax=\"-700\"><div class=\"block_layout_in\" style=\"max-width:1900px;\">\n<div class=\"wp-block-column block_layout_in is-layout-flow wp-block-column-is-layout-flow\">\n<div class=\"wp-block-themepark-block-themepark-wright content-super-p\" style=\"font-size:12px;line-height:42px;padding:10px 10px;\">\n<div class=\"wp-block-column is-layout-flow wp-block-column-is-layout-flow\">\n<p class=\"has-text-align-center has-themecolor-1-color has-text-color has-link-color has-large-font-size wp-elements-0b626756fabb3406c86c172233d6ed81\"><strong>\u00c9chantillon d'affichage<\/strong><\/p>\n\n\n\n<p class=\"has-text-align-center has-text-color has-link-color has-normal-font-size wp-elements-3d883c066bcd1bf6991ff2bb0bc01958\" style=\"color:#333333\"><\/p>\n\n\n\n<p><\/p>\n\n\n<div class=\"wp-block-image\">\n<figure class=\"aligncenter size-full\"><img loading=\"lazy\" decoding=\"async\" width=\"1550\" height=\"213\" src=\"https:\/\/xtlaser.com\/wp-content\/uploads\/2025\/12\/\u7ec4-516-1.webp\" alt=\"\" class=\"wp-image-2420\" srcset=\"https:\/\/xtlaser.com\/wp-content\/uploads\/2025\/12\/\u7ec4-516-1.webp 1550w, https:\/\/xtlaser.com\/wp-content\/uploads\/2025\/12\/\u7ec4-516-1-300x41.webp 300w, https:\/\/xtlaser.com\/wp-content\/uploads\/2025\/12\/\u7ec4-516-1-1024x141.webp 1024w, https:\/\/xtlaser.com\/wp-content\/uploads\/2025\/12\/\u7ec4-516-1-768x106.webp 768w, https:\/\/xtlaser.com\/wp-content\/uploads\/2025\/12\/\u7ec4-516-1-1536x211.webp 1536w, https:\/\/xtlaser.com\/wp-content\/uploads\/2025\/12\/\u7ec4-516-1-600x82.webp 600w\" sizes=\"auto, (max-width: 1550px) 100vw, 1550px\" \/><\/figure>\n<\/div><\/div>\n<\/div>\n<\/div>\n<\/div><div class=\"layout_badh\"><\/div><\/div>\n\n\n\n<p><\/p>\n<\/div>","protected":false},"excerpt":{"rendered":"[tp_attributes num_attributes=\"5\"]","protected":false},"featured_media":2456,"template":"","meta":{"themepark_post_bcolor":"#f5f5f5","themepark_post_width":"1022px","themepark_post_img":"","themepark_post_img_po":"left","themepark_post_img_re":false,"themepark_post_img_cover":false,"themepark_post_img_fixed":false,"themepark_post_hide_title":false,"themepark_post_main_b":"","themepark_post_main_p":100,"themepark_paddingblock":false},"product_brand":[47],"product_cat":[69,2808],"product_tag":[68],"class_list":{"0":"post-2453","1":"product","2":"type-product","3":"status-publish","4":"has-post-thumbnail","6":"product_brand-xt-laser","7":"product_cat-fiber-laser-cutting-machine","8":"product_cat-laser-welding","9":"product_tag-laser-welding","10":"pa_highlights-laser-welding","12":"first","13":"instock","14":"shipping-taxable","15":"product-type-simple"},"_links":{"self":[{"href":"https:\/\/xtlaser.com\/fr\/wp-json\/wp\/v2\/product\/2453","targetHints":{"allow":["GET"]}}],"collection":[{"href":"https:\/\/xtlaser.com\/fr\/wp-json\/wp\/v2\/product"}],"about":[{"href":"https:\/\/xtlaser.com\/fr\/wp-json\/wp\/v2\/types\/product"}],"wp:featuredmedia":[{"embeddable":true,"href":"https:\/\/xtlaser.com\/fr\/wp-json\/wp\/v2\/media\/2456"}],"wp:attachment":[{"href":"https:\/\/xtlaser.com\/fr\/wp-json\/wp\/v2\/media?parent=2453"}],"wp:term":[{"taxonomy":"product_brand","embeddable":true,"href":"https:\/\/xtlaser.com\/fr\/wp-json\/wp\/v2\/product_brand?post=2453"},{"taxonomy":"product_cat","embeddable":true,"href":"https:\/\/xtlaser.com\/fr\/wp-json\/wp\/v2\/product_cat?post=2453"},{"taxonomy":"product_tag","embeddable":true,"href":"https:\/\/xtlaser.com\/fr\/wp-json\/wp\/v2\/product_tag?post=2453"}],"curies":[{"name":"wp","href":"https:\/\/api.w.org\/{rel}","templated":true}]}}