{"id":2406,"date":"2025-12-18T09:42:20","date_gmt":"2025-12-18T01:42:20","guid":{"rendered":"https:\/\/xtlaser.com\/?post_type=product&#038;p=2406"},"modified":"2026-01-27T16:27:33","modified_gmt":"2026-01-27T08:27:33","slug":"air-cooled-handheld-welding-machine","status":"publish","type":"product","link":"https:\/\/xtlaser.com\/fr\/product-item\/air-cooled-handheld-welding-machine","title":{"rendered":"Machine de soudage laser portative refroidie par air"},"content":{"rendered":"<div class=\"post_content\">\n<figure class=\"wp-block-video\"><video height=\"1080\" style=\"aspect-ratio: 1920 \/ 1080;\" width=\"1920\" autoplay controls muted src=\"https:\/\/xtlaser.com\/wp-content\/uploads\/2025\/12\/\u98ce\u51b7\u624b\u6301\u710a\u63a5\u673a\u82f1\u6587\u7248\u672c20250920-1.mp4\" playsinline><\/video><\/figure>\n\n\n\n<section class=\"wp-block-themepark-block-themepark-area block_layout thempark-block PcOnly bom20 top20\" id=\"\" style=\"padding-top:41px;height:900px;box-sizing: border-box;width: 100%;\" data-swiper-parallax=\"-700\"><div class=\"block_layout_in\" style=\"\">\n<div class=\"wp-block-column block_layout_in is-layout-flow wp-block-column-is-layout-flow\">\n<div class=\"wp-block-themepark-block-themepark-xian theme_fang_out\" style=\"text-align:left;\"><div class=\"fangbox\" style=\"width:undefinedpx;\"><\/div><\/div>\n\n\n\n<h2 class=\"wp-block-heading has-text-align-right has-themecolor-1-color has-text-color has-large-font-size\">Machine de soudage laser portative refroidie par air<\/h2>\n\n\n\n<p class=\"has-text-align-right has-monte-white-color has-text-color has-normal-font-size\">Taille compacte, haute performance | Con\u00e7ue pour une flexibilit\u00e9 de soudage maximale.<\/p>\n<\/div>\n<\/div><div class=\"layout_badh\"><div class=\"shizhezhao\" style=\"opacity:0.15;background-color:#000000;\"><\/div><div class=\"PcOnly themepark-block_layout_ba lazyload swiper-lazy\" style=\"background-size:cover;background-position:center;\" data-background=\"https:\/\/xtlaser.com\/wp-content\/uploads\/2025\/12\/\u98ce\u51b7\u710a\u63a5\u673a-\u4e3b\u56feok-1.webp\"><\/div><\/div><\/section>\n\n\n\n<section class=\"wp-block-themepark-block-themepark-area block_layout thempark-block MovePnly bom10 top10\" id=\"\" style=\"padding-top:2px;height:900px;box-sizing: border-box;width: 100%;\" data-swiper-parallax=\"-700\"><div class=\"block_layout_in\" style=\"\">\n<div class=\"wp-block-column block_layout_in is-layout-flow wp-block-column-is-layout-flow\">\n<figure class=\"wp-block-image size-full\"><img loading=\"lazy\" decoding=\"async\" width=\"1920\" height=\"1080\" src=\"https:\/\/xtlaser.com\/wp-content\/uploads\/2025\/12\/\u98ce\u51b7\u710a\u63a5\u673a-\u4e3b\u56feok-1.webp\" alt=\"\" class=\"wp-image-72260\" srcset=\"https:\/\/xtlaser.com\/wp-content\/uploads\/2025\/12\/\u98ce\u51b7\u710a\u63a5\u673a-\u4e3b\u56feok-1.webp 1920w, https:\/\/xtlaser.com\/wp-content\/uploads\/2025\/12\/\u98ce\u51b7\u710a\u63a5\u673a-\u4e3b\u56feok-1-300x169.webp 300w, https:\/\/xtlaser.com\/wp-content\/uploads\/2025\/12\/\u98ce\u51b7\u710a\u63a5\u673a-\u4e3b\u56feok-1-1024x576.webp 1024w, https:\/\/xtlaser.com\/wp-content\/uploads\/2025\/12\/\u98ce\u51b7\u710a\u63a5\u673a-\u4e3b\u56feok-1-768x432.webp 768w, https:\/\/xtlaser.com\/wp-content\/uploads\/2025\/12\/\u98ce\u51b7\u710a\u63a5\u673a-\u4e3b\u56feok-1-1536x864.webp 1536w, https:\/\/xtlaser.com\/wp-content\/uploads\/2025\/12\/\u98ce\u51b7\u710a\u63a5\u673a-\u4e3b\u56feok-1-600x338.webp 600w\" sizes=\"auto, (max-width: 1920px) 100vw, 1920px\" \/><\/figure>\n\n\n\n<h2 class=\"wp-block-heading has-text-align-left has-themecolor-1-color has-text-color has-large-font-size\">Machine de soudage laser portative refroidie par air<\/h2>\n\n\n\n<p>Taille compacte, haute performance | Con\u00e7ue pour une flexibilit\u00e9 de soudage maximale.<\/p>\n<\/div>\n<\/div><div class=\"layout_badh\"><div class=\"shizhezhao\" style=\"opacity:0.15;background-color:;\"><\/div><\/div><\/section>\n\n\n\n<section class=\"wp-block-themepark-block-themepark-area block_layout thempark-block PcOnly bom20 top20\" id=\"\" style=\"padding-top:300px;height:900px;box-sizing: border-box;width: 100%;\" data-swiper-parallax=\"-700\"><div class=\"block_layout_in\" style=\"\">\n<div class=\"wp-block-column block_layout_in is-layout-flow wp-block-column-is-layout-flow\">\n<div class=\"wp-block-themepark-block-themepark-xian theme_fang_out  top10\" style=\"text-align:left;padding-top:360px;\"><div class=\"fangbox\" style=\"width:0px;height:123px;\"><\/div><\/div>\n\n\n\n<h2 class=\"wp-block-heading has-text-align-left has-themecolor-1-color has-text-color has-large-font-size\">Refroidissement par air sans entretien<\/h2>\n\n\n\n<p><\/p>\n\n\n\n<p class=\"has-text-align-left has-monte-white-color has-text-color has-normal-font-size\">Un frigorig\u00e8ne \u00e0 changement de phase avanc\u00e9 et un refroidissement forc\u00e9 \u00e0 air assurent un fonctionnement stable 24h\/24 sans besoin d'encombrants refroidisseurs d'eau.<\/p>\n<\/div>\n<\/div><div class=\"layout_badh\"><div class=\"shizhezhao\" style=\"opacity:0.15;background-color:#000000;\"><\/div><div class=\"PcOnly themepark-block_layout_ba lazyload swiper-lazy\" style=\"background-size:cover;background-position:center;\" data-background=\"https:\/\/xtlaser.com\/wp-content\/uploads\/2025\/12\/\u8499\u7248\u7ec4-84-5.webp\"><\/div><\/div><\/section>\n\n\n\n<section class=\"wp-block-themepark-block-themepark-area block_layout thempark-block MovePnly bom10 top10\" id=\"\" style=\"padding-top:2px;height:900px;box-sizing: border-box;width: 100%;\" data-swiper-parallax=\"-700\"><div class=\"block_layout_in\" style=\"\">\n<div class=\"wp-block-column block_layout_in is-layout-flow wp-block-column-is-layout-flow\">\n<figure class=\"wp-block-image size-full\"><img loading=\"lazy\" decoding=\"async\" width=\"1920\" height=\"1080\" src=\"https:\/\/xtlaser.com\/wp-content\/uploads\/2025\/12\/\u8499\u7248\u7ec4-84-5.webp\" alt=\"\" class=\"wp-image-72261\" srcset=\"https:\/\/xtlaser.com\/wp-content\/uploads\/2025\/12\/\u8499\u7248\u7ec4-84-5.webp 1920w, https:\/\/xtlaser.com\/wp-content\/uploads\/2025\/12\/\u8499\u7248\u7ec4-84-5-300x169.webp 300w, https:\/\/xtlaser.com\/wp-content\/uploads\/2025\/12\/\u8499\u7248\u7ec4-84-5-1024x576.webp 1024w, https:\/\/xtlaser.com\/wp-content\/uploads\/2025\/12\/\u8499\u7248\u7ec4-84-5-768x432.webp 768w, https:\/\/xtlaser.com\/wp-content\/uploads\/2025\/12\/\u8499\u7248\u7ec4-84-5-1536x864.webp 1536w, https:\/\/xtlaser.com\/wp-content\/uploads\/2025\/12\/\u8499\u7248\u7ec4-84-5-600x338.webp 600w\" sizes=\"auto, (max-width: 1920px) 100vw, 1920px\" \/><\/figure>\n\n\n\n<h2 class=\"wp-block-heading has-text-align-left has-themecolor-1-color has-text-color has-large-font-size\">Refroidissement par air sans entretien<\/h2>\n\n\n\n<p>Un frigorig\u00e8ne \u00e0 changement de phase avanc\u00e9 et un refroidissement forc\u00e9 \u00e0 air assurent un fonctionnement stable 24h\/24 sans besoin d'encombrants refroidisseurs d'eau.<\/p>\n<\/div>\n<\/div><div class=\"layout_badh\"><div class=\"shizhezhao\" style=\"opacity:0.15;background-color:;\"><\/div><\/div><\/section>\n\n\n\n<section class=\"wp-block-themepark-block-themepark-area block_layout thempark-block PcOnly bom20 top20\" id=\"\" style=\"height:900px;box-sizing: border-box;width: 100%;\" data-swiper-parallax=\"-700\"><div class=\"block_layout_in\" style=\"\">\n<div class=\"wp-block-column block_layout_in is-layout-flow wp-block-column-is-layout-flow\">\n<div class=\"wp-block-themepark-block-themepark-xian theme_fang_out\" style=\"text-align:left;padding-top:1px;\"><div class=\"fangbox\" style=\"width:undefinedpx;height:34px;\"><\/div><\/div>\n\n\n\n<h2 class=\"wp-block-heading has-text-align-center has-themecolor-1-color has-text-color has-large-font-size\">Ultra-compact et portable<\/h2>\n\n\n\n<p><\/p>\n\n\n\n<p class=\"has-text-align-center has-monte-white-color has-text-color has-normal-font-size\">Le ch\u00e2ssis l\u00e9ger et ultra-compact brise les contraintes spatiales, permettant un d\u00e9ploiement rapide sur site et des t\u00e2ches d'atelier mobile.<\/p>\n\n\n\n<p class=\"has-text-align-left has-monte-white-color has-text-color has-normal-font-size\"><\/p>\n<\/div>\n<\/div><div class=\"layout_badh\"><div class=\"shizhezhao\" style=\"opacity:0.15;background-color:#000000;\"><\/div><div class=\"PcOnly themepark-block_layout_ba lazyload swiper-lazy\" style=\"background-size:cover;background-position:center;\" data-background=\"https:\/\/xtlaser.com\/wp-content\/uploads\/2025\/12\/\u8499\u7248\u7ec4-85-2.webp\"><\/div><\/div><\/section>\n\n\n\n<section class=\"wp-block-themepark-block-themepark-area block_layout thempark-block MovePnly bom10 top10\" id=\"\" style=\"padding-top:2px;height:900px;box-sizing: border-box;width: 100%;\" data-swiper-parallax=\"-700\"><div class=\"block_layout_in\" style=\"\">\n<div class=\"wp-block-column block_layout_in is-layout-flow wp-block-column-is-layout-flow\">\n<figure class=\"wp-block-image size-full\"><img loading=\"lazy\" decoding=\"async\" width=\"1920\" height=\"1080\" src=\"https:\/\/xtlaser.com\/wp-content\/uploads\/2025\/12\/\u8499\u7248\u7ec4-85-2.webp\" alt=\"\" class=\"wp-image-72262\" srcset=\"https:\/\/xtlaser.com\/wp-content\/uploads\/2025\/12\/\u8499\u7248\u7ec4-85-2.webp 1920w, https:\/\/xtlaser.com\/wp-content\/uploads\/2025\/12\/\u8499\u7248\u7ec4-85-2-300x169.webp 300w, https:\/\/xtlaser.com\/wp-content\/uploads\/2025\/12\/\u8499\u7248\u7ec4-85-2-1024x576.webp 1024w, https:\/\/xtlaser.com\/wp-content\/uploads\/2025\/12\/\u8499\u7248\u7ec4-85-2-768x432.webp 768w, https:\/\/xtlaser.com\/wp-content\/uploads\/2025\/12\/\u8499\u7248\u7ec4-85-2-1536x864.webp 1536w, https:\/\/xtlaser.com\/wp-content\/uploads\/2025\/12\/\u8499\u7248\u7ec4-85-2-600x338.webp 600w\" sizes=\"auto, (max-width: 1920px) 100vw, 1920px\" \/><\/figure>\n\n\n\n<h2 class=\"wp-block-heading has-text-align-left has-themecolor-1-color has-text-color has-large-font-size\"><strong>Ultra-compact et portable<\/strong><\/h2>\n\n\n\n<p>Le ch\u00e2ssis l\u00e9ger et ultra-compact brise les contraintes spatiales, permettant un d\u00e9ploiement rapide sur site et des t\u00e2ches d'atelier mobile.<\/p>\n<\/div>\n<\/div><div class=\"layout_badh\"><div class=\"shizhezhao\" style=\"opacity:0.15;background-color:;\"><\/div><\/div><\/section>\n\n\n\n<section class=\"wp-block-themepark-block-themepark-area block_layout thempark-block PcOnly bom20 top20\" id=\"\" style=\"padding-top:300px;height:900px;box-sizing: border-box;width: 100%;\" data-swiper-parallax=\"-700\"><div class=\"block_layout_in\" style=\"\">\n<div class=\"wp-block-column block_layout_in is-layout-flow wp-block-column-is-layout-flow\">\n<div class=\"wp-block-themepark-block-themepark-xian theme_fang_out  top10\" style=\"text-align:left;padding-top:1px;\"><div class=\"fangbox\" style=\"width:undefinedpx;height:137px;\"><\/div><\/div>\n\n\n\n<h2 class=\"wp-block-heading has-text-align-right has-themecolor-1-color has-text-color has-large-font-size\">Port\u00e9e op\u00e9rationnelle de 10 m<\/h2>\n\n\n\n<p><\/p>\n\n\n\n<p class=\"has-text-align-right has-monte-white-color has-text-color has-normal-font-size\">\u00c9quip\u00e9e d'un c\u00e2ble \u00e0 fibre de qualit\u00e9 industrielle de 10 m\u00e8tres pour traiter de grandes pi\u00e8ces ou des t\u00e2ches multi-postes sans d\u00e9placer la machine.<\/p>\n<\/div>\n<\/div><div class=\"layout_badh\"><div class=\"shizhezhao\" style=\"opacity:0.15;background-color:#000000;\"><\/div><div class=\"PcOnly themepark-block_layout_ba lazyload swiper-lazy\" style=\"background-size:cover;background-position:center;\" data-background=\"https:\/\/xtlaser.com\/wp-content\/uploads\/2025\/12\/\u8499\u7248\u7ec4-86-2.webp\"><\/div><\/div><\/section>\n\n\n\n<section class=\"wp-block-themepark-block-themepark-area block_layout thempark-block MovePnly bom10 top10\" id=\"\" style=\"padding-top:2px;height:900px;box-sizing: border-box;width: 100%;\" data-swiper-parallax=\"-700\"><div class=\"block_layout_in\" style=\"\">\n<div class=\"wp-block-column block_layout_in is-layout-flow wp-block-column-is-layout-flow\">\n<figure class=\"wp-block-image size-full is-style-default\"><img loading=\"lazy\" decoding=\"async\" width=\"1920\" height=\"1080\" src=\"https:\/\/xtlaser.com\/wp-content\/uploads\/2025\/12\/\u8499\u7248\u7ec4-86-2.webp\" alt=\"\" class=\"wp-image-72263\" srcset=\"https:\/\/xtlaser.com\/wp-content\/uploads\/2025\/12\/\u8499\u7248\u7ec4-86-2.webp 1920w, https:\/\/xtlaser.com\/wp-content\/uploads\/2025\/12\/\u8499\u7248\u7ec4-86-2-300x169.webp 300w, https:\/\/xtlaser.com\/wp-content\/uploads\/2025\/12\/\u8499\u7248\u7ec4-86-2-1024x576.webp 1024w, https:\/\/xtlaser.com\/wp-content\/uploads\/2025\/12\/\u8499\u7248\u7ec4-86-2-768x432.webp 768w, https:\/\/xtlaser.com\/wp-content\/uploads\/2025\/12\/\u8499\u7248\u7ec4-86-2-1536x864.webp 1536w, https:\/\/xtlaser.com\/wp-content\/uploads\/2025\/12\/\u8499\u7248\u7ec4-86-2-600x338.webp 600w\" sizes=\"auto, (max-width: 1920px) 100vw, 1920px\" \/><\/figure>\n\n\n\n<h2 class=\"wp-block-heading has-text-align-left has-themecolor-1-color has-text-color has-large-font-size\">Port\u00e9e op\u00e9rationnelle de 10 m<\/h2>\n\n\n\n<p>\u00c9quip\u00e9e d'un c\u00e2ble \u00e0 fibre de qualit\u00e9 industrielle de 10 m\u00e8tres pour traiter de grandes pi\u00e8ces ou des t\u00e2ches multi-postes sans d\u00e9placer la machine.<\/p>\n<\/div>\n<\/div><div class=\"layout_badh\"><div class=\"shizhezhao\" style=\"opacity:0.15;background-color:;\"><\/div><\/div><\/section>\n\n\n\n<section class=\"wp-block-themepark-block-themepark-area block_layout thempark-block PcOnly bom20 top20\" id=\"\" style=\"padding-top:300px;height:900px;box-sizing: border-box;width: 100%;\" data-swiper-parallax=\"-700\"><div class=\"block_layout_in\" style=\"\">\n<div class=\"wp-block-column block_layout_in is-layout-flow wp-block-column-is-layout-flow\">\n<div class=\"wp-block-themepark-block-themepark-xian theme_fang_out  top10\" style=\"text-align:left;padding-top:1px;\"><div class=\"fangbox\" style=\"width:undefinedpx;height:298px;\"><\/div><\/div>\n\n\n\n<h2 class=\"wp-block-heading has-text-align-right has-themecolor-1-color has-text-color has-large-font-size\">Contr\u00f4le pr\u00e9cis et ergonomique<\/h2>\n\n\n\n<p><\/p>\n\n\n\n<p class=\"has-text-align-right has-monte-white-color has-text-color has-normal-font-size\">La torche ergonomique permet un contr\u00f4le ais\u00e9 des trajectoires 3D complexes, produisant des soudures esth\u00e9tiques fluides de qualit\u00e9 professionnelle.<\/p>\n<\/div>\n<\/div><div class=\"layout_badh\"><div class=\"shizhezhao\" style=\"opacity:0.15;background-color:#000000;\"><\/div><div class=\"PcOnly themepark-block_layout_ba lazyload swiper-lazy\" style=\"background-size:cover;background-position:center;\" data-background=\"https:\/\/xtlaser.com\/wp-content\/uploads\/2025\/12\/\u8499\u7248\u7ec4-87-1.webp\"><\/div><\/div><\/section>\n\n\n\n<section class=\"wp-block-themepark-block-themepark-area block_layout thempark-block MovePnly bom10 top10\" id=\"\" style=\"padding-top:2px;height:900px;box-sizing: border-box;width: 100%;\" data-swiper-parallax=\"-700\"><div class=\"block_layout_in\" style=\"\">\n<div class=\"wp-block-column block_layout_in is-layout-flow wp-block-column-is-layout-flow\">\n<figure class=\"wp-block-image size-full is-style-default\"><img loading=\"lazy\" decoding=\"async\" width=\"1920\" height=\"1080\" src=\"https:\/\/xtlaser.com\/wp-content\/uploads\/2025\/12\/\u8499\u7248\u7ec4-87-1.webp\" alt=\"\" class=\"wp-image-72264\" srcset=\"https:\/\/xtlaser.com\/wp-content\/uploads\/2025\/12\/\u8499\u7248\u7ec4-87-1.webp 1920w, https:\/\/xtlaser.com\/wp-content\/uploads\/2025\/12\/\u8499\u7248\u7ec4-87-1-300x169.webp 300w, https:\/\/xtlaser.com\/wp-content\/uploads\/2025\/12\/\u8499\u7248\u7ec4-87-1-1024x576.webp 1024w, https:\/\/xtlaser.com\/wp-content\/uploads\/2025\/12\/\u8499\u7248\u7ec4-87-1-768x432.webp 768w, https:\/\/xtlaser.com\/wp-content\/uploads\/2025\/12\/\u8499\u7248\u7ec4-87-1-1536x864.webp 1536w, https:\/\/xtlaser.com\/wp-content\/uploads\/2025\/12\/\u8499\u7248\u7ec4-87-1-600x338.webp 600w\" sizes=\"auto, (max-width: 1920px) 100vw, 1920px\" \/><\/figure>\n\n\n\n<h2 class=\"wp-block-heading has-themecolor-1-color has-text-color has-large-font-size\">Contr\u00f4le pr\u00e9cis et ergonomique<\/h2>\n\n\n\n<p>La torche ergonomique permet un contr\u00f4le ais\u00e9 des trajectoires 3D complexes, produisant des soudures esth\u00e9tiques fluides de qualit\u00e9 professionnelle.<\/p>\n<\/div>\n<\/div><div class=\"layout_badh\"><div class=\"shizhezhao\" style=\"opacity:0.15;background-color:;\"><\/div><\/div><\/section>\n\n\n\n<div class=\"wp-block-themepark-block-themepark-area block_layout thempark-block undefined\" id=\"padingmax\" style=\"background-color:#f7f7f7;padding-bottom:38px;padding-top:38px;\" data-swiper-parallax=\"-700\"><div class=\"block_layout_in\" style=\"max-width:1900px;\">\n<div class=\"wp-block-column block_layout_in is-layout-flow wp-block-column-is-layout-flow\">\n<div class=\"wp-block-themepark-block-themepark-wright content-super-p\" style=\"font-size:12px;line-height:42px;padding:10px 10px;\">\n<div class=\"wp-block-column is-layout-flow wp-block-column-is-layout-flow\">\n<p class=\"has-text-align-center has-themecolor-1-color has-text-color has-link-color has-large-font-size wp-elements-505a22334c3fb101a058a2f77acdf7c0\"><strong>Domaines d'application<\/strong><\/p>\n\n\n\n<p class=\"has-text-align-center has-text-color has-link-color has-normal-font-size wp-elements-4c2e70755718abae4f2b2a4ef12ea9ff\" style=\"color:#333333\">Fabrication et transformation des m\u00e9taux, \u00e9quipements de transport, machines et \u00e9quipements \u00e9lectriques, \u00e9nergie nouvelle et protection de l'environnement, \u00e9lectronique grand public et instruments de pr\u00e9cision<\/p>\n\n\n\n<p><\/p>\n\n\n<div class=\"wp-block-image\">\n<figure class=\"aligncenter size-full\"><img loading=\"lazy\" decoding=\"async\" width=\"1550\" height=\"302\" src=\"https:\/\/xtlaser.com\/wp-content\/uploads\/2025\/12\/\u7ec4-511-1.webp\" alt=\"XT Laser air-cooled handheld laser welding machine applications in HVAC ductwork, EV manufacturing, aerospace components, and electrical cabinet sheet metal fabrication\" class=\"wp-image-72265\" srcset=\"https:\/\/xtlaser.com\/wp-content\/uploads\/2025\/12\/\u7ec4-511-1.webp 1550w, https:\/\/xtlaser.com\/wp-content\/uploads\/2025\/12\/\u7ec4-511-1-300x58.webp 300w, https:\/\/xtlaser.com\/wp-content\/uploads\/2025\/12\/\u7ec4-511-1-1024x200.webp 1024w, https:\/\/xtlaser.com\/wp-content\/uploads\/2025\/12\/\u7ec4-511-1-768x150.webp 768w, https:\/\/xtlaser.com\/wp-content\/uploads\/2025\/12\/\u7ec4-511-1-1536x299.webp 1536w, https:\/\/xtlaser.com\/wp-content\/uploads\/2025\/12\/\u7ec4-511-1-600x117.webp 600w\" sizes=\"auto, (max-width: 1550px) 100vw, 1550px\" \/><\/figure>\n<\/div><\/div>\n<\/div>\n<\/div>\n<\/div><div class=\"layout_badh\"><\/div><\/div>\n\n\n\n<div class=\"wp-block-themepark-block-themepark-area block_layout thempark-block undefined\" id=\"padingmax\" style=\"background-color:#f7f7f7;padding-bottom:38px;padding-top:38px;\" data-swiper-parallax=\"-700\"><div class=\"block_layout_in\" style=\"max-width:1900px;\">\n<div class=\"wp-block-column block_layout_in is-layout-flow wp-block-column-is-layout-flow\">\n<div class=\"wp-block-themepark-block-themepark-wright content-super-p\" style=\"font-size:12px;line-height:42px;padding:10px 10px;\">\n<div class=\"wp-block-column is-layout-flow wp-block-column-is-layout-flow\">\n<p class=\"has-text-align-center has-themecolor-1-color has-text-color has-link-color has-large-font-size wp-elements-952fa8031078b4dadc0cd7e2ca3620ef\"><strong>Galerie d'\u00e9chantillons<\/strong><\/p>\n\n\n\n<p><\/p>\n\n\n<div class=\"wp-block-image\">\n<figure class=\"aligncenter size-full\"><img loading=\"lazy\" decoding=\"async\" width=\"1550\" height=\"213\" src=\"https:\/\/xtlaser.com\/wp-content\/uploads\/2025\/12\/\u7ec4-516-2.webp\" alt=\"XT Laser air-cooled handheld laser welding machine sample gallery showing high-quality stainless steel tube welding, brass sheet welding, and precise pipe fillet welds without polishing\" class=\"wp-image-72267\" srcset=\"https:\/\/xtlaser.com\/wp-content\/uploads\/2025\/12\/\u7ec4-516-2.webp 1550w, https:\/\/xtlaser.com\/wp-content\/uploads\/2025\/12\/\u7ec4-516-2-300x41.webp 300w, https:\/\/xtlaser.com\/wp-content\/uploads\/2025\/12\/\u7ec4-516-2-1024x141.webp 1024w, https:\/\/xtlaser.com\/wp-content\/uploads\/2025\/12\/\u7ec4-516-2-768x106.webp 768w, https:\/\/xtlaser.com\/wp-content\/uploads\/2025\/12\/\u7ec4-516-2-1536x211.webp 1536w, https:\/\/xtlaser.com\/wp-content\/uploads\/2025\/12\/\u7ec4-516-2-600x82.webp 600w\" sizes=\"auto, (max-width: 1550px) 100vw, 1550px\" \/><\/figure>\n<\/div><\/div>\n<\/div>\n<\/div>\n<\/div><div class=\"layout_badh\"><\/div><\/div>\n\n\n\n<p><\/p>\n<\/div>","protected":false},"excerpt":{"rendered":"[tp_attributes num_attributes=\"5\"]","protected":false},"featured_media":2411,"template":"","meta":{"themepark_post_bcolor":"#f5f5f5","themepark_post_width":"1022px","themepark_post_img":"","themepark_post_img_po":"left","themepark_post_img_re":false,"themepark_post_img_cover":false,"themepark_post_img_fixed":false,"themepark_post_hide_title":false,"themepark_post_main_b":"","themepark_post_main_p":100,"themepark_paddingblock":false},"product_brand":[47],"product_cat":[69,2808],"product_tag":[68],"class_list":{"0":"post-2406","1":"product","2":"type-product","3":"status-publish","4":"has-post-thumbnail","6":"product_brand-xt-laser","7":"product_cat-fiber-laser-cutting-machine","8":"product_cat-laser-welding","9":"product_tag-laser-welding","10":"pa_highlights-laser-welding","12":"first","13":"instock","14":"shipping-taxable","15":"product-type-simple"},"_links":{"self":[{"href":"https:\/\/xtlaser.com\/fr\/wp-json\/wp\/v2\/product\/2406","targetHints":{"allow":["GET"]}}],"collection":[{"href":"https:\/\/xtlaser.com\/fr\/wp-json\/wp\/v2\/product"}],"about":[{"href":"https:\/\/xtlaser.com\/fr\/wp-json\/wp\/v2\/types\/product"}],"wp:featuredmedia":[{"embeddable":true,"href":"https:\/\/xtlaser.com\/fr\/wp-json\/wp\/v2\/media\/2411"}],"wp:attachment":[{"href":"https:\/\/xtlaser.com\/fr\/wp-json\/wp\/v2\/media?parent=2406"}],"wp:term":[{"taxonomy":"product_brand","embeddable":true,"href":"https:\/\/xtlaser.com\/fr\/wp-json\/wp\/v2\/product_brand?post=2406"},{"taxonomy":"product_cat","embeddable":true,"href":"https:\/\/xtlaser.com\/fr\/wp-json\/wp\/v2\/product_cat?post=2406"},{"taxonomy":"product_tag","embeddable":true,"href":"https:\/\/xtlaser.com\/fr\/wp-json\/wp\/v2\/product_tag?post=2406"}],"curies":[{"name":"wp","href":"https:\/\/api.w.org\/{rel}","templated":true}]}}