{"id":1103,"date":"2025-11-26T14:58:28","date_gmt":"2025-11-26T06:58:28","guid":{"rendered":"https:\/\/xtlaser.com\/?page_id=1103"},"modified":"2026-02-12T17:03:24","modified_gmt":"2026-02-12T09:03:24","slug":"vr-exhibition","status":"publish","type":"page","link":"https:\/\/xtlaser.com\/fr\/vr-exhibition","title":{"rendered":"VR Exhibition"},"content":{"rendered":"<section class=\"wp-block-themepark-block-themepark-area block_layout thempark-block undefined bom100 top100\" id=\"\" style=\"padding-bottom:152px;padding-top:236px;\" data-swiper-parallax=\"-700\"><div class=\"block_layout_in\" style=\"max-width:2000px;\">\n<div class=\"wp-block-column block_layout_in is-layout-flow wp-block-column-is-layout-flow\">\n<h1 class=\"wp-block-heading has-text-align-center has-themecolor-1-color has-text-color has-link-color has-bonkers-font-size wp-elements-bbbfb66f97610551757605cbf73dae2f\" style=\"text-transform:uppercase\">Showroom virtuel<\/h1>\n\n\n\n<p class=\"has-text-align-center has-monte-white-color has-text-color has-link-color has-medium-font-size wp-elements-3a6f756e2d2f697bb552349bde8582da\">Vivez l'exp\u00e9rience compl\u00e8te sans vous y rendre personnellement. Parcourez XT LASER dans le cloud et laissez l'excitation \u00eatre sans fin.<\/p>\n\n\n\n<div class=\"wp-block-themepark-block-themepark-wright content-super-p\" style=\"font-size:14px;line-height:24px;color:#ffffff;padding:25px 10px;text-align: center;\">\n<div class=\"wp-block-column is-layout-flow wp-block-column-is-layout-flow\"><\/div>\n<\/div>\n<\/div>\n<\/div><div class=\"layout_badh\"><div class=\"shizhezhao\" style=\"opacity:0.08;background-color:#eb6100;\"><\/div><div class=\"PcOnly themepark-block_layout_ba lazyload swiper-lazy\" style=\"background-size:cover;background-position:center;\" data-background=\"https:\/\/xtlaser.com\/wp-content\/uploads\/2026\/02\/111-scaled.webp\"><\/div><div class=\"MovePnly themepark-block_layout_ba lazyload swiper-move-lazy\" style=\"background-size:cover;background-position:center;\" data-background=\"https:\/\/xtlaser.com\/wp-content\/uploads\/2026\/02\/111-\u62f7\u8d1d.webp\"><\/div><\/div><\/section>\n\n\n\n<section class=\"wp-block-themepark-block-themepark-area block_layout thempark-block undefined\" id=\"padingmax\" style=\"padding-bottom:38px;padding-top:38px;\" data-swiper-parallax=\"-700\"><div class=\"block_layout_in clomnsmal\" style=\"max-width:1900px;\">\n<div class=\"wp-block-column block_layout_in is-layout-flow wp-block-column-is-layout-flow\">\n<div class=\"wp-block-themepark-block-themepark-wright content-super-p\" style=\"font-size:12px;line-height:42px;padding:10px 10px;\">\n<div class=\"wp-block-column is-layout-flow wp-block-column-is-layout-flow\">\n<h2 class=\"wp-block-heading has-text-align-center has-normal-font-size\" style=\"text-transform:uppercase\"><strong>Fl\u00e2nez au-dessus des nuages et d\u00e9couvrez la vue panoramique de XT LASER.<\/strong><\/h2>\n\n\n\n<div class=\"wp-block-themepark-block-themepark-xian theme_fang_out\" style=\"text-align:center;padding-top:10px;padding-bottom:10px;\"><div class=\"fangbox\" style=\"width:254px;height:2px;background:linear-gradient(90deg, orange, purple);\"><\/div><\/div>\n<\/div>\n<\/div>\n<\/div>\n<\/div><div class=\"layout_badh\"><\/div><\/section>\n\n\n\n<div class=\"wp-block-themepark-block-themepark-iframe themepark-iframe\"><iframe src=\"https:\/\/view.vduvr.com\/#\/panoview\/50437\" scrolling=\"no\" frameborder=\"0\"><\/iframe><img decoding=\"async\" src=\"https:\/\/xtlaser.com\/wp-content\/uploads\/2025\/11\/banner12.webp\"\/><\/div>\n\n\n\n<p><\/p>","protected":false},"excerpt":{"rendered":"","protected":false},"author":1,"featured_media":0,"parent":0,"menu_order":0,"comment_status":"open","ping_status":"closed","template":"","meta":{"themepark_post_bcolor":"#f5f5f5","themepark_post_width":"100% dong","themepark_post_img":"","themepark_post_img_po":"center bttom","themepark_post_img_re":false,"themepark_post_img_cover":false,"themepark_post_img_fixed":false,"themepark_post_hide_title":true,"themepark_post_main_b":"","themepark_post_main_p":100,"themepark_paddingblock":false,"footnotes":""},"class_list":["post-1103","page","type-page","status-publish","hentry"],"_links":{"self":[{"href":"https:\/\/xtlaser.com\/fr\/wp-json\/wp\/v2\/pages\/1103","targetHints":{"allow":["GET"]}}],"collection":[{"href":"https:\/\/xtlaser.com\/fr\/wp-json\/wp\/v2\/pages"}],"about":[{"href":"https:\/\/xtlaser.com\/fr\/wp-json\/wp\/v2\/types\/page"}],"author":[{"embeddable":true,"href":"https:\/\/xtlaser.com\/fr\/wp-json\/wp\/v2\/users\/1"}],"replies":[{"embeddable":true,"href":"https:\/\/xtlaser.com\/fr\/wp-json\/wp\/v2\/comments?post=1103"}],"version-history":[{"count":30,"href":"https:\/\/xtlaser.com\/fr\/wp-json\/wp\/v2\/pages\/1103\/revisions"}],"predecessor-version":[{"id":73407,"href":"https:\/\/xtlaser.com\/fr\/wp-json\/wp\/v2\/pages\/1103\/revisions\/73407"}],"wp:attachment":[{"href":"https:\/\/xtlaser.com\/fr\/wp-json\/wp\/v2\/media?parent=1103"}],"curies":[{"name":"wp","href":"https:\/\/api.w.org\/{rel}","templated":true}]}}