{"id":72253,"date":"2025-12-23T14:15:12","date_gmt":"2025-12-23T06:15:12","guid":{"rendered":"https:\/\/xtlaser.com\/?post_type=product&#038;p=72253"},"modified":"2026-04-27T17:08:03","modified_gmt":"2026-04-27T09:08:03","slug":"fully-automatic-grinding-robot","status":"publish","type":"product","link":"https:\/\/xtlaser.com\/es\/product-item\/fully-automatic-grinding-robot","title":{"rendered":"Robot de Rectificado Totalmente Autom\u00e1tico"},"content":{"rendered":"<div class=\"post_content\">\n<section class=\"wp-block-themepark-block-themepark-area block_layout thempark-block PcOnly bom20 top20\" id=\"\" style=\"padding-top:300px;height:900px;box-sizing: border-box;width: 100%;\" data-swiper-parallax=\"-700\"><div class=\"block_layout_in\" style=\"\">\n<div class=\"wp-block-column block_layout_in is-layout-flow wp-block-column-is-layout-flow\">\n<div class=\"wp-block-themepark-block-themepark-xian theme_fang_out\" style=\"text-align:left;\"><div class=\"fangbox\" style=\"width:undefinedpx;\"><\/div><\/div>\n\n\n\n<h2 class=\"wp-block-heading has-text-align-right has-themecolor-1-color has-text-color has-large-font-size\">Robot de Rectificado Totalmente Autom\u00e1tico<\/h2>\n\n\n\n<h1 class=\"wp-block-heading has-text-align-right has-monte-white-color has-text-color has-normal-font-size\">Libere la mano de obra con rectificado flexible de alta precisi\u00f3n y alta eficiencia.<\/h1>\n<\/div>\n<\/div><div class=\"layout_badh\"><div class=\"shizhezhao\" style=\"opacity:0.15;background-color:#000000;\"><\/div><div class=\"PcOnly themepark-block_layout_ba lazyload swiper-lazy\" style=\"background-size:cover;background-position:center;\" data-background=\"https:\/\/xtlaser.com\/wp-content\/uploads\/2025\/12\/\u5168\u81ea\u52a8\u6253\u78e8\u673a\u5668\u4eba-\u4e3b\u56feok.webp\"><\/div><\/div><\/section>\n\n\n\n<section class=\"wp-block-themepark-block-themepark-area block_layout thempark-block MovePnly bom10 top10\" id=\"\" style=\"padding-top:2px;height:900px;box-sizing: border-box;width: 100%;\" data-swiper-parallax=\"-700\"><div class=\"block_layout_in\" style=\"\">\n<div class=\"wp-block-column block_layout_in is-layout-flow wp-block-column-is-layout-flow\">\n<figure class=\"wp-block-image size-full\"><img loading=\"lazy\" decoding=\"async\" width=\"1920\" height=\"1080\" src=\"https:\/\/xtlaser.com\/wp-content\/uploads\/2025\/12\/\u5168\u81ea\u52a8\u6253\u78e8\u673a\u5668\u4eba-\u4e3b\u56feok.webp\" alt=\"\" class=\"wp-image-72250\" srcset=\"https:\/\/xtlaser.com\/wp-content\/uploads\/2025\/12\/\u5168\u81ea\u52a8\u6253\u78e8\u673a\u5668\u4eba-\u4e3b\u56feok.webp 1920w, https:\/\/xtlaser.com\/wp-content\/uploads\/2025\/12\/\u5168\u81ea\u52a8\u6253\u78e8\u673a\u5668\u4eba-\u4e3b\u56feok-300x169.webp 300w, https:\/\/xtlaser.com\/wp-content\/uploads\/2025\/12\/\u5168\u81ea\u52a8\u6253\u78e8\u673a\u5668\u4eba-\u4e3b\u56feok-1024x576.webp 1024w, https:\/\/xtlaser.com\/wp-content\/uploads\/2025\/12\/\u5168\u81ea\u52a8\u6253\u78e8\u673a\u5668\u4eba-\u4e3b\u56feok-768x432.webp 768w, https:\/\/xtlaser.com\/wp-content\/uploads\/2025\/12\/\u5168\u81ea\u52a8\u6253\u78e8\u673a\u5668\u4eba-\u4e3b\u56feok-1536x864.webp 1536w, https:\/\/xtlaser.com\/wp-content\/uploads\/2025\/12\/\u5168\u81ea\u52a8\u6253\u78e8\u673a\u5668\u4eba-\u4e3b\u56feok-600x338.webp 600w\" sizes=\"auto, (max-width: 1920px) 100vw, 1920px\" \/><\/figure>\n\n\n\n<h2 class=\"wp-block-heading has-text-align-left has-themecolor-1-color has-text-color has-large-font-size\">Robot de Rectificado Totalmente Autom\u00e1tico<\/h2>\n\n\n\n<p>Libere la mano de obra con rectificado flexible de alta precisi\u00f3n y alta eficiencia.<\/p>\n<\/div>\n<\/div><div class=\"layout_badh\"><div class=\"shizhezhao\" style=\"opacity:0.15;background-color:;\"><\/div><\/div><\/section>\n\n\n\n<section class=\"wp-block-themepark-block-themepark-area block_layout thempark-block PcOnly bom20 top20\" id=\"\" style=\"padding-top:300px;height:900px;box-sizing: border-box;width: 100%;\" data-swiper-parallax=\"-700\"><div class=\"block_layout_in\" style=\"\">\n<div class=\"wp-block-column block_layout_in is-layout-flow wp-block-column-is-layout-flow\">\n<div class=\"wp-block-themepark-block-themepark-xian theme_fang_out  top10\" style=\"text-align:left;padding-top:360px;\"><div class=\"fangbox\" style=\"width:0px;\"><\/div><\/div>\n\n\n\n<h2 class=\"wp-block-heading has-text-align-left has-themecolor-1-color has-text-color has-large-font-size\">Operaci\u00f3n Continua 24\/7 | Libere su Fuerza Laboral<\/h2>\n\n\n\n<p><\/p>\n\n\n\n<p class=\"has-text-align-left has-monte-white-color has-text-color has-normal-font-size\">Sustituya las tareas de rectificado manual pesadas y altamente contaminantes con precisi\u00f3n automatizada. <\/p>\n\n\n\n<p class=\"has-text-align-left has-monte-white-color has-text-color has-normal-font-size\">Mantenga la coherencia a largo plazo y reduzca significativamente los costos laborales mediante la operaci\u00f3n ininterrumpida las 24 horas.<\/p>\n<\/div>\n<\/div><div class=\"layout_badh\"><div class=\"shizhezhao\" style=\"opacity:0.15;background-color:#000000;\"><\/div><div class=\"PcOnly themepark-block_layout_ba lazyload swiper-lazy\" style=\"background-size:cover;background-position:center;\" data-background=\"https:\/\/xtlaser.com\/wp-content\/uploads\/2025\/12\/\u5168\u81ea\u52a8\u6253\u78e8\u673a\u5668\u4eba-\u89e3\u653e\u4eba\u529b\uff0c24h\u5168\u65f6\u6bb5\u4f5c\u4e1aok.webp\"><\/div><\/div><\/section>\n\n\n\n<section class=\"wp-block-themepark-block-themepark-area block_layout thempark-block MovePnly bom10 top10\" id=\"\" style=\"padding-top:2px;height:900px;box-sizing: border-box;width: 100%;\" data-swiper-parallax=\"-700\"><div class=\"block_layout_in\" style=\"\">\n<div class=\"wp-block-column block_layout_in is-layout-flow wp-block-column-is-layout-flow\">\n<figure class=\"wp-block-image size-full\"><img loading=\"lazy\" decoding=\"async\" width=\"1920\" height=\"1080\" src=\"https:\/\/xtlaser.com\/wp-content\/uploads\/2025\/12\/\u5168\u81ea\u52a8\u6253\u78e8\u673a\u5668\u4eba-\u89e3\u653e\u4eba\u529b\uff0c24h\u5168\u65f6\u6bb5\u4f5c\u4e1aok.webp\" alt=\"\" class=\"wp-image-72249\" srcset=\"https:\/\/xtlaser.com\/wp-content\/uploads\/2025\/12\/\u5168\u81ea\u52a8\u6253\u78e8\u673a\u5668\u4eba-\u89e3\u653e\u4eba\u529b\uff0c24h\u5168\u65f6\u6bb5\u4f5c\u4e1aok.webp 1920w, https:\/\/xtlaser.com\/wp-content\/uploads\/2025\/12\/\u5168\u81ea\u52a8\u6253\u78e8\u673a\u5668\u4eba-\u89e3\u653e\u4eba\u529b\uff0c24h\u5168\u65f6\u6bb5\u4f5c\u4e1aok-300x169.webp 300w, https:\/\/xtlaser.com\/wp-content\/uploads\/2025\/12\/\u5168\u81ea\u52a8\u6253\u78e8\u673a\u5668\u4eba-\u89e3\u653e\u4eba\u529b\uff0c24h\u5168\u65f6\u6bb5\u4f5c\u4e1aok-1024x576.webp 1024w, https:\/\/xtlaser.com\/wp-content\/uploads\/2025\/12\/\u5168\u81ea\u52a8\u6253\u78e8\u673a\u5668\u4eba-\u89e3\u653e\u4eba\u529b\uff0c24h\u5168\u65f6\u6bb5\u4f5c\u4e1aok-768x432.webp 768w, https:\/\/xtlaser.com\/wp-content\/uploads\/2025\/12\/\u5168\u81ea\u52a8\u6253\u78e8\u673a\u5668\u4eba-\u89e3\u653e\u4eba\u529b\uff0c24h\u5168\u65f6\u6bb5\u4f5c\u4e1aok-1536x864.webp 1536w, https:\/\/xtlaser.com\/wp-content\/uploads\/2025\/12\/\u5168\u81ea\u52a8\u6253\u78e8\u673a\u5668\u4eba-\u89e3\u653e\u4eba\u529b\uff0c24h\u5168\u65f6\u6bb5\u4f5c\u4e1aok-600x338.webp 600w\" sizes=\"auto, (max-width: 1920px) 100vw, 1920px\" \/><\/figure>\n\n\n\n<h2 class=\"wp-block-heading has-text-align-left has-themecolor-1-color has-text-color has-large-font-size\">Operaci\u00f3n Continua 24\/7 | Libere su Fuerza Laboral<\/h2>\n\n\n\n<p>Sustituya las tareas de rectificado manual pesadas y altamente contaminantes con precisi\u00f3n automatizada. <\/p>\n\n\n\n<p>Mantenga la coherencia a largo plazo y reduzca significativamente los costos laborales mediante la operaci\u00f3n ininterrumpida las 24 horas.<\/p>\n<\/div>\n<\/div><div class=\"layout_badh\"><div class=\"shizhezhao\" style=\"opacity:0.15;background-color:;\"><\/div><\/div><\/section>\n\n\n\n<section class=\"wp-block-themepark-block-themepark-area block_layout thempark-block PcOnly bom20 top20\" id=\"\" style=\"padding-top:300px;height:900px;box-sizing: border-box;width: 100%;\" data-swiper-parallax=\"-700\"><div class=\"block_layout_in\" style=\"\">\n<div class=\"wp-block-column block_layout_in is-layout-flow wp-block-column-is-layout-flow\">\n<div class=\"wp-block-themepark-block-themepark-xian theme_fang_out\" style=\"text-align:left;padding-top:1px;\"><div class=\"fangbox\" style=\"width:undefinedpx;height:34px;\"><\/div><\/div>\n\n\n\n<h2 class=\"wp-block-heading has-text-align-center has-themecolor-1-color has-text-color has-large-font-size\">Identificaci\u00f3n Visual Inteligente <\/h2>\n\n\n\n<h2 class=\"wp-block-heading has-text-align-center has-themecolor-1-color has-text-color has-link-color has-large-font-size wp-elements-a832b7c2ff4a007914ac0e8dc88b6a2b\"> Dominar Miles de Piezas como Una Sola<\/h2>\n\n\n\n<p><\/p>\n\n\n\n<p class=\"has-text-align-center has-monte-white-color has-text-color has-normal-font-size\">Los algoritmos de visi\u00f3n de alto rendimiento identifican con precisi\u00f3n las poses de las piezas para correcci\u00f3n autom\u00e1tica de desviaciones. <\/p>\n\n\n\n<p class=\"has-text-align-center has-monte-white-color has-text-color has-normal-font-size\">La compensaci\u00f3n inteligente del desgaste de consumibles garantiza que la precisi\u00f3n de rectificado de cada pieza se mantenga altamente uniforme.<\/p>\n\n\n\n<p class=\"has-text-align-left has-monte-white-color has-text-color has-normal-font-size\"><\/p>\n<\/div>\n<\/div><div class=\"layout_badh\"><div class=\"shizhezhao\" style=\"opacity:0.15;background-color:#000000;\"><\/div><div class=\"PcOnly themepark-block_layout_ba lazyload swiper-lazy\" style=\"background-size:cover;background-position:center;\" data-background=\"https:\/\/xtlaser.com\/wp-content\/uploads\/2025\/12\/\u5168\u81ea\u52a8\u6253\u78e8\u673a\u5668\u4eba-\u89c6\u89c9\u667a\u80fd\u8bc6\u522bok.webp\"><\/div><\/div><\/section>\n\n\n\n<section class=\"wp-block-themepark-block-themepark-area block_layout thempark-block MovePnly bom10 top10\" id=\"\" style=\"padding-top:2px;height:900px;box-sizing: border-box;width: 100%;\" data-swiper-parallax=\"-700\"><div class=\"block_layout_in\" style=\"\">\n<div class=\"wp-block-column block_layout_in is-layout-flow wp-block-column-is-layout-flow\">\n<figure class=\"wp-block-image size-full\"><img loading=\"lazy\" decoding=\"async\" width=\"1920\" height=\"1080\" src=\"https:\/\/xtlaser.com\/wp-content\/uploads\/2025\/12\/\u5168\u81ea\u52a8\u6253\u78e8\u673a\u5668\u4eba-\u89c6\u89c9\u667a\u80fd\u8bc6\u522bok.webp\" alt=\"\" class=\"wp-image-72251\" srcset=\"https:\/\/xtlaser.com\/wp-content\/uploads\/2025\/12\/\u5168\u81ea\u52a8\u6253\u78e8\u673a\u5668\u4eba-\u89c6\u89c9\u667a\u80fd\u8bc6\u522bok.webp 1920w, https:\/\/xtlaser.com\/wp-content\/uploads\/2025\/12\/\u5168\u81ea\u52a8\u6253\u78e8\u673a\u5668\u4eba-\u89c6\u89c9\u667a\u80fd\u8bc6\u522bok-300x169.webp 300w, https:\/\/xtlaser.com\/wp-content\/uploads\/2025\/12\/\u5168\u81ea\u52a8\u6253\u78e8\u673a\u5668\u4eba-\u89c6\u89c9\u667a\u80fd\u8bc6\u522bok-1024x576.webp 1024w, https:\/\/xtlaser.com\/wp-content\/uploads\/2025\/12\/\u5168\u81ea\u52a8\u6253\u78e8\u673a\u5668\u4eba-\u89c6\u89c9\u667a\u80fd\u8bc6\u522bok-768x432.webp 768w, https:\/\/xtlaser.com\/wp-content\/uploads\/2025\/12\/\u5168\u81ea\u52a8\u6253\u78e8\u673a\u5668\u4eba-\u89c6\u89c9\u667a\u80fd\u8bc6\u522bok-1536x864.webp 1536w, https:\/\/xtlaser.com\/wp-content\/uploads\/2025\/12\/\u5168\u81ea\u52a8\u6253\u78e8\u673a\u5668\u4eba-\u89c6\u89c9\u667a\u80fd\u8bc6\u522bok-600x338.webp 600w\" sizes=\"auto, (max-width: 1920px) 100vw, 1920px\" \/><\/figure>\n\n\n\n<h2 class=\"wp-block-heading has-text-align-left has-themecolor-1-color has-text-color has-large-font-size\"><strong>Identificaci\u00f3n Visual Inteligente <\/strong><\/h2>\n\n\n\n<h2 class=\"wp-block-heading has-text-align-left has-themecolor-1-color has-text-color has-link-color has-large-font-size wp-elements-8d39d9fd425729cb5f8b674fd034b2bb\"><strong>Dominar Miles de Piezas como Una Sola<\/strong><\/h2>\n\n\n\n<p>Esto va mucho m\u00e1s all\u00e1 de una simple restauraci\u00f3n. Es una actualizaci\u00f3n integral de rendimiento. Al revestir con materiales de aleaci\u00f3n de alto rendimiento, los componentes reparados adquieren una resistencia al desgaste, resistencia a la corrosi\u00f3n y tolerancia a altas temperaturas superiores a los productos nuevos, duplicando efectivamente su vida \u00fatil.<\/p>\n<\/div>\n<\/div><div class=\"layout_badh\"><div class=\"shizhezhao\" style=\"opacity:0.15;background-color:;\"><\/div><\/div><\/section>\n\n\n\n<section class=\"wp-block-themepark-block-themepark-area block_layout thempark-block PcOnly bom20 top20\" id=\"\" style=\"padding-top:300px;height:900px;box-sizing: border-box;width: 100%;\" data-swiper-parallax=\"-700\"><div class=\"block_layout_in\" style=\"\">\n<div class=\"wp-block-column block_layout_in is-layout-flow wp-block-column-is-layout-flow\">\n<div class=\"wp-block-themepark-block-themepark-xian theme_fang_out  top10\" style=\"text-align:left;padding-top:1px;\"><div class=\"fangbox\" style=\"width:undefinedpx;\"><\/div><\/div>\n\n\n\n<h2 class=\"wp-block-heading has-text-align-right has-themecolor-1-color has-text-color has-large-font-size\">Vinculaci\u00f3n Multi-Eje | M\u00e1xima Flexibilidad<\/h2>\n\n\n\n<p><\/p>\n\n\n\n<p class=\"has-text-align-right has-monte-white-color has-text-color has-normal-font-size\">Las trayectorias de movimiento avanzadas logran sin esfuerzo un rectificado integral en superficies 3D complejas y componentes irregulares. <\/p>\n\n\n\n<p class=\"has-text-align-right has-monte-white-color has-text-color has-normal-font-size\">Dise\u00f1ado para satisfacer las demandas de l\u00edneas de producci\u00f3n altamente diversas.<\/p>\n<\/div>\n<\/div><div class=\"layout_badh\"><div class=\"shizhezhao\" style=\"opacity:0.15;background-color:#000000;\"><\/div><div class=\"PcOnly themepark-block_layout_ba lazyload swiper-lazy\" style=\"background-size:cover;background-position:center;\" data-background=\"https:\/\/xtlaser.com\/wp-content\/uploads\/2025\/12\/\u5168\u81ea\u52a8\u6253\u78e8\u673a\u5668\u4eba-\u591a\u8f74\u8fd0\u52a8\u6781\u81f4\u67d4\u6027ok.webp\"><\/div><\/div><\/section>\n\n\n\n<section class=\"wp-block-themepark-block-themepark-area block_layout thempark-block MovePnly bom10 top10\" id=\"\" style=\"padding-top:2px;height:900px;box-sizing: border-box;width: 100%;\" data-swiper-parallax=\"-700\"><div class=\"block_layout_in\" style=\"\">\n<div class=\"wp-block-column block_layout_in is-layout-flow wp-block-column-is-layout-flow\">\n<figure class=\"wp-block-image size-full is-style-default\"><img loading=\"lazy\" decoding=\"async\" width=\"1920\" height=\"1080\" src=\"https:\/\/xtlaser.com\/wp-content\/uploads\/2025\/12\/\u5168\u81ea\u52a8\u6253\u78e8\u673a\u5668\u4eba-\u591a\u8f74\u8fd0\u52a8\u6781\u81f4\u67d4\u6027ok.webp\" alt=\"\" class=\"wp-image-72252\" srcset=\"https:\/\/xtlaser.com\/wp-content\/uploads\/2025\/12\/\u5168\u81ea\u52a8\u6253\u78e8\u673a\u5668\u4eba-\u591a\u8f74\u8fd0\u52a8\u6781\u81f4\u67d4\u6027ok.webp 1920w, https:\/\/xtlaser.com\/wp-content\/uploads\/2025\/12\/\u5168\u81ea\u52a8\u6253\u78e8\u673a\u5668\u4eba-\u591a\u8f74\u8fd0\u52a8\u6781\u81f4\u67d4\u6027ok-300x169.webp 300w, https:\/\/xtlaser.com\/wp-content\/uploads\/2025\/12\/\u5168\u81ea\u52a8\u6253\u78e8\u673a\u5668\u4eba-\u591a\u8f74\u8fd0\u52a8\u6781\u81f4\u67d4\u6027ok-1024x576.webp 1024w, https:\/\/xtlaser.com\/wp-content\/uploads\/2025\/12\/\u5168\u81ea\u52a8\u6253\u78e8\u673a\u5668\u4eba-\u591a\u8f74\u8fd0\u52a8\u6781\u81f4\u67d4\u6027ok-768x432.webp 768w, https:\/\/xtlaser.com\/wp-content\/uploads\/2025\/12\/\u5168\u81ea\u52a8\u6253\u78e8\u673a\u5668\u4eba-\u591a\u8f74\u8fd0\u52a8\u6781\u81f4\u67d4\u6027ok-1536x864.webp 1536w, https:\/\/xtlaser.com\/wp-content\/uploads\/2025\/12\/\u5168\u81ea\u52a8\u6253\u78e8\u673a\u5668\u4eba-\u591a\u8f74\u8fd0\u52a8\u6781\u81f4\u67d4\u6027ok-600x338.webp 600w\" sizes=\"auto, (max-width: 1920px) 100vw, 1920px\" \/><\/figure>\n\n\n\n<h2 class=\"wp-block-heading has-text-align-left has-themecolor-1-color has-text-color has-large-font-size\">Vinculaci\u00f3n Multi-Eje | M\u00e1xima Flexibilidad<\/h2>\n\n\n\n<p>Las trayectorias de movimiento avanzadas logran sin esfuerzo un rectificado integral en superficies 3D complejas y componentes irregulares. <\/p>\n\n\n\n<p>Dise\u00f1ado para satisfacer las demandas de l\u00edneas de producci\u00f3n altamente diversas.<\/p>\n<\/div>\n<\/div><div class=\"layout_badh\"><div class=\"shizhezhao\" style=\"opacity:0.15;background-color:;\"><\/div><\/div><\/section>\n\n\n\n<div class=\"wp-block-themepark-block-themepark-area block_layout thempark-block undefined\" id=\"padingmax\" style=\"background-color:#f7f7f7;padding-bottom:38px;padding-top:38px;\" data-swiper-parallax=\"-700\"><div class=\"block_layout_in\" style=\"max-width:1900px;\">\n<div class=\"wp-block-column block_layout_in is-layout-flow wp-block-column-is-layout-flow\">\n<div class=\"wp-block-themepark-block-themepark-wright content-super-p\" style=\"font-size:12px;line-height:42px;padding:10px 10px;\">\n<div class=\"wp-block-column is-layout-flow wp-block-column-is-layout-flow\">\n<p class=\"has-text-align-center has-themecolor-1-color has-text-color has-link-color has-large-font-size wp-elements-75160ef55f9568d5c6e09e84db854271\"><strong>\u00c1reas de aplicaci\u00f3n<\/strong><\/p>\n\n\n\n<p class=\"has-text-align-center has-text-color has-link-color has-normal-font-size wp-elements-4c2e70755718abae4f2b2a4ef12ea9ff\" style=\"color:#333333\">Fabricaci\u00f3n y procesamiento de metales, equipos de transporte, maquinaria y equipos el\u00e9ctricos, energ\u00eda nueva y protecci\u00f3n ambiental, electr\u00f3nica de consumo e instrumentos de precisi\u00f3n<\/p>\n\n\n\n<p><\/p>\n\n\n<div class=\"wp-block-image\">\n<figure class=\"aligncenter size-large\"><img loading=\"lazy\" decoding=\"async\" width=\"1024\" height=\"201\" src=\"https:\/\/xtlaser.com\/wp-content\/uploads\/2025\/12\/\u7ec4-450-2-1024x201.webp\" alt=\"\" class=\"wp-image-72239\" srcset=\"https:\/\/xtlaser.com\/wp-content\/uploads\/2025\/12\/\u7ec4-450-2-1024x201.webp 1024w, https:\/\/xtlaser.com\/wp-content\/uploads\/2025\/12\/\u7ec4-450-2-300x59.webp 300w, https:\/\/xtlaser.com\/wp-content\/uploads\/2025\/12\/\u7ec4-450-2-768x151.webp 768w, https:\/\/xtlaser.com\/wp-content\/uploads\/2025\/12\/\u7ec4-450-2-1536x302.webp 1536w, https:\/\/xtlaser.com\/wp-content\/uploads\/2025\/12\/\u7ec4-450-2-600x118.webp 600w, https:\/\/xtlaser.com\/wp-content\/uploads\/2025\/12\/\u7ec4-450-2.webp 1550w\" sizes=\"auto, (max-width: 1024px) 100vw, 1024px\" \/><\/figure>\n<\/div><\/div>\n<\/div>\n<\/div>\n<\/div><div class=\"layout_badh\"><\/div><\/div>\n\n\n\n<p><\/p>\n<\/div>","protected":false},"excerpt":{"rendered":"[tp_attributes num_attributes=\"5\"]","protected":false},"featured_media":72254,"template":"","meta":{"themepark_post_bcolor":"#f5f5f5","themepark_post_width":"1022px","themepark_post_img":"","themepark_post_img_po":"left","themepark_post_img_re":false,"themepark_post_img_cover":false,"themepark_post_img_fixed":false,"themepark_post_hide_title":false,"themepark_post_main_b":"","themepark_post_main_p":100,"themepark_paddingblock":false},"product_brand":[47],"product_cat":[69,2811],"product_tag":[],"class_list":{"0":"post-72253","1":"product","2":"type-product","3":"status-publish","4":"has-post-thumbnail","6":"product_brand-xt-laser","7":"product_cat-fiber-laser-cutting-machine","8":"product_cat-cladding-burnish","10":"first","11":"instock","12":"shipping-taxable","13":"product-type-simple"},"_links":{"self":[{"href":"https:\/\/xtlaser.com\/es\/wp-json\/wp\/v2\/product\/72253","targetHints":{"allow":["GET"]}}],"collection":[{"href":"https:\/\/xtlaser.com\/es\/wp-json\/wp\/v2\/product"}],"about":[{"href":"https:\/\/xtlaser.com\/es\/wp-json\/wp\/v2\/types\/product"}],"wp:featuredmedia":[{"embeddable":true,"href":"https:\/\/xtlaser.com\/es\/wp-json\/wp\/v2\/media\/72254"}],"wp:attachment":[{"href":"https:\/\/xtlaser.com\/es\/wp-json\/wp\/v2\/media?parent=72253"}],"wp:term":[{"taxonomy":"product_brand","embeddable":true,"href":"https:\/\/xtlaser.com\/es\/wp-json\/wp\/v2\/product_brand?post=72253"},{"taxonomy":"product_cat","embeddable":true,"href":"https:\/\/xtlaser.com\/es\/wp-json\/wp\/v2\/product_cat?post=72253"},{"taxonomy":"product_tag","embeddable":true,"href":"https:\/\/xtlaser.com\/es\/wp-json\/wp\/v2\/product_tag?post=72253"}],"curies":[{"name":"wp","href":"https:\/\/api.w.org\/{rel}","templated":true}]}}