{"id":72240,"date":"2025-12-23T13:46:09","date_gmt":"2025-12-23T05:46:09","guid":{"rendered":"https:\/\/xtlaser.com\/?post_type=product&#038;p=72240"},"modified":"2026-01-27T15:27:19","modified_gmt":"2026-01-27T07:27:19","slug":"laser-cladding-robot","status":"publish","type":"product","link":"https:\/\/xtlaser.com\/es\/product-item\/laser-cladding-robot","title":{"rendered":"Robot de Revestimiento por L\u00e1ser"},"content":{"rendered":"<div class=\"post_content\">\n<section class=\"wp-block-themepark-block-themepark-area block_layout thempark-block PcOnly bom20 top20\" id=\"\" style=\"padding-top:76px;height:900px;box-sizing: border-box;width: 100%;\" data-swiper-parallax=\"-700\"><div class=\"block_layout_in\" style=\"\">\n<div class=\"wp-block-column block_layout_in is-layout-flow wp-block-column-is-layout-flow\">\n<div class=\"wp-block-themepark-block-themepark-xian theme_fang_out\" style=\"text-align:left;\"><div class=\"fangbox\" style=\"width:undefinedpx;\"><\/div><\/div>\n\n\n\n<h2 class=\"wp-block-heading has-text-align-right has-themecolor-1-color has-text-color has-large-font-size\">Robot de Revestimiento por L\u00e1ser<\/h2>\n\n\n\n<h1 class=\"wp-block-heading has-text-align-right has-monte-white-color has-text-color has-normal-font-size\">Especialista en remanufactura aditiva y modificaci\u00f3n de superficies para componentes de alto valor.<\/h1>\n<\/div>\n<\/div><div class=\"layout_badh\"><div class=\"shizhezhao\" style=\"opacity:0.15;background-color:#000000;\"><\/div><div class=\"PcOnly themepark-block_layout_ba lazyload swiper-lazy\" style=\"background-size:cover;background-position:center;\" data-background=\"https:\/\/xtlaser.com\/wp-content\/uploads\/2025\/12\/\u6fc0\u5149\u7194\u8986\u673a\u5668\u4eba-\u591a\u8f74\u8fd0\u52a8\u6781\u81f4\u67d4\u6027ok.webp\"><\/div><\/div><\/section>\n\n\n\n<section class=\"wp-block-themepark-block-themepark-area block_layout thempark-block MovePnly bom10 top10\" id=\"\" style=\"padding-top:2px;height:900px;box-sizing: border-box;width: 100%;\" data-swiper-parallax=\"-700\"><div class=\"block_layout_in\" style=\"\">\n<div class=\"wp-block-column block_layout_in is-layout-flow wp-block-column-is-layout-flow\">\n<figure class=\"wp-block-image size-full\"><img loading=\"lazy\" decoding=\"async\" width=\"1927\" height=\"1084\" src=\"https:\/\/xtlaser.com\/wp-content\/uploads\/2025\/12\/\u6fc0\u5149\u7194\u8986\u673a\u5668\u4eba-\u591a\u8f74\u8fd0\u52a8\u6781\u81f4\u67d4\u6027ok.webp\" alt=\"\" class=\"wp-image-72234\" srcset=\"https:\/\/xtlaser.com\/wp-content\/uploads\/2025\/12\/\u6fc0\u5149\u7194\u8986\u673a\u5668\u4eba-\u591a\u8f74\u8fd0\u52a8\u6781\u81f4\u67d4\u6027ok.webp 1927w, https:\/\/xtlaser.com\/wp-content\/uploads\/2025\/12\/\u6fc0\u5149\u7194\u8986\u673a\u5668\u4eba-\u591a\u8f74\u8fd0\u52a8\u6781\u81f4\u67d4\u6027ok-300x169.webp 300w, https:\/\/xtlaser.com\/wp-content\/uploads\/2025\/12\/\u6fc0\u5149\u7194\u8986\u673a\u5668\u4eba-\u591a\u8f74\u8fd0\u52a8\u6781\u81f4\u67d4\u6027ok-1024x576.webp 1024w, https:\/\/xtlaser.com\/wp-content\/uploads\/2025\/12\/\u6fc0\u5149\u7194\u8986\u673a\u5668\u4eba-\u591a\u8f74\u8fd0\u52a8\u6781\u81f4\u67d4\u6027ok-768x432.webp 768w, https:\/\/xtlaser.com\/wp-content\/uploads\/2025\/12\/\u6fc0\u5149\u7194\u8986\u673a\u5668\u4eba-\u591a\u8f74\u8fd0\u52a8\u6781\u81f4\u67d4\u6027ok-1536x864.webp 1536w, https:\/\/xtlaser.com\/wp-content\/uploads\/2025\/12\/\u6fc0\u5149\u7194\u8986\u673a\u5668\u4eba-\u591a\u8f74\u8fd0\u52a8\u6781\u81f4\u67d4\u6027ok-600x338.webp 600w\" sizes=\"auto, (max-width: 1927px) 100vw, 1927px\" \/><\/figure>\n\n\n\n<h2 class=\"wp-block-heading has-text-align-left has-themecolor-1-color has-text-color has-large-font-size\">Robot de Revestimiento por L\u00e1ser<\/h2>\n\n\n\n<p>Especialista en remanufactura aditiva y modificaci\u00f3n de superficies para componentes de alto valor.<\/p>\n<\/div>\n<\/div><div class=\"layout_badh\"><div class=\"shizhezhao\" style=\"opacity:0.15;background-color:;\"><\/div><\/div><\/section>\n\n\n\n<section class=\"wp-block-themepark-block-themepark-area block_layout thempark-block PcOnly bom20 top20\" id=\"\" style=\"padding-top:300px;height:900px;box-sizing: border-box;width: 100%;\" data-swiper-parallax=\"-700\"><div class=\"block_layout_in\" style=\"\">\n<div class=\"wp-block-column block_layout_in is-layout-flow wp-block-column-is-layout-flow\">\n<div class=\"wp-block-themepark-block-themepark-xian theme_fang_out  top10\" style=\"text-align:left;padding-top:1px;\"><div class=\"fangbox\" style=\"width:0px;\"><\/div><\/div>\n\n\n\n<h2 class=\"wp-block-heading has-text-align-left has-themecolor-1-color has-text-color has-large-font-size\">Reparar en Lugar de Reemplazar | Reduce Costos un 70%<\/h2>\n\n\n\n<p><\/p>\n\n\n\n<p class=\"has-text-align-left has-monte-white-color has-text-color has-normal-font-size\">Desechar componentes centrales de alto valor ya no es el final del camino.<\/p>\n\n\n\n<p class=\"has-text-align-left has-monte-white-color has-text-color has-normal-font-size\"> El revestimiento por l\u00e1ser de precisi\u00f3n restaura el rendimiento a los est\u00e1ndares originales, o incluso los supera. <\/p>\n\n\n\n<p class=\"has-text-align-left has-monte-white-color has-text-color has-normal-font-size\">Con costos de reparaci\u00f3n que son solo el 20%-30% de la adquisici\u00f3n de una pieza nueva, logras una reducci\u00f3n directa del 70% en costos.<\/p>\n<\/div>\n<\/div><div class=\"layout_badh\"><div class=\"shizhezhao\" style=\"opacity:0.15;background-color:#000000;\"><\/div><div class=\"PcOnly themepark-block_layout_ba lazyload swiper-lazy\" style=\"background-size:cover;background-position:center;\" data-background=\"https:\/\/xtlaser.com\/wp-content\/uploads\/2025\/12\/\u4ee5\u4fee\u4ee3\u9020\uff0c\u6210\u672c\u9510\u51cf70ok.webp\"><\/div><\/div><\/section>\n\n\n\n<section class=\"wp-block-themepark-block-themepark-area block_layout thempark-block MovePnly bom10 top10\" id=\"\" style=\"padding-top:2px;height:900px;box-sizing: border-box;width: 100%;\" data-swiper-parallax=\"-700\"><div class=\"block_layout_in\" style=\"\">\n<div class=\"wp-block-column block_layout_in is-layout-flow wp-block-column-is-layout-flow\">\n<figure class=\"wp-block-image size-full\"><img loading=\"lazy\" decoding=\"async\" width=\"1918\" height=\"1079\" src=\"https:\/\/xtlaser.com\/wp-content\/uploads\/2025\/12\/\u4ee5\u4fee\u4ee3\u9020\uff0c\u6210\u672c\u9510\u51cf70ok.webp\" alt=\"\" class=\"wp-image-72235\" srcset=\"https:\/\/xtlaser.com\/wp-content\/uploads\/2025\/12\/\u4ee5\u4fee\u4ee3\u9020\uff0c\u6210\u672c\u9510\u51cf70ok.webp 1918w, https:\/\/xtlaser.com\/wp-content\/uploads\/2025\/12\/\u4ee5\u4fee\u4ee3\u9020\uff0c\u6210\u672c\u9510\u51cf70ok-300x169.webp 300w, https:\/\/xtlaser.com\/wp-content\/uploads\/2025\/12\/\u4ee5\u4fee\u4ee3\u9020\uff0c\u6210\u672c\u9510\u51cf70ok-1024x576.webp 1024w, https:\/\/xtlaser.com\/wp-content\/uploads\/2025\/12\/\u4ee5\u4fee\u4ee3\u9020\uff0c\u6210\u672c\u9510\u51cf70ok-768x432.webp 768w, https:\/\/xtlaser.com\/wp-content\/uploads\/2025\/12\/\u4ee5\u4fee\u4ee3\u9020\uff0c\u6210\u672c\u9510\u51cf70ok-1536x864.webp 1536w, https:\/\/xtlaser.com\/wp-content\/uploads\/2025\/12\/\u4ee5\u4fee\u4ee3\u9020\uff0c\u6210\u672c\u9510\u51cf70ok-600x338.webp 600w\" sizes=\"auto, (max-width: 1918px) 100vw, 1918px\" \/><\/figure>\n\n\n\n<h2 class=\"wp-block-heading has-text-align-left has-themecolor-1-color has-text-color has-large-font-size\">Reparar en Lugar de Reemplazar | Reduce Costos un 70%<\/h2>\n\n\n\n<p>Desechar componentes centrales de alto valor ya no es el final del camino. El revestimiento por l\u00e1ser de precisi\u00f3n restaura el rendimiento a los est\u00e1ndares originales<\/p>\n\n\n\n<p>\u2014o incluso los supera. Con costos de reparaci\u00f3n que son solo el 20%-30% de la adquisici\u00f3n de una pieza nueva, logras una reducci\u00f3n directa del 70% en costos.<\/p>\n<\/div>\n<\/div><div class=\"layout_badh\"><div class=\"shizhezhao\" style=\"opacity:0.15;background-color:;\"><\/div><\/div><\/section>\n\n\n\n<section class=\"wp-block-themepark-block-themepark-area block_layout thempark-block PcOnly bom20 top20\" id=\"\" style=\"padding-top:300px;height:900px;box-sizing: border-box;width: 100%;\" data-swiper-parallax=\"-700\"><div class=\"block_layout_in\" style=\"\">\n<div class=\"wp-block-column block_layout_in is-layout-flow wp-block-column-is-layout-flow\">\n<div class=\"wp-block-themepark-block-themepark-xian theme_fang_out\" style=\"text-align:left;padding-top:1px;\"><div class=\"fangbox\" style=\"width:undefinedpx;\"><\/div><\/div>\n\n\n\n<h2 class=\"wp-block-heading has-text-align-left has-themecolor-1-color has-text-color has-large-font-size\">Salto de Rendimiento | Vida \u00datil Extendida 1-2 Veces<\/h2>\n\n\n\n<p><\/p>\n\n\n\n<p class=\"has-text-align-left has-monte-white-color has-text-color has-normal-font-size\">Esto es mucho m\u00e1s que una simple restauraci\u00f3n. Es una mejora integral del rendimiento. Mediante el revestimiento con materiales de aleaci\u00f3n de alto rendimiento, <\/p>\n\n\n\n<p class=\"has-text-align-left has-monte-white-color has-text-color has-normal-font-size\">los componentes reparados adquieren una resistencia al desgaste y a la corrosi\u00f3n superiores, <\/p>\n\n\n\n<p class=\"has-text-align-left has-monte-white-color has-text-color has-normal-font-size\">y una tolerancia a altas temperaturas que supera a la de los productos nuevos, lo que efectivamente duplica su vida \u00fatil.<\/p>\n<\/div>\n<\/div><div class=\"layout_badh\"><div class=\"shizhezhao\" style=\"opacity:0.15;background-color:#000000;\"><\/div><div class=\"PcOnly themepark-block_layout_ba lazyload swiper-lazy\" style=\"background-size:cover;background-position:center;\" data-background=\"https:\/\/xtlaser.com\/wp-content\/uploads\/2025\/12\/\u6fc0\u5149\u7194\u8986\u673a\u5668\u4eba-\u6027\u80fd\u8dc3\u5347\uff0c\u5bff\u547d\u5ef6\u957f1-2\u500dok.webp\"><\/div><\/div><\/section>\n\n\n\n<section class=\"wp-block-themepark-block-themepark-area block_layout thempark-block MovePnly bom10 top10\" id=\"\" style=\"padding-top:2px;height:900px;box-sizing: border-box;width: 100%;\" data-swiper-parallax=\"-700\"><div class=\"block_layout_in\" style=\"\">\n<div class=\"wp-block-column block_layout_in is-layout-flow wp-block-column-is-layout-flow\">\n<figure class=\"wp-block-image size-full\"><img loading=\"lazy\" decoding=\"async\" width=\"1920\" height=\"1080\" src=\"https:\/\/xtlaser.com\/wp-content\/uploads\/2025\/12\/\u6fc0\u5149\u7194\u8986\u673a\u5668\u4eba-\u6027\u80fd\u8dc3\u5347\uff0c\u5bff\u547d\u5ef6\u957f1-2\u500dok.webp\" alt=\"\" class=\"wp-image-72236\" srcset=\"https:\/\/xtlaser.com\/wp-content\/uploads\/2025\/12\/\u6fc0\u5149\u7194\u8986\u673a\u5668\u4eba-\u6027\u80fd\u8dc3\u5347\uff0c\u5bff\u547d\u5ef6\u957f1-2\u500dok.webp 1920w, https:\/\/xtlaser.com\/wp-content\/uploads\/2025\/12\/\u6fc0\u5149\u7194\u8986\u673a\u5668\u4eba-\u6027\u80fd\u8dc3\u5347\uff0c\u5bff\u547d\u5ef6\u957f1-2\u500dok-300x169.webp 300w, https:\/\/xtlaser.com\/wp-content\/uploads\/2025\/12\/\u6fc0\u5149\u7194\u8986\u673a\u5668\u4eba-\u6027\u80fd\u8dc3\u5347\uff0c\u5bff\u547d\u5ef6\u957f1-2\u500dok-1024x576.webp 1024w, https:\/\/xtlaser.com\/wp-content\/uploads\/2025\/12\/\u6fc0\u5149\u7194\u8986\u673a\u5668\u4eba-\u6027\u80fd\u8dc3\u5347\uff0c\u5bff\u547d\u5ef6\u957f1-2\u500dok-768x432.webp 768w, https:\/\/xtlaser.com\/wp-content\/uploads\/2025\/12\/\u6fc0\u5149\u7194\u8986\u673a\u5668\u4eba-\u6027\u80fd\u8dc3\u5347\uff0c\u5bff\u547d\u5ef6\u957f1-2\u500dok-1536x864.webp 1536w, https:\/\/xtlaser.com\/wp-content\/uploads\/2025\/12\/\u6fc0\u5149\u7194\u8986\u673a\u5668\u4eba-\u6027\u80fd\u8dc3\u5347\uff0c\u5bff\u547d\u5ef6\u957f1-2\u500dok-600x338.webp 600w\" sizes=\"auto, (max-width: 1920px) 100vw, 1920px\" \/><\/figure>\n\n\n\n<h2 class=\"wp-block-heading has-text-align-left has-themecolor-1-color has-text-color has-large-font-size\">Salto de Rendimiento | Vida \u00datil Extendida 1-2 Veces<\/h2>\n\n\n\n<p>Esto va mucho m\u00e1s all\u00e1 de una simple restauraci\u00f3n. Es una actualizaci\u00f3n integral de rendimiento. Al revestir con materiales de aleaci\u00f3n de alto rendimiento, los componentes reparados adquieren una resistencia al desgaste, resistencia a la corrosi\u00f3n y tolerancia a altas temperaturas superiores a los productos nuevos, duplicando efectivamente su vida \u00fatil.<\/p>\n<\/div>\n<\/div><div class=\"layout_badh\"><div class=\"shizhezhao\" style=\"opacity:0.15;background-color:;\"><\/div><\/div><\/section>\n\n\n\n<section class=\"wp-block-themepark-block-themepark-area block_layout thempark-block PcOnly bom20 top20\" id=\"\" style=\"padding-top:300px;height:900px;box-sizing: border-box;width: 100%;\" data-swiper-parallax=\"-700\"><div class=\"block_layout_in\" style=\"\">\n<div class=\"wp-block-column block_layout_in is-layout-flow wp-block-column-is-layout-flow\">\n<div class=\"wp-block-themepark-block-themepark-xian theme_fang_out  top10\" style=\"text-align:left;padding-top:1px;\"><div class=\"fangbox\" style=\"width:undefinedpx;\"><\/div><\/div>\n\n\n\n<h2 class=\"wp-block-heading has-text-align-right has-themecolor-1-color has-text-color has-large-font-size\">Escaneo Visual | Operaci\u00f3n Extremadamente Simple<\/h2>\n\n\n\n<p><\/p>\n\n\n\n<p class=\"has-text-align-right has-monte-white-color has-text-color has-normal-font-size\">Operaci\u00f3n revolucionaria sin necesidad de programaci\u00f3n. Las piezas pueden colocarse de forma aleatoria mientras el sistema realiza un escaneo e identificaci\u00f3n visual autom\u00e1ticos. <\/p>\n\n\n\n<p class=\"has-text-align-right has-monte-white-color has-text-color has-normal-font-size\">Completely eliminate technical dependence on professional technicians and expensive software.<\/p>\n<\/div>\n<\/div><div class=\"layout_badh\"><div class=\"shizhezhao\" style=\"opacity:0.15;background-color:#000000;\"><\/div><div class=\"PcOnly themepark-block_layout_ba lazyload swiper-lazy\" style=\"background-size:cover;background-position:center;\" data-background=\"https:\/\/xtlaser.com\/wp-content\/uploads\/2025\/12\/\u6fc0\u5149\u7194\u8986\u673a\u5668\u4eba-\u89c6\u89c9\u626b\u63cf\uff0c\u6781\u7b80\u64cd\u4f5cok.webp\"><\/div><\/div><\/section>\n\n\n\n<section class=\"wp-block-themepark-block-themepark-area block_layout thempark-block MovePnly bom10 top10\" id=\"\" style=\"padding-top:2px;height:900px;box-sizing: border-box;width: 100%;\" data-swiper-parallax=\"-700\"><div class=\"block_layout_in\" style=\"\">\n<div class=\"wp-block-column block_layout_in is-layout-flow wp-block-column-is-layout-flow\">\n<figure class=\"wp-block-image size-full is-style-default\"><img loading=\"lazy\" decoding=\"async\" width=\"1922\" height=\"1081\" src=\"https:\/\/xtlaser.com\/wp-content\/uploads\/2025\/12\/\u6fc0\u5149\u7194\u8986\u673a\u5668\u4eba-\u89c6\u89c9\u626b\u63cf\uff0c\u6781\u7b80\u64cd\u4f5cok.webp\" alt=\"\" class=\"wp-image-72237\" srcset=\"https:\/\/xtlaser.com\/wp-content\/uploads\/2025\/12\/\u6fc0\u5149\u7194\u8986\u673a\u5668\u4eba-\u89c6\u89c9\u626b\u63cf\uff0c\u6781\u7b80\u64cd\u4f5cok.webp 1922w, https:\/\/xtlaser.com\/wp-content\/uploads\/2025\/12\/\u6fc0\u5149\u7194\u8986\u673a\u5668\u4eba-\u89c6\u89c9\u626b\u63cf\uff0c\u6781\u7b80\u64cd\u4f5cok-300x169.webp 300w, https:\/\/xtlaser.com\/wp-content\/uploads\/2025\/12\/\u6fc0\u5149\u7194\u8986\u673a\u5668\u4eba-\u89c6\u89c9\u626b\u63cf\uff0c\u6781\u7b80\u64cd\u4f5cok-1024x576.webp 1024w, https:\/\/xtlaser.com\/wp-content\/uploads\/2025\/12\/\u6fc0\u5149\u7194\u8986\u673a\u5668\u4eba-\u89c6\u89c9\u626b\u63cf\uff0c\u6781\u7b80\u64cd\u4f5cok-768x432.webp 768w, https:\/\/xtlaser.com\/wp-content\/uploads\/2025\/12\/\u6fc0\u5149\u7194\u8986\u673a\u5668\u4eba-\u89c6\u89c9\u626b\u63cf\uff0c\u6781\u7b80\u64cd\u4f5cok-1536x864.webp 1536w, https:\/\/xtlaser.com\/wp-content\/uploads\/2025\/12\/\u6fc0\u5149\u7194\u8986\u673a\u5668\u4eba-\u89c6\u89c9\u626b\u63cf\uff0c\u6781\u7b80\u64cd\u4f5cok-600x337.webp 600w\" sizes=\"auto, (max-width: 1922px) 100vw, 1922px\" \/><\/figure>\n\n\n\n<h2 class=\"wp-block-heading has-text-align-left has-themecolor-1-color has-text-color has-large-font-size\">Escaneo Visual | Operaci\u00f3n Extremadamente Simple<\/h2>\n\n\n\n<p>Operaci\u00f3n revolucionaria sin necesidad de programaci\u00f3n. Las piezas pueden colocarse de forma aleatoria mientras el sistema realiza un escaneo e identificaci\u00f3n visual autom\u00e1ticos. <\/p>\n\n\n\n<p>Completely eliminate technical dependence on professional technicians and expensive software.<\/p>\n<\/div>\n<\/div><div class=\"layout_badh\"><div class=\"shizhezhao\" style=\"opacity:0.15;background-color:;\"><\/div><\/div><\/section>\n\n\n\n<section class=\"wp-block-themepark-block-themepark-area block_layout thempark-block PcOnly bom20 top20\" id=\"\" style=\"padding-top:300px;height:900px;box-sizing: border-box;width: 100%;\" data-swiper-parallax=\"-700\"><div class=\"block_layout_in\" style=\"\">\n<div class=\"wp-block-column block_layout_in is-layout-flow wp-block-column-is-layout-flow\">\n<div class=\"wp-block-themepark-block-themepark-xian theme_fang_out  top10\" style=\"text-align:left;padding-top:1px;\"><div class=\"fangbox\" style=\"width:undefinedpx;height:99px;\"><\/div><\/div>\n\n\n\n<h2 class=\"wp-block-heading has-text-align-right has-themecolor-1-color has-text-color has-large-font-size\"><strong><strong><strong>Movimiento Multi-Eje | M\u00e1xima Flexibilidad<\/strong><\/strong><\/strong><\/h2>\n\n\n\n<p><\/p>\n\n\n\n<p class=\"has-text-align-right has-monte-white-color has-text-color has-normal-font-size\">El movimiento de brazo rob\u00f3tico humanoide logra sin esfuerzo m\u00faltiples \u00e1ngulos,<\/p>\n\n\n\n<p class=\"has-text-align-right has-monte-white-color has-text-color has-normal-font-size\"> revestimiento completo en curvas 3D complejas y componentes de forma irregular sin zonas muertas.<\/p>\n<\/div>\n<\/div><div class=\"layout_badh\"><div class=\"shizhezhao\" style=\"opacity:0.15;background-color:#000000;\"><\/div><div class=\"PcOnly themepark-block_layout_ba lazyload swiper-lazy\" style=\"background-size:cover;background-position:center;\" data-background=\"https:\/\/xtlaser.com\/wp-content\/uploads\/2025\/12\/\u6fc0\u5149\u7194\u8986\u673a\u5668\u4eba-\u591a\u8f74\u8fd0\u52a8\u6781\u81f4\u67d4\u6027ok-1.webp\"><\/div><\/div><\/section>\n\n\n\n<section class=\"wp-block-themepark-block-themepark-area block_layout thempark-block MovePnly bom10 top10\" id=\"\" style=\"padding-top:2px;height:900px;box-sizing: border-box;width: 100%;\" data-swiper-parallax=\"-700\"><div class=\"block_layout_in\" style=\"\">\n<div class=\"wp-block-column block_layout_in is-layout-flow wp-block-column-is-layout-flow\">\n<figure class=\"wp-block-image size-full\"><img loading=\"lazy\" decoding=\"async\" width=\"1927\" height=\"1084\" src=\"https:\/\/xtlaser.com\/wp-content\/uploads\/2025\/12\/\u6fc0\u5149\u7194\u8986\u673a\u5668\u4eba-\u591a\u8f74\u8fd0\u52a8\u6781\u81f4\u67d4\u6027ok-1.webp\" alt=\"\" class=\"wp-image-72238\" srcset=\"https:\/\/xtlaser.com\/wp-content\/uploads\/2025\/12\/\u6fc0\u5149\u7194\u8986\u673a\u5668\u4eba-\u591a\u8f74\u8fd0\u52a8\u6781\u81f4\u67d4\u6027ok-1.webp 1927w, https:\/\/xtlaser.com\/wp-content\/uploads\/2025\/12\/\u6fc0\u5149\u7194\u8986\u673a\u5668\u4eba-\u591a\u8f74\u8fd0\u52a8\u6781\u81f4\u67d4\u6027ok-1-300x169.webp 300w, https:\/\/xtlaser.com\/wp-content\/uploads\/2025\/12\/\u6fc0\u5149\u7194\u8986\u673a\u5668\u4eba-\u591a\u8f74\u8fd0\u52a8\u6781\u81f4\u67d4\u6027ok-1-1024x576.webp 1024w, https:\/\/xtlaser.com\/wp-content\/uploads\/2025\/12\/\u6fc0\u5149\u7194\u8986\u673a\u5668\u4eba-\u591a\u8f74\u8fd0\u52a8\u6781\u81f4\u67d4\u6027ok-1-768x432.webp 768w, https:\/\/xtlaser.com\/wp-content\/uploads\/2025\/12\/\u6fc0\u5149\u7194\u8986\u673a\u5668\u4eba-\u591a\u8f74\u8fd0\u52a8\u6781\u81f4\u67d4\u6027ok-1-1536x864.webp 1536w, https:\/\/xtlaser.com\/wp-content\/uploads\/2025\/12\/\u6fc0\u5149\u7194\u8986\u673a\u5668\u4eba-\u591a\u8f74\u8fd0\u52a8\u6781\u81f4\u67d4\u6027ok-1-600x338.webp 600w\" sizes=\"auto, (max-width: 1927px) 100vw, 1927px\" \/><\/figure>\n\n\n\n<h2 class=\"wp-block-heading has-text-align-left has-themecolor-1-color has-text-color has-large-font-size\"><strong><strong><strong>Movimiento Multi-Eje | M\u00e1xima Flexibilidad<\/strong><\/strong><\/strong><\/h2>\n\n\n\n<p>Humanoid robotic arm movement effortlessly achieves multi-angle, all-around cladding on complex 3D curves and irregularly shaped components without dead zones.<\/p>\n<\/div>\n<\/div><div class=\"layout_badh\"><div class=\"shizhezhao\" style=\"opacity:0.15;background-color:;\"><\/div><\/div><\/section>\n\n\n\n<div class=\"wp-block-themepark-block-themepark-area block_layout thempark-block undefined\" id=\"padingmax\" style=\"background-color:#f7f7f7;padding-bottom:38px;padding-top:38px;\" data-swiper-parallax=\"-700\"><div class=\"block_layout_in\" style=\"max-width:1900px;\">\n<div class=\"wp-block-column block_layout_in is-layout-flow wp-block-column-is-layout-flow\">\n<div class=\"wp-block-themepark-block-themepark-wright content-super-p\" style=\"font-size:12px;line-height:42px;padding:10px 10px;\">\n<div class=\"wp-block-column is-layout-flow wp-block-column-is-layout-flow\">\n<p class=\"has-text-align-center has-themecolor-1-color has-text-color has-link-color has-large-font-size wp-elements-75160ef55f9568d5c6e09e84db854271\"><strong>\u00c1reas de aplicaci\u00f3n<\/strong><\/p>\n\n\n\n<p class=\"has-text-align-center has-text-color has-link-color has-normal-font-size wp-elements-4c2e70755718abae4f2b2a4ef12ea9ff\" style=\"color:#333333\">Fabricaci\u00f3n y procesamiento de metales, equipos de transporte, maquinaria y equipos el\u00e9ctricos, energ\u00eda nueva y protecci\u00f3n ambiental, electr\u00f3nica de consumo e instrumentos de precisi\u00f3n<\/p>\n\n\n\n<p><\/p>\n\n\n<div class=\"wp-block-image\">\n<figure class=\"aligncenter size-full\"><img loading=\"lazy\" decoding=\"async\" width=\"1550\" height=\"305\" src=\"https:\/\/xtlaser.com\/wp-content\/uploads\/2025\/12\/\u7ec4-450-2.webp\" alt=\"\" class=\"wp-image-72239\" srcset=\"https:\/\/xtlaser.com\/wp-content\/uploads\/2025\/12\/\u7ec4-450-2.webp 1550w, https:\/\/xtlaser.com\/wp-content\/uploads\/2025\/12\/\u7ec4-450-2-300x59.webp 300w, https:\/\/xtlaser.com\/wp-content\/uploads\/2025\/12\/\u7ec4-450-2-1024x201.webp 1024w, https:\/\/xtlaser.com\/wp-content\/uploads\/2025\/12\/\u7ec4-450-2-768x151.webp 768w, https:\/\/xtlaser.com\/wp-content\/uploads\/2025\/12\/\u7ec4-450-2-1536x302.webp 1536w, https:\/\/xtlaser.com\/wp-content\/uploads\/2025\/12\/\u7ec4-450-2-600x118.webp 600w\" sizes=\"auto, (max-width: 1550px) 100vw, 1550px\" \/><\/figure>\n<\/div><\/div>\n<\/div>\n<\/div>\n<\/div><div class=\"layout_badh\"><\/div><\/div>\n<\/div>","protected":false},"excerpt":{"rendered":"[tp_attributes num_attributes=\"5\"]","protected":false},"featured_media":72241,"template":"","meta":{"themepark_post_bcolor":"#f5f5f5","themepark_post_width":"1022px","themepark_post_img":"","themepark_post_img_po":"left","themepark_post_img_re":false,"themepark_post_img_cover":false,"themepark_post_img_fixed":false,"themepark_post_hide_title":false,"themepark_post_main_b":"","themepark_post_main_p":100,"themepark_paddingblock":false},"product_brand":[47],"product_cat":[69,2811],"product_tag":[68],"class_list":{"0":"post-72240","1":"product","2":"type-product","3":"status-publish","4":"has-post-thumbnail","6":"product_brand-xt-laser","7":"product_cat-fiber-laser-cutting-machine","8":"product_cat-cladding-burnish","9":"product_tag-laser-welding","10":"pa_highlights-automation","11":"pa_highlights-laser-welding","13":"first","14":"instock","15":"shipping-taxable","16":"product-type-simple"},"_links":{"self":[{"href":"https:\/\/xtlaser.com\/es\/wp-json\/wp\/v2\/product\/72240","targetHints":{"allow":["GET"]}}],"collection":[{"href":"https:\/\/xtlaser.com\/es\/wp-json\/wp\/v2\/product"}],"about":[{"href":"https:\/\/xtlaser.com\/es\/wp-json\/wp\/v2\/types\/product"}],"wp:featuredmedia":[{"embeddable":true,"href":"https:\/\/xtlaser.com\/es\/wp-json\/wp\/v2\/media\/72241"}],"wp:attachment":[{"href":"https:\/\/xtlaser.com\/es\/wp-json\/wp\/v2\/media?parent=72240"}],"wp:term":[{"taxonomy":"product_brand","embeddable":true,"href":"https:\/\/xtlaser.com\/es\/wp-json\/wp\/v2\/product_brand?post=72240"},{"taxonomy":"product_cat","embeddable":true,"href":"https:\/\/xtlaser.com\/es\/wp-json\/wp\/v2\/product_cat?post=72240"},{"taxonomy":"product_tag","embeddable":true,"href":"https:\/\/xtlaser.com\/es\/wp-json\/wp\/v2\/product_tag?post=72240"}],"curies":[{"name":"wp","href":"https:\/\/api.w.org\/{rel}","templated":true}]}}