{"id":2453,"date":"2025-12-18T17:08:36","date_gmt":"2025-12-18T09:08:36","guid":{"rendered":"https:\/\/xtlaser.com\/?post_type=product&#038;p=2453"},"modified":"2026-01-22T14:24:55","modified_gmt":"2026-01-22T06:24:55","slug":"six-axis-industrial-robot-laser-welding-machine","status":"publish","type":"product","link":"https:\/\/xtlaser.com\/es\/product-item\/six-axis-industrial-robot-laser-welding-machine","title":{"rendered":"M\u00e1quina de soldadura l\u00e1ser con robot industrial de seis ejes"},"content":{"rendered":"<div class=\"post_content\">\n<figure class=\"wp-block-video\"><video height=\"1080\" style=\"aspect-ratio: 1920 \/ 1080;\" width=\"1920\" autoplay controls muted src=\"https:\/\/xtlaser.com\/wp-content\/uploads\/2025\/12\/\u516d\u8f74\u673a\u68b0\u81c2\u81ea\u52a8\u710a\u63a5\u82f1\u6587\u724820250909.mp4\" playsinline><\/video><\/figure>\n\n\n\n<section class=\"wp-block-themepark-block-themepark-area block_layout thempark-block PcOnly bom20 top20\" id=\"\" style=\"padding-top:300px;height:900px;box-sizing: border-box;width: 100%;\" data-swiper-parallax=\"-700\"><div class=\"block_layout_in\" style=\"\">\n<div class=\"wp-block-column block_layout_in is-layout-flow wp-block-column-is-layout-flow\">\n<h1 class=\"wp-block-heading has-text-align-right has-themecolor-1-color has-text-color has-large-font-size\">M\u00e1quina de soldadura l\u00e1ser con robot industrial de seis ejes<\/h1>\n\n\n\n<h1 class=\"wp-block-heading has-text-align-right has-themecolor-1-color has-text-color has-normal-font-size\">Flexibilidad extrema, un nuevo est\u00e1ndar para soldadura eficiente e inteligente<\/h1>\n<\/div>\n<\/div><div class=\"layout_badh\"><div class=\"shizhezhao\" style=\"opacity:0.15;background-color:#000000;\"><\/div><div class=\"PcOnly themepark-block_layout_ba lazyload swiper-lazy\" style=\"background-size:cover;background-position:center;\" data-background=\"https:\/\/xtlaser.com\/wp-content\/uploads\/2025\/12\/\u8499\u7248\u7ec4-185.webp\"><\/div><\/div><\/section>\n\n\n\n<section class=\"wp-block-themepark-block-themepark-area block_layout thempark-block MovePnly bom10 top10\" id=\"\" style=\"padding-top:2px;height:900px;box-sizing: border-box;width: 100%;\" data-swiper-parallax=\"-700\"><div class=\"block_layout_in\" style=\"\">\n<div class=\"wp-block-column block_layout_in is-layout-flow wp-block-column-is-layout-flow\">\n<figure class=\"wp-block-image size-full\"><img loading=\"lazy\" decoding=\"async\" width=\"1920\" height=\"1080\" src=\"https:\/\/xtlaser.com\/wp-content\/uploads\/2025\/12\/\u8499\u7248\u7ec4-185.webp\" alt=\"\" class=\"wp-image-2461\" srcset=\"https:\/\/xtlaser.com\/wp-content\/uploads\/2025\/12\/\u8499\u7248\u7ec4-185.webp 1920w, https:\/\/xtlaser.com\/wp-content\/uploads\/2025\/12\/\u8499\u7248\u7ec4-185-300x169.webp 300w, https:\/\/xtlaser.com\/wp-content\/uploads\/2025\/12\/\u8499\u7248\u7ec4-185-1024x576.webp 1024w, https:\/\/xtlaser.com\/wp-content\/uploads\/2025\/12\/\u8499\u7248\u7ec4-185-768x432.webp 768w, https:\/\/xtlaser.com\/wp-content\/uploads\/2025\/12\/\u8499\u7248\u7ec4-185-1536x864.webp 1536w, https:\/\/xtlaser.com\/wp-content\/uploads\/2025\/12\/\u8499\u7248\u7ec4-185-600x338.webp 600w\" sizes=\"auto, (max-width: 1920px) 100vw, 1920px\" \/><\/figure>\n\n\n\n<h1 class=\"wp-block-heading has-text-align-left has-themecolor-1-color has-text-color has-large-font-size\">M\u00e1quina de soldadura l\u00e1ser con robot industrial de seis ejes<\/h1>\n\n\n\n<p>Flexibilidad extrema, un nuevo est\u00e1ndar para soldadura eficiente e inteligente<\/p>\n<\/div>\n<\/div><div class=\"layout_badh\"><div class=\"shizhezhao\" style=\"opacity:0.15;background-color:;\"><\/div><\/div><\/section>\n\n\n\n<section class=\"wp-block-themepark-block-themepark-area block_layout thempark-block PcOnly bom20 top20\" id=\"\" style=\"padding-top:300px;height:900px;box-sizing: border-box;width: 100%;\" data-swiper-parallax=\"-700\"><div class=\"block_layout_in\" style=\"\">\n<div class=\"wp-block-column block_layout_in is-layout-flow wp-block-column-is-layout-flow\">\n<div class=\"wp-block-themepark-block-themepark-xian theme_fang_out  top10\" style=\"text-align:left;padding-top:312px;\"><div class=\"fangbox\" style=\"width:undefinedpx;\"><\/div><\/div>\n\n\n\n<h1 class=\"wp-block-heading has-text-align-left has-themecolor-1-color has-text-color has-large-font-size\">Movimiento de seis ejes, m\u00e1xima flexibilidad<\/h1>\n\n\n\n<p class=\"has-text-align-left\"><\/p>\n\n\n\n<p class=\"has-monte-white-color has-text-color has-normal-font-size\">Simulando el movimiento del brazo humano, logra f\u00e1cilmente soldadura multiangular, integral y sin \u00e1ngulos muertos en curvas tridimensionales complejas y componentes irregulares, liber\u00e1ndote completamente de las limitaciones de las formas de las piezas y las posiciones de soldadura.<\/p>\n<\/div>\n<\/div><div class=\"layout_badh\"><div class=\"shizhezhao\" style=\"opacity:0.15;background-color:#000000;\"><\/div><div class=\"PcOnly themepark-block_layout_ba lazyload swiper-lazy\" style=\"background-size:cover;background-position:center;\" data-background=\"https:\/\/xtlaser.com\/wp-content\/uploads\/2025\/12\/\u516d\u8f74\u5de5\u4e1a\u673a\u5668\u4eba\u81ea\u52a8\u710a-\u516d\u8f74\u8fd0\u52a8-\u6781\u81f4\u67d4\u6027ok.webp\"><\/div><\/div><\/section>\n\n\n\n<section class=\"wp-block-themepark-block-themepark-area block_layout thempark-block MovePnly bom10 top10\" id=\"\" style=\"padding-top:2px;height:900px;box-sizing: border-box;width: 100%;\" data-swiper-parallax=\"-700\"><div class=\"block_layout_in\" style=\"\">\n<div class=\"wp-block-column block_layout_in is-layout-flow wp-block-column-is-layout-flow\">\n<figure class=\"wp-block-image size-full\"><img loading=\"lazy\" decoding=\"async\" width=\"1920\" height=\"1080\" src=\"https:\/\/xtlaser.com\/wp-content\/uploads\/2025\/12\/\u516d\u8f74\u5de5\u4e1a\u673a\u5668\u4eba\u81ea\u52a8\u710a-\u516d\u8f74\u8fd0\u52a8-\u6781\u81f4\u67d4\u6027ok.webp\" alt=\"\" class=\"wp-image-2462\" srcset=\"https:\/\/xtlaser.com\/wp-content\/uploads\/2025\/12\/\u516d\u8f74\u5de5\u4e1a\u673a\u5668\u4eba\u81ea\u52a8\u710a-\u516d\u8f74\u8fd0\u52a8-\u6781\u81f4\u67d4\u6027ok.webp 1920w, https:\/\/xtlaser.com\/wp-content\/uploads\/2025\/12\/\u516d\u8f74\u5de5\u4e1a\u673a\u5668\u4eba\u81ea\u52a8\u710a-\u516d\u8f74\u8fd0\u52a8-\u6781\u81f4\u67d4\u6027ok-300x169.webp 300w, https:\/\/xtlaser.com\/wp-content\/uploads\/2025\/12\/\u516d\u8f74\u5de5\u4e1a\u673a\u5668\u4eba\u81ea\u52a8\u710a-\u516d\u8f74\u8fd0\u52a8-\u6781\u81f4\u67d4\u6027ok-1024x576.webp 1024w, https:\/\/xtlaser.com\/wp-content\/uploads\/2025\/12\/\u516d\u8f74\u5de5\u4e1a\u673a\u5668\u4eba\u81ea\u52a8\u710a-\u516d\u8f74\u8fd0\u52a8-\u6781\u81f4\u67d4\u6027ok-768x432.webp 768w, https:\/\/xtlaser.com\/wp-content\/uploads\/2025\/12\/\u516d\u8f74\u5de5\u4e1a\u673a\u5668\u4eba\u81ea\u52a8\u710a-\u516d\u8f74\u8fd0\u52a8-\u6781\u81f4\u67d4\u6027ok-1536x864.webp 1536w, https:\/\/xtlaser.com\/wp-content\/uploads\/2025\/12\/\u516d\u8f74\u5de5\u4e1a\u673a\u5668\u4eba\u81ea\u52a8\u710a-\u516d\u8f74\u8fd0\u52a8-\u6781\u81f4\u67d4\u6027ok-600x338.webp 600w\" sizes=\"auto, (max-width: 1920px) 100vw, 1920px\" \/><\/figure>\n\n\n\n<h1 class=\"wp-block-heading has-text-align-left has-themecolor-1-color has-text-color has-large-font-size\">Movimiento de seis ejes, m\u00e1xima flexibilidad<\/h1>\n\n\n\n<p>Simulando el movimiento del brazo humano, logra f\u00e1cilmente soldadura multiangular, integral y sin \u00e1ngulos muertos en curvas tridimensionales complejas y componentes irregulares, liber\u00e1ndote completamente de las limitaciones de las formas de las piezas y las posiciones de soldadura.<\/p>\n<\/div>\n<\/div><div class=\"layout_badh\"><div class=\"shizhezhao\" style=\"opacity:0.15;background-color:;\"><\/div><\/div><\/section>\n\n\n\n<section class=\"wp-block-themepark-block-themepark-area block_layout thempark-block PcOnly bom20 top20\" id=\"\" style=\"padding-top:171px;height:900px;box-sizing: border-box;width: 100%;\" data-swiper-parallax=\"-700\"><div class=\"block_layout_in\" style=\"\">\n<div class=\"wp-block-column block_layout_in is-layout-flow wp-block-column-is-layout-flow\">\n<div class=\"wp-block-themepark-block-themepark-xian theme_fang_out\" style=\"text-align:left;padding-top:360px;\"><div class=\"fangbox\" style=\"width:undefinedpx;\"><\/div><\/div>\n\n\n\n<h1 class=\"wp-block-heading has-text-align-right has-themecolor-1-color has-text-color has-large-font-size\">Operaci\u00f3n continua Procesamiento por lotes<\/h1>\n\n\n\n<p><\/p>\n\n\n\n<p class=\"has-text-align-right has-monte-white-color has-text-color has-normal-font-size\">El modo de producci\u00f3n automatizado sin personal rompe las limitaciones de tiempo del trabajo manual, cumple con los requisitos de fabricaci\u00f3n de productos individuales de larga duraci\u00f3n y gran escala, y mejora enormemente la utilizaci\u00f3n de equipos y la capacidad de producci\u00f3n.<\/p>\n<\/div>\n<\/div><div class=\"layout_badh\"><div class=\"shizhezhao\" style=\"opacity:0.15;background-color:#000000;\"><\/div><div class=\"PcOnly themepark-block_layout_ba lazyload swiper-lazy\" style=\"background-size:cover;background-position:center;\" data-background=\"https:\/\/xtlaser.com\/wp-content\/uploads\/2025\/12\/\u516d\u8f74\u5de5\u4e1a\u673a\u5668\u4eba\u81ea\u52a8\u710a-\u8fde\u7eed\u4f5c\u4e1a-\u6279\u91cf\u52a0\u5de5ok.webp\"><\/div><\/div><\/section>\n\n\n\n<section class=\"wp-block-themepark-block-themepark-area block_layout thempark-block MovePnly bom10 top10\" id=\"\" style=\"padding-top:2px;height:900px;box-sizing: border-box;width: 100%;\" data-swiper-parallax=\"-700\"><div class=\"block_layout_in\" style=\"\">\n<div class=\"wp-block-column block_layout_in is-layout-flow wp-block-column-is-layout-flow\">\n<figure class=\"wp-block-image size-full\"><img loading=\"lazy\" decoding=\"async\" width=\"1920\" height=\"1080\" src=\"https:\/\/xtlaser.com\/wp-content\/uploads\/2025\/12\/\u516d\u8f74\u5de5\u4e1a\u673a\u5668\u4eba\u81ea\u52a8\u710a-\u8fde\u7eed\u4f5c\u4e1a-\u6279\u91cf\u52a0\u5de5ok.webp\" alt=\"\" class=\"wp-image-2464\" srcset=\"https:\/\/xtlaser.com\/wp-content\/uploads\/2025\/12\/\u516d\u8f74\u5de5\u4e1a\u673a\u5668\u4eba\u81ea\u52a8\u710a-\u8fde\u7eed\u4f5c\u4e1a-\u6279\u91cf\u52a0\u5de5ok.webp 1920w, https:\/\/xtlaser.com\/wp-content\/uploads\/2025\/12\/\u516d\u8f74\u5de5\u4e1a\u673a\u5668\u4eba\u81ea\u52a8\u710a-\u8fde\u7eed\u4f5c\u4e1a-\u6279\u91cf\u52a0\u5de5ok-300x169.webp 300w, https:\/\/xtlaser.com\/wp-content\/uploads\/2025\/12\/\u516d\u8f74\u5de5\u4e1a\u673a\u5668\u4eba\u81ea\u52a8\u710a-\u8fde\u7eed\u4f5c\u4e1a-\u6279\u91cf\u52a0\u5de5ok-1024x576.webp 1024w, https:\/\/xtlaser.com\/wp-content\/uploads\/2025\/12\/\u516d\u8f74\u5de5\u4e1a\u673a\u5668\u4eba\u81ea\u52a8\u710a-\u8fde\u7eed\u4f5c\u4e1a-\u6279\u91cf\u52a0\u5de5ok-768x432.webp 768w, https:\/\/xtlaser.com\/wp-content\/uploads\/2025\/12\/\u516d\u8f74\u5de5\u4e1a\u673a\u5668\u4eba\u81ea\u52a8\u710a-\u8fde\u7eed\u4f5c\u4e1a-\u6279\u91cf\u52a0\u5de5ok-1536x864.webp 1536w, https:\/\/xtlaser.com\/wp-content\/uploads\/2025\/12\/\u516d\u8f74\u5de5\u4e1a\u673a\u5668\u4eba\u81ea\u52a8\u710a-\u8fde\u7eed\u4f5c\u4e1a-\u6279\u91cf\u52a0\u5de5ok-600x338.webp 600w\" sizes=\"auto, (max-width: 1920px) 100vw, 1920px\" \/><\/figure>\n\n\n\n<h1 class=\"wp-block-heading has-text-align-left has-themecolor-1-color has-text-color has-large-font-size\">Operaci\u00f3n continua Procesamiento por lotes<\/h1>\n\n\n\n<p>El modo de producci\u00f3n automatizado sin personal rompe las limitaciones de tiempo del trabajo manual, cumple con los requisitos de fabricaci\u00f3n de productos individuales de larga duraci\u00f3n y gran escala, y mejora enormemente la utilizaci\u00f3n de equipos y la capacidad de producci\u00f3n.<\/p>\n<\/div>\n<\/div><div class=\"layout_badh\"><div class=\"shizhezhao\" style=\"opacity:0.15;background-color:;\"><\/div><\/div><\/section>\n\n\n\n<section class=\"wp-block-themepark-block-themepark-area block_layout thempark-block PcOnly bom20 top20\" id=\"\" style=\"padding-top:300px;height:900px;box-sizing: border-box;width: 100%;\" data-swiper-parallax=\"-700\"><div class=\"block_layout_in\" style=\"\">\n<div class=\"wp-block-column block_layout_in is-layout-flow wp-block-column-is-layout-flow\">\n<div class=\"wp-block-themepark-block-themepark-xian theme_fang_out  top10\" style=\"text-align:left;padding-top:213px;\"><div class=\"fangbox\" style=\"width:undefinedpx;\"><\/div><\/div>\n\n\n\n<h1 class=\"wp-block-heading has-text-align-right has-themecolor-1-color has-text-color has-large-font-size\">Calidad uniforme, soldadura perfecta<\/h1>\n\n\n\n<p><\/p>\n\n\n\n<p class=\"has-text-align-right has-monte-white-color has-text-color has-normal-font-size\">El robot elimina la inestabilidad causada por la operaci\u00f3n manual, garantizando que el ancho, la altura y la penetraci\u00f3n de cada soldadura sean completamente consistentes y de calidad confiable.<\/p>\n<\/div>\n<\/div><div class=\"layout_badh\"><div class=\"shizhezhao\" style=\"opacity:0.15;background-color:#000000;\"><\/div><div class=\"PcOnly themepark-block_layout_ba lazyload swiper-lazy\" style=\"background-size:cover;background-position:center;\" data-background=\"https:\/\/xtlaser.com\/wp-content\/uploads\/2025\/12\/\u516d\u8f74\u5de5\u4e1a\u673a\u5668\u4eba\u81ea\u52a8\u710a-\u7edf\u4e00\u54c1\u8d28-\u5b8c\u7f8e\u710a\u63a5ok.webp\"><\/div><\/div><\/section>\n\n\n\n<section class=\"wp-block-themepark-block-themepark-area block_layout thempark-block MovePnly bom10 top10\" id=\"\" style=\"padding-top:2px;height:900px;box-sizing: border-box;width: 100%;\" data-swiper-parallax=\"-700\"><div class=\"block_layout_in\" style=\"\">\n<div class=\"wp-block-column block_layout_in is-layout-flow wp-block-column-is-layout-flow\">\n<figure class=\"wp-block-image size-full\"><img loading=\"lazy\" decoding=\"async\" width=\"1920\" height=\"1080\" src=\"https:\/\/xtlaser.com\/wp-content\/uploads\/2025\/12\/\u516d\u8f74\u5de5\u4e1a\u673a\u5668\u4eba\u81ea\u52a8\u710a-\u7edf\u4e00\u54c1\u8d28-\u5b8c\u7f8e\u710a\u63a5ok.webp\" alt=\"\" class=\"wp-image-2465\" srcset=\"https:\/\/xtlaser.com\/wp-content\/uploads\/2025\/12\/\u516d\u8f74\u5de5\u4e1a\u673a\u5668\u4eba\u81ea\u52a8\u710a-\u7edf\u4e00\u54c1\u8d28-\u5b8c\u7f8e\u710a\u63a5ok.webp 1920w, https:\/\/xtlaser.com\/wp-content\/uploads\/2025\/12\/\u516d\u8f74\u5de5\u4e1a\u673a\u5668\u4eba\u81ea\u52a8\u710a-\u7edf\u4e00\u54c1\u8d28-\u5b8c\u7f8e\u710a\u63a5ok-300x169.webp 300w, https:\/\/xtlaser.com\/wp-content\/uploads\/2025\/12\/\u516d\u8f74\u5de5\u4e1a\u673a\u5668\u4eba\u81ea\u52a8\u710a-\u7edf\u4e00\u54c1\u8d28-\u5b8c\u7f8e\u710a\u63a5ok-1024x576.webp 1024w, https:\/\/xtlaser.com\/wp-content\/uploads\/2025\/12\/\u516d\u8f74\u5de5\u4e1a\u673a\u5668\u4eba\u81ea\u52a8\u710a-\u7edf\u4e00\u54c1\u8d28-\u5b8c\u7f8e\u710a\u63a5ok-768x432.webp 768w, https:\/\/xtlaser.com\/wp-content\/uploads\/2025\/12\/\u516d\u8f74\u5de5\u4e1a\u673a\u5668\u4eba\u81ea\u52a8\u710a-\u7edf\u4e00\u54c1\u8d28-\u5b8c\u7f8e\u710a\u63a5ok-1536x864.webp 1536w, https:\/\/xtlaser.com\/wp-content\/uploads\/2025\/12\/\u516d\u8f74\u5de5\u4e1a\u673a\u5668\u4eba\u81ea\u52a8\u710a-\u7edf\u4e00\u54c1\u8d28-\u5b8c\u7f8e\u710a\u63a5ok-600x338.webp 600w\" sizes=\"auto, (max-width: 1920px) 100vw, 1920px\" \/><\/figure>\n\n\n\n<h1 class=\"wp-block-heading has-text-align-left has-themecolor-1-color has-text-color has-large-font-size\">Calidad uniforme, soldadura perfecta<\/h1>\n\n\n\n<p>El robot elimina la inestabilidad causada por la operaci\u00f3n manual, garantizando que el ancho, la altura y la penetraci\u00f3n de cada soldadura sean completamente consistentes y de calidad confiable.<\/p>\n<\/div>\n<\/div><div class=\"layout_badh\"><div class=\"shizhezhao\" style=\"opacity:0.15;background-color:;\"><\/div><\/div><\/section>\n\n\n\n<section class=\"wp-block-themepark-block-themepark-area block_layout thempark-block PcOnly bom20 top20\" id=\"\" style=\"padding-top:300px;height:900px;box-sizing: border-box;width: 100%;\" data-swiper-parallax=\"-700\"><div class=\"block_layout_in\" style=\"\">\n<div class=\"wp-block-column block_layout_in is-layout-flow wp-block-column-is-layout-flow\">\n<div class=\"wp-block-themepark-block-themepark-xian theme_fang_out  top10\" style=\"text-align:left;padding-top:377px;\"><div class=\"fangbox\" style=\"width:undefinedpx;\"><\/div><\/div>\n\n\n\n<h1 class=\"wp-block-heading has-text-align-right has-themecolor-1-color has-text-color has-large-font-size\"><strong><strong><strong>Integraci\u00f3n modular y colaboraci\u00f3n eficiente<\/strong><\/strong><\/strong><\/h1>\n\n\n\n<p><\/p>\n\n\n\n<p class=\"has-text-align-right has-monte-white-color has-text-color has-normal-font-size\">Los robots, l\u00e1seres, alimentadores de alambre (opcional) y el sistema de control est\u00e1n altamente integrados, trabajan juntos de forma estable, tienen velocidades de respuesta r\u00e1pidas y son f\u00e1ciles de mantener.<\/p>\n<\/div>\n<\/div><div class=\"layout_badh\"><div class=\"shizhezhao\" style=\"opacity:0.15;background-color:#000000;\"><\/div><div class=\"PcOnly themepark-block_layout_ba lazyload swiper-lazy\" style=\"background-size:cover;background-position:center;\" data-background=\"https:\/\/xtlaser.com\/wp-content\/uploads\/2025\/12\/\u8499\u7248\u7ec4-84-3.webp\"><\/div><\/div><\/section>\n\n\n\n<section class=\"wp-block-themepark-block-themepark-area block_layout thempark-block MovePnly bom10 top10\" id=\"\" style=\"padding-top:2px;height:900px;box-sizing: border-box;width: 100%;\" data-swiper-parallax=\"-700\"><div class=\"block_layout_in\" style=\"\">\n<div class=\"wp-block-column block_layout_in is-layout-flow wp-block-column-is-layout-flow\">\n<figure class=\"wp-block-image size-full\"><img loading=\"lazy\" decoding=\"async\" width=\"1920\" height=\"1080\" src=\"https:\/\/xtlaser.com\/wp-content\/uploads\/2025\/12\/\u8499\u7248\u7ec4-84-3.webp\" alt=\"\" class=\"wp-image-2466\" srcset=\"https:\/\/xtlaser.com\/wp-content\/uploads\/2025\/12\/\u8499\u7248\u7ec4-84-3.webp 1920w, https:\/\/xtlaser.com\/wp-content\/uploads\/2025\/12\/\u8499\u7248\u7ec4-84-3-300x169.webp 300w, https:\/\/xtlaser.com\/wp-content\/uploads\/2025\/12\/\u8499\u7248\u7ec4-84-3-1024x576.webp 1024w, https:\/\/xtlaser.com\/wp-content\/uploads\/2025\/12\/\u8499\u7248\u7ec4-84-3-768x432.webp 768w, https:\/\/xtlaser.com\/wp-content\/uploads\/2025\/12\/\u8499\u7248\u7ec4-84-3-1536x864.webp 1536w, https:\/\/xtlaser.com\/wp-content\/uploads\/2025\/12\/\u8499\u7248\u7ec4-84-3-600x338.webp 600w\" sizes=\"auto, (max-width: 1920px) 100vw, 1920px\" \/><\/figure>\n\n\n\n<h1 class=\"wp-block-heading has-text-align-left has-themecolor-1-color has-text-color has-large-font-size\"><strong><strong><strong><strong><strong><strong>Integraci\u00f3n modular y colaboraci\u00f3n eficiente<\/strong><\/strong><\/strong><\/strong><\/strong><\/strong><\/h1>\n\n\n\n<p>Los robots, l\u00e1seres, alimentadores de alambre (opcional) y el sistema de control est\u00e1n altamente integrados, trabajan juntos de forma estable, tienen velocidades de respuesta r\u00e1pidas y son f\u00e1ciles de mantener.<\/p>\n<\/div>\n<\/div><div class=\"layout_badh\"><div class=\"shizhezhao\" style=\"opacity:0.15;background-color:;\"><\/div><\/div><\/section>\n\n\n\n<div class=\"wp-block-themepark-block-themepark-area block_layout thempark-block undefined\" id=\"padingmax\" style=\"background-color:#f7f7f7;padding-bottom:38px;padding-top:38px;\" data-swiper-parallax=\"-700\"><div class=\"block_layout_in\" style=\"max-width:1900px;\">\n<div class=\"wp-block-column block_layout_in is-layout-flow wp-block-column-is-layout-flow\">\n<div class=\"wp-block-themepark-block-themepark-wright content-super-p\" style=\"font-size:12px;line-height:42px;padding:10px 10px;\">\n<div class=\"wp-block-column is-layout-flow wp-block-column-is-layout-flow\">\n<p class=\"has-text-align-center has-themecolor-1-color has-text-color has-link-color has-large-font-size wp-elements-75160ef55f9568d5c6e09e84db854271\"><strong>\u00c1reas de aplicaci\u00f3n<\/strong><\/p>\n\n\n\n<p class=\"has-text-align-center has-text-color has-link-color has-normal-font-size wp-elements-dbe056aee3e94b14e29d1935f9ab8114\" style=\"color:#333333\">Adecuado para soldar peque\u00f1as piezas met\u00e1licas, como componentes de instrumentos, accesorios de ba\u00f1o, dispositivos m\u00e9dicos, industria de herrajes, etc.<\/p>\n\n\n\n<p><\/p>\n\n\n<div class=\"wp-block-image\">\n<figure class=\"aligncenter size-full\"><img loading=\"lazy\" decoding=\"async\" width=\"1550\" height=\"302\" src=\"https:\/\/xtlaser.com\/wp-content\/uploads\/2025\/12\/\u7ec4-524.webp\" alt=\"\" class=\"wp-image-2467\" srcset=\"https:\/\/xtlaser.com\/wp-content\/uploads\/2025\/12\/\u7ec4-524.webp 1550w, https:\/\/xtlaser.com\/wp-content\/uploads\/2025\/12\/\u7ec4-524-300x58.webp 300w, https:\/\/xtlaser.com\/wp-content\/uploads\/2025\/12\/\u7ec4-524-1024x200.webp 1024w, https:\/\/xtlaser.com\/wp-content\/uploads\/2025\/12\/\u7ec4-524-768x150.webp 768w, https:\/\/xtlaser.com\/wp-content\/uploads\/2025\/12\/\u7ec4-524-1536x299.webp 1536w, https:\/\/xtlaser.com\/wp-content\/uploads\/2025\/12\/\u7ec4-524-600x117.webp 600w\" sizes=\"auto, (max-width: 1550px) 100vw, 1550px\" \/><\/figure>\n<\/div><\/div>\n<\/div>\n<\/div>\n<\/div><div class=\"layout_badh\"><\/div><\/div>\n\n\n\n<div class=\"wp-block-themepark-block-themepark-area block_layout thempark-block undefined\" id=\"padingmax\" style=\"background-color:#f7f7f7;padding-bottom:38px;padding-top:38px;\" data-swiper-parallax=\"-700\"><div class=\"block_layout_in\" style=\"max-width:1900px;\">\n<div class=\"wp-block-column block_layout_in is-layout-flow wp-block-column-is-layout-flow\">\n<div class=\"wp-block-themepark-block-themepark-wright content-super-p\" style=\"font-size:12px;line-height:42px;padding:10px 10px;\">\n<div class=\"wp-block-column is-layout-flow wp-block-column-is-layout-flow\">\n<p class=\"has-text-align-center has-themecolor-1-color has-text-color has-link-color has-large-font-size wp-elements-0b626756fabb3406c86c172233d6ed81\"><strong>Muestra de Exhibici\u00f3n<\/strong><\/p>\n\n\n\n<p class=\"has-text-align-center has-text-color has-link-color has-normal-font-size wp-elements-3d883c066bcd1bf6991ff2bb0bc01958\" style=\"color:#333333\"><\/p>\n\n\n\n<p><\/p>\n\n\n<div class=\"wp-block-image\">\n<figure class=\"aligncenter size-full\"><img loading=\"lazy\" decoding=\"async\" width=\"1550\" height=\"213\" src=\"https:\/\/xtlaser.com\/wp-content\/uploads\/2025\/12\/\u7ec4-516-1.webp\" alt=\"\" class=\"wp-image-2420\" srcset=\"https:\/\/xtlaser.com\/wp-content\/uploads\/2025\/12\/\u7ec4-516-1.webp 1550w, https:\/\/xtlaser.com\/wp-content\/uploads\/2025\/12\/\u7ec4-516-1-300x41.webp 300w, https:\/\/xtlaser.com\/wp-content\/uploads\/2025\/12\/\u7ec4-516-1-1024x141.webp 1024w, https:\/\/xtlaser.com\/wp-content\/uploads\/2025\/12\/\u7ec4-516-1-768x106.webp 768w, https:\/\/xtlaser.com\/wp-content\/uploads\/2025\/12\/\u7ec4-516-1-1536x211.webp 1536w, https:\/\/xtlaser.com\/wp-content\/uploads\/2025\/12\/\u7ec4-516-1-600x82.webp 600w\" sizes=\"auto, (max-width: 1550px) 100vw, 1550px\" \/><\/figure>\n<\/div><\/div>\n<\/div>\n<\/div>\n<\/div><div class=\"layout_badh\"><\/div><\/div>\n\n\n\n<p><\/p>\n<\/div>","protected":false},"excerpt":{"rendered":"[tp_attributes num_attributes=\"5\"]","protected":false},"featured_media":2456,"template":"","meta":{"themepark_post_bcolor":"#f5f5f5","themepark_post_width":"1022px","themepark_post_img":"","themepark_post_img_po":"left","themepark_post_img_re":false,"themepark_post_img_cover":false,"themepark_post_img_fixed":false,"themepark_post_hide_title":false,"themepark_post_main_b":"","themepark_post_main_p":100,"themepark_paddingblock":false},"product_brand":[47],"product_cat":[69,2808],"product_tag":[68],"class_list":{"0":"post-2453","1":"product","2":"type-product","3":"status-publish","4":"has-post-thumbnail","6":"product_brand-xt-laser","7":"product_cat-fiber-laser-cutting-machine","8":"product_cat-laser-welding","9":"product_tag-laser-welding","10":"pa_highlights-laser-welding","12":"first","13":"instock","14":"shipping-taxable","15":"product-type-simple"},"_links":{"self":[{"href":"https:\/\/xtlaser.com\/es\/wp-json\/wp\/v2\/product\/2453","targetHints":{"allow":["GET"]}}],"collection":[{"href":"https:\/\/xtlaser.com\/es\/wp-json\/wp\/v2\/product"}],"about":[{"href":"https:\/\/xtlaser.com\/es\/wp-json\/wp\/v2\/types\/product"}],"wp:featuredmedia":[{"embeddable":true,"href":"https:\/\/xtlaser.com\/es\/wp-json\/wp\/v2\/media\/2456"}],"wp:attachment":[{"href":"https:\/\/xtlaser.com\/es\/wp-json\/wp\/v2\/media?parent=2453"}],"wp:term":[{"taxonomy":"product_brand","embeddable":true,"href":"https:\/\/xtlaser.com\/es\/wp-json\/wp\/v2\/product_brand?post=2453"},{"taxonomy":"product_cat","embeddable":true,"href":"https:\/\/xtlaser.com\/es\/wp-json\/wp\/v2\/product_cat?post=2453"},{"taxonomy":"product_tag","embeddable":true,"href":"https:\/\/xtlaser.com\/es\/wp-json\/wp\/v2\/product_tag?post=2453"}],"curies":[{"name":"wp","href":"https:\/\/api.w.org\/{rel}","templated":true}]}}